{"id":5238,"date":"2026-05-13T10:00:21","date_gmt":"2026-05-13T08:00:21","guid":{"rendered":"https:\/\/www.beaucamping.com\/?page_id=5238"},"modified":"2026-05-13T10:00:22","modified_gmt":"2026-05-13T08:00:22","slug":"camping-bij-salies-de-bearn","status":"publish","type":"page","link":"https:\/\/www.beaucamping.com\/nl\/camping-bij-salies-de-bearn\/","title":{"rendered":"Camping bij Salies-de-B\u00e9arn: 3-sterren vakantie in de Pyrenee\u00ebn"},"content":{"rendered":"<section id=\"ls-section-block_681c584406e1c47e64848fd0a1e94d96\" class=\"ls-section  home-first\" >\r\n        <div class=\"container container--wide\">\r\n        \n\n<h1 class=\"ls__heading wp-block-heading has-text-align-center animated fadeIn fast\" id=\"camping-beau-rivage-dans-le-bearn-pyrenees\">Camping op 25 km van Salies-de-B\u00e9arn<\/h1>\n\n\n\n<div class=\"wp-block-columns are-vertically-aligned-center is-layout-flex wp-container-core-columns-is-layout-9d6595d7 wp-block-columns-is-layout-flex\">\n<div class=\"wp-block-column is-vertically-aligned-center animated fadeInLeft is-layout-flow wp-block-column-is-layout-flow\" style=\"flex-basis:55%\">\n<iframe src=\"https:\/\/www.google.com\/maps\/embed?pb=!1m28!1m12!1m3!1d92772.18119239665!2d-0.9232114929464537!3d43.395198329184836!2m3!1f0!2f0!3f0!3m2!1i1024!2i768!4f13.1!4m13!3e0!4m5!1s0xd56c00d289efbd9%3A0x609861d3e8ed9bd0!2sSalies-de-B%C3%A9arn!3m2!1d43.470555999999995!2d-0.924854!4m5!1s0xd56e5508c03ce8f%3A0x25771351f732d3e5!2sCamping%20Beau%20Rivage%20%7C%20Camping%203%20%C3%A9toiles%20Navarrenx%2C%207%20All.%20des%20Maronniers%2C%2064190%20Navarrenx!3m2!1d43.3205411!2d-0.7623848!5e0!3m2!1sfr!2sfr!4v1660206053976!5m2!1sfr!2sfr\" width=\"100%\" height=\"450\" style=\"border:0;\" allowfullscreen=\"\" loading=\"lazy\" referrerpolicy=\"no-referrer-when-downgrade\"><\/iframe>\n<\/div>\n\n\n\n<div class=\"wp-block-column is-vertically-aligned-center is-layout-flow wp-block-column-is-layout-flow\" style=\"flex-basis:45%\">\n<h2 class=\"ls__heading wp-block-heading\" id=\"camping-en-bord-de-riviere-pour-vos-vacances-dans-le-bearn\">Camping vlak bij Salies-de-B\u00e9arn<\/h2>\n\n\n\n<p class=\"ls-paragraph\">Als je op zoek bent naar een rustige ontsnapping aan de drukte van het dagelijkse leven, zoek dan niet verder dan de <a href=\"\/\">camping Beau Rivage in de Pyr\u00e9n\u00e9es-Atlantiques<\/a>, op slechts 25 km van Salies-de-B\u00e9arn.<\/p>\n\n\n\n<p class=\"ls-paragraph\">Verscholen in het hart van de regio Nouvelle-Aquitaine, in Navarrenx, is deze 3-sterren camping de ideale plek om te ontspannen en te genieten van de natuur. Door zijn ligging aan de rivier biedt onze <strong>camping vlak bij Salies<\/strong> ongelooflijke en prachtige uitzichten.<\/p>\n\n\n\n<p class=\"ls-paragraph\">En met alle voorzieningen, services en activiteiten die je nodig hebt op de camping zelf, hoef je niet ver te reizen door Frankrijk voor een fantastische kampeervakantie. Kom dus ontdekken wat onze <strong>3-sterren camping<\/strong> je te bieden heeft!<\/p>\n<\/div>\n<\/div>\n\n\r\n    <\/div>\r\n<\/section>\n\n<section id=\"ls-section-block_7ba140ea7beb484d7768f906a8e0d5c8\" class=\"ls-section  home-second\" >\r\n        <div class=\"container container--full\">\r\n        \n\n<div class=\"wp-block-columns is-layout-flex wp-container-core-columns-is-layout-9d6595d7 wp-block-columns-is-layout-flex\">\n<div class=\"wp-block-column is-vertically-aligned-center animated fadeInLeft is-layout-flow wp-block-column-is-layout-flow\">\r\n<div id=\"ls-cta-block_8ce2f10de67f1e05def14b82685ab4e2\" class=\"ls-cta\">  \r\n    \n\n<a href=\"https:\/\/www.beaucamping.com\/camping-piscine-pyrenees-atlantiques\/\" target=\"\" rel=\"noopener\" class=\"ls-cta__link\" data-categ=\"\">\n\t<div class=\"ls-cta__image\"><img decoding=\"async\" src=\"https:\/\/www.beaucamping.com\/wp-content\/uploads\/2022\/02\/PM408725.jpg\" alt=\"camping piscine pau\"><\/div>\n\t<div class=\"ls-cta__title\">\n\t\tHet zwembad\t<\/div>\n\n\t<\/a><\/div><\/div>\n\n\n\n<div class=\"wp-block-column is-vertically-aligned-center animated fadeInLeft is-layout-flow wp-block-column-is-layout-flow\">\r\n<div id=\"ls-cta-block_1a55f9c8e1f62eed6a895539e4c62e55\" class=\"ls-cta\">  \r\n    \n\n<a href=\"https:\/\/www.beaucamping.com\/nl\/kamperen-rand-rivier-navarrenx\/\" target=\"\" rel=\"noopener\" class=\"ls-cta__link\" data-categ=\"\">\n\t<div class=\"ls-cta__image\"><img decoding=\"async\" src=\"https:\/\/www.beaucamping.com\/wp-content\/uploads\/2022\/02\/Sauveterre-\u00a9OTBDG-2.jpg\" alt=\"camping proche sauveterre bearn\"><\/div>\n\t<div class=\"ls-cta__title\">\n\t\tDe rivier\t<\/div>\n\n\t<\/a><\/div><\/div>\n\n\n\n<div class=\"wp-block-column is-vertically-aligned-center is-layout-flow wp-block-column-is-layout-flow\" style=\"flex-basis:40%\">\n<h2 class=\"ls__heading wp-block-heading has-text-align-center has-text-color has-color-white-color animated fadeIn fast\" id=\"autour-de-l-eau\">Rondom het water<\/h2>\n\n\n\n<h3 class=\"ls__heading wp-block-heading\" id=\"notre-piscine\">Ons zwembad<\/h3>\n\n\n\n<p class=\"ls-paragraph\">Zoek je een plek om te ontspannen en in de zon te bakken? Zoek dan niet verder dan het <strong>zwembad van de camping Salies-de-B\u00e9arn<\/strong>. Dit prachtige zwembad van 15 m x 8 m, met een diepte van 1 m tot 1,5 m, is dagelijks geopend van 9.00 tot 21.00 uur en is ideaal om te luieren, te lezen of gewoon van de zon te genieten. Talrijke ligbedden en parasols staan tot je beschikking.<\/p>\n\n\n\n<p class=\"ls-paragraph\">En omdat de <strong>zwembadzone<\/strong> omheind is, kun je er zeker van zijn dat je kinderen veilig zijn. Heb je een bril of zwembanden nodig om je spelletjes leuker te maken? Vraag het gerust bij de receptie. Kom naar het <a href=\"https:\/\/www.beaucamping.com\/nl\/kamperen-zwembad-navarrenx\/\" style=\"color: #42463b\">zwembad van Beau Rivage<\/a> en geniet van rust en stilte.<\/p>\n\n\n\n<h3 class=\"ls__heading wp-block-heading\" id=\"la-peche-dans-le-bearn\">Heb je liever de frisheid van het rivierwater?<\/h3>\n\n\n\n<p class=\"ls-paragraph\">De Gave d&#8217;Oloron zal de <strong>visliefhebbers<\/strong> bekoren, en niet alleen die. Dankzij de <a href=\"https:\/\/www.beaucamping.com\/nl\/kamperen-rand-rivier-navarrenx\/\" style=\"color: #42463b\">directe toegang tot de rivier vanaf de camping<\/a> kunnen onze kampeerders genieten van mooie momenten met familie, partner of vrienden.<\/p>\n\n\n\n<p class=\"ls-paragraph\">Je kunt picknicken aan het <strong>water<\/strong>, je kinderen leren kiezelstenen te laten ketsen, wandelen met je <strong>voeten in het water<\/strong> of je gewoon overgeven aan je favoriete sport: <strong>vissen<\/strong>. Met zoveel opties vind je zeker de perfecte plek om van de zomerzon te genieten!<\/p>\n<\/div>\n<\/div>\n\n\r\n    <\/div>\r\n<\/section>\n\n<section id=\"ls-section-block_db96cdedad8eb7700b542e85d08970ac\" class=\"ls-section  home-third\" >\r\n        <div class=\"container container--full\">\r\n        \n\n<h2 class=\"ls__heading wp-block-heading has-text-align-center animated fadeIn fast\" id=\"nos-hebergements\">Accommodaties<\/h2>\n\n\n\n<p class=\"ls-paragraph has-text-align-center\">In onze <strong>3-sterren camping vlak bij Salies-de-B\u00e9arn<\/strong> zijn we gespecialiseerd in <strong>chaletverhuur<\/strong>, <strong>lodge-tenten<\/strong> en <strong>kampeerplaatsen<\/strong>. We zijn overtuigd dat dit de beste manier is om te genieten van de natuurlijke schoonheid van de Pyr\u00e9n\u00e9es-Atlantiques. Onze <strong>lodge-tenten<\/strong>, <strong>chalets<\/strong> en <strong>kampeerplaatsen<\/strong> brengen je dichter bij de natuur, en zijn bovendien voordeliger dan een hotel.<\/p>\n\n\n\n<div class=\"wp-block-columns animated fadeInUp is-layout-flex wp-container-core-columns-is-layout-9d6595d7 wp-block-columns-is-layout-flex\">\n<div class=\"wp-block-column is-layout-flow wp-block-column-is-layout-flow\" style=\"flex-basis:20%\">\r\n<div id=\"ls-cta-block_fbe25cdd89fe5b872bd8f713dc7124cf\" class=\"ls-cta\">  \r\n    \n\n<a href=\"https:\/\/www.beaucamping.com\/location-chalet-pyrenees-atlantiques\/\" target=\"\" rel=\"noopener\" class=\"ls-cta__link\" data-categ=\"\">\n\t<div class=\"ls-cta__image\"><img decoding=\"async\" src=\"https:\/\/www.beaucamping.com\/wp-content\/uploads\/2022\/01\/camping-beau-rivage-les-chalets.jpg\" alt=\"location chalets navarrenx\"><\/div>\n\t<div class=\"ls-cta__title\">\n\t\tChalets\t<\/div>\n\n\t<\/a><\/div><\/div>\n\n\n\n<div class=\"wp-block-column is-layout-flow wp-block-column-is-layout-flow\" style=\"flex-basis:20%\">\r\n<div id=\"ls-cta-block_aaac93d140c1b496b558461fcd33aed3\" class=\"ls-cta\">  \r\n    \n\n<a href=\"\/location-tente-lodge-pyrenees-atlantiques\/\" target=\"\" rel=\"noopener\" class=\"ls-cta__link\" data-categ=\"\">\n\t<div class=\"ls-cta__image\"><img decoding=\"async\" src=\"https:\/\/www.beaucamping.com\/wp-content\/uploads\/2022\/02\/location-lodge-bearn.jpg\" alt=\"location lodge bearn\"><\/div>\n\t<div class=\"ls-cta__title\">\n\t\tLodge-tenten\t<\/div>\n\n\t<\/a><\/div><\/div>\n\n\n\n<div class=\"wp-block-column is-layout-flow wp-block-column-is-layout-flow\" style=\"flex-basis:20%\">\r\n<div id=\"ls-cta-block_97327dabdfa57deb2375c30d877c04c2\" class=\"ls-cta\">  \r\n    \n\n<a href=\"\/location-emplacement-pyrenees-atlantiques\/\" target=\"\" rel=\"noopener\" class=\"ls-cta__link\" data-categ=\"\">\n\t<div class=\"ls-cta__image\"><img decoding=\"async\" src=\"https:\/\/www.beaucamping.com\/wp-content\/uploads\/2022\/01\/camping-beau-rivage-les-emplacements.jpg\" alt=\"emplacements camping bearn\"><\/div>\n\t<div class=\"ls-cta__title\">\n\t\tKampeerplaatsen\t<\/div>\n\n\t<\/a><\/div><\/div>\n\n\n\n<div class=\"wp-block-column is-layout-flow wp-block-column-is-layout-flow\" style=\"flex-basis:20%\">\r\n<div id=\"ls-cta-block_ec4e69111cfa58317959651fa1ff6ea3\" class=\"ls-cta\">  \r\n    \n\n<a href=\"\/camping-pas-cher-pyrenees-atlantiques\/\" target=\"\" rel=\"noopener\" class=\"ls-cta__link\" data-categ=\"\">\n\t<div class=\"ls-cta__image\"><img decoding=\"async\" src=\"https:\/\/www.beaucamping.com\/wp-content\/uploads\/2022\/02\/tarif-camping-bearn.jpg\" alt=\"tarif camping bearn\"><\/div>\n\t<div class=\"ls-cta__title\">\n\t\tTarieven\t<\/div>\n\n\t<\/a><\/div><\/div>\n\n\n\n<div class=\"wp-block-column is-layout-flow wp-block-column-is-layout-flow\" style=\"flex-basis:20%\">\r\n<div id=\"ls-cta-block_7e5a778bed2c43e58d823f5587000767\" class=\"ls-cta\">  \r\n    \n\n<a href=\"\/camping-gardiennage-pyrenees-atlantiques\/\" target=\"\" rel=\"noopener\" class=\"ls-cta__link\" data-categ=\"\">\n\t<div class=\"ls-cta__image\"><img decoding=\"async\" src=\"https:\/\/www.beaucamping.com\/wp-content\/uploads\/2022\/02\/Gardiennage-camping-navarrenx.jpg\" alt=\"gardiennage caravane\"><\/div>\n\t<div class=\"ls-cta__title\">\n\t\tStalling\t<\/div>\n\n\t<\/a><\/div><\/div>\n<\/div>\n\n\r\n    <\/div>\r\n<\/section>\n\n<section id=\"ls-section-block_b817e1c9127812125c4454c25741b780\" class=\"ls-section  home-third-bis\" >\r\n        <div class=\"container container--wide\">\r\n        \n\n<div class=\"wp-block-columns animated fadeInUp is-layout-flex wp-container-core-columns-is-layout-9d6595d7 wp-block-columns-is-layout-flex\">\n<div class=\"wp-block-column is-layout-flow wp-block-column-is-layout-flow\" style=\"flex-basis:33.3%\">\n<h3 class=\"ls__heading wp-block-heading has-text-align-center\" id=\"nos-chalets-1\">Chalets<\/h3>\n\n\n\n<p class=\"ls-paragraph\">Onze camping biedt <a href=\"https:\/\/www.beaucamping.com\/nl\/verhuur-vakantiehuis-navarrenx\/\">chaletverhuur in de Pyr\u00e9n\u00e9es-Atlantiques<\/a> voor een kwaliteitsvolle ontsnapping! Met \u00e9\u00e9n tot twee slaapkamers en diverse voorzieningen zullen je nachten zacht en rustgevend aanvoelen.<\/p>\n\n\n\n<p class=\"ls-paragraph\">Kies uit <strong>5 types chalets<\/strong> voor een <strong>groene vakantie met gezin of vrienden<\/strong>. Voor meer informatie staat ons team klaar om je vragen te beantwoorden.<\/p>\n<\/div>\n\n\n\n<div class=\"wp-block-column is-layout-flow wp-block-column-is-layout-flow\" style=\"flex-basis:33.3%\">\n<h3 class=\"ls__heading wp-block-heading has-text-align-center\" id=\"nos-tentes-lodges-1\">Lodge-tenten<\/h3>\n\n\n\n<p class=\"ls-paragraph\">Heb je ooit gedroomd om een nacht op een camping door te brengen met alle comfort van thuis? Het is nu mogelijk met de <a href=\"https:\/\/www.beaucamping.com\/nl\/verhuur-tent-lodge-navarrenx\/\">Lodge Confort-tenten<\/a> die te huur zijn op de sterren-camping Beau Rivage.<\/p>\n\n\n\n<p class=\"ls-paragraph\">De <strong>Lodge Confort-tenten<\/strong> zijn perfect voor een <strong>originele en ongewone vakantie voor een zacht prijsje<\/strong>, en zijn uitgerust om je verblijf comfortabeler te maken. Je zult er geen spijt van krijgen.<\/p>\n<\/div>\n\n\n\n<div class=\"wp-block-column is-layout-flow wp-block-column-is-layout-flow\" style=\"flex-basis:33.3%\">\n<h3 class=\"ls__heading wp-block-heading has-text-align-center\" id=\"nos-emplacements-1\">Kampeerplaatsen<\/h3>\n\n\n\n<p class=\"ls-paragraph\">Onze camping ligt <strong>vlak bij Salies-de-B\u00e9arn<\/strong>, in de Pyr\u00e9n\u00e9es-Atlantiques. Als je <strong>een nacht in een tent of camper<\/strong> wilt doorbrengen, hebben we de ideale plek voor je.<\/p>\n\n\n\n<p class=\"ls-paragraph\">Onze <strong>kampeerplaatsen<\/strong> zijn <strong>ruim en bebost<\/strong>, waardoor ze ideaal zijn voor een <a href=\"https:\/\/www.beaucamping.com\/nl\/verhuur-locatie-navarrenx\/\">verblijf met de caravan in de Pyr\u00e9n\u00e9es-Atlantiques<\/a>. Ze zijn ook uitgerust met verschillende services afhankelijk van de formule, zoals een elektriciteitsaansluiting, water- of sanitaire aansluiting.<\/p>\n<\/div>\n<\/div>\n\n\r\n    <\/div>\r\n<\/section>\n\n<section id=\"ls-section-block_36e3e577e7c94079646cf5adbc43a7ca\" class=\"ls-section  home-fifth has-background-image\" >\r\n    <div class=\"ls-section__background-image opacity-50\"><img decoding=\"async\" src=\"https:\/\/www.beaucamping.com\/wp-content\/uploads\/2022\/01\/camping-beau-rivage-cascade.jpg\" alt=\"cascade navarrenx\"><\/div>    <div class=\"container container--wide\">\r\n        \n\n<h2 class=\"ls__heading wp-block-heading has-text-align-center animated fadeIn fast\" id=\"les-alentours\">Wat te doen in Salies-de-B\u00e9arn?<\/h2>\n\n\n\n<p class=\"ls-paragraph has-text-align-center\"><strong>Salies-de-B\u00e9arn<\/strong> is een charmante kuurstad in het departement Pyr\u00e9n\u00e9es-Atlantiques, in het zuidwesten van Frankrijk. Bezoekers kunnen wandelen langs de zoute rivier die door de stad stroomt, de winkels en markten verkennen, of ontspannen in de <a href=\"https:\/\/www.beaucamping.com\/nl\/thermenkuren-salies-de-bearn\/\">thermen van Salies-de-B\u00e9arn<\/a> of in een van de talrijke parken en tuinen.<\/p>\n\n\n\n<p class=\"ls-paragraph has-text-align-center\">Er zijn ook diverse bezoeken die je niet mag missen, zoals het <strong>Museum van het zout en de B\u00e9arnese tradities<\/strong>, de <strong>crypte van het Bayaa<\/strong> of de <strong>Saint-Vincentkerk in Salies-de-B\u00e9arn<\/strong>. Andere bezoeken die je niet mag missen tijdens je verblijf vlak bij Salies-de-B\u00e9arn zijn het B\u00e9arnese dorp <a href=\"https:\/\/www.beaucamping.com\/nl\/camping-bij-laruns\/\">Laruns<\/a>, de stad <a href=\"https:\/\/www.beaucamping.com\/?page_id=3961\">Pau<\/a> of de gemeente <a href=\"https:\/\/www.beaucamping.com\/nl\/camping-bij-oloron-sainte-marie\/\">Oloron-Sainte-Marie<\/a>.<\/p>\n\n\r\n    <\/div>\r\n<\/section>","protected":false},"excerpt":{"rendered":"","protected":false},"author":2,"featured_media":0,"parent":0,"menu_order":0,"comment_status":"closed","ping_status":"closed","template":"template-alentours.php","meta":{"_acf_changed":false,"footnotes":""},"sujet":[],"class_list":["post-5238","page","type-page","status-publish","hentry"],"acf":[],"yoast_head":"<!-- This site is optimized with the Yoast SEO plugin v27.4 - https:\/\/yoast.com\/product\/yoast-seo-wordpress\/ -->\n<title>Camping bij Salies-de-B\u00e9arn: 3-sterren vakantie in de Pyrenee\u00ebn<\/title>\n<meta name=\"description\" content=\"Camping Beau Rivage, een 3-sterren camping aan de rivier op 25 km van Salies-de-B\u00e9arn, in de Franse Pyrenee\u00ebn. Chalets, lodges en kampeerplaatsen.\" \/>\n<meta name=\"robots\" content=\"index, follow, max-snippet:-1, max-image-preview:large, max-video-preview:-1\" \/>\n<link rel=\"canonical\" href=\"https:\/\/www.beaucamping.com\/nl\/camping-bij-salies-de-bearn\/\" \/>\n<meta property=\"og:locale\" content=\"nl_NL\" \/>\n<meta property=\"og:type\" content=\"article\" \/>\n<meta property=\"og:title\" content=\"Camping bij Salies-de-B\u00e9arn: 3-sterren vakantie in de Pyrenee\u00ebn\" \/>\n<meta property=\"og:description\" content=\"Camping Beau Rivage, een 3-sterren camping aan de rivier op 25 km van Salies-de-B\u00e9arn, in de Franse Pyrenee\u00ebn. Chalets, lodges en kampeerplaatsen.\" \/>\n<meta property=\"og:url\" content=\"https:\/\/www.beaucamping.com\/nl\/camping-bij-salies-de-bearn\/\" \/>\n<meta property=\"og:site_name\" content=\"Camping Beau Rivage\" \/>\n<meta property=\"article:modified_time\" content=\"2026-05-13T08:00:22+00:00\" \/>\n<meta name=\"twitter:card\" content=\"summary_large_image\" \/>\n<meta name=\"twitter:label1\" content=\"Geschatte leestijd\" \/>\n\t<meta name=\"twitter:data1\" content=\"4 minuten\" \/>\n<script type=\"application\/ld+json\" class=\"yoast-schema-graph\">{\"@context\":\"https:\\\/\\\/schema.org\",\"@graph\":[{\"@type\":\"WebPage\",\"@id\":\"https:\\\/\\\/www.beaucamping.com\\\/nl\\\/camping-bij-salies-de-bearn\\\/\",\"url\":\"https:\\\/\\\/www.beaucamping.com\\\/nl\\\/camping-bij-salies-de-bearn\\\/\",\"name\":\"Camping bij Salies-de-B\u00e9arn: 3-sterren vakantie in de Pyrenee\u00ebn\",\"isPartOf\":{\"@id\":\"https:\\\/\\\/www.beaucamping.com\\\/nl\\\/#website\"},\"datePublished\":\"2026-05-13T08:00:21+00:00\",\"dateModified\":\"2026-05-13T08:00:22+00:00\",\"description\":\"Camping Beau Rivage, een 3-sterren camping aan de rivier op 25 km van Salies-de-B\u00e9arn, in de Franse Pyrenee\u00ebn. Chalets, lodges en kampeerplaatsen.\",\"breadcrumb\":{\"@id\":\"https:\\\/\\\/www.beaucamping.com\\\/nl\\\/camping-bij-salies-de-bearn\\\/#breadcrumb\"},\"inLanguage\":\"nl-NL\",\"potentialAction\":[{\"@type\":\"ReadAction\",\"target\":[\"https:\\\/\\\/www.beaucamping.com\\\/nl\\\/camping-bij-salies-de-bearn\\\/\"]}]},{\"@type\":\"BreadcrumbList\",\"@id\":\"https:\\\/\\\/www.beaucamping.com\\\/nl\\\/camping-bij-salies-de-bearn\\\/#breadcrumb\",\"itemListElement\":[{\"@type\":\"ListItem\",\"position\":1,\"name\":\"Camping B\u00e9arn\",\"item\":\"https:\\\/\\\/www.beaucamping.com\\\/nl\\\/\"},{\"@type\":\"ListItem\",\"position\":2,\"name\":\"Camping bij Salies-de-B\u00e9arn: 3-sterren vakantie in de Pyrenee\u00ebn\"}]},{\"@type\":\"WebSite\",\"@id\":\"https:\\\/\\\/www.beaucamping.com\\\/nl\\\/#website\",\"url\":\"https:\\\/\\\/www.beaucamping.com\\\/nl\\\/\",\"name\":\"Camping Beau Rivage\",\"description\":\"\",\"publisher\":{\"@id\":\"https:\\\/\\\/www.beaucamping.com\\\/nl\\\/#organization\"},\"potentialAction\":[{\"@type\":\"SearchAction\",\"target\":{\"@type\":\"EntryPoint\",\"urlTemplate\":\"https:\\\/\\\/www.beaucamping.com\\\/nl\\\/?s={search_term_string}\"},\"query-input\":{\"@type\":\"PropertyValueSpecification\",\"valueRequired\":true,\"valueName\":\"search_term_string\"}}],\"inLanguage\":\"nl-NL\"},{\"@type\":\"Organization\",\"@id\":\"https:\\\/\\\/www.beaucamping.com\\\/nl\\\/#organization\",\"name\":\"Camping Beau Rivage\",\"url\":\"https:\\\/\\\/www.beaucamping.com\\\/nl\\\/\",\"logo\":{\"@type\":\"ImageObject\",\"inLanguage\":\"nl-NL\",\"@id\":\"https:\\\/\\\/www.beaucamping.com\\\/nl\\\/#\\\/schema\\\/logo\\\/image\\\/\",\"url\":\"https:\\\/\\\/www.beaucamping.com\\\/wp-content\\\/uploads\\\/2022\\\/02\\\/logo-vert.jpg\",\"contentUrl\":\"https:\\\/\\\/www.beaucamping.com\\\/wp-content\\\/uploads\\\/2022\\\/02\\\/logo-vert.jpg\",\"width\":363,\"height\":169,\"caption\":\"Camping Beau Rivage\"},\"image\":{\"@id\":\"https:\\\/\\\/www.beaucamping.com\\\/nl\\\/#\\\/schema\\\/logo\\\/image\\\/\"}}]}<\/script>\n<!-- \/ Yoast SEO plugin. -->","yoast_head_json":{"title":"Camping bij Salies-de-B\u00e9arn: 3-sterren vakantie in de Pyrenee\u00ebn","description":"Camping Beau Rivage, een 3-sterren camping aan de rivier op 25 km van Salies-de-B\u00e9arn, in de Franse Pyrenee\u00ebn. Chalets, lodges en kampeerplaatsen.","robots":{"index":"index","follow":"follow","max-snippet":"max-snippet:-1","max-image-preview":"max-image-preview:large","max-video-preview":"max-video-preview:-1"},"canonical":"https:\/\/www.beaucamping.com\/nl\/camping-bij-salies-de-bearn\/","og_locale":"nl_NL","og_type":"article","og_title":"Camping bij Salies-de-B\u00e9arn: 3-sterren vakantie in de Pyrenee\u00ebn","og_description":"Camping Beau Rivage, een 3-sterren camping aan de rivier op 25 km van Salies-de-B\u00e9arn, in de Franse Pyrenee\u00ebn. Chalets, lodges en kampeerplaatsen.","og_url":"https:\/\/www.beaucamping.com\/nl\/camping-bij-salies-de-bearn\/","og_site_name":"Camping Beau Rivage","article_modified_time":"2026-05-13T08:00:22+00:00","twitter_card":"summary_large_image","twitter_misc":{"Geschatte leestijd":"4 minuten"},"schema":{"@context":"https:\/\/schema.org","@graph":[{"@type":"WebPage","@id":"https:\/\/www.beaucamping.com\/nl\/camping-bij-salies-de-bearn\/","url":"https:\/\/www.beaucamping.com\/nl\/camping-bij-salies-de-bearn\/","name":"Camping bij Salies-de-B\u00e9arn: 3-sterren vakantie in de Pyrenee\u00ebn","isPartOf":{"@id":"https:\/\/www.beaucamping.com\/nl\/#website"},"datePublished":"2026-05-13T08:00:21+00:00","dateModified":"2026-05-13T08:00:22+00:00","description":"Camping Beau Rivage, een 3-sterren camping aan de rivier op 25 km van Salies-de-B\u00e9arn, in de Franse Pyrenee\u00ebn. Chalets, lodges en kampeerplaatsen.","breadcrumb":{"@id":"https:\/\/www.beaucamping.com\/nl\/camping-bij-salies-de-bearn\/#breadcrumb"},"inLanguage":"nl-NL","potentialAction":[{"@type":"ReadAction","target":["https:\/\/www.beaucamping.com\/nl\/camping-bij-salies-de-bearn\/"]}]},{"@type":"BreadcrumbList","@id":"https:\/\/www.beaucamping.com\/nl\/camping-bij-salies-de-bearn\/#breadcrumb","itemListElement":[{"@type":"ListItem","position":1,"name":"Camping B\u00e9arn","item":"https:\/\/www.beaucamping.com\/nl\/"},{"@type":"ListItem","position":2,"name":"Camping bij Salies-de-B\u00e9arn: 3-sterren vakantie in de Pyrenee\u00ebn"}]},{"@type":"WebSite","@id":"https:\/\/www.beaucamping.com\/nl\/#website","url":"https:\/\/www.beaucamping.com\/nl\/","name":"Camping Beau Rivage","description":"","publisher":{"@id":"https:\/\/www.beaucamping.com\/nl\/#organization"},"potentialAction":[{"@type":"SearchAction","target":{"@type":"EntryPoint","urlTemplate":"https:\/\/www.beaucamping.com\/nl\/?s={search_term_string}"},"query-input":{"@type":"PropertyValueSpecification","valueRequired":true,"valueName":"search_term_string"}}],"inLanguage":"nl-NL"},{"@type":"Organization","@id":"https:\/\/www.beaucamping.com\/nl\/#organization","name":"Camping Beau Rivage","url":"https:\/\/www.beaucamping.com\/nl\/","logo":{"@type":"ImageObject","inLanguage":"nl-NL","@id":"https:\/\/www.beaucamping.com\/nl\/#\/schema\/logo\/image\/","url":"https:\/\/www.beaucamping.com\/wp-content\/uploads\/2022\/02\/logo-vert.jpg","contentUrl":"https:\/\/www.beaucamping.com\/wp-content\/uploads\/2022\/02\/logo-vert.jpg","width":363,"height":169,"caption":"Camping Beau Rivage"},"image":{"@id":"https:\/\/www.beaucamping.com\/nl\/#\/schema\/logo\/image\/"}}]}},"_links":{"self":[{"href":"https:\/\/www.beaucamping.com\/nl\/wp-json\/wp\/v2\/pages\/5238","targetHints":{"allow":["GET"]}}],"collection":[{"href":"https:\/\/www.beaucamping.com\/nl\/wp-json\/wp\/v2\/pages"}],"about":[{"href":"https:\/\/www.beaucamping.com\/nl\/wp-json\/wp\/v2\/types\/page"}],"author":[{"embeddable":true,"href":"https:\/\/www.beaucamping.com\/nl\/wp-json\/wp\/v2\/users\/2"}],"replies":[{"embeddable":true,"href":"https:\/\/www.beaucamping.com\/nl\/wp-json\/wp\/v2\/comments?post=5238"}],"version-history":[{"count":1,"href":"https:\/\/www.beaucamping.com\/nl\/wp-json\/wp\/v2\/pages\/5238\/revisions"}],"predecessor-version":[{"id":5239,"href":"https:\/\/www.beaucamping.com\/nl\/wp-json\/wp\/v2\/pages\/5238\/revisions\/5239"}],"wp:attachment":[{"href":"https:\/\/www.beaucamping.com\/nl\/wp-json\/wp\/v2\/media?parent=5238"}],"wp:term":[{"taxonomy":"sujet","embeddable":true,"href":"https:\/\/www.beaucamping.com\/nl\/wp-json\/wp\/v2\/sujet?post=5238"}],"curies":[{"name":"wp","href":"https:\/\/api.w.org\/{rel}","templated":true}]}}