{"id":5231,"date":"2026-05-13T09:55:25","date_gmt":"2026-05-13T07:55:25","guid":{"rendered":"https:\/\/www.beaucamping.com\/?page_id=5231"},"modified":"2026-05-13T09:55:27","modified_gmt":"2026-05-13T07:55:27","slug":"camping-bij-oloron-sainte-marie","status":"publish","type":"page","link":"https:\/\/www.beaucamping.com\/nl\/camping-bij-oloron-sainte-marie\/","title":{"rendered":"Camping bij Oloron-Sainte-Marie: 3-sterren vakantie in B\u00e9arn"},"content":{"rendered":"<section id=\"ls-section-block_26049bb2f7d27bbfd0e13e6b92d71358\" class=\"ls-section  home-first\" >\r\n        <div class=\"container container--wide\">\r\n        \n\n<h1 class=\"ls__heading wp-block-heading has-text-align-center animated fadeIn fast\" id=\"camping-beau-rivage-dans-le-bearn-pyrenees\">Camping bij Oloron-Sainte-Marie<\/h1>\n\n\n\n<div class=\"wp-block-columns are-vertically-aligned-center is-layout-flex wp-container-core-columns-is-layout-9d6595d7 wp-block-columns-is-layout-flex\">\n<div class=\"wp-block-column is-vertically-aligned-center animated fadeInLeft is-layout-flow wp-block-column-is-layout-flow\" style=\"flex-basis:55%\">\n<iframe src=\"https:\/\/www.google.com\/maps\/embed?pb=!1m28!1m12!1m3!1d92982.83608871164!2d-0.7564301967244156!3d43.257423285193056!2m3!1f0!2f0!3f0!3m2!1i1024!2i768!4f13.1!4m13!3e0!4m5!1s0xd57aaacee6c8db9%3A0x406651748139610!2sOloron-Sainte-Marie!3m2!1d43.194413!2d-0.6052919999999999!4m5!1s0xd56e5508c03ce8f%3A0x25771351f732d3e5!2sCamping%20Beau%20Rivage%20%7C%20Camping%203%20%C3%A9toiles%20Navarrenx%2C%207%20All.%20des%20Maronniers%2C%2064190%20Navarrenx!3m2!1d43.3205411!2d-0.7623848!5e0!3m2!1sfr!2sfr!4v1660205897530!5m2!1sfr!2sfr\" width=\"100%\" height=\"450\" style=\"border:0;\" allowfullscreen=\"\" loading=\"lazy\" referrerpolicy=\"no-referrer-when-downgrade\"><\/iframe>\n<\/div>\n\n\n\n<div class=\"wp-block-column is-vertically-aligned-center is-layout-flow wp-block-column-is-layout-flow\" style=\"flex-basis:45%\">\n<h2 class=\"ls__heading wp-block-heading\" id=\"camping-en-bord-de-riviere-pour-vos-vacances-dans-le-bearn\">Camping op 21 km van Oloron-Sainte-Marie<\/h2>\n\n\n\n<p class=\"ls-paragraph\">De <a href=\"\/\">3-sterren Camping Beau Rivage<\/a> ligt <strong>vlak bij Oloron-Sainte-Marie<\/strong> in onze prachtige B\u00e9arn-streek. De camping beschikt over uitstekende voorzieningen en services en vormt een ideale uitvalsbasis om de Pyr\u00e9n\u00e9es-Atlantiques te ontdekken.<\/p>\n\n\n\n<p class=\"ls-paragraph\">Onze <strong>camping vlak bij Oloron-Sainte-Marie<\/strong> is een uitstekende keuze voor wie een kampeerplaats of een huuraccommodatie zoekt in de B\u00e9arn-streek, midden in de natuur.<\/p>\n<\/div>\n<\/div>\n\n\r\n    <\/div>\r\n<\/section>\n\n<section id=\"ls-section-block_ac5120bb1b329fe86f02e467847cfa53\" class=\"ls-section  home-second\" >\r\n        <div class=\"container container--full\">\r\n        \n\n<div class=\"wp-block-columns is-layout-flex wp-container-core-columns-is-layout-9d6595d7 wp-block-columns-is-layout-flex\">\n<div class=\"wp-block-column is-vertically-aligned-center animated fadeInLeft is-layout-flow wp-block-column-is-layout-flow\">\r\n<div id=\"ls-cta-block_98fbedf808d977b922d1e7b657335f91\" class=\"ls-cta\">  \r\n    \n\n<a href=\"https:\/\/www.beaucamping.com\/camping-piscine-pyrenees-atlantiques\/\" target=\"\" rel=\"noopener\" class=\"ls-cta__link\" data-categ=\"\">\n\t<div class=\"ls-cta__image\"><img decoding=\"async\" src=\"https:\/\/www.beaucamping.com\/wp-content\/uploads\/2022\/02\/PM408725.jpg\" alt=\"camping piscine pau\"><\/div>\n\t<div class=\"ls-cta__title\">\n\t\tHet zwembad\t<\/div>\n\n\t<\/a><\/div><\/div>\n\n\n\n<div class=\"wp-block-column is-vertically-aligned-center animated fadeInLeft is-layout-flow wp-block-column-is-layout-flow\">\r\n<div id=\"ls-cta-block_3de28d8d19f85d83ebf2dc4c7708673b\" class=\"ls-cta\">  \r\n    \n\n<a href=\"https:\/\/www.beaucamping.com\/nl\/kamperen-rand-rivier-navarrenx\/\" target=\"\" rel=\"noopener\" class=\"ls-cta__link\" data-categ=\"\">\n\t<div class=\"ls-cta__image\"><img decoding=\"async\" src=\"https:\/\/www.beaucamping.com\/wp-content\/uploads\/2022\/02\/Sauveterre-\u00a9OTBDG-2.jpg\" alt=\"camping proche sauveterre bearn\"><\/div>\n\t<div class=\"ls-cta__title\">\n\t\tDe rivier\t<\/div>\n\n\t<\/a><\/div><\/div>\n\n\n\n<div class=\"wp-block-column is-vertically-aligned-center is-layout-flow wp-block-column-is-layout-flow\" style=\"flex-basis:40%\">\n<h2 class=\"ls__heading wp-block-heading has-text-align-center has-text-color has-color-white-color animated fadeIn fast\" id=\"autour-de-l-eau\">Rondom het water<\/h2>\n\n\n\n<h3 class=\"ls__heading wp-block-heading\" id=\"notre-piscine\">Het zwembad<\/h3>\n\n\n\n<p class=\"ls-paragraph\">Onze <strong>sterren-camping bij Oloron-Sainte-Marie<\/strong> is de ideale plek om van het zwembad te genieten. Het is dagelijks geopend van 9.00 tot 21.00 uur en is op het zuiden gericht. Met zijn 15 m x 8 m kun je urenlang spelen met je kinderen of vrienden.<\/p>\n\n\n\n<p class=\"ls-paragraph\">Ligbedden en parasols rond het <a href=\"https:\/\/www.beaucamping.com\/nl\/kamperen-zwembad-navarrenx\/\" style=\"color: #42463b\">zwembad van de camping<\/a>, samen met het uitlenen van duikbrillen en zwembanden, maken het plezier van klein en groot compleet.<\/p>\n\n\n\n<p class=\"ls-paragraph\">Bovendien horen wij bij de campings waar zwemshorts zijn toegestaan! Het <strong>omheinde zwembad van de camping Oloron-Sainte-Marie<\/strong> is ook een belangrijk veiligheidselement voor je kinderen.<\/p>\n\n\n\n<h3 class=\"ls__heading wp-block-heading\" id=\"la-peche-dans-le-bearn\">Vlak bij de rivier<\/h3>\n\n\n\n<p class=\"ls-paragraph\">De <strong>Camping Oloron-Sainte-Marie<\/strong> is de ideale plek voor visliefhebbers want hij ligt aan de <strong>oever van de rivier<\/strong>, waardoor je <a href=\"https:\/\/www.beaucamping.com\/nl\/kamperen-rand-rivier-navarrenx\/\" style=\"color: #42463b\">directe toegang tot het water<\/a> hebt.<\/p>\n\n\n\n<p class=\"ls-paragraph\">Dankzij de omringende natuur kun je ook je hangmat tussen twee bomen spannen. Kom dus snel een hengel uitwerpen of vertrek voor een kanotocht!<\/p>\n<\/div>\n<\/div>\n\n\r\n    <\/div>\r\n<\/section>\n\n<section id=\"ls-section-block_27767fb0ffd76d489e41a2683284c920\" class=\"ls-section  home-third\" >\r\n        <div class=\"container container--full\">\r\n        \n\n<h2 class=\"ls__heading wp-block-heading has-text-align-center animated fadeIn fast\" id=\"nos-hebergements\">Onze accommodaties vlak bij Oloron<\/h2>\n\n\n\n<p class=\"ls-paragraph has-text-align-center\">Camping Beau Rivage biedt <a href=\"https:\/\/www.beaucamping.com\/nl\/verhuur-vakantiehuis-navarrenx\/\">chaletverhuur<\/a>, lodge-tenten en <strong>kampeerplaatsen voor tenten<\/strong> of campers vlak bij Oloron-Sainte-Marie <a href=\"https:\/\/www.beaucamping.com\/nl\/kamperen-goedkoop-pyrenees\/\">tegen zachte prijzen<\/a>. Onze <strong>3-sterren camping bij Oloron<\/strong> is de perfecte plek om te ontspannen en te genieten van de prachtige landschappen van de Pyr\u00e9n\u00e9es-Atlantiques.<\/p>\n\n\n\n<div class=\"wp-block-columns animated fadeInUp is-layout-flex wp-container-core-columns-is-layout-9d6595d7 wp-block-columns-is-layout-flex\">\n<div class=\"wp-block-column is-layout-flow wp-block-column-is-layout-flow\" style=\"flex-basis:20%\">\r\n<div id=\"ls-cta-block_858c08bd039de3be1841f0dd9a244749\" class=\"ls-cta\">  \r\n    \n\n<a href=\"https:\/\/www.beaucamping.com\/location-chalet-pyrenees-atlantiques\/\" target=\"\" rel=\"noopener\" class=\"ls-cta__link\" data-categ=\"\">\n\t<div class=\"ls-cta__image\"><img decoding=\"async\" src=\"https:\/\/www.beaucamping.com\/wp-content\/uploads\/2022\/01\/camping-beau-rivage-les-chalets.jpg\" alt=\"location chalets navarrenx\"><\/div>\n\t<div class=\"ls-cta__title\">\n\t\tChalets\t<\/div>\n\n\t<\/a><\/div><\/div>\n\n\n\n<div class=\"wp-block-column is-layout-flow wp-block-column-is-layout-flow\" style=\"flex-basis:20%\">\r\n<div id=\"ls-cta-block_9537985d9ba11e2dee45e8bd98601a62\" class=\"ls-cta\">  \r\n    \n\n<a href=\"\/location-tente-lodge-pyrenees-atlantiques\/\" target=\"\" rel=\"noopener\" class=\"ls-cta__link\" data-categ=\"\">\n\t<div class=\"ls-cta__image\"><img decoding=\"async\" src=\"https:\/\/www.beaucamping.com\/wp-content\/uploads\/2022\/02\/location-lodge-bearn.jpg\" alt=\"location lodge bearn\"><\/div>\n\t<div class=\"ls-cta__title\">\n\t\tLodge-tenten\t<\/div>\n\n\t<\/a><\/div><\/div>\n\n\n\n<div class=\"wp-block-column is-layout-flow wp-block-column-is-layout-flow\" style=\"flex-basis:20%\">\r\n<div id=\"ls-cta-block_6fd7d29fc9a2c08dd176a7b77268b7db\" class=\"ls-cta\">  \r\n    \n\n<a href=\"\/location-emplacement-pyrenees-atlantiques\/\" target=\"\" rel=\"noopener\" class=\"ls-cta__link\" data-categ=\"\">\n\t<div class=\"ls-cta__image\"><img decoding=\"async\" src=\"https:\/\/www.beaucamping.com\/wp-content\/uploads\/2022\/01\/camping-beau-rivage-les-emplacements.jpg\" alt=\"emplacements camping bearn\"><\/div>\n\t<div class=\"ls-cta__title\">\n\t\tKampeerplaatsen\t<\/div>\n\n\t<\/a><\/div><\/div>\n\n\n\n<div class=\"wp-block-column is-layout-flow wp-block-column-is-layout-flow\" style=\"flex-basis:20%\">\r\n<div id=\"ls-cta-block_a8f3806bf27430dfed6fc103029366bf\" class=\"ls-cta\">  \r\n    \n\n<a href=\"\/camping-pas-cher-pyrenees-atlantiques\/\" target=\"\" rel=\"noopener\" class=\"ls-cta__link\" data-categ=\"\">\n\t<div class=\"ls-cta__image\"><img decoding=\"async\" src=\"https:\/\/www.beaucamping.com\/wp-content\/uploads\/2022\/02\/tarif-camping-bearn.jpg\" alt=\"tarif camping bearn\"><\/div>\n\t<div class=\"ls-cta__title\">\n\t\tTarieven\t<\/div>\n\n\t<\/a><\/div><\/div>\n\n\n\n<div class=\"wp-block-column is-layout-flow wp-block-column-is-layout-flow\" style=\"flex-basis:20%\">\r\n<div id=\"ls-cta-block_d7baa27f5b84af6dc4e532e688f6696e\" class=\"ls-cta\">  \r\n    \n\n<a href=\"\/camping-gardiennage-pyrenees-atlantiques\/\" target=\"\" rel=\"noopener\" class=\"ls-cta__link\" data-categ=\"\">\n\t<div class=\"ls-cta__image\"><img decoding=\"async\" src=\"https:\/\/www.beaucamping.com\/wp-content\/uploads\/2022\/02\/Gardiennage-camping-navarrenx.jpg\" alt=\"gardiennage caravane\"><\/div>\n\t<div class=\"ls-cta__title\">\n\t\tStalling\t<\/div>\n\n\t<\/a><\/div><\/div>\n<\/div>\n\n\r\n    <\/div>\r\n<\/section>\n\n<section id=\"ls-section-block_31a82eb71c9a2a4d256a3478f666884e\" class=\"ls-section  home-third-bis\" >\r\n        <div class=\"container container--wide\">\r\n        \n\n<div class=\"wp-block-columns animated fadeInUp is-layout-flex wp-container-core-columns-is-layout-9d6595d7 wp-block-columns-is-layout-flex\">\n<div class=\"wp-block-column is-layout-flow wp-block-column-is-layout-flow\" style=\"flex-basis:33.3%\">\n<h3 class=\"ls__heading wp-block-heading has-text-align-center\" id=\"nos-chalets-1\">Chalets<\/h3>\n\n\n\n<p class=\"ls-paragraph\">De <strong>chalets bij Oloron-Sainte-Marie<\/strong> zijn de ideale manier om alles te ontdekken wat B\u00e9arn en het Baskenland te bieden hebben.<\/p>\n\n\n\n<p class=\"ls-paragraph\">Onze camping biedt <strong>chalets<\/strong> in een grote vari\u00ebteit aan formaten en stijlen, dus of je nu zoekt naar een verblijf van enkele nachten of een vakantie van een of meerdere weken, je vindt zeker een <strong>chalet<\/strong> dat aan je wensen voldoet in een onvergetelijke omgeving. Waar wacht je nog op?<\/p>\n<\/div>\n\n\n\n<div class=\"wp-block-column is-layout-flow wp-block-column-is-layout-flow\" style=\"flex-basis:33.3%\">\n<h3 class=\"ls__heading wp-block-heading has-text-align-center\" id=\"nos-tentes-lodges-1\">Lodge-tenten<\/h3>\n\n\n\n<p class=\"ls-paragraph\"><a href=\"https:\/\/www.beaucamping.com\/nl\/verhuur-tent-lodge-navarrenx\/\">Een lodge-tent huren<\/a> op onze <strong>camping bij Oloron-Sainte-Marie<\/strong> is de ideale manier om van alles te genieten wat de regio te bieden heeft. Talrijke activiteiten wachten op je, van wandelen tot fietsen, vissen en het ontdekken van de vele bezienswaardigheden, winkels en restaurants.<\/p>\n\n\n\n<p class=\"ls-paragraph\">En natuurlijk het geluk van tijd doorbrengen in de natuur omringd door dierbaren. Of je nu een ontspannen uitje of een avontuurlijke vakantie zoekt, een <strong>lodge-tent vlak bij Oloron-Sainte-Marie<\/strong> biedt zeker alles wat je nodig hebt. Je wordt niet teleurgesteld.<\/p>\n<\/div>\n\n\n\n<div class=\"wp-block-column is-layout-flow wp-block-column-is-layout-flow\" style=\"flex-basis:33.3%\">\n<h3 class=\"ls__heading wp-block-heading has-text-align-center\" id=\"nos-emplacements-1\">Kampeerplaatsen<\/h3>\n\n\n\n<p class=\"ls-paragraph\"><a href=\"https:\/\/www.beaucamping.com\/nl\/verhuur-locatie-navarrenx\/\">Een kampeerplaats huren op Camping Beau Rivage in de Pyr\u00e9n\u00e9es-Atlantiques<\/a> heeft meerdere voordelen. Naast <strong>ruim<\/strong> zijn, beschikken onze <strong>kampeerplaatsen<\/strong> over een <strong>elektriciteitsaansluiting<\/strong> voor de Confort-categorie, en een <strong>aansluiting op elektriciteit, water en riolering<\/strong> voor de Grand Confort-categorie.<\/p>\n\n\n\n<p class=\"ls-paragraph\">Dat is dus erg praktisch voor kampeerders die al het comfort van thuis willen behouden en tegelijk van de buitenlucht willen genieten.<\/p>\n\n\n\n<p class=\"ls-paragraph\">Tot slot biedt het prachtige decor van de Pyrenee\u00ebn een adembenemende achtergrond voor een <strong>aangename kampeerervaring<\/strong>.<\/p>\n<\/div>\n<\/div>\n\n\r\n    <\/div>\r\n<\/section>\n\n<section id=\"ls-section-block_e9078ce665e1338f70cc84de8ef15c78\" class=\"ls-section  home-fifth has-background-image\" >\r\n    <div class=\"ls-section__background-image opacity-50\"><img decoding=\"async\" src=\"https:\/\/www.beaucamping.com\/wp-content\/uploads\/2022\/01\/camping-beau-rivage-cascade.jpg\" alt=\"cascade navarrenx\"><\/div>    <div class=\"container container--wide\">\r\n        \n\n<h2 class=\"ls__heading wp-block-heading has-text-align-center animated fadeIn fast\" id=\"les-alentours\">De omgeving van Oloron-Sainte-Marie ontdekken<\/h2>\n\n\n\n<p class=\"ls-paragraph has-text-align-center\"><strong>Oloron-Sainte-Marie<\/strong> is een charmante stad in de B\u00e9arn-streek in Frankrijk. De stad herbergt talrijke historische monumenten en prachtige natuurlandschappen. Bezoekers kunnen er de oude vestingmuren verkennen, door de pittoreske straatjes wandelen en de beroemde kathedraal bezoeken. Er is iets voor iedereen in deze prachtige stad, dus wacht niet langer! De stad is ook perfect gelegen om de steden rond de camping bij Oloron te ontdekken, zoals bijvoorbeeld <a href=\"https:\/\/www.beaucamping.com\/?page_id=3961\">Pau<\/a>, de hoofdstad van de Pyr\u00e9n\u00e9es-Atlantiques, <a href=\"https:\/\/www.beaucamping.com\/nl\/camping-bij-laruns\/\">Laruns<\/a>, in het hart van de Vall\u00e9e d&#8217;Ossau, <a href=\"https:\/\/www.beaucamping.com\/camping-a-salies-de-bearn\/\">Salies-de-B\u00e9arn<\/a>, bekend om zijn zout, of nog <a href=\"https:\/\/www.beaucamping.com\/camping-sauveterre-de-bearn\/\">Sauveterre-de-B\u00e9arn<\/a>, een stadje vol charme.<\/p>\n\n\r\n    <\/div>\r\n<\/section>","protected":false},"excerpt":{"rendered":"","protected":false},"author":2,"featured_media":0,"parent":0,"menu_order":0,"comment_status":"closed","ping_status":"closed","template":"template-alentours.php","meta":{"_acf_changed":false,"footnotes":""},"sujet":[],"class_list":["post-5231","page","type-page","status-publish","hentry"],"acf":[],"yoast_head":"<!-- This site is optimized with the Yoast SEO plugin v27.4 - https:\/\/yoast.com\/product\/yoast-seo-wordpress\/ -->\n<title>Camping bij Oloron-Sainte-Marie: 3-sterren vakantie in B\u00e9arn<\/title>\n<meta name=\"description\" content=\"Ontdek Camping Beau Rivage, een 3-sterren camping aan de rivier op 21 km van Oloron-Sainte-Marie, in de Franse Pyrenee\u00ebn. Chalets, lodges en kampeerplaatsen.\" \/>\n<meta name=\"robots\" content=\"index, follow, max-snippet:-1, max-image-preview:large, max-video-preview:-1\" \/>\n<link rel=\"canonical\" href=\"https:\/\/www.beaucamping.com\/nl\/camping-bij-oloron-sainte-marie\/\" \/>\n<meta property=\"og:locale\" content=\"nl_NL\" \/>\n<meta property=\"og:type\" content=\"article\" \/>\n<meta property=\"og:title\" content=\"Camping bij Oloron-Sainte-Marie: 3-sterren vakantie in B\u00e9arn\" \/>\n<meta property=\"og:description\" content=\"Ontdek Camping Beau Rivage, een 3-sterren camping aan de rivier op 21 km van Oloron-Sainte-Marie, in de Franse Pyrenee\u00ebn. Chalets, lodges en kampeerplaatsen.\" \/>\n<meta property=\"og:url\" content=\"https:\/\/www.beaucamping.com\/nl\/camping-bij-oloron-sainte-marie\/\" \/>\n<meta property=\"og:site_name\" content=\"Camping Beau Rivage\" \/>\n<meta property=\"article:modified_time\" content=\"2026-05-13T07:55:27+00:00\" \/>\n<meta name=\"twitter:card\" content=\"summary_large_image\" \/>\n<meta name=\"twitter:label1\" content=\"Geschatte leestijd\" \/>\n\t<meta name=\"twitter:data1\" content=\"4 minuten\" \/>\n<script type=\"application\/ld+json\" class=\"yoast-schema-graph\">{\"@context\":\"https:\\\/\\\/schema.org\",\"@graph\":[{\"@type\":\"WebPage\",\"@id\":\"https:\\\/\\\/www.beaucamping.com\\\/nl\\\/camping-bij-oloron-sainte-marie\\\/\",\"url\":\"https:\\\/\\\/www.beaucamping.com\\\/nl\\\/camping-bij-oloron-sainte-marie\\\/\",\"name\":\"Camping bij Oloron-Sainte-Marie: 3-sterren vakantie in B\u00e9arn\",\"isPartOf\":{\"@id\":\"https:\\\/\\\/www.beaucamping.com\\\/nl\\\/#website\"},\"datePublished\":\"2026-05-13T07:55:25+00:00\",\"dateModified\":\"2026-05-13T07:55:27+00:00\",\"description\":\"Ontdek Camping Beau Rivage, een 3-sterren camping aan de rivier op 21 km van Oloron-Sainte-Marie, in de Franse Pyrenee\u00ebn. Chalets, lodges en kampeerplaatsen.\",\"breadcrumb\":{\"@id\":\"https:\\\/\\\/www.beaucamping.com\\\/nl\\\/camping-bij-oloron-sainte-marie\\\/#breadcrumb\"},\"inLanguage\":\"nl-NL\",\"potentialAction\":[{\"@type\":\"ReadAction\",\"target\":[\"https:\\\/\\\/www.beaucamping.com\\\/nl\\\/camping-bij-oloron-sainte-marie\\\/\"]}]},{\"@type\":\"BreadcrumbList\",\"@id\":\"https:\\\/\\\/www.beaucamping.com\\\/nl\\\/camping-bij-oloron-sainte-marie\\\/#breadcrumb\",\"itemListElement\":[{\"@type\":\"ListItem\",\"position\":1,\"name\":\"Camping B\u00e9arn\",\"item\":\"https:\\\/\\\/www.beaucamping.com\\\/nl\\\/\"},{\"@type\":\"ListItem\",\"position\":2,\"name\":\"Camping bij Oloron-Sainte-Marie: 3-sterren vakantie in B\u00e9arn\"}]},{\"@type\":\"WebSite\",\"@id\":\"https:\\\/\\\/www.beaucamping.com\\\/nl\\\/#website\",\"url\":\"https:\\\/\\\/www.beaucamping.com\\\/nl\\\/\",\"name\":\"Camping Beau Rivage\",\"description\":\"\",\"publisher\":{\"@id\":\"https:\\\/\\\/www.beaucamping.com\\\/nl\\\/#organization\"},\"potentialAction\":[{\"@type\":\"SearchAction\",\"target\":{\"@type\":\"EntryPoint\",\"urlTemplate\":\"https:\\\/\\\/www.beaucamping.com\\\/nl\\\/?s={search_term_string}\"},\"query-input\":{\"@type\":\"PropertyValueSpecification\",\"valueRequired\":true,\"valueName\":\"search_term_string\"}}],\"inLanguage\":\"nl-NL\"},{\"@type\":\"Organization\",\"@id\":\"https:\\\/\\\/www.beaucamping.com\\\/nl\\\/#organization\",\"name\":\"Camping Beau Rivage\",\"url\":\"https:\\\/\\\/www.beaucamping.com\\\/nl\\\/\",\"logo\":{\"@type\":\"ImageObject\",\"inLanguage\":\"nl-NL\",\"@id\":\"https:\\\/\\\/www.beaucamping.com\\\/nl\\\/#\\\/schema\\\/logo\\\/image\\\/\",\"url\":\"https:\\\/\\\/www.beaucamping.com\\\/wp-content\\\/uploads\\\/2022\\\/02\\\/logo-vert.jpg\",\"contentUrl\":\"https:\\\/\\\/www.beaucamping.com\\\/wp-content\\\/uploads\\\/2022\\\/02\\\/logo-vert.jpg\",\"width\":363,\"height\":169,\"caption\":\"Camping Beau Rivage\"},\"image\":{\"@id\":\"https:\\\/\\\/www.beaucamping.com\\\/nl\\\/#\\\/schema\\\/logo\\\/image\\\/\"}}]}<\/script>\n<!-- \/ Yoast SEO plugin. -->","yoast_head_json":{"title":"Camping bij Oloron-Sainte-Marie: 3-sterren vakantie in B\u00e9arn","description":"Ontdek Camping Beau Rivage, een 3-sterren camping aan de rivier op 21 km van Oloron-Sainte-Marie, in de Franse Pyrenee\u00ebn. Chalets, lodges en kampeerplaatsen.","robots":{"index":"index","follow":"follow","max-snippet":"max-snippet:-1","max-image-preview":"max-image-preview:large","max-video-preview":"max-video-preview:-1"},"canonical":"https:\/\/www.beaucamping.com\/nl\/camping-bij-oloron-sainte-marie\/","og_locale":"nl_NL","og_type":"article","og_title":"Camping bij Oloron-Sainte-Marie: 3-sterren vakantie in B\u00e9arn","og_description":"Ontdek Camping Beau Rivage, een 3-sterren camping aan de rivier op 21 km van Oloron-Sainte-Marie, in de Franse Pyrenee\u00ebn. Chalets, lodges en kampeerplaatsen.","og_url":"https:\/\/www.beaucamping.com\/nl\/camping-bij-oloron-sainte-marie\/","og_site_name":"Camping Beau Rivage","article_modified_time":"2026-05-13T07:55:27+00:00","twitter_card":"summary_large_image","twitter_misc":{"Geschatte leestijd":"4 minuten"},"schema":{"@context":"https:\/\/schema.org","@graph":[{"@type":"WebPage","@id":"https:\/\/www.beaucamping.com\/nl\/camping-bij-oloron-sainte-marie\/","url":"https:\/\/www.beaucamping.com\/nl\/camping-bij-oloron-sainte-marie\/","name":"Camping bij Oloron-Sainte-Marie: 3-sterren vakantie in B\u00e9arn","isPartOf":{"@id":"https:\/\/www.beaucamping.com\/nl\/#website"},"datePublished":"2026-05-13T07:55:25+00:00","dateModified":"2026-05-13T07:55:27+00:00","description":"Ontdek Camping Beau Rivage, een 3-sterren camping aan de rivier op 21 km van Oloron-Sainte-Marie, in de Franse Pyrenee\u00ebn. Chalets, lodges en kampeerplaatsen.","breadcrumb":{"@id":"https:\/\/www.beaucamping.com\/nl\/camping-bij-oloron-sainte-marie\/#breadcrumb"},"inLanguage":"nl-NL","potentialAction":[{"@type":"ReadAction","target":["https:\/\/www.beaucamping.com\/nl\/camping-bij-oloron-sainte-marie\/"]}]},{"@type":"BreadcrumbList","@id":"https:\/\/www.beaucamping.com\/nl\/camping-bij-oloron-sainte-marie\/#breadcrumb","itemListElement":[{"@type":"ListItem","position":1,"name":"Camping B\u00e9arn","item":"https:\/\/www.beaucamping.com\/nl\/"},{"@type":"ListItem","position":2,"name":"Camping bij Oloron-Sainte-Marie: 3-sterren vakantie in B\u00e9arn"}]},{"@type":"WebSite","@id":"https:\/\/www.beaucamping.com\/nl\/#website","url":"https:\/\/www.beaucamping.com\/nl\/","name":"Camping Beau Rivage","description":"","publisher":{"@id":"https:\/\/www.beaucamping.com\/nl\/#organization"},"potentialAction":[{"@type":"SearchAction","target":{"@type":"EntryPoint","urlTemplate":"https:\/\/www.beaucamping.com\/nl\/?s={search_term_string}"},"query-input":{"@type":"PropertyValueSpecification","valueRequired":true,"valueName":"search_term_string"}}],"inLanguage":"nl-NL"},{"@type":"Organization","@id":"https:\/\/www.beaucamping.com\/nl\/#organization","name":"Camping Beau Rivage","url":"https:\/\/www.beaucamping.com\/nl\/","logo":{"@type":"ImageObject","inLanguage":"nl-NL","@id":"https:\/\/www.beaucamping.com\/nl\/#\/schema\/logo\/image\/","url":"https:\/\/www.beaucamping.com\/wp-content\/uploads\/2022\/02\/logo-vert.jpg","contentUrl":"https:\/\/www.beaucamping.com\/wp-content\/uploads\/2022\/02\/logo-vert.jpg","width":363,"height":169,"caption":"Camping Beau Rivage"},"image":{"@id":"https:\/\/www.beaucamping.com\/nl\/#\/schema\/logo\/image\/"}}]}},"_links":{"self":[{"href":"https:\/\/www.beaucamping.com\/nl\/wp-json\/wp\/v2\/pages\/5231","targetHints":{"allow":["GET"]}}],"collection":[{"href":"https:\/\/www.beaucamping.com\/nl\/wp-json\/wp\/v2\/pages"}],"about":[{"href":"https:\/\/www.beaucamping.com\/nl\/wp-json\/wp\/v2\/types\/page"}],"author":[{"embeddable":true,"href":"https:\/\/www.beaucamping.com\/nl\/wp-json\/wp\/v2\/users\/2"}],"replies":[{"embeddable":true,"href":"https:\/\/www.beaucamping.com\/nl\/wp-json\/wp\/v2\/comments?post=5231"}],"version-history":[{"count":2,"href":"https:\/\/www.beaucamping.com\/nl\/wp-json\/wp\/v2\/pages\/5231\/revisions"}],"predecessor-version":[{"id":5233,"href":"https:\/\/www.beaucamping.com\/nl\/wp-json\/wp\/v2\/pages\/5231\/revisions\/5233"}],"wp:attachment":[{"href":"https:\/\/www.beaucamping.com\/nl\/wp-json\/wp\/v2\/media?parent=5231"}],"wp:term":[{"taxonomy":"sujet","embeddable":true,"href":"https:\/\/www.beaucamping.com\/nl\/wp-json\/wp\/v2\/sujet?post=5231"}],"curies":[{"name":"wp","href":"https:\/\/api.w.org\/{rel}","templated":true}]}}