{"id":5222,"date":"2026-05-13T09:42:06","date_gmt":"2026-05-13T07:42:06","guid":{"rendered":"https:\/\/www.beaucamping.com\/?page_id=5222"},"modified":"2026-05-13T09:42:08","modified_gmt":"2026-05-13T07:42:08","slug":"camping-bij-laruns","status":"publish","type":"page","link":"https:\/\/www.beaucamping.com\/nl\/camping-bij-laruns\/","title":{"rendered":"Camping bij Laruns: 3-sterren vakantie in de Franse Pyrenee\u00ebn"},"content":{"rendered":"<section id=\"ls-section-block_260bfecec9c259b63da47a2a0259aec0\" class=\"ls-section  home-first\" >\r\n        <div class=\"container container--wide\">\r\n        \n\n<h1 class=\"ls__heading wp-block-heading has-text-align-center animated fadeIn fast\" id=\"camping-beau-rivage-dans-le-bearn-pyrenees\">Camping op 56 km van Laruns<\/h1>\n\n\n\n<div class=\"wp-block-columns are-vertically-aligned-center is-layout-flex wp-container-core-columns-is-layout-9d6595d7 wp-block-columns-is-layout-flex\">\n<div class=\"wp-block-column is-vertically-aligned-center animated fadeInLeft is-layout-flow wp-block-column-is-layout-flow\" style=\"flex-basis:55%\">\n<iframe src=\"https:\/\/www.google.com\/maps\/embed?pb=!1m28!1m12!1m3!1d186184.96869568073!2d-0.7162960831979581!3d43.185570350133624!2m3!1f0!2f0!3f0!3m2!1i1024!2i768!4f13.1!4m13!3e0!4m5!1s0xd57bae8383e76eb%3A0x154c1047e50732fa!2sLaruns!3m2!1d42.987643999999996!2d-0.426274!4m5!1s0xd56e5508c03ce8f%3A0x25771351f732d3e5!2sCamping%20Beau%20Rivage%20%7C%20Camping%203%20%C3%A9toiles%20Navarrenx%2C%207%20All.%20des%20Maronniers%2C%2064190%20Navarrenx!3m2!1d43.3205411!2d-0.7623848!5e0!3m2!1sfr!2sfr!4v1660204933957!5m2!1sfr!2sfr\" width=\"100%\" height=\"450\" style=\"border:0;\" allowfullscreen=\"\" loading=\"lazy\" referrerpolicy=\"no-referrer-when-downgrade\"><\/iframe>\n<\/div>\n\n\n\n<div class=\"wp-block-column is-vertically-aligned-center is-layout-flow wp-block-column-is-layout-flow\" style=\"flex-basis:45%\">\n<h2 class=\"ls__heading wp-block-heading\" id=\"camping-en-bord-de-riviere-pour-vos-vacances-dans-le-bearn\">Een camping op een steenworp van Laruns voor een B\u00e9arnese vakantie<\/h2>\n\n\n\n<p class=\"ls-paragraph\">Zoek je een camping die natuur en nabijheid van voorzieningen combineert? Zoek niet verder dan de <a href=\"\/\">3-sterren Camping Beau Rivage in Navarrenx<\/a>, in Frankrijk.<\/p>\n\n\n\n<p class=\"ls-paragraph\">Onze camping ligt aan de rivier, midden in de B\u00e9arn-streek, op een steenworp afstand van winkels en lokale voorzieningen.<\/p>\n\n\n\n<p class=\"ls-paragraph\">De eigenaars, Clara en St\u00e9phane, doen er alles aan om je een onvergetelijke vakantie te bezorgen, op een uurtje rijden van het kleine dorp Laruns in de Vall\u00e9e d&#8217;Ossau.<\/p>\n<\/div>\n<\/div>\n\n\r\n    <\/div>\r\n<\/section>\n\n<section id=\"ls-section-block_005e170c3a7e6e87ef277dd0b9007a17\" class=\"ls-section  home-second\" >\r\n        <div class=\"container container--full\">\r\n        \n\n<div class=\"wp-block-columns is-layout-flex wp-container-core-columns-is-layout-9d6595d7 wp-block-columns-is-layout-flex\">\n<div class=\"wp-block-column is-vertically-aligned-center animated fadeInLeft is-layout-flow wp-block-column-is-layout-flow\">\r\n<div id=\"ls-cta-block_086bc858417b25dd434f89dfb23ce12c\" class=\"ls-cta\">  \r\n    \n\n<a href=\"https:\/\/www.beaucamping.com\/camping-piscine-pyrenees-atlantiques\/\" target=\"\" rel=\"noopener\" class=\"ls-cta__link\" data-categ=\"\">\n\t<div class=\"ls-cta__image\"><img decoding=\"async\" src=\"https:\/\/www.beaucamping.com\/wp-content\/uploads\/2022\/02\/PM408725.jpg\" alt=\"camping piscine pau\"><\/div>\n\t<div class=\"ls-cta__title\">\n\t\tHet zwembad\t<\/div>\n\n\t<\/a><\/div><\/div>\n\n\n\n<div class=\"wp-block-column is-vertically-aligned-center animated fadeInLeft is-layout-flow wp-block-column-is-layout-flow\">\r\n<div id=\"ls-cta-block_ce03c6bc73048d5f745113642c749491\" class=\"ls-cta\">  \r\n    \n\n<a href=\"https:\/\/www.beaucamping.com\/nl\/kamperen-rand-rivier-navarrenx\/\" target=\"\" rel=\"noopener\" class=\"ls-cta__link\" data-categ=\"\">\n\t<div class=\"ls-cta__image\"><img decoding=\"async\" src=\"https:\/\/www.beaucamping.com\/wp-content\/uploads\/2022\/02\/Sauveterre-\u00a9OTBDG-2.jpg\" alt=\"camping proche sauveterre bearn\"><\/div>\n\t<div class=\"ls-cta__title\">\n\t\tDe rivier\t<\/div>\n\n\t<\/a><\/div><\/div>\n\n\n\n<div class=\"wp-block-column is-vertically-aligned-center is-layout-flow wp-block-column-is-layout-flow\" style=\"flex-basis:40%\">\n<h2 class=\"ls__heading wp-block-heading has-text-align-center has-text-color has-color-white-color animated fadeIn fast\" id=\"autour-de-l-eau\">Een vakantie rondom het water bij Laruns<\/h2>\n\n\n\n<h3 class=\"ls__heading wp-block-heading\" id=\"notre-piscine\">Het grote zwembad van de camping<\/h3>\n\n\n\n<p class=\"ls-paragraph\">Het <a href=\"https:\/\/www.beaucamping.com\/nl\/kamperen-zwembad-navarrenx\/\" style=\"color: #42463b\">zwembad van onze camping bij Laruns<\/a> is dagelijks geopend van 9.00 tot 21.00 uur, zodat je op elk moment van de dag kunt genieten van een verfrissende duik tijdens je verblijf. Dankzij een diepte die varieert van 1 m tot 1,5 m kunnen de meesten staan, en zowel kleine als grote kinderen profiteren van de ruimte om te zwemmen, te spelen en plezier te maken tijdens hun vakantie op onze <strong>camping vlak bij Laruns<\/strong>.<\/p>\n\n\n\n<p class=\"ls-paragraph\">Ligbedden en parasols staan tot je beschikking, zodat je urenlang van de zon kunt genieten dankzij de gunstige ligging.<\/p>\n\n\n\n<p class=\"ls-paragraph\">Je duikbril vergeten? Geen probleem!<\/p>\n\n\n\n<p class=\"ls-paragraph\">Aan de receptie van onze camping kun je een bril en zwembanden lenen, en zwemshorts zijn toegestaan. En om het helemaal af te maken: de <strong>zwembadzone van de camping<\/strong><strong> Laruns<\/strong> is volledig omheind, zodat de allerkleinsten in alle veiligheid kunnen genieten. Veel zwemplezier!<\/p>\n\n\n\n<h3 class=\"ls__heading wp-block-heading\" id=\"la-peche-dans-le-bearn\">Directe toegang tot de rivier<\/h3>\n\n\n\n<p class=\"ls-paragraph\">B\u00e9arn is een waterrijk land, waar het grootste deel van de bezoeken, activiteiten en ontdekkingen rond dit element draait. Omdat onze camping <strong>aan de Gave d&#8217;Oloron<\/strong> ligt, biedt hij <strong>directe toegang tot de rivier<\/strong>, en liefhebbers kunnen er heerlijk gaan vissen. Wil je er op een andere manier van genieten? Dan kun je gewoon je voeten in het water steken, kiezelstenen laten ketsen of een rustige picknick in de schaduw houden.<\/p>\n\n\n\n<p class=\"ls-paragraph\">Waarom probeer je dan geen <a href=\"https:\/\/www.beaucamping.com\/nl\/kamperen-rand-rivier-navarrenx\/\" style=\"color: #42463b\">camping aan het water<\/a> tijdens je volgende verblijf op onze <strong>3-sterren camping vlak bij de Vall\u00e9e d&#8217;Ossau<\/strong>?<\/p>\n<\/div>\n<\/div>\n\n\r\n    <\/div>\r\n<\/section>\n\n<section id=\"ls-section-block_fdd97726d22e1743ac6e81520aebd2b3\" class=\"ls-section  home-third\" >\r\n        <div class=\"container container--full\">\r\n        \n\n<h2 class=\"ls__heading wp-block-heading has-text-align-center animated fadeIn fast\" id=\"nos-hebergements\">Je accommodatie in de Vall\u00e9e d&#8217;Ossau<\/h2>\n\n\n\n<p class=\"ls-paragraph has-text-align-center\">Verscholen in de B\u00e9arn-streek biedt onze <strong>camping op 56 km van Laruns<\/strong> een grote vari\u00ebteit aan accommodaties die aan elke wens voldoen. Voor wie van traditioneel kamperen houdt, hebben we <strong>plaatsen voor tenten<\/strong>, caravans en campers. Voor een comfortabeler verblijf zijn er <a href=\"https:\/\/www.beaucamping.com\/nl\/verhuur-vakantiehuis-navarrenx\/\">chalets te huur<\/a>. En voor wie \u00e9cht wil ontsnappen aan de drukte, bieden we <strong>lodge-tenten<\/strong> aan voor een unieke kampeerervaring. Kom de schoonheid van de Pyr\u00e9n\u00e9es-Atlantiques ontdekken op onze <strong>camping vlak bij Laruns<\/strong>.<\/p>\n\n\n\n<div class=\"wp-block-columns animated fadeInUp is-layout-flex wp-container-core-columns-is-layout-9d6595d7 wp-block-columns-is-layout-flex\">\n<div class=\"wp-block-column is-layout-flow wp-block-column-is-layout-flow\" style=\"flex-basis:20%\">\r\n<div id=\"ls-cta-block_f431d1a266deb61fbdf97d6c112db5e1\" class=\"ls-cta\">  \r\n    \n\n<a href=\"https:\/\/www.beaucamping.com\/location-chalet-pyrenees-atlantiques\/\" target=\"\" rel=\"noopener\" class=\"ls-cta__link\" data-categ=\"\">\n\t<div class=\"ls-cta__image\"><img decoding=\"async\" src=\"https:\/\/www.beaucamping.com\/wp-content\/uploads\/2022\/01\/camping-beau-rivage-les-chalets.jpg\" alt=\"location chalets navarrenx\"><\/div>\n\t<div class=\"ls-cta__title\">\n\t\tChalets\t<\/div>\n\n\t<\/a><\/div><\/div>\n\n\n\n<div class=\"wp-block-column is-layout-flow wp-block-column-is-layout-flow\" style=\"flex-basis:20%\">\r\n<div id=\"ls-cta-block_746283c8353debe31ef0a9fc945bbf1e\" class=\"ls-cta\">  \r\n    \n\n<a href=\"\/location-tente-lodge-pyrenees-atlantiques\/\" target=\"\" rel=\"noopener\" class=\"ls-cta__link\" data-categ=\"\">\n\t<div class=\"ls-cta__image\"><img decoding=\"async\" src=\"https:\/\/www.beaucamping.com\/wp-content\/uploads\/2022\/02\/location-lodge-bearn.jpg\" alt=\"location lodge bearn\"><\/div>\n\t<div class=\"ls-cta__title\">\n\t\tLodge-tenten\t<\/div>\n\n\t<\/a><\/div><\/div>\n\n\n\n<div class=\"wp-block-column is-layout-flow wp-block-column-is-layout-flow\" style=\"flex-basis:20%\">\r\n<div id=\"ls-cta-block_b0cc094a442921493c04ce6aa58c638a\" class=\"ls-cta\">  \r\n    \n\n<a href=\"\/location-emplacement-pyrenees-atlantiques\/\" target=\"\" rel=\"noopener\" class=\"ls-cta__link\" data-categ=\"\">\n\t<div class=\"ls-cta__image\"><img decoding=\"async\" src=\"https:\/\/www.beaucamping.com\/wp-content\/uploads\/2022\/01\/camping-beau-rivage-les-emplacements.jpg\" alt=\"emplacements camping bearn\"><\/div>\n\t<div class=\"ls-cta__title\">\n\t\tKampeerplaatsen\t<\/div>\n\n\t<\/a><\/div><\/div>\n\n\n\n<div class=\"wp-block-column is-layout-flow wp-block-column-is-layout-flow\" style=\"flex-basis:20%\">\r\n<div id=\"ls-cta-block_a18441ab0953164aa04f231b8efd23bc\" class=\"ls-cta\">  \r\n    \n\n<a href=\"\/camping-pas-cher-pyrenees-atlantiques\/\" target=\"\" rel=\"noopener\" class=\"ls-cta__link\" data-categ=\"\">\n\t<div class=\"ls-cta__image\"><img decoding=\"async\" src=\"https:\/\/www.beaucamping.com\/wp-content\/uploads\/2022\/02\/tarif-camping-bearn.jpg\" alt=\"tarif camping bearn\"><\/div>\n\t<div class=\"ls-cta__title\">\n\t\tTarieven\t<\/div>\n\n\t<\/a><\/div><\/div>\n\n\n\n<div class=\"wp-block-column is-layout-flow wp-block-column-is-layout-flow\" style=\"flex-basis:20%\">\r\n<div id=\"ls-cta-block_c36a6c929e76bb284d14419fe80261be\" class=\"ls-cta\">  \r\n    \n\n<a href=\"\/camping-gardiennage-pyrenees-atlantiques\/\" target=\"\" rel=\"noopener\" class=\"ls-cta__link\" data-categ=\"\">\n\t<div class=\"ls-cta__image\"><img decoding=\"async\" src=\"https:\/\/www.beaucamping.com\/wp-content\/uploads\/2022\/02\/Gardiennage-camping-navarrenx.jpg\" alt=\"gardiennage caravane\"><\/div>\n\t<div class=\"ls-cta__title\">\n\t\tStalling\t<\/div>\n\n\t<\/a><\/div><\/div>\n<\/div>\n\n\r\n    <\/div>\r\n<\/section>\n\n<section id=\"ls-section-block_eb4122faafc2865e29af4ae9e69ba85e\" class=\"ls-section  home-third-bis\" >\r\n        <div class=\"container container--wide\">\r\n        \n\n<div class=\"wp-block-columns animated fadeInUp is-layout-flex wp-container-core-columns-is-layout-9d6595d7 wp-block-columns-is-layout-flex\">\n<div class=\"wp-block-column is-layout-flow wp-block-column-is-layout-flow\" style=\"flex-basis:33.3%\">\n<h3 class=\"ls__heading wp-block-heading has-text-align-center\" id=\"nos-chalets-1\">Chalets<\/h3>\n\n\n\n<p class=\"ls-paragraph\">De <strong>chalets van onze camping<\/strong>, in de Pyr\u00e9n\u00e9es-Atlantiques, bieden de perfecte combinatie van comfort en service. Met een grote variatie aan formaten en stijlen van <strong>chalets<\/strong> is er voor elke smaak en elk budget wat te vinden.<\/p>\n\n\n\n<p class=\"ls-paragraph\">Met \u00e9\u00e9n tot twee slaapkamers en plaats voor maximaal 6 personen zijn alle <strong>chalets<\/strong> uitgerust om aan je behoeften te voldoen. Hou je van <strong>rust en natuur<\/strong>? Dan word je niet teleurgesteld!<\/p>\n<\/div>\n\n\n\n<div class=\"wp-block-column is-layout-flow wp-block-column-is-layout-flow\" style=\"flex-basis:33.3%\">\n<h3 class=\"ls__heading wp-block-heading has-text-align-center\" id=\"nos-tentes-lodges-1\">Lodge-tenten<\/h3>\n\n\n\n<p class=\"ls-paragraph\">Camping Beau Rivage 3 sterren, <strong>vlak bij Laruns in de Vall\u00e9e d&#8217;Ossau<\/strong>, ontvangt je in zijn <a href=\"https:\/\/www.beaucamping.com\/nl\/verhuur-tent-lodge-navarrenx\/\">lodge-tenten voor een bijzonder verblijf<\/a>. Deze accommodaties zijn perfect voor gezinnen die <strong>dicht bij de natuur<\/strong> willen zijn en toch van comfort willen genieten.<\/p>\n\n\n\n<p class=\"ls-paragraph\">Met twee slaapkamers geniet je als nooit tevoren van de stilte van de nacht! Kom snel genieten van de schoonheid van de regio vanuit een van onze <strong>unieke lodge-tenten<\/strong>!<\/p>\n<\/div>\n\n\n\n<div class=\"wp-block-column is-layout-flow wp-block-column-is-layout-flow\" style=\"flex-basis:33.3%\">\n<h3 class=\"ls__heading wp-block-heading has-text-align-center\" id=\"nos-emplacements-1\">Kampeerplaatsen<\/h3>\n\n\n\n<p class=\"ls-paragraph\">Gelegen in de prachtige Pyr\u00e9n\u00e9es-Atlantiques in Frankrijk biedt onze camping 25 <strong>Grand Confort kampeerplaatsen met aansluiting op water, elektriciteit en riolering<\/strong>. Heb je niet zoveel voorzieningen nodig? Onze <strong>Comfort kampeerplaatsen<\/strong> zijn beschikbaar met <strong>elektriciteitsaansluiting<\/strong>.<\/p>\n\n\n\n<p class=\"ls-paragraph\">Half gras, half grind of volledig met gras bedekt: de <a href=\"https:\/\/www.beaucamping.com\/nl\/verhuur-locatie-navarrenx\/\">kampeerplaatsen van onze camping niet ver van Laruns<\/a> zijn perfect om opnieuw in contact te komen met de natuur en te genieten van traditioneel kamperen.<\/p>\n<\/div>\n<\/div>\n\n\r\n    <\/div>\r\n<\/section>\n\n<section id=\"ls-section-block_4ff1861df785b06081690bfc2aad2056\" class=\"ls-section  home-fifth has-background-image\" >\r\n    <div class=\"ls-section__background-image opacity-50\"><img decoding=\"async\" src=\"https:\/\/www.beaucamping.com\/wp-content\/uploads\/2022\/01\/camping-beau-rivage-cascade.jpg\" alt=\"cascade navarrenx\"><\/div>    <div class=\"container container--wide\">\r\n        \n\n<h2 class=\"ls__heading wp-block-heading has-text-align-center animated fadeIn fast\" id=\"les-alentours\">Laruns ontdekken<\/h2>\n\n\n\n<p class=\"ls-paragraph has-text-align-center\"><strong>Laruns<\/strong> is een dorp in de Franse Pyrenee\u00ebn, in de <strong>Vall\u00e9e d&#8217;Ossau<\/strong>. Omgeven door een prachtig kader biedt het talloze activiteiten en bezienswaardigheden voor toeristen. Bezoekers kunnen ook de plaatselijke cultuur en geschiedenis ontdekken door bijvoorbeeld de <strong>Saint-Pierrekerk van Laruns<\/strong> te bezoeken.<\/p>\n\n\n\n<p class=\"ls-paragraph has-text-align-center\">Ben je meer een avontuurlijk type? Laat je dan verleiden door activiteiten zoals mountainbiken of zelfs canyoning in de <strong>Vall\u00e9e d&#8217;Ossau<\/strong>. Met zoveel te zien en te doen is <strong>Laruns<\/strong> de ideale uitvalsbasis voor een paar dagen ontdekkingstocht in de Pyr\u00e9n\u00e9es-Atlantiques. Op de splitsing tussen de Vall\u00e9e d&#8217;Ossau en de Vall\u00e9e de Bar\u00e9tous vind je <a href=\"https:\/\/www.beaucamping.com\/camping-oloron\/\">Oloron-Sainte-Marie<\/a>, een prachtig stadje. Wat verderop kun je historische steden van B\u00e9arn bezoeken, zoals <a href=\"https:\/\/www.beaucamping.com\/?page_id=3961\">Pau<\/a>, <a href=\"https:\/\/www.beaucamping.com\/camping-a-salies-de-bearn\/\">Salies-de-B\u00e9arn<\/a> en <a href=\"https:\/\/www.beaucamping.com\/camping-sauveterre-de-bearn\/\">Sauveterre-de-B\u00e9arn<\/a>.<\/p>\n\n\r\n    <\/div>\r\n<\/section>","protected":false},"excerpt":{"rendered":"","protected":false},"author":2,"featured_media":0,"parent":0,"menu_order":0,"comment_status":"closed","ping_status":"closed","template":"template-alentours.php","meta":{"_acf_changed":false,"footnotes":""},"sujet":[],"class_list":["post-5222","page","type-page","status-publish","hentry"],"acf":[],"yoast_head":"<!-- This site is optimized with the Yoast SEO plugin v27.4 - https:\/\/yoast.com\/product\/yoast-seo-wordpress\/ -->\n<title>Camping bij Laruns: 3-sterren vakantie in de Franse Pyrenee\u00ebn<\/title>\n<meta name=\"description\" content=\"Ontdek Camping Beau Rivage, een 3-sterren camping aan de rivier op 56 km van Laruns, in de Franse Pyrenee\u00ebn. Stacaravans, lodges en kampeerplaatsen in B\u00e9arn.\" \/>\n<meta name=\"robots\" content=\"index, follow, max-snippet:-1, max-image-preview:large, max-video-preview:-1\" \/>\n<link rel=\"canonical\" href=\"https:\/\/www.beaucamping.com\/nl\/camping-bij-laruns\/\" \/>\n<meta property=\"og:locale\" content=\"nl_NL\" \/>\n<meta property=\"og:type\" content=\"article\" \/>\n<meta property=\"og:title\" content=\"Camping bij Laruns: 3-sterren vakantie in de Franse Pyrenee\u00ebn\" \/>\n<meta property=\"og:description\" content=\"Ontdek Camping Beau Rivage, een 3-sterren camping aan de rivier op 56 km van Laruns, in de Franse Pyrenee\u00ebn. Stacaravans, lodges en kampeerplaatsen in B\u00e9arn.\" \/>\n<meta property=\"og:url\" content=\"https:\/\/www.beaucamping.com\/nl\/camping-bij-laruns\/\" \/>\n<meta property=\"og:site_name\" content=\"Camping Beau Rivage\" \/>\n<meta property=\"article:modified_time\" content=\"2026-05-13T07:42:08+00:00\" \/>\n<meta name=\"twitter:card\" content=\"summary_large_image\" \/>\n<meta name=\"twitter:label1\" content=\"Geschatte leestijd\" \/>\n\t<meta name=\"twitter:data1\" content=\"4 minuten\" \/>\n<script type=\"application\/ld+json\" class=\"yoast-schema-graph\">{\"@context\":\"https:\\\/\\\/schema.org\",\"@graph\":[{\"@type\":\"WebPage\",\"@id\":\"https:\\\/\\\/www.beaucamping.com\\\/nl\\\/camping-bij-laruns\\\/\",\"url\":\"https:\\\/\\\/www.beaucamping.com\\\/nl\\\/camping-bij-laruns\\\/\",\"name\":\"Camping bij Laruns: 3-sterren vakantie in de Franse Pyrenee\u00ebn\",\"isPartOf\":{\"@id\":\"https:\\\/\\\/www.beaucamping.com\\\/nl\\\/#website\"},\"datePublished\":\"2026-05-13T07:42:06+00:00\",\"dateModified\":\"2026-05-13T07:42:08+00:00\",\"description\":\"Ontdek Camping Beau Rivage, een 3-sterren camping aan de rivier op 56 km van Laruns, in de Franse Pyrenee\u00ebn. Stacaravans, lodges en kampeerplaatsen in B\u00e9arn.\",\"breadcrumb\":{\"@id\":\"https:\\\/\\\/www.beaucamping.com\\\/nl\\\/camping-bij-laruns\\\/#breadcrumb\"},\"inLanguage\":\"nl-NL\",\"potentialAction\":[{\"@type\":\"ReadAction\",\"target\":[\"https:\\\/\\\/www.beaucamping.com\\\/nl\\\/camping-bij-laruns\\\/\"]}]},{\"@type\":\"BreadcrumbList\",\"@id\":\"https:\\\/\\\/www.beaucamping.com\\\/nl\\\/camping-bij-laruns\\\/#breadcrumb\",\"itemListElement\":[{\"@type\":\"ListItem\",\"position\":1,\"name\":\"Camping B\u00e9arn\",\"item\":\"https:\\\/\\\/www.beaucamping.com\\\/nl\\\/\"},{\"@type\":\"ListItem\",\"position\":2,\"name\":\"Camping bij Laruns: 3-sterren vakantie in de Franse Pyrenee\u00ebn\"}]},{\"@type\":\"WebSite\",\"@id\":\"https:\\\/\\\/www.beaucamping.com\\\/nl\\\/#website\",\"url\":\"https:\\\/\\\/www.beaucamping.com\\\/nl\\\/\",\"name\":\"Camping Beau Rivage\",\"description\":\"\",\"publisher\":{\"@id\":\"https:\\\/\\\/www.beaucamping.com\\\/nl\\\/#organization\"},\"potentialAction\":[{\"@type\":\"SearchAction\",\"target\":{\"@type\":\"EntryPoint\",\"urlTemplate\":\"https:\\\/\\\/www.beaucamping.com\\\/nl\\\/?s={search_term_string}\"},\"query-input\":{\"@type\":\"PropertyValueSpecification\",\"valueRequired\":true,\"valueName\":\"search_term_string\"}}],\"inLanguage\":\"nl-NL\"},{\"@type\":\"Organization\",\"@id\":\"https:\\\/\\\/www.beaucamping.com\\\/nl\\\/#organization\",\"name\":\"Camping Beau Rivage\",\"url\":\"https:\\\/\\\/www.beaucamping.com\\\/nl\\\/\",\"logo\":{\"@type\":\"ImageObject\",\"inLanguage\":\"nl-NL\",\"@id\":\"https:\\\/\\\/www.beaucamping.com\\\/nl\\\/#\\\/schema\\\/logo\\\/image\\\/\",\"url\":\"https:\\\/\\\/www.beaucamping.com\\\/wp-content\\\/uploads\\\/2022\\\/02\\\/logo-vert.jpg\",\"contentUrl\":\"https:\\\/\\\/www.beaucamping.com\\\/wp-content\\\/uploads\\\/2022\\\/02\\\/logo-vert.jpg\",\"width\":363,\"height\":169,\"caption\":\"Camping Beau Rivage\"},\"image\":{\"@id\":\"https:\\\/\\\/www.beaucamping.com\\\/nl\\\/#\\\/schema\\\/logo\\\/image\\\/\"}}]}<\/script>\n<!-- \/ Yoast SEO plugin. -->","yoast_head_json":{"title":"Camping bij Laruns: 3-sterren vakantie in de Franse Pyrenee\u00ebn","description":"Ontdek Camping Beau Rivage, een 3-sterren camping aan de rivier op 56 km van Laruns, in de Franse Pyrenee\u00ebn. Stacaravans, lodges en kampeerplaatsen in B\u00e9arn.","robots":{"index":"index","follow":"follow","max-snippet":"max-snippet:-1","max-image-preview":"max-image-preview:large","max-video-preview":"max-video-preview:-1"},"canonical":"https:\/\/www.beaucamping.com\/nl\/camping-bij-laruns\/","og_locale":"nl_NL","og_type":"article","og_title":"Camping bij Laruns: 3-sterren vakantie in de Franse Pyrenee\u00ebn","og_description":"Ontdek Camping Beau Rivage, een 3-sterren camping aan de rivier op 56 km van Laruns, in de Franse Pyrenee\u00ebn. Stacaravans, lodges en kampeerplaatsen in B\u00e9arn.","og_url":"https:\/\/www.beaucamping.com\/nl\/camping-bij-laruns\/","og_site_name":"Camping Beau Rivage","article_modified_time":"2026-05-13T07:42:08+00:00","twitter_card":"summary_large_image","twitter_misc":{"Geschatte leestijd":"4 minuten"},"schema":{"@context":"https:\/\/schema.org","@graph":[{"@type":"WebPage","@id":"https:\/\/www.beaucamping.com\/nl\/camping-bij-laruns\/","url":"https:\/\/www.beaucamping.com\/nl\/camping-bij-laruns\/","name":"Camping bij Laruns: 3-sterren vakantie in de Franse Pyrenee\u00ebn","isPartOf":{"@id":"https:\/\/www.beaucamping.com\/nl\/#website"},"datePublished":"2026-05-13T07:42:06+00:00","dateModified":"2026-05-13T07:42:08+00:00","description":"Ontdek Camping Beau Rivage, een 3-sterren camping aan de rivier op 56 km van Laruns, in de Franse Pyrenee\u00ebn. Stacaravans, lodges en kampeerplaatsen in B\u00e9arn.","breadcrumb":{"@id":"https:\/\/www.beaucamping.com\/nl\/camping-bij-laruns\/#breadcrumb"},"inLanguage":"nl-NL","potentialAction":[{"@type":"ReadAction","target":["https:\/\/www.beaucamping.com\/nl\/camping-bij-laruns\/"]}]},{"@type":"BreadcrumbList","@id":"https:\/\/www.beaucamping.com\/nl\/camping-bij-laruns\/#breadcrumb","itemListElement":[{"@type":"ListItem","position":1,"name":"Camping B\u00e9arn","item":"https:\/\/www.beaucamping.com\/nl\/"},{"@type":"ListItem","position":2,"name":"Camping bij Laruns: 3-sterren vakantie in de Franse Pyrenee\u00ebn"}]},{"@type":"WebSite","@id":"https:\/\/www.beaucamping.com\/nl\/#website","url":"https:\/\/www.beaucamping.com\/nl\/","name":"Camping Beau Rivage","description":"","publisher":{"@id":"https:\/\/www.beaucamping.com\/nl\/#organization"},"potentialAction":[{"@type":"SearchAction","target":{"@type":"EntryPoint","urlTemplate":"https:\/\/www.beaucamping.com\/nl\/?s={search_term_string}"},"query-input":{"@type":"PropertyValueSpecification","valueRequired":true,"valueName":"search_term_string"}}],"inLanguage":"nl-NL"},{"@type":"Organization","@id":"https:\/\/www.beaucamping.com\/nl\/#organization","name":"Camping Beau Rivage","url":"https:\/\/www.beaucamping.com\/nl\/","logo":{"@type":"ImageObject","inLanguage":"nl-NL","@id":"https:\/\/www.beaucamping.com\/nl\/#\/schema\/logo\/image\/","url":"https:\/\/www.beaucamping.com\/wp-content\/uploads\/2022\/02\/logo-vert.jpg","contentUrl":"https:\/\/www.beaucamping.com\/wp-content\/uploads\/2022\/02\/logo-vert.jpg","width":363,"height":169,"caption":"Camping Beau Rivage"},"image":{"@id":"https:\/\/www.beaucamping.com\/nl\/#\/schema\/logo\/image\/"}}]}},"_links":{"self":[{"href":"https:\/\/www.beaucamping.com\/nl\/wp-json\/wp\/v2\/pages\/5222","targetHints":{"allow":["GET"]}}],"collection":[{"href":"https:\/\/www.beaucamping.com\/nl\/wp-json\/wp\/v2\/pages"}],"about":[{"href":"https:\/\/www.beaucamping.com\/nl\/wp-json\/wp\/v2\/types\/page"}],"author":[{"embeddable":true,"href":"https:\/\/www.beaucamping.com\/nl\/wp-json\/wp\/v2\/users\/2"}],"replies":[{"embeddable":true,"href":"https:\/\/www.beaucamping.com\/nl\/wp-json\/wp\/v2\/comments?post=5222"}],"version-history":[{"count":2,"href":"https:\/\/www.beaucamping.com\/nl\/wp-json\/wp\/v2\/pages\/5222\/revisions"}],"predecessor-version":[{"id":5224,"href":"https:\/\/www.beaucamping.com\/nl\/wp-json\/wp\/v2\/pages\/5222\/revisions\/5224"}],"wp:attachment":[{"href":"https:\/\/www.beaucamping.com\/nl\/wp-json\/wp\/v2\/media?parent=5222"}],"wp:term":[{"taxonomy":"sujet","embeddable":true,"href":"https:\/\/www.beaucamping.com\/nl\/wp-json\/wp\/v2\/sujet?post=5222"}],"curies":[{"name":"wp","href":"https:\/\/api.w.org\/{rel}","templated":true}]}}