{"id":5236,"date":"2026-05-13T09:59:06","date_gmt":"2026-05-13T07:59:06","guid":{"rendered":"https:\/\/www.beaucamping.com\/?page_id=5236"},"modified":"2026-05-13T09:59:08","modified_gmt":"2026-05-13T07:59:08","slug":"camping-cerca-de-salies-de-bearn","status":"publish","type":"page","link":"https:\/\/www.beaucamping.com\/es\/camping-cerca-de-salies-de-bearn\/","title":{"rendered":"Camping cerca de Salies-de-B\u00e9arn: 3 estrellas en los Pirineos"},"content":{"rendered":"<section id=\"ls-section-block_5090b480e7f43711a57d9a7c37ea1900\" class=\"ls-section  home-first\" >\r\n        <div class=\"container container--wide\">\r\n        \n\n<h1 class=\"ls__heading wp-block-heading has-text-align-center animated fadeIn fast\" id=\"camping-beau-rivage-dans-le-bearn-pyrenees\">Camping a 25 km de Salies-de-B\u00e9arn<\/h1>\n\n\n\n<div class=\"wp-block-columns are-vertically-aligned-center is-layout-flex wp-container-core-columns-is-layout-9d6595d7 wp-block-columns-is-layout-flex\">\n<div class=\"wp-block-column is-vertically-aligned-center animated fadeInLeft is-layout-flow wp-block-column-is-layout-flow\" style=\"flex-basis:55%\">\n<iframe src=\"https:\/\/www.google.com\/maps\/embed?pb=!1m28!1m12!1m3!1d92772.18119239665!2d-0.9232114929464537!3d43.395198329184836!2m3!1f0!2f0!3f0!3m2!1i1024!2i768!4f13.1!4m13!3e0!4m5!1s0xd56c00d289efbd9%3A0x609861d3e8ed9bd0!2sSalies-de-B%C3%A9arn!3m2!1d43.470555999999995!2d-0.924854!4m5!1s0xd56e5508c03ce8f%3A0x25771351f732d3e5!2sCamping%20Beau%20Rivage%20%7C%20Camping%203%20%C3%A9toiles%20Navarrenx%2C%207%20All.%20des%20Maronniers%2C%2064190%20Navarrenx!3m2!1d43.3205411!2d-0.7623848!5e0!3m2!1sfr!2sfr!4v1660206053976!5m2!1sfr!2sfr\" width=\"100%\" height=\"450\" style=\"border:0;\" allowfullscreen=\"\" loading=\"lazy\" referrerpolicy=\"no-referrer-when-downgrade\"><\/iframe>\n<\/div>\n\n\n\n<div class=\"wp-block-column is-vertically-aligned-center is-layout-flow wp-block-column-is-layout-flow\" style=\"flex-basis:45%\">\n<h2 class=\"ls__heading wp-block-heading\" id=\"camping-en-bord-de-riviere-pour-vos-vacances-dans-le-bearn\">Camping cerca de Salies-de-B\u00e9arn<\/h2>\n\n\n\n<p class=\"ls-paragraph\">Si buscas una escapada tranquila para huir del ajetreo de la vida cotidiana, no busques m\u00e1s: el <a href=\"\/\">camping Beau Rivage en los Pirineos Atl\u00e1nticos<\/a>, a tan solo 25 km de Salies-de-B\u00e9arn, te espera.<\/p>\n\n\n\n<p class=\"ls-paragraph\">Enclavado en el coraz\u00f3n de la regi\u00f3n Nueva Aquitania, en Navarrenx, este camping 3 estrellas es el lugar ideal para relajarse y disfrutar de la naturaleza. Con su ubicaci\u00f3n a orillas del r\u00edo, nuestro <strong>camping cerca de Salies<\/strong> es uno de los campings que ofrecen vistas incre\u00edbles y magn\u00edficas.<\/p>\n\n\n\n<p class=\"ls-paragraph\">Y con todos los equipamientos, servicios y actividades que necesitas en el propio camping, no tendr\u00e1s que alejarte para pasar unas excelentes vacaciones de camping en Francia. \u00a1Ven a descubrir todo lo que nuestro <strong>camping 3 estrellas<\/strong> te ofrece!<\/p>\n<\/div>\n<\/div>\n\n\r\n    <\/div>\r\n<\/section>\n\n<section id=\"ls-section-block_77a4d9c4ae844c5546c3fccae6548b2d\" class=\"ls-section  home-second\" >\r\n        <div class=\"container container--full\">\r\n        \n\n<div class=\"wp-block-columns is-layout-flex wp-container-core-columns-is-layout-9d6595d7 wp-block-columns-is-layout-flex\">\n<div class=\"wp-block-column is-vertically-aligned-center animated fadeInLeft is-layout-flow wp-block-column-is-layout-flow\">\r\n<div id=\"ls-cta-block_787a2372ae567c764b66a791ff0bd684\" class=\"ls-cta\">  \r\n    \n\n<a href=\"https:\/\/www.beaucamping.com\/camping-piscine-pyrenees-atlantiques\/\" target=\"\" rel=\"noopener\" class=\"ls-cta__link\" data-categ=\"\">\n\t<div class=\"ls-cta__image\"><img decoding=\"async\" src=\"https:\/\/www.beaucamping.com\/wp-content\/uploads\/2022\/02\/PM408725.jpg\" alt=\"piscine camping navarrenx\"><\/div>\n\t<div class=\"ls-cta__title\">\n\t\tLa piscina\t<\/div>\n\n\t<\/a><\/div><\/div>\n\n\n\n<div class=\"wp-block-column is-vertically-aligned-center animated fadeInLeft is-layout-flow wp-block-column-is-layout-flow\">\r\n<div id=\"ls-cta-block_f1252be11a8052a2aedeae37c2ec16dc\" class=\"ls-cta\">  \r\n    \n\n<a href=\"https:\/\/www.beaucamping.com\/es\/camping-orilla-rio-navarrenx\/\" target=\"\" rel=\"noopener\" class=\"ls-cta__link\" data-categ=\"\">\n\t<div class=\"ls-cta__image\"><img decoding=\"async\" src=\"https:\/\/www.beaucamping.com\/wp-content\/uploads\/2022\/02\/Sauveterre-\u00a9OTBDG-2.jpg\" alt=\"riviere camping navarrenx\"><\/div>\n\t<div class=\"ls-cta__title\">\n\t\tEl r\u00edo\t<\/div>\n\n\t<\/a><\/div><\/div>\n\n\n\n<div class=\"wp-block-column is-vertically-aligned-center is-layout-flow wp-block-column-is-layout-flow\" style=\"flex-basis:40%\">\n<h2 class=\"ls__heading wp-block-heading has-text-align-center has-text-color has-color-white-color animated fadeIn fast\" id=\"autour-de-l-eau\">Alrededor del agua<\/h2>\n\n\n\n<h3 class=\"ls__heading wp-block-heading\" id=\"notre-piscine\">Nuestra piscina<\/h3>\n\n\n\n<p class=\"ls-paragraph\">\u00bfBuscas un lugar para relajarte y tomar el sol? No busques m\u00e1s: la <strong>piscina del camping Salies-de-B\u00e9arn<\/strong>. Esta magn\u00edfica piscina de 15 m x 8 m, con una profundidad de 1 m a 1,5 m, est\u00e1 abierta todos los d\u00edas de 9:00 a 21:00 y es ideal para tumbarse, leer o simplemente disfrutar del sol. Numerosas tumbonas y sombrillas est\u00e1n a tu disposici\u00f3n.<\/p>\n\n\n\n<p class=\"ls-paragraph\">Y como la <strong>zona acu\u00e1tica<\/strong> es cerrada, puedes estar seguro de que tus hijos est\u00e1n seguros. Si necesitas gafas o flotadores para animar tus juegos, no dudes en preguntar en recepci\u00f3n. As\u00ed que ven a la <a href=\"https:\/\/www.beaucamping.com\/es\/camping-piscina-navarrenx\/\" style=\"color: #42463b\">piscina del Beau Rivage<\/a> y disfruta de paz y tranquilidad.<\/p>\n\n\n\n<h3 class=\"ls__heading wp-block-heading\" id=\"la-peche-dans-le-bearn\">\u00bfPrefieres la frescura del agua del r\u00edo?<\/h3>\n\n\n\n<p class=\"ls-paragraph\">El Gave d&#8217;Oloron har\u00e1 las delicias de los <strong>amantes de la pesca<\/strong>, pero no solo de ellos. Gracias al <a href=\"https:\/\/www.beaucamping.com\/es\/camping-orilla-rio-navarrenx\/\" style=\"color: #42463b\">acceso directo al r\u00edo desde el camping<\/a>, nuestros campistas podr\u00e1n compartir momentos en familia, en pareja o entre amigos.<\/p>\n\n\n\n<p class=\"ls-paragraph\">Podr\u00e1s hacer un p\u00edcnic a <strong>orillas del agua<\/strong>, ense\u00f1ar a tus hijos a hacer rebotar piedras, pasear con los <strong>pies en el agua<\/strong> o simplemente dedicarte a tu deporte favorito: la <strong>pesca<\/strong>. \u00a1Con tantas opciones, encontrar\u00e1s sin duda el lugar perfecto para disfrutar del sol del verano!<\/p>\n<\/div>\n<\/div>\n\n\r\n    <\/div>\r\n<\/section>\n\n<section id=\"ls-section-block_cebd8a85d141cbc6c3e0c35a5e0017d1\" class=\"ls-section  home-third\" >\r\n        <div class=\"container container--full\">\r\n        \n\n<h2 class=\"ls__heading wp-block-heading has-text-align-center animated fadeIn fast\" id=\"nos-hebergements\">Alojamientos<\/h2>\n\n\n\n<p class=\"ls-paragraph has-text-align-center\">En nuestro <strong>camping 3 estrellas cerca de Salies-de-B\u00e9arn<\/strong>, estamos especializados en el <strong>alquiler de chalets<\/strong>, <strong>tiendas lodge<\/strong> y <strong>parcelas<\/strong>. Pensamos que es la mejor forma de disfrutar de la belleza natural del departamento de los Pirineos Atl\u00e1nticos. Nuestras <strong>tiendas lodge<\/strong>, <strong>chalets<\/strong> y <strong>parcelas<\/strong> te acercan a la naturaleza y, adem\u00e1s, son m\u00e1s econ\u00f3micos que un hotel.<\/p>\n\n\n\n<div class=\"wp-block-columns animated fadeInUp is-layout-flex wp-container-core-columns-is-layout-9d6595d7 wp-block-columns-is-layout-flex\">\n<div class=\"wp-block-column is-layout-flow wp-block-column-is-layout-flow\" style=\"flex-basis:20%\">\r\n<div id=\"ls-cta-block_a417b08c9fd9113b20659eceb032753f\" class=\"ls-cta\">  \r\n    \n\n<a href=\"https:\/\/www.beaucamping.com\/location-chalet-pyrenees-atlantiques\/\" target=\"\" rel=\"noopener\" class=\"ls-cta__link\" data-categ=\"\">\n\t<div class=\"ls-cta__image\"><img decoding=\"async\" src=\"https:\/\/www.beaucamping.com\/wp-content\/uploads\/2022\/01\/camping-beau-rivage-les-chalets.jpg\" alt=\"camping beau rivage les chalets\"><\/div>\n\t<div class=\"ls-cta__title\">\n\t\tChalets\t<\/div>\n\n\t<\/a><\/div><\/div>\n\n\n\n<div class=\"wp-block-column is-layout-flow wp-block-column-is-layout-flow\" style=\"flex-basis:20%\">\r\n<div id=\"ls-cta-block_ca7acbec2df92aa13645d9d358be0cd2\" class=\"ls-cta\">  \r\n    \n\n<a href=\"\/location-tente-lodge-pyrenees-atlantiques\/\" target=\"\" rel=\"noopener\" class=\"ls-cta__link\" data-categ=\"\">\n\t<div class=\"ls-cta__image\"><img decoding=\"async\" src=\"https:\/\/www.beaucamping.com\/wp-content\/uploads\/2022\/02\/location-lodge-bearn.jpg\" alt=\"location lodge bearn\"><\/div>\n\t<div class=\"ls-cta__title\">\n\t\tTiendas lodge\t<\/div>\n\n\t<\/a><\/div><\/div>\n\n\n\n<div class=\"wp-block-column is-layout-flow wp-block-column-is-layout-flow\" style=\"flex-basis:20%\">\r\n<div id=\"ls-cta-block_b5f8cf9d49a0a53cf393661b21fd42ab\" class=\"ls-cta\">  \r\n    \n\n<a href=\"\/location-emplacement-pyrenees-atlantiques\/\" target=\"\" rel=\"noopener\" class=\"ls-cta__link\" data-categ=\"\">\n\t<div class=\"ls-cta__image\"><img decoding=\"async\" src=\"https:\/\/www.beaucamping.com\/wp-content\/uploads\/2022\/01\/camping-beau-rivage-les-emplacements.jpg\" alt=\"camping beau rivage les emplacements\"><\/div>\n\t<div class=\"ls-cta__title\">\n\t\tParcelas\t<\/div>\n\n\t<\/a><\/div><\/div>\n\n\n\n<div class=\"wp-block-column is-layout-flow wp-block-column-is-layout-flow\" style=\"flex-basis:20%\">\r\n<div id=\"ls-cta-block_869f3fff04d61ca358d841ec0e7fd410\" class=\"ls-cta\">  \r\n    \n\n<a href=\"\/camping-pas-cher-pyrenees-atlantiques\/\" target=\"\" rel=\"noopener\" class=\"ls-cta__link\" data-categ=\"\">\n\t<div class=\"ls-cta__image\"><img decoding=\"async\" src=\"https:\/\/www.beaucamping.com\/wp-content\/uploads\/2022\/02\/tarif-camping-bearn.jpg\" alt=\"tarif camping bearn\"><\/div>\n\t<div class=\"ls-cta__title\">\n\t\tTarifas\t<\/div>\n\n\t<\/a><\/div><\/div>\n\n\n\n<div class=\"wp-block-column is-layout-flow wp-block-column-is-layout-flow\" style=\"flex-basis:20%\">\r\n<div id=\"ls-cta-block_d6a7c4adbd963feed31840dc4cad1593\" class=\"ls-cta\">  \r\n    \n\n<a href=\"\/camping-gardiennage-pyrenees-atlantiques\/\" target=\"\" rel=\"noopener\" class=\"ls-cta__link\" data-categ=\"\">\n\t<div class=\"ls-cta__image\"><img decoding=\"async\" src=\"https:\/\/www.beaucamping.com\/wp-content\/uploads\/2022\/02\/Gardiennage-camping-navarrenx.jpg\" alt=\"gardiennage camping navarrenx\"><\/div>\n\t<div class=\"ls-cta__title\">\n\t\tGuardamuebles\t<\/div>\n\n\t<\/a><\/div><\/div>\n<\/div>\n\n\r\n    <\/div>\r\n<\/section>\n\n<section id=\"ls-section-block_b4969b5fdf4e9bd791204e3a8a4f681f\" class=\"ls-section  home-third-bis\" >\r\n        <div class=\"container container--wide\">\r\n        \n\n<div class=\"wp-block-columns animated fadeInUp is-layout-flex wp-container-core-columns-is-layout-9d6595d7 wp-block-columns-is-layout-flex\">\n<div class=\"wp-block-column is-layout-flow wp-block-column-is-layout-flow\" style=\"flex-basis:33.3%\">\n<h3 class=\"ls__heading wp-block-heading has-text-align-center\" id=\"nos-chalets-1\">Chalets<\/h3>\n\n\n\n<p class=\"ls-paragraph\">Nuestro establecimiento ofrece <a href=\"https:\/\/www.beaucamping.com\/es\/alquiler-cabana-navarrenx\/\">alquiler de chalets en los Pirineos Atl\u00e1nticos<\/a> para una escapada de calidad. Con una o dos habitaciones y varios equipamientos, tus noches tendr\u00e1n un sabor suave y reparador.<\/p>\n\n\n\n<p class=\"ls-paragraph\">Elige entre <strong>5 tipos de chalets<\/strong> para pasar unas <strong>vacaciones verdes en familia o entre amigos<\/strong>. Para m\u00e1s informaci\u00f3n, nuestro equipo estar\u00e1 encantado de responder a tus preguntas.<\/p>\n<\/div>\n\n\n\n<div class=\"wp-block-column is-layout-flow wp-block-column-is-layout-flow\" style=\"flex-basis:33.3%\">\n<h3 class=\"ls__heading wp-block-heading has-text-align-center\" id=\"nos-tentes-lodges-1\">Tiendas Lodge<\/h3>\n\n\n\n<p class=\"ls-paragraph\">\u00bfNo has so\u00f1ado nunca con pasar una noche de camping con todo el confort del hogar? Ahora es posible, con las <a href=\"https:\/\/www.beaucamping.com\/es\/alquiler-carpa-lodge-navarrenx\/\">tiendas Lodge Confort<\/a> disponibles en alquiler en el camping de estrellas Beau Rivage.<\/p>\n\n\n\n<p class=\"ls-paragraph\">Las <strong>tiendas Lodge Confort<\/strong> son perfectas para pasar unas <strong>vacaciones originales e ins\u00f3litas a precios reducidos<\/strong>, y est\u00e1n equipadas para hacer tu estancia m\u00e1s c\u00f3moda. No te arrepentir\u00e1s.<\/p>\n<\/div>\n\n\n\n<div class=\"wp-block-column is-layout-flow wp-block-column-is-layout-flow\" style=\"flex-basis:33.3%\">\n<h3 class=\"ls__heading wp-block-heading has-text-align-center\" id=\"nos-emplacements-1\">Parcelas<\/h3>\n\n\n\n<p class=\"ls-paragraph\">Nuestro camping est\u00e1 situado <strong>cerca de Salies-de-B\u00e9arn<\/strong>, en los Pirineos Atl\u00e1nticos. Si buscas pasar <strong>una noche en tienda o autocaravana<\/strong>, tenemos el lugar ideal para ti.<\/p>\n\n\n\n<p class=\"ls-paragraph\">Nuestras <strong>parcelas<\/strong> son <strong>amplias y arboladas<\/strong>, lo que las hace ideales para una <a href=\"https:\/\/www.beaucamping.com\/es\/alquiler-ubicacion-navarrenx\/\">estancia en caravana en los Pirineos Atl\u00e1nticos<\/a>. Tambi\u00e9n est\u00e1n equipadas con varios servicios seg\u00fan la f\u00f3rmula, como una conexi\u00f3n el\u00e9ctrica, conexi\u00f3n de agua o saneamiento.<\/p>\n<\/div>\n<\/div>\n\n\r\n    <\/div>\r\n<\/section>\n\n<section id=\"ls-section-block_0d46b72284f269b97e8c592f4aed5f1b\" class=\"ls-section  home-fifth has-background-image\" >\r\n    <div class=\"ls-section__background-image opacity-50\"><img decoding=\"async\" src=\"https:\/\/www.beaucamping.com\/wp-content\/uploads\/2022\/01\/camping-beau-rivage-cascade.jpg\" alt=\"camping beau rivage cascade\"><\/div>    <div class=\"container container--wide\">\r\n        \n\n<h2 class=\"ls__heading wp-block-heading has-text-align-center animated fadeIn fast\" id=\"les-alentours\">\u00bfQu\u00e9 hacer en Salies-de-B\u00e9arn?<\/h2>\n\n\n\n<p class=\"ls-paragraph has-text-align-center\"><strong>Salies-de-B\u00e9arn<\/strong> es una encantadora ciudad termal del departamento de los Pirineos Atl\u00e1nticos, en el suroeste de Francia. Los visitantes pueden pasear a lo largo del r\u00edo salado que atraviesa la ciudad, recorrer las tiendas y mercados, o relajarse en los <a href=\"https:\/\/www.beaucamping.com\/es\/curas-termales-salies-de-bearn\/\">termas de Salies-de-B\u00e9arn<\/a> o en uno de sus numerosos parques y jardines.<\/p>\n\n\n\n<p class=\"ls-paragraph has-text-align-center\">Tambi\u00e9n hay varias visitas imprescindibles, como el <strong>Museo de la sal y de las tradiciones bearnesas<\/strong>, la <strong>cripta del Bayaa<\/strong> o la <strong>iglesia de Saint-Vincent de Salies-de-B\u00e9arn<\/strong>. Otras visitas que no debes perderte durante tu estancia cerca de Salies-de-B\u00e9arn son el pueblo bearn\u00e9s de <a href=\"https:\/\/www.beaucamping.com\/es\/camping-cerca-de-laruns\/\">Laruns<\/a>, la ciudad de <a href=\"https:\/\/www.beaucamping.com\/es\/camping-pau\/\">Pau<\/a> o la localidad de <a href=\"https:\/\/www.beaucamping.com\/es\/camping-cerca-de-oloron-sainte-marie\/\">Oloron-Sainte-Marie<\/a>.<\/p>\n\n\r\n    <\/div>\r\n<\/section>","protected":false},"excerpt":{"rendered":"","protected":false},"author":2,"featured_media":0,"parent":0,"menu_order":0,"comment_status":"closed","ping_status":"closed","template":"template-alentours.php","meta":{"_acf_changed":false,"footnotes":""},"sujet":[],"class_list":["post-5236","page","type-page","status-publish","hentry"],"acf":[],"yoast_head":"<!-- This site is optimized with the Yoast SEO plugin v27.4 - https:\/\/yoast.com\/product\/yoast-seo-wordpress\/ -->\n<title>Camping cerca de Salies-de-B\u00e9arn: 3 estrellas en los Pirineos<\/title>\n<meta name=\"description\" content=\"Camping Beau Rivage, 3 estrellas a orillas del r\u00edo a 25 km de Salies-de-B\u00e9arn, en los Pirineos franceses. Chalets, tiendas lodge y parcelas en el B\u00e9arn.\" \/>\n<meta name=\"robots\" content=\"index, follow, max-snippet:-1, max-image-preview:large, max-video-preview:-1\" \/>\n<link rel=\"canonical\" href=\"https:\/\/www.beaucamping.com\/es\/camping-cerca-de-salies-de-bearn\/\" \/>\n<meta property=\"og:locale\" content=\"es_ES\" \/>\n<meta property=\"og:type\" content=\"article\" \/>\n<meta property=\"og:title\" content=\"Camping cerca de Salies-de-B\u00e9arn: 3 estrellas en los Pirineos\" \/>\n<meta property=\"og:description\" content=\"Camping Beau Rivage, 3 estrellas a orillas del r\u00edo a 25 km de Salies-de-B\u00e9arn, en los Pirineos franceses. Chalets, tiendas lodge y parcelas en el B\u00e9arn.\" \/>\n<meta property=\"og:url\" content=\"https:\/\/www.beaucamping.com\/es\/camping-cerca-de-salies-de-bearn\/\" \/>\n<meta property=\"og:site_name\" content=\"Camping Beau Rivage\" \/>\n<meta property=\"article:modified_time\" content=\"2026-05-13T07:59:08+00:00\" \/>\n<meta name=\"twitter:card\" content=\"summary_large_image\" \/>\n<meta name=\"twitter:label1\" content=\"Tiempo de lectura\" \/>\n\t<meta name=\"twitter:data1\" content=\"4 minutos\" \/>\n<script type=\"application\/ld+json\" class=\"yoast-schema-graph\">{\"@context\":\"https:\\\/\\\/schema.org\",\"@graph\":[{\"@type\":\"WebPage\",\"@id\":\"https:\\\/\\\/www.beaucamping.com\\\/es\\\/camping-cerca-de-salies-de-bearn\\\/\",\"url\":\"https:\\\/\\\/www.beaucamping.com\\\/es\\\/camping-cerca-de-salies-de-bearn\\\/\",\"name\":\"Camping cerca de Salies-de-B\u00e9arn: 3 estrellas en los Pirineos\",\"isPartOf\":{\"@id\":\"https:\\\/\\\/www.beaucamping.com\\\/es\\\/#website\"},\"datePublished\":\"2026-05-13T07:59:06+00:00\",\"dateModified\":\"2026-05-13T07:59:08+00:00\",\"description\":\"Camping Beau Rivage, 3 estrellas a orillas del r\u00edo a 25 km de Salies-de-B\u00e9arn, en los Pirineos franceses. Chalets, tiendas lodge y parcelas en el B\u00e9arn.\",\"breadcrumb\":{\"@id\":\"https:\\\/\\\/www.beaucamping.com\\\/es\\\/camping-cerca-de-salies-de-bearn\\\/#breadcrumb\"},\"inLanguage\":\"es\",\"potentialAction\":[{\"@type\":\"ReadAction\",\"target\":[\"https:\\\/\\\/www.beaucamping.com\\\/es\\\/camping-cerca-de-salies-de-bearn\\\/\"]}]},{\"@type\":\"BreadcrumbList\",\"@id\":\"https:\\\/\\\/www.beaucamping.com\\\/es\\\/camping-cerca-de-salies-de-bearn\\\/#breadcrumb\",\"itemListElement\":[{\"@type\":\"ListItem\",\"position\":1,\"name\":\"Camping B\u00e9arn\",\"item\":\"https:\\\/\\\/www.beaucamping.com\\\/es\\\/\"},{\"@type\":\"ListItem\",\"position\":2,\"name\":\"Camping cerca de Salies-de-B\u00e9arn: 3 estrellas en los Pirineos\"}]},{\"@type\":\"WebSite\",\"@id\":\"https:\\\/\\\/www.beaucamping.com\\\/es\\\/#website\",\"url\":\"https:\\\/\\\/www.beaucamping.com\\\/es\\\/\",\"name\":\"Camping Beau Rivage\",\"description\":\"\",\"publisher\":{\"@id\":\"https:\\\/\\\/www.beaucamping.com\\\/es\\\/#organization\"},\"potentialAction\":[{\"@type\":\"SearchAction\",\"target\":{\"@type\":\"EntryPoint\",\"urlTemplate\":\"https:\\\/\\\/www.beaucamping.com\\\/es\\\/?s={search_term_string}\"},\"query-input\":{\"@type\":\"PropertyValueSpecification\",\"valueRequired\":true,\"valueName\":\"search_term_string\"}}],\"inLanguage\":\"es\"},{\"@type\":\"Organization\",\"@id\":\"https:\\\/\\\/www.beaucamping.com\\\/es\\\/#organization\",\"name\":\"Camping Beau Rivage\",\"url\":\"https:\\\/\\\/www.beaucamping.com\\\/es\\\/\",\"logo\":{\"@type\":\"ImageObject\",\"inLanguage\":\"es\",\"@id\":\"https:\\\/\\\/www.beaucamping.com\\\/es\\\/#\\\/schema\\\/logo\\\/image\\\/\",\"url\":\"https:\\\/\\\/www.beaucamping.com\\\/wp-content\\\/uploads\\\/2022\\\/02\\\/logo-vert.jpg\",\"contentUrl\":\"https:\\\/\\\/www.beaucamping.com\\\/wp-content\\\/uploads\\\/2022\\\/02\\\/logo-vert.jpg\",\"width\":363,\"height\":169,\"caption\":\"Camping Beau Rivage\"},\"image\":{\"@id\":\"https:\\\/\\\/www.beaucamping.com\\\/es\\\/#\\\/schema\\\/logo\\\/image\\\/\"}}]}<\/script>\n<!-- \/ Yoast SEO plugin. -->","yoast_head_json":{"title":"Camping cerca de Salies-de-B\u00e9arn: 3 estrellas en los Pirineos","description":"Camping Beau Rivage, 3 estrellas a orillas del r\u00edo a 25 km de Salies-de-B\u00e9arn, en los Pirineos franceses. Chalets, tiendas lodge y parcelas en el B\u00e9arn.","robots":{"index":"index","follow":"follow","max-snippet":"max-snippet:-1","max-image-preview":"max-image-preview:large","max-video-preview":"max-video-preview:-1"},"canonical":"https:\/\/www.beaucamping.com\/es\/camping-cerca-de-salies-de-bearn\/","og_locale":"es_ES","og_type":"article","og_title":"Camping cerca de Salies-de-B\u00e9arn: 3 estrellas en los Pirineos","og_description":"Camping Beau Rivage, 3 estrellas a orillas del r\u00edo a 25 km de Salies-de-B\u00e9arn, en los Pirineos franceses. Chalets, tiendas lodge y parcelas en el B\u00e9arn.","og_url":"https:\/\/www.beaucamping.com\/es\/camping-cerca-de-salies-de-bearn\/","og_site_name":"Camping Beau Rivage","article_modified_time":"2026-05-13T07:59:08+00:00","twitter_card":"summary_large_image","twitter_misc":{"Tiempo de lectura":"4 minutos"},"schema":{"@context":"https:\/\/schema.org","@graph":[{"@type":"WebPage","@id":"https:\/\/www.beaucamping.com\/es\/camping-cerca-de-salies-de-bearn\/","url":"https:\/\/www.beaucamping.com\/es\/camping-cerca-de-salies-de-bearn\/","name":"Camping cerca de Salies-de-B\u00e9arn: 3 estrellas en los Pirineos","isPartOf":{"@id":"https:\/\/www.beaucamping.com\/es\/#website"},"datePublished":"2026-05-13T07:59:06+00:00","dateModified":"2026-05-13T07:59:08+00:00","description":"Camping Beau Rivage, 3 estrellas a orillas del r\u00edo a 25 km de Salies-de-B\u00e9arn, en los Pirineos franceses. Chalets, tiendas lodge y parcelas en el B\u00e9arn.","breadcrumb":{"@id":"https:\/\/www.beaucamping.com\/es\/camping-cerca-de-salies-de-bearn\/#breadcrumb"},"inLanguage":"es","potentialAction":[{"@type":"ReadAction","target":["https:\/\/www.beaucamping.com\/es\/camping-cerca-de-salies-de-bearn\/"]}]},{"@type":"BreadcrumbList","@id":"https:\/\/www.beaucamping.com\/es\/camping-cerca-de-salies-de-bearn\/#breadcrumb","itemListElement":[{"@type":"ListItem","position":1,"name":"Camping B\u00e9arn","item":"https:\/\/www.beaucamping.com\/es\/"},{"@type":"ListItem","position":2,"name":"Camping cerca de Salies-de-B\u00e9arn: 3 estrellas en los Pirineos"}]},{"@type":"WebSite","@id":"https:\/\/www.beaucamping.com\/es\/#website","url":"https:\/\/www.beaucamping.com\/es\/","name":"Camping Beau Rivage","description":"","publisher":{"@id":"https:\/\/www.beaucamping.com\/es\/#organization"},"potentialAction":[{"@type":"SearchAction","target":{"@type":"EntryPoint","urlTemplate":"https:\/\/www.beaucamping.com\/es\/?s={search_term_string}"},"query-input":{"@type":"PropertyValueSpecification","valueRequired":true,"valueName":"search_term_string"}}],"inLanguage":"es"},{"@type":"Organization","@id":"https:\/\/www.beaucamping.com\/es\/#organization","name":"Camping Beau Rivage","url":"https:\/\/www.beaucamping.com\/es\/","logo":{"@type":"ImageObject","inLanguage":"es","@id":"https:\/\/www.beaucamping.com\/es\/#\/schema\/logo\/image\/","url":"https:\/\/www.beaucamping.com\/wp-content\/uploads\/2022\/02\/logo-vert.jpg","contentUrl":"https:\/\/www.beaucamping.com\/wp-content\/uploads\/2022\/02\/logo-vert.jpg","width":363,"height":169,"caption":"Camping Beau Rivage"},"image":{"@id":"https:\/\/www.beaucamping.com\/es\/#\/schema\/logo\/image\/"}}]}},"_links":{"self":[{"href":"https:\/\/www.beaucamping.com\/es\/wp-json\/wp\/v2\/pages\/5236","targetHints":{"allow":["GET"]}}],"collection":[{"href":"https:\/\/www.beaucamping.com\/es\/wp-json\/wp\/v2\/pages"}],"about":[{"href":"https:\/\/www.beaucamping.com\/es\/wp-json\/wp\/v2\/types\/page"}],"author":[{"embeddable":true,"href":"https:\/\/www.beaucamping.com\/es\/wp-json\/wp\/v2\/users\/2"}],"replies":[{"embeddable":true,"href":"https:\/\/www.beaucamping.com\/es\/wp-json\/wp\/v2\/comments?post=5236"}],"version-history":[{"count":1,"href":"https:\/\/www.beaucamping.com\/es\/wp-json\/wp\/v2\/pages\/5236\/revisions"}],"predecessor-version":[{"id":5237,"href":"https:\/\/www.beaucamping.com\/es\/wp-json\/wp\/v2\/pages\/5236\/revisions\/5237"}],"wp:attachment":[{"href":"https:\/\/www.beaucamping.com\/es\/wp-json\/wp\/v2\/media?parent=5236"}],"wp:term":[{"taxonomy":"sujet","embeddable":true,"href":"https:\/\/www.beaucamping.com\/es\/wp-json\/wp\/v2\/sujet?post=5236"}],"curies":[{"name":"wp","href":"https:\/\/api.w.org\/{rel}","templated":true}]}}