{"id":5228,"date":"2026-05-13T09:53:33","date_gmt":"2026-05-13T07:53:33","guid":{"rendered":"https:\/\/www.beaucamping.com\/?page_id=5228"},"modified":"2026-05-13T09:53:36","modified_gmt":"2026-05-13T07:53:36","slug":"camping-cerca-de-oloron-sainte-marie","status":"publish","type":"page","link":"https:\/\/www.beaucamping.com\/es\/camping-cerca-de-oloron-sainte-marie\/","title":{"rendered":"Camping cerca de Oloron-Sainte-Marie: 3 estrellas en el B\u00e9arn"},"content":{"rendered":"<section id=\"ls-section-block_741571b5abf53a4e290687e53fba22c6\" class=\"ls-section  home-first\" >\r\n        <div class=\"container container--wide\">\r\n        \n\n<h1 class=\"ls__heading wp-block-heading has-text-align-center animated fadeIn fast\" id=\"camping-beau-rivage-dans-le-bearn-pyrenees\">Camping cerca de Oloron-Sainte-Marie<\/h1>\n\n\n\n<div class=\"wp-block-columns are-vertically-aligned-center is-layout-flex wp-container-core-columns-is-layout-9d6595d7 wp-block-columns-is-layout-flex\">\n<div class=\"wp-block-column is-vertically-aligned-center animated fadeInLeft is-layout-flow wp-block-column-is-layout-flow\" style=\"flex-basis:55%\">\n<iframe src=\"https:\/\/www.google.com\/maps\/embed?pb=!1m28!1m12!1m3!1d92982.83608871164!2d-0.7564301967244156!3d43.257423285193056!2m3!1f0!2f0!3f0!3m2!1i1024!2i768!4f13.1!4m13!3e0!4m5!1s0xd57aaacee6c8db9%3A0x406651748139610!2sOloron-Sainte-Marie!3m2!1d43.194413!2d-0.6052919999999999!4m5!1s0xd56e5508c03ce8f%3A0x25771351f732d3e5!2sCamping%20Beau%20Rivage%20%7C%20Camping%203%20%C3%A9toiles%20Navarrenx%2C%207%20All.%20des%20Maronniers%2C%2064190%20Navarrenx!3m2!1d43.3205411!2d-0.7623848!5e0!3m2!1sfr!2sfr!4v1660205897530!5m2!1sfr!2sfr\" width=\"100%\" height=\"450\" style=\"border:0;\" allowfullscreen=\"\" loading=\"lazy\" referrerpolicy=\"no-referrer-when-downgrade\"><\/iframe>\n<\/div>\n\n\n\n<div class=\"wp-block-column is-vertically-aligned-center is-layout-flow wp-block-column-is-layout-flow\" style=\"flex-basis:45%\">\n<h2 class=\"ls__heading wp-block-heading\" id=\"camping-en-bord-de-riviere-pour-vos-vacances-dans-le-bearn\">Camping a 21 km de Oloron-Sainte-Marie<\/h2>\n\n\n\n<p class=\"ls-paragraph\">El <a href=\"\/\">Camping 3 estrellas Beau Rivage<\/a> est\u00e1 situado <strong>cerca de Oloron-Sainte-Marie<\/strong>, en nuestra preciosa regi\u00f3n del B\u00e9arn. El camping dispone de excelentes equipamientos y servicios y es una base ideal para explorar los Pirineos Atl\u00e1nticos.<\/p>\n\n\n\n<p class=\"ls-paragraph\">Nuestro <strong>camping cerca de Oloron-Sainte-Marie<\/strong> es una excelente opci\u00f3n para quienes buscan una parcela o un alquiler en el B\u00e9arn, en plena naturaleza.<\/p>\n<\/div>\n<\/div>\n\n\r\n    <\/div>\r\n<\/section>\n\n<section id=\"ls-section-block_9fe895439e713725284458f5963e49e8\" class=\"ls-section  home-second\" >\r\n        <div class=\"container container--full\">\r\n        \n\n<div class=\"wp-block-columns is-layout-flex wp-container-core-columns-is-layout-9d6595d7 wp-block-columns-is-layout-flex\">\n<div class=\"wp-block-column is-vertically-aligned-center animated fadeInLeft is-layout-flow wp-block-column-is-layout-flow\">\r\n<div id=\"ls-cta-block_d1e3c4d76a3f310922ef9bd3552675fe\" class=\"ls-cta\">  \r\n    \n\n<a href=\"https:\/\/www.beaucamping.com\/camping-piscine-pyrenees-atlantiques\/\" target=\"\" rel=\"noopener\" class=\"ls-cta__link\" data-categ=\"\">\n\t<div class=\"ls-cta__image\"><img decoding=\"async\" src=\"https:\/\/www.beaucamping.com\/wp-content\/uploads\/2022\/02\/PM408725.jpg\" alt=\"piscine camping navarrenx\"><\/div>\n\t<div class=\"ls-cta__title\">\n\t\tLa piscina\t<\/div>\n\n\t<\/a><\/div><\/div>\n\n\n\n<div class=\"wp-block-column is-vertically-aligned-center animated fadeInLeft is-layout-flow wp-block-column-is-layout-flow\">\r\n<div id=\"ls-cta-block_e6019eaa24b5142051c33a0a50ef08ca\" class=\"ls-cta\">  \r\n    \n\n<a href=\"https:\/\/www.beaucamping.com\/es\/camping-orilla-rio-navarrenx\/\" target=\"\" rel=\"noopener\" class=\"ls-cta__link\" data-categ=\"\">\n\t<div class=\"ls-cta__image\"><img decoding=\"async\" src=\"https:\/\/www.beaucamping.com\/wp-content\/uploads\/2022\/02\/Sauveterre-\u00a9OTBDG-2.jpg\" alt=\"riviere camping navarrenx\"><\/div>\n\t<div class=\"ls-cta__title\">\n\t\tEl r\u00edo\t<\/div>\n\n\t<\/a><\/div><\/div>\n\n\n\n<div class=\"wp-block-column is-vertically-aligned-center is-layout-flow wp-block-column-is-layout-flow\" style=\"flex-basis:40%\">\n<h2 class=\"ls__heading wp-block-heading has-text-align-center has-text-color has-color-white-color animated fadeIn fast\" id=\"autour-de-l-eau\">Alrededor del agua<\/h2>\n\n\n\n<h3 class=\"ls__heading wp-block-heading\" id=\"notre-piscine\">La piscina<\/h3>\n\n\n\n<p class=\"ls-paragraph\">Nuestro <strong>camping con estrellas cerca de Oloron-Sainte-Marie<\/strong> es el lugar ideal para disfrutar de la piscina. Est\u00e1 abierta todos los d\u00edas de 9:00 a 21:00 y est\u00e1 orientada al sur. Sus 15 m x 8 m te permitir\u00e1n disfrutar de largos momentos de juego con tus hijos o amigos.<\/p>\n\n\n\n<p class=\"ls-paragraph\">Las tumbonas y sombrillas que rodean la <a href=\"https:\/\/www.beaucamping.com\/es\/camping-piscina-navarrenx\/\" style=\"color: #42463b\">piscina del camping<\/a>, as\u00ed como el pr\u00e9stamo de gafas de bucear y flotadores completan la felicidad de peque\u00f1os y mayores.<\/p>\n\n\n\n<p class=\"ls-paragraph\">Adem\u00e1s, formamos parte de los campings que permiten el uso de ba\u00f1ador tipo bermuda. La <strong>piscina vallada del camping Oloron-Sainte-Marie<\/strong> es tambi\u00e9n un importante elemento de seguridad para tus hijos.<\/p>\n\n\n\n<h3 class=\"ls__heading wp-block-heading\" id=\"la-peche-dans-le-bearn\">Cerca del r\u00edo<\/h3>\n\n\n\n<p class=\"ls-paragraph\">El <strong>Camping Oloron-Sainte-Marie<\/strong> es el lugar ideal para los aficionados a la pesca, ya que est\u00e1 situado a <strong>orillas del r\u00edo<\/strong>, lo que te ofrece un <a href=\"https:\/\/www.beaucamping.com\/es\/camping-orilla-rio-navarrenx\/\" style=\"color: #42463b\">acceso directo al agua<\/a>.<\/p>\n\n\n\n<p class=\"ls-paragraph\">Gracias a la naturaleza circundante, tambi\u00e9n podr\u00e1s colgar tu hamaca entre dos \u00e1rboles. \u00a1As\u00ed que ven a lanzar una ca\u00f1a o sal a dar un paseo en canoa!<\/p>\n<\/div>\n<\/div>\n\n\r\n    <\/div>\r\n<\/section>\n\n<section id=\"ls-section-block_d505471485506ee5425f30a6c3e5f86b\" class=\"ls-section  home-third\" >\r\n        <div class=\"container container--full\">\r\n        \n\n<h2 class=\"ls__heading wp-block-heading has-text-align-center animated fadeIn fast\" id=\"nos-hebergements\">Nuestros alquileres cerca de Oloron<\/h2>\n\n\n\n<p class=\"ls-paragraph has-text-align-center\">El Camping Beau Rivage ofrece <a href=\"https:\/\/www.beaucamping.com\/es\/alquiler-cabana-navarrenx\/\">alquiler de chalets<\/a>, tiendas lodge y <strong>parcelas para tiendas<\/strong> o autocaravanas cerca de Oloron-Sainte-Marie <a href=\"https:\/\/www.beaucamping.com\/es\/camping-barato-pyrenees\/\">a precios muy asequibles<\/a>. Nuestro <strong>camping tres estrellas en Oloron<\/strong> es el lugar ideal para relajarse y disfrutar de los magn\u00edficos paisajes de los Pirineos Atl\u00e1nticos.<\/p>\n\n\n\n<div class=\"wp-block-columns animated fadeInUp is-layout-flex wp-container-core-columns-is-layout-9d6595d7 wp-block-columns-is-layout-flex\">\n<div class=\"wp-block-column is-layout-flow wp-block-column-is-layout-flow\" style=\"flex-basis:20%\">\r\n<div id=\"ls-cta-block_bd44ca019a83d8314a8a0418dfbdfa0d\" class=\"ls-cta\">  \r\n    \n\n<a href=\"https:\/\/www.beaucamping.com\/location-chalet-pyrenees-atlantiques\/\" target=\"\" rel=\"noopener\" class=\"ls-cta__link\" data-categ=\"\">\n\t<div class=\"ls-cta__image\"><img decoding=\"async\" src=\"https:\/\/www.beaucamping.com\/wp-content\/uploads\/2022\/01\/camping-beau-rivage-les-chalets.jpg\" alt=\"camping beau rivage les chalets\"><\/div>\n\t<div class=\"ls-cta__title\">\n\t\tChalets\t<\/div>\n\n\t<\/a><\/div><\/div>\n\n\n\n<div class=\"wp-block-column is-layout-flow wp-block-column-is-layout-flow\" style=\"flex-basis:20%\">\r\n<div id=\"ls-cta-block_37872a101e774504c435dacb5119f4e2\" class=\"ls-cta\">  \r\n    \n\n<a href=\"\/location-tente-lodge-pyrenees-atlantiques\/\" target=\"\" rel=\"noopener\" class=\"ls-cta__link\" data-categ=\"\">\n\t<div class=\"ls-cta__image\"><img decoding=\"async\" src=\"https:\/\/www.beaucamping.com\/wp-content\/uploads\/2022\/02\/location-lodge-bearn.jpg\" alt=\"location lodge bearn\"><\/div>\n\t<div class=\"ls-cta__title\">\n\t\tTiendas lodge\t<\/div>\n\n\t<\/a><\/div><\/div>\n\n\n\n<div class=\"wp-block-column is-layout-flow wp-block-column-is-layout-flow\" style=\"flex-basis:20%\">\r\n<div id=\"ls-cta-block_cb54ad3b1b481a8b60880b11f21b9531\" class=\"ls-cta\">  \r\n    \n\n<a href=\"\/location-emplacement-pyrenees-atlantiques\/\" target=\"\" rel=\"noopener\" class=\"ls-cta__link\" data-categ=\"\">\n\t<div class=\"ls-cta__image\"><img decoding=\"async\" src=\"https:\/\/www.beaucamping.com\/wp-content\/uploads\/2022\/01\/camping-beau-rivage-les-emplacements.jpg\" alt=\"camping beau rivage les emplacements\"><\/div>\n\t<div class=\"ls-cta__title\">\n\t\tParcelas\t<\/div>\n\n\t<\/a><\/div><\/div>\n\n\n\n<div class=\"wp-block-column is-layout-flow wp-block-column-is-layout-flow\" style=\"flex-basis:20%\">\r\n<div id=\"ls-cta-block_390156588b91d00d2af4cc27992cbace\" class=\"ls-cta\">  \r\n    \n\n<a href=\"\/camping-pas-cher-pyrenees-atlantiques\/\" target=\"\" rel=\"noopener\" class=\"ls-cta__link\" data-categ=\"\">\n\t<div class=\"ls-cta__image\"><img decoding=\"async\" src=\"https:\/\/www.beaucamping.com\/wp-content\/uploads\/2022\/02\/tarif-camping-bearn.jpg\" alt=\"tarif camping bearn\"><\/div>\n\t<div class=\"ls-cta__title\">\n\t\tTarifas\t<\/div>\n\n\t<\/a><\/div><\/div>\n\n\n\n<div class=\"wp-block-column is-layout-flow wp-block-column-is-layout-flow\" style=\"flex-basis:20%\">\r\n<div id=\"ls-cta-block_7b6d797e8858b325569f4e616c913ae3\" class=\"ls-cta\">  \r\n    \n\n<a href=\"\/camping-gardiennage-pyrenees-atlantiques\/\" target=\"\" rel=\"noopener\" class=\"ls-cta__link\" data-categ=\"\">\n\t<div class=\"ls-cta__image\"><img decoding=\"async\" src=\"https:\/\/www.beaucamping.com\/wp-content\/uploads\/2022\/02\/Gardiennage-camping-navarrenx.jpg\" alt=\"gardiennage camping navarrenx\"><\/div>\n\t<div class=\"ls-cta__title\">\n\t\tGuardamuebles\t<\/div>\n\n\t<\/a><\/div><\/div>\n<\/div>\n\n\r\n    <\/div>\r\n<\/section>\n\n<section id=\"ls-section-block_821510bd1176c7b6d1a157e12d496643\" class=\"ls-section  home-third-bis\" >\r\n        <div class=\"container container--wide\">\r\n        \n\n<div class=\"wp-block-columns animated fadeInUp is-layout-flex wp-container-core-columns-is-layout-9d6595d7 wp-block-columns-is-layout-flex\">\n<div class=\"wp-block-column is-layout-flow wp-block-column-is-layout-flow\" style=\"flex-basis:33.3%\">\n<h3 class=\"ls__heading wp-block-heading has-text-align-center\" id=\"nos-chalets-1\">Chalets<\/h3>\n\n\n\n<p class=\"ls-paragraph\">Los <strong>chalets en Oloron-Sainte-Marie<\/strong> son la forma ideal de descubrir todo lo que el B\u00e9arn y el Pa\u00eds Vasco tienen para ofrecer.<\/p>\n\n\n\n<p class=\"ls-paragraph\">Nuestro establecimiento ofrece <strong>chalets<\/strong> de una gran variedad de tama\u00f1os y estilos, as\u00ed que tanto si buscas una estancia de unas noches como unas vacaciones de una o varias semanas, encontrar\u00e1s un <strong>chalet<\/strong> que responde a tus necesidades en un entorno inolvidable. \u00bfA qu\u00e9 esperas?<\/p>\n<\/div>\n\n\n\n<div class=\"wp-block-column is-layout-flow wp-block-column-is-layout-flow\" style=\"flex-basis:33.3%\">\n<h3 class=\"ls__heading wp-block-heading has-text-align-center\" id=\"nos-tentes-lodges-1\">Tiendas Lodge<\/h3>\n\n\n\n<p class=\"ls-paragraph\"><a href=\"https:\/\/www.beaucamping.com\/es\/alquiler-carpa-lodge-navarrenx\/\">Alquilar una tienda lodge<\/a> en nuestro <strong>camping en Oloron-Sainte-Marie<\/strong> es la forma ideal de aprovechar todo lo que la regi\u00f3n ofrece. Te esperan numerosas actividades, desde el senderismo y la bicicleta a la pesca, sin olvidar los numerosos monumentos, tiendas y restaurantes.<\/p>\n\n\n\n<p class=\"ls-paragraph\">Y, por supuesto, la alegr\u00eda de pasar tiempo en plena naturaleza rodeado de los tuyos. Tanto si buscas una escapada relajante como unas vacaciones llenas de aventuras, una <strong>tienda lodge cerca de Oloron-Sainte-Marie<\/strong> te aportar\u00e1 todo lo que necesitas. No te decepcionar\u00e1.<\/p>\n<\/div>\n\n\n\n<div class=\"wp-block-column is-layout-flow wp-block-column-is-layout-flow\" style=\"flex-basis:33.3%\">\n<h3 class=\"ls__heading wp-block-heading has-text-align-center\" id=\"nos-emplacements-1\">Parcelas<\/h3>\n\n\n\n<p class=\"ls-paragraph\"><a href=\"https:\/\/www.beaucamping.com\/es\/alquiler-ubicacion-navarrenx\/\">Alquilar una parcela en el Camping Beau Rivage en los Pirineos Atl\u00e1nticos<\/a> tiene varias ventajas. Adem\u00e1s de ser <strong>espaciosas<\/strong>, nuestras <strong>parcelas<\/strong> disponen de <strong>conexi\u00f3n el\u00e9ctrica<\/strong> en la gama Confort, y de <strong>conexi\u00f3n el\u00e9ctrica, agua y saneamiento<\/strong> en la gama Grand Confort.<\/p>\n\n\n\n<p class=\"ls-paragraph\">Es por tanto muy pr\u00e1ctico para los campistas que desean tener todas las comodidades del hogar mientras disfrutan al aire libre.<\/p>\n\n\n\n<p class=\"ls-paragraph\">Por \u00faltimo, el magn\u00edfico marco de la cordillera de los Pirineos ofrece un tel\u00f3n de fondo impresionante para una <strong>experiencia de camping muy agradable<\/strong>.<\/p>\n<\/div>\n<\/div>\n\n\r\n    <\/div>\r\n<\/section>\n\n<section id=\"ls-section-block_7263753dc09346521985670536767792\" class=\"ls-section  home-fifth has-background-image\" >\r\n    <div class=\"ls-section__background-image opacity-50\"><img decoding=\"async\" src=\"https:\/\/www.beaucamping.com\/wp-content\/uploads\/2022\/01\/camping-beau-rivage-cascade.jpg\" alt=\"camping beau rivage cascade\"><\/div>    <div class=\"container container--wide\">\r\n        \n\n<h2 class=\"ls__heading wp-block-heading has-text-align-center animated fadeIn fast\" id=\"les-alentours\">Descubrir los alrededores de Oloron-Sainte-Marie<\/h2>\n\n\n\n<p class=\"ls-paragraph has-text-align-center\"><strong>Oloron-Sainte-Marie<\/strong> es una encantadora ciudad situada en el B\u00e9arn, en Francia. Alberga numerosos monumentos hist\u00f3ricos y magn\u00edficos paisajes naturales. Los visitantes pueden explorar las antiguas murallas, pasear por sus calles pintorescas y visitar la famosa bas\u00edlica. Esta encantadora ciudad tiene algo para todos los gustos, \u00a1as\u00ed que no lo dudes! Est\u00e1 adem\u00e1s perfectamente situada para descubrir las ciudades cercanas al camping cerca de Oloron, como por ejemplo <a href=\"https:\/\/www.beaucamping.com\/es\/camping-pau\/\">Pau<\/a>, capital de los Pirineos Atl\u00e1nticos, <a href=\"https:\/\/www.beaucamping.com\/es\/camping-cerca-de-laruns\/\">Laruns<\/a>, en el coraz\u00f3n del Valle de Ossau, <a href=\"https:\/\/www.beaucamping.com\/camping-a-salies-de-bearn\/\">Salies-de-B\u00e9arn<\/a>, conocida por su sal, o <a href=\"https:\/\/www.beaucamping.com\/camping-sauveterre-de-bearn\/\">Sauveterre-de-B\u00e9arn<\/a>, una ciudad con mucho encanto.<\/p>\n\n\r\n    <\/div>\r\n<\/section>","protected":false},"excerpt":{"rendered":"","protected":false},"author":2,"featured_media":0,"parent":0,"menu_order":0,"comment_status":"closed","ping_status":"closed","template":"template-alentours.php","meta":{"_acf_changed":false,"footnotes":""},"sujet":[],"class_list":["post-5228","page","type-page","status-publish","hentry"],"acf":[],"yoast_head":"<!-- This site is optimized with the Yoast SEO plugin v27.4 - https:\/\/yoast.com\/product\/yoast-seo-wordpress\/ -->\n<title>Camping cerca de Oloron-Sainte-Marie: 3 estrellas en el B\u00e9arn<\/title>\n<meta name=\"description\" content=\"Descubre el Camping Beau Rivage, 3 estrellas a orillas del r\u00edo a 21 km de Oloron-Sainte-Marie, en los Pirineos franceses. Chalets, tiendas lodge y parcelas.\" \/>\n<meta name=\"robots\" content=\"index, follow, max-snippet:-1, max-image-preview:large, max-video-preview:-1\" \/>\n<link rel=\"canonical\" href=\"https:\/\/www.beaucamping.com\/es\/camping-cerca-de-oloron-sainte-marie\/\" \/>\n<meta property=\"og:locale\" content=\"es_ES\" \/>\n<meta property=\"og:type\" content=\"article\" \/>\n<meta property=\"og:title\" content=\"Camping cerca de Oloron-Sainte-Marie: 3 estrellas en el B\u00e9arn\" \/>\n<meta property=\"og:description\" content=\"Descubre el Camping Beau Rivage, 3 estrellas a orillas del r\u00edo a 21 km de Oloron-Sainte-Marie, en los Pirineos franceses. Chalets, tiendas lodge y parcelas.\" \/>\n<meta property=\"og:url\" content=\"https:\/\/www.beaucamping.com\/es\/camping-cerca-de-oloron-sainte-marie\/\" \/>\n<meta property=\"og:site_name\" content=\"Camping Beau Rivage\" \/>\n<meta property=\"article:modified_time\" content=\"2026-05-13T07:53:36+00:00\" \/>\n<meta name=\"twitter:card\" content=\"summary_large_image\" \/>\n<meta name=\"twitter:label1\" content=\"Tiempo de lectura\" \/>\n\t<meta name=\"twitter:data1\" content=\"4 minutos\" \/>\n<script type=\"application\/ld+json\" class=\"yoast-schema-graph\">{\"@context\":\"https:\\\/\\\/schema.org\",\"@graph\":[{\"@type\":\"WebPage\",\"@id\":\"https:\\\/\\\/www.beaucamping.com\\\/es\\\/camping-cerca-de-oloron-sainte-marie\\\/\",\"url\":\"https:\\\/\\\/www.beaucamping.com\\\/es\\\/camping-cerca-de-oloron-sainte-marie\\\/\",\"name\":\"Camping cerca de Oloron-Sainte-Marie: 3 estrellas en el B\u00e9arn\",\"isPartOf\":{\"@id\":\"https:\\\/\\\/www.beaucamping.com\\\/es\\\/#website\"},\"datePublished\":\"2026-05-13T07:53:33+00:00\",\"dateModified\":\"2026-05-13T07:53:36+00:00\",\"description\":\"Descubre el Camping Beau Rivage, 3 estrellas a orillas del r\u00edo a 21 km de Oloron-Sainte-Marie, en los Pirineos franceses. Chalets, tiendas lodge y parcelas.\",\"breadcrumb\":{\"@id\":\"https:\\\/\\\/www.beaucamping.com\\\/es\\\/camping-cerca-de-oloron-sainte-marie\\\/#breadcrumb\"},\"inLanguage\":\"es\",\"potentialAction\":[{\"@type\":\"ReadAction\",\"target\":[\"https:\\\/\\\/www.beaucamping.com\\\/es\\\/camping-cerca-de-oloron-sainte-marie\\\/\"]}]},{\"@type\":\"BreadcrumbList\",\"@id\":\"https:\\\/\\\/www.beaucamping.com\\\/es\\\/camping-cerca-de-oloron-sainte-marie\\\/#breadcrumb\",\"itemListElement\":[{\"@type\":\"ListItem\",\"position\":1,\"name\":\"Camping B\u00e9arn\",\"item\":\"https:\\\/\\\/www.beaucamping.com\\\/es\\\/\"},{\"@type\":\"ListItem\",\"position\":2,\"name\":\"Camping cerca de Oloron-Sainte-Marie: 3 estrellas en el B\u00e9arn\"}]},{\"@type\":\"WebSite\",\"@id\":\"https:\\\/\\\/www.beaucamping.com\\\/es\\\/#website\",\"url\":\"https:\\\/\\\/www.beaucamping.com\\\/es\\\/\",\"name\":\"Camping Beau Rivage\",\"description\":\"\",\"publisher\":{\"@id\":\"https:\\\/\\\/www.beaucamping.com\\\/es\\\/#organization\"},\"potentialAction\":[{\"@type\":\"SearchAction\",\"target\":{\"@type\":\"EntryPoint\",\"urlTemplate\":\"https:\\\/\\\/www.beaucamping.com\\\/es\\\/?s={search_term_string}\"},\"query-input\":{\"@type\":\"PropertyValueSpecification\",\"valueRequired\":true,\"valueName\":\"search_term_string\"}}],\"inLanguage\":\"es\"},{\"@type\":\"Organization\",\"@id\":\"https:\\\/\\\/www.beaucamping.com\\\/es\\\/#organization\",\"name\":\"Camping Beau Rivage\",\"url\":\"https:\\\/\\\/www.beaucamping.com\\\/es\\\/\",\"logo\":{\"@type\":\"ImageObject\",\"inLanguage\":\"es\",\"@id\":\"https:\\\/\\\/www.beaucamping.com\\\/es\\\/#\\\/schema\\\/logo\\\/image\\\/\",\"url\":\"https:\\\/\\\/www.beaucamping.com\\\/wp-content\\\/uploads\\\/2022\\\/02\\\/logo-vert.jpg\",\"contentUrl\":\"https:\\\/\\\/www.beaucamping.com\\\/wp-content\\\/uploads\\\/2022\\\/02\\\/logo-vert.jpg\",\"width\":363,\"height\":169,\"caption\":\"Camping Beau Rivage\"},\"image\":{\"@id\":\"https:\\\/\\\/www.beaucamping.com\\\/es\\\/#\\\/schema\\\/logo\\\/image\\\/\"}}]}<\/script>\n<!-- \/ Yoast SEO plugin. -->","yoast_head_json":{"title":"Camping cerca de Oloron-Sainte-Marie: 3 estrellas en el B\u00e9arn","description":"Descubre el Camping Beau Rivage, 3 estrellas a orillas del r\u00edo a 21 km de Oloron-Sainte-Marie, en los Pirineos franceses. Chalets, tiendas lodge y parcelas.","robots":{"index":"index","follow":"follow","max-snippet":"max-snippet:-1","max-image-preview":"max-image-preview:large","max-video-preview":"max-video-preview:-1"},"canonical":"https:\/\/www.beaucamping.com\/es\/camping-cerca-de-oloron-sainte-marie\/","og_locale":"es_ES","og_type":"article","og_title":"Camping cerca de Oloron-Sainte-Marie: 3 estrellas en el B\u00e9arn","og_description":"Descubre el Camping Beau Rivage, 3 estrellas a orillas del r\u00edo a 21 km de Oloron-Sainte-Marie, en los Pirineos franceses. Chalets, tiendas lodge y parcelas.","og_url":"https:\/\/www.beaucamping.com\/es\/camping-cerca-de-oloron-sainte-marie\/","og_site_name":"Camping Beau Rivage","article_modified_time":"2026-05-13T07:53:36+00:00","twitter_card":"summary_large_image","twitter_misc":{"Tiempo de lectura":"4 minutos"},"schema":{"@context":"https:\/\/schema.org","@graph":[{"@type":"WebPage","@id":"https:\/\/www.beaucamping.com\/es\/camping-cerca-de-oloron-sainte-marie\/","url":"https:\/\/www.beaucamping.com\/es\/camping-cerca-de-oloron-sainte-marie\/","name":"Camping cerca de Oloron-Sainte-Marie: 3 estrellas en el B\u00e9arn","isPartOf":{"@id":"https:\/\/www.beaucamping.com\/es\/#website"},"datePublished":"2026-05-13T07:53:33+00:00","dateModified":"2026-05-13T07:53:36+00:00","description":"Descubre el Camping Beau Rivage, 3 estrellas a orillas del r\u00edo a 21 km de Oloron-Sainte-Marie, en los Pirineos franceses. Chalets, tiendas lodge y parcelas.","breadcrumb":{"@id":"https:\/\/www.beaucamping.com\/es\/camping-cerca-de-oloron-sainte-marie\/#breadcrumb"},"inLanguage":"es","potentialAction":[{"@type":"ReadAction","target":["https:\/\/www.beaucamping.com\/es\/camping-cerca-de-oloron-sainte-marie\/"]}]},{"@type":"BreadcrumbList","@id":"https:\/\/www.beaucamping.com\/es\/camping-cerca-de-oloron-sainte-marie\/#breadcrumb","itemListElement":[{"@type":"ListItem","position":1,"name":"Camping B\u00e9arn","item":"https:\/\/www.beaucamping.com\/es\/"},{"@type":"ListItem","position":2,"name":"Camping cerca de Oloron-Sainte-Marie: 3 estrellas en el B\u00e9arn"}]},{"@type":"WebSite","@id":"https:\/\/www.beaucamping.com\/es\/#website","url":"https:\/\/www.beaucamping.com\/es\/","name":"Camping Beau Rivage","description":"","publisher":{"@id":"https:\/\/www.beaucamping.com\/es\/#organization"},"potentialAction":[{"@type":"SearchAction","target":{"@type":"EntryPoint","urlTemplate":"https:\/\/www.beaucamping.com\/es\/?s={search_term_string}"},"query-input":{"@type":"PropertyValueSpecification","valueRequired":true,"valueName":"search_term_string"}}],"inLanguage":"es"},{"@type":"Organization","@id":"https:\/\/www.beaucamping.com\/es\/#organization","name":"Camping Beau Rivage","url":"https:\/\/www.beaucamping.com\/es\/","logo":{"@type":"ImageObject","inLanguage":"es","@id":"https:\/\/www.beaucamping.com\/es\/#\/schema\/logo\/image\/","url":"https:\/\/www.beaucamping.com\/wp-content\/uploads\/2022\/02\/logo-vert.jpg","contentUrl":"https:\/\/www.beaucamping.com\/wp-content\/uploads\/2022\/02\/logo-vert.jpg","width":363,"height":169,"caption":"Camping Beau Rivage"},"image":{"@id":"https:\/\/www.beaucamping.com\/es\/#\/schema\/logo\/image\/"}}]}},"_links":{"self":[{"href":"https:\/\/www.beaucamping.com\/es\/wp-json\/wp\/v2\/pages\/5228","targetHints":{"allow":["GET"]}}],"collection":[{"href":"https:\/\/www.beaucamping.com\/es\/wp-json\/wp\/v2\/pages"}],"about":[{"href":"https:\/\/www.beaucamping.com\/es\/wp-json\/wp\/v2\/types\/page"}],"author":[{"embeddable":true,"href":"https:\/\/www.beaucamping.com\/es\/wp-json\/wp\/v2\/users\/2"}],"replies":[{"embeddable":true,"href":"https:\/\/www.beaucamping.com\/es\/wp-json\/wp\/v2\/comments?post=5228"}],"version-history":[{"count":2,"href":"https:\/\/www.beaucamping.com\/es\/wp-json\/wp\/v2\/pages\/5228\/revisions"}],"predecessor-version":[{"id":5230,"href":"https:\/\/www.beaucamping.com\/es\/wp-json\/wp\/v2\/pages\/5228\/revisions\/5230"}],"wp:attachment":[{"href":"https:\/\/www.beaucamping.com\/es\/wp-json\/wp\/v2\/media?parent=5228"}],"wp:term":[{"taxonomy":"sujet","embeddable":true,"href":"https:\/\/www.beaucamping.com\/es\/wp-json\/wp\/v2\/sujet?post=5228"}],"curies":[{"name":"wp","href":"https:\/\/api.w.org\/{rel}","templated":true}]}}