{"id":5219,"date":"2026-05-13T09:40:21","date_gmt":"2026-05-13T07:40:21","guid":{"rendered":"https:\/\/www.beaucamping.com\/?page_id=5219"},"modified":"2026-05-13T09:40:23","modified_gmt":"2026-05-13T07:40:23","slug":"camping-cerca-de-laruns","status":"publish","type":"page","link":"https:\/\/www.beaucamping.com\/es\/camping-cerca-de-laruns\/","title":{"rendered":"Camping cerca de Laruns: vacaciones 3 estrellas en los Pirineos"},"content":{"rendered":"<section id=\"ls-section-block_3482649480ab3bde0eb95df3db311b8a\" class=\"ls-section  home-first\" >\r\n        <div class=\"container container--wide\">\r\n        \n\n<h1 class=\"ls__heading wp-block-heading has-text-align-center animated fadeIn fast\" id=\"camping-beau-rivage-dans-le-bearn-pyrenees\">Camping a 56 km de Laruns<\/h1>\n\n\n\n<div class=\"wp-block-columns are-vertically-aligned-center is-layout-flex wp-container-core-columns-is-layout-9d6595d7 wp-block-columns-is-layout-flex\">\n<div class=\"wp-block-column is-vertically-aligned-center animated fadeInLeft is-layout-flow wp-block-column-is-layout-flow\" style=\"flex-basis:55%\">\n<iframe src=\"https:\/\/www.google.com\/maps\/embed?pb=!1m28!1m12!1m3!1d186184.96869568073!2d-0.7162960831979581!3d43.185570350133624!2m3!1f0!2f0!3f0!3m2!1i1024!2i768!4f13.1!4m13!3e0!4m5!1s0xd57bae8383e76eb%3A0x154c1047e50732fa!2sLaruns!3m2!1d42.987643999999996!2d-0.426274!4m5!1s0xd56e5508c03ce8f%3A0x25771351f732d3e5!2sCamping%20Beau%20Rivage%20%7C%20Camping%203%20%C3%A9toiles%20Navarrenx%2C%207%20All.%20des%20Maronniers%2C%2064190%20Navarrenx!3m2!1d43.3205411!2d-0.7623848!5e0!3m2!1sfr!2sfr!4v1660204933957!5m2!1sfr!2sfr\" width=\"100%\" height=\"450\" style=\"border:0;\" allowfullscreen=\"\" loading=\"lazy\" referrerpolicy=\"no-referrer-when-downgrade\"><\/iframe>\n<\/div>\n\n\n\n<div class=\"wp-block-column is-vertically-aligned-center is-layout-flow wp-block-column-is-layout-flow\" style=\"flex-basis:45%\">\n<h2 class=\"ls__heading wp-block-heading\" id=\"camping-en-bord-de-riviere-pour-vos-vacances-dans-le-bearn\">Un camping a dos pasos de Laruns para unas vacaciones bearnesas<\/h2>\n\n\n\n<p class=\"ls-paragraph\">\u00bfBuscas un camping que combine la naturaleza y la cercan\u00eda a los servicios? No busques m\u00e1s: el <a href=\"\/\">Camping 3 estrellas Beau Rivage en Navarrenx<\/a>, en Francia.<\/p>\n\n\n\n<p class=\"ls-paragraph\">Nuestro camping se sit\u00faa a orillas del r\u00edo, en plena regi\u00f3n del B\u00e9arn, a dos pasos de las tiendas y comercios locales.<\/p>\n\n\n\n<p class=\"ls-paragraph\">Los propietarios, Clara y St\u00e9phane, ponen todo de su parte para que vivas unas vacaciones inolvidables, a una hora del peque\u00f1o pueblo de Laruns, en el Valle de Ossau.<\/p>\n<\/div>\n<\/div>\n\n\r\n    <\/div>\r\n<\/section>\n\n<section id=\"ls-section-block_904e658a705b9a7b0a7c7bb54603634c\" class=\"ls-section  home-second\" >\r\n        <div class=\"container container--full\">\r\n        \n\n<div class=\"wp-block-columns is-layout-flex wp-container-core-columns-is-layout-9d6595d7 wp-block-columns-is-layout-flex\">\n<div class=\"wp-block-column is-vertically-aligned-center animated fadeInLeft is-layout-flow wp-block-column-is-layout-flow\">\r\n<div id=\"ls-cta-block_e4184284b63e634bdd11d557e1014617\" class=\"ls-cta\">  \r\n    \n\n<a href=\"https:\/\/www.beaucamping.com\/camping-piscine-pyrenees-atlantiques\/\" target=\"\" rel=\"noopener\" class=\"ls-cta__link\" data-categ=\"\">\n\t<div class=\"ls-cta__image\"><img decoding=\"async\" src=\"https:\/\/www.beaucamping.com\/wp-content\/uploads\/2022\/02\/PM408725.jpg\" alt=\"piscine camping navarrenx\"><\/div>\n\t<div class=\"ls-cta__title\">\n\t\tLa piscina\t<\/div>\n\n\t<\/a><\/div><\/div>\n\n\n\n<div class=\"wp-block-column is-vertically-aligned-center animated fadeInLeft is-layout-flow wp-block-column-is-layout-flow\">\r\n<div id=\"ls-cta-block_a207b12f696b2ed8edb8bd6de66506bc\" class=\"ls-cta\">  \r\n    \n\n<a href=\"https:\/\/www.beaucamping.com\/es\/camping-orilla-rio-navarrenx\/\" target=\"\" rel=\"noopener\" class=\"ls-cta__link\" data-categ=\"\">\n\t<div class=\"ls-cta__image\"><img decoding=\"async\" src=\"https:\/\/www.beaucamping.com\/wp-content\/uploads\/2022\/02\/Sauveterre-\u00a9OTBDG-2.jpg\" alt=\"riviere camping navarrenx\"><\/div>\n\t<div class=\"ls-cta__title\">\n\t\tEl r\u00edo\t<\/div>\n\n\t<\/a><\/div><\/div>\n\n\n\n<div class=\"wp-block-column is-vertically-aligned-center is-layout-flow wp-block-column-is-layout-flow\" style=\"flex-basis:40%\">\n<h2 class=\"ls__heading wp-block-heading has-text-align-center has-text-color has-color-white-color animated fadeIn fast\" id=\"autour-de-l-eau\">Vacaciones alrededor del agua en Laruns<\/h2>\n\n\n\n<h3 class=\"ls__heading wp-block-heading\" id=\"notre-piscine\">La gran piscina del camping<\/h3>\n\n\n\n<p class=\"ls-paragraph\">La <a href=\"https:\/\/www.beaucamping.com\/es\/camping-piscina-navarrenx\/\" style=\"color: #42463b\">piscina de nuestro camping cerca de Laruns<\/a> est\u00e1 abierta todos los d\u00edas de 9:00 a 21:00, as\u00ed podr\u00e1s disfrutar de un ba\u00f1o refrescante en cualquier momento del d\u00eda durante tu estancia. Con una profundidad que var\u00eda de 1 m a 1,5 m, la mayor\u00eda har\u00e1 pie, y tanto los m\u00e1s peque\u00f1os como los mayores disfrutar\u00e1n del amplio espacio para nadar, jugar y re\u00edr durante sus vacaciones en nuestro <strong>camping pr\u00f3ximo a Laruns<\/strong>.<\/p>\n\n\n\n<p class=\"ls-paragraph\">Tumbonas y sombrillas est\u00e1n a tu disposici\u00f3n para descansar al sol durante horas gracias a su excelente orientaci\u00f3n.<\/p>\n\n\n\n<p class=\"ls-paragraph\">\u00bfHas olvidado las gafas de bucear? \u00a1No te preocupes!<\/p>\n\n\n\n<p class=\"ls-paragraph\">Puedes pedir prestadas gafas y flotadores en la recepci\u00f3n de nuestro camping, y los ba\u00f1adores tipo bermuda est\u00e1n permitidos. Y por si fuera poco, la <strong>zona acu\u00e1tica del camping<\/strong><strong> Laruns<\/strong> est\u00e1 completamente vallada, lo que garantiza la seguridad de los m\u00e1s peque\u00f1os. \u00a1A divertirse!<\/p>\n\n\n\n<h3 class=\"ls__heading wp-block-heading\" id=\"la-peche-dans-le-bearn\">Acceso directo al r\u00edo<\/h3>\n\n\n\n<p class=\"ls-paragraph\">El B\u00e9arn es una tierra de aguas vivas, donde la mayor\u00eda de visitas, actividades y descubrimientos giran en torno a este elemento. Como nuestro camping se encuentra <strong>a orillas del Gave d&#8217;Oloron<\/strong>, ofrece un <strong>acceso directo al r\u00edo<\/strong>, y los aficionados a la pesca podr\u00e1n aprovecharlo al m\u00e1ximo. Si prefieres disfrutarlo de otra manera, podr\u00e1s simplemente mojar los pies, hacer rebotar piedras o disfrutar de un p\u00edcnic a la sombra.<\/p>\n\n\n\n<p class=\"ls-paragraph\">\u00bfPor qu\u00e9 no probar la experiencia de un <a href=\"https:\/\/www.beaucamping.com\/es\/camping-orilla-rio-navarrenx\/\" style=\"color: #42463b\">camping a orillas del agua<\/a> en tu pr\u00f3xima estancia en nuestro <strong>camping 3 estrellas cerca del Valle de Ossau<\/strong>?<\/p>\n<\/div>\n<\/div>\n\n\r\n    <\/div>\r\n<\/section>\n\n<section id=\"ls-section-block_e0a43a5b471f883b0fae9041ba371222\" class=\"ls-section  home-third\" >\r\n        <div class=\"container container--full\">\r\n        \n\n<h2 class=\"ls__heading wp-block-heading has-text-align-center animated fadeIn fast\" id=\"nos-hebergements\">Tu alojamiento en el Valle de Ossau<\/h2>\n\n\n\n<p class=\"ls-paragraph has-text-align-center\">Enclavado en la regi\u00f3n del B\u00e9arn, nuestro <strong>camping a 56 km de Laruns<\/strong> ofrece una gran variedad de alojamientos para todos los gustos. Para quienes buscan una experiencia de camping tradicional, disponemos de <strong>parcelas para tiendas<\/strong>, caravanas y autocaravanas. Para una estancia m\u00e1s c\u00f3moda, ofrecemos <a href=\"https:\/\/www.beaucamping.com\/es\/alquiler-cabana-navarrenx\/\">chalets disponibles en alquiler<\/a>. Y para los que de verdad quieren desconectar del mundo, ofrecemos <strong>tiendas lodge<\/strong> que brindan una experiencia de camping \u00fanica. Ven a disfrutar de la belleza de los Pirineos Atl\u00e1nticos en nuestro <strong>camping cerca de Laruns<\/strong>.<\/p>\n\n\n\n<div class=\"wp-block-columns animated fadeInUp is-layout-flex wp-container-core-columns-is-layout-9d6595d7 wp-block-columns-is-layout-flex\">\n<div class=\"wp-block-column is-layout-flow wp-block-column-is-layout-flow\" style=\"flex-basis:20%\">\r\n<div id=\"ls-cta-block_f1badfad28726578239a146c0f654066\" class=\"ls-cta\">  \r\n    \n\n<a href=\"https:\/\/www.beaucamping.com\/location-chalet-pyrenees-atlantiques\/\" target=\"\" rel=\"noopener\" class=\"ls-cta__link\" data-categ=\"\">\n\t<div class=\"ls-cta__image\"><img decoding=\"async\" src=\"https:\/\/www.beaucamping.com\/wp-content\/uploads\/2022\/01\/camping-beau-rivage-les-chalets.jpg\" alt=\"camping beau rivage les chalets\"><\/div>\n\t<div class=\"ls-cta__title\">\n\t\tChalets\t<\/div>\n\n\t<\/a><\/div><\/div>\n\n\n\n<div class=\"wp-block-column is-layout-flow wp-block-column-is-layout-flow\" style=\"flex-basis:20%\">\r\n<div id=\"ls-cta-block_0f657c6752e77a4f5bfd8ef0aa1d3bdb\" class=\"ls-cta\">  \r\n    \n\n<a href=\"\/location-tente-lodge-pyrenees-atlantiques\/\" target=\"\" rel=\"noopener\" class=\"ls-cta__link\" data-categ=\"\">\n\t<div class=\"ls-cta__image\"><img decoding=\"async\" src=\"https:\/\/www.beaucamping.com\/wp-content\/uploads\/2022\/02\/location-lodge-bearn.jpg\" alt=\"location lodge bearn\"><\/div>\n\t<div class=\"ls-cta__title\">\n\t\tTiendas lodge\t<\/div>\n\n\t<\/a><\/div><\/div>\n\n\n\n<div class=\"wp-block-column is-layout-flow wp-block-column-is-layout-flow\" style=\"flex-basis:20%\">\r\n<div id=\"ls-cta-block_1c385c792871b288beda9f0d16ede1ef\" class=\"ls-cta\">  \r\n    \n\n<a href=\"\/location-emplacement-pyrenees-atlantiques\/\" target=\"\" rel=\"noopener\" class=\"ls-cta__link\" data-categ=\"\">\n\t<div class=\"ls-cta__image\"><img decoding=\"async\" src=\"https:\/\/www.beaucamping.com\/wp-content\/uploads\/2022\/01\/camping-beau-rivage-les-emplacements.jpg\" alt=\"camping beau rivage les emplacements\"><\/div>\n\t<div class=\"ls-cta__title\">\n\t\tParcelas\t<\/div>\n\n\t<\/a><\/div><\/div>\n\n\n\n<div class=\"wp-block-column is-layout-flow wp-block-column-is-layout-flow\" style=\"flex-basis:20%\">\r\n<div id=\"ls-cta-block_23d0d8bb1e6c11cd22a1503c467cefbf\" class=\"ls-cta\">  \r\n    \n\n<a href=\"\/camping-pas-cher-pyrenees-atlantiques\/\" target=\"\" rel=\"noopener\" class=\"ls-cta__link\" data-categ=\"\">\n\t<div class=\"ls-cta__image\"><img decoding=\"async\" src=\"https:\/\/www.beaucamping.com\/wp-content\/uploads\/2022\/02\/tarif-camping-bearn.jpg\" alt=\"tarif camping bearn\"><\/div>\n\t<div class=\"ls-cta__title\">\n\t\tTarifas\t<\/div>\n\n\t<\/a><\/div><\/div>\n\n\n\n<div class=\"wp-block-column is-layout-flow wp-block-column-is-layout-flow\" style=\"flex-basis:20%\">\r\n<div id=\"ls-cta-block_74511459e3252f4be0865d2405751340\" class=\"ls-cta\">  \r\n    \n\n<a href=\"\/camping-gardiennage-pyrenees-atlantiques\/\" target=\"\" rel=\"noopener\" class=\"ls-cta__link\" data-categ=\"\">\n\t<div class=\"ls-cta__image\"><img decoding=\"async\" src=\"https:\/\/www.beaucamping.com\/wp-content\/uploads\/2022\/02\/Gardiennage-camping-navarrenx.jpg\" alt=\"gardiennage camping navarrenx\"><\/div>\n\t<div class=\"ls-cta__title\">\n\t\tGuardamuebles\t<\/div>\n\n\t<\/a><\/div><\/div>\n<\/div>\n\n\r\n    <\/div>\r\n<\/section>\n\n<section id=\"ls-section-block_b9679e75fff75f40d5e6b7475b21baa7\" class=\"ls-section  home-third-bis\" >\r\n        <div class=\"container container--wide\">\r\n        \n\n<div class=\"wp-block-columns animated fadeInUp is-layout-flex wp-container-core-columns-is-layout-9d6595d7 wp-block-columns-is-layout-flex\">\n<div class=\"wp-block-column is-layout-flow wp-block-column-is-layout-flow\" style=\"flex-basis:33.3%\">\n<h3 class=\"ls__heading wp-block-heading has-text-align-center\" id=\"nos-chalets-1\">Chalets<\/h3>\n\n\n\n<p class=\"ls-paragraph\">Los <strong>chalets de nuestro camping<\/strong>, en los Pirineos Atl\u00e1nticos, ofrecen la combinaci\u00f3n perfecta de confort y servicios. Con una gran variedad de tama\u00f1os y estilos de <strong>chalets<\/strong>, hay para todos los gustos y todos los bolsillos.<\/p>\n\n\n\n<p class=\"ls-paragraph\">Con una o dos habitaciones y capacidad para hasta 6 personas, los <strong>chalets<\/strong> est\u00e1n equipados con todo lo necesario para responder a tus necesidades. \u00bfTe gustan <strong>la tranquilidad y la naturaleza<\/strong>? \u00a1No te decepcionar\u00e1n!<\/p>\n<\/div>\n\n\n\n<div class=\"wp-block-column is-layout-flow wp-block-column-is-layout-flow\" style=\"flex-basis:33.3%\">\n<h3 class=\"ls__heading wp-block-heading has-text-align-center\" id=\"nos-tentes-lodges-1\">Tiendas Lodge<\/h3>\n\n\n\n<p class=\"ls-paragraph\">El Camping Beau Rivage 3 estrellas, <strong>cerca de Laruns en el Valle de Ossau<\/strong>, te acoge en sus <a href=\"https:\/\/www.beaucamping.com\/es\/alquiler-carpa-lodge-navarrenx\/\">tiendas lodge para una estancia ins\u00f3lita<\/a>. Estos alojamientos son perfectos para familias que quieren estar <strong>en plena naturaleza<\/strong> sin renunciar al confort.<\/p>\n\n\n\n<p class=\"ls-paragraph\">Compuestas por dos habitaciones, \u00a1vas a disfrutar de la calma de la noche como nunca! \u00a1Ven cuanto antes a disfrutar de la belleza de la regi\u00f3n desde una de nuestras <strong>tiendas lodge \u00fanicas<\/strong>!<\/p>\n<\/div>\n\n\n\n<div class=\"wp-block-column is-layout-flow wp-block-column-is-layout-flow\" style=\"flex-basis:33.3%\">\n<h3 class=\"ls__heading wp-block-heading has-text-align-center\" id=\"nos-emplacements-1\">Parcelas<\/h3>\n\n\n\n<p class=\"ls-paragraph\">Situado en los magn\u00edficos Pirineos Atl\u00e1nticos de Francia, nuestro camping ofrece 25 <strong>parcelas Grand Confort con conexi\u00f3n de agua, electricidad y saneamiento<\/strong>. Si no necesitas tantos servicios, nuestras <strong>parcelas Confort<\/strong> est\u00e1n disponibles con <strong>conexi\u00f3n el\u00e9ctrica<\/strong>.<\/p>\n\n\n\n<p class=\"ls-paragraph\">Mitad c\u00e9sped, mitad grava o totalmente cubiertas de hierba, las <a href=\"https:\/\/www.beaucamping.com\/es\/alquiler-ubicacion-navarrenx\/\">parcelas de nuestro camping cerca de Laruns<\/a> son perfectas para reconectar con la naturaleza y disfrutar de un camping m\u00e1s tradicional.<\/p>\n<\/div>\n<\/div>\n\n\r\n    <\/div>\r\n<\/section>\n\n<section id=\"ls-section-block_484f84c84a3163d60deb34dba7c141ad\" class=\"ls-section  home-fifth has-background-image\" >\r\n    <div class=\"ls-section__background-image opacity-50\"><img decoding=\"async\" src=\"https:\/\/www.beaucamping.com\/wp-content\/uploads\/2022\/01\/camping-beau-rivage-cascade.jpg\" alt=\"camping beau rivage cascade\"><\/div>    <div class=\"container container--wide\">\r\n        \n\n<h2 class=\"ls__heading wp-block-heading has-text-align-center animated fadeIn fast\" id=\"les-alentours\">Descubrir Laruns<\/h2>\n\n\n\n<p class=\"ls-paragraph has-text-align-center\"><strong>Laruns<\/strong> es un pueblo situado en los Pirineos franceses, en el <strong>Valle de Ossau<\/strong>. En un entorno espectacular, ofrece numerosas actividades y visitas a los turistas. Los visitantes pueden descubrir tambi\u00e9n la cultura y la historia local visitando la <strong>iglesia de Saint-Pierre de Laruns<\/strong>, por ejemplo.<\/p>\n\n\n\n<p class=\"ls-paragraph has-text-align-center\">Si eres m\u00e1s aventurero, d\u00e9jate tentar por actividades como el BTT o incluso el barranquismo en el <strong>Valle de Ossau<\/strong>. Con tantas cosas que ver y hacer, <strong>Laruns<\/strong> es el lugar ideal para pasar unos d\u00edas explorando los Pirineos Atl\u00e1nticos. En la confluencia entre el Valle de Ossau y el Valle de Bar\u00e9tous encontrar\u00e1s <a href=\"https:\/\/www.beaucamping.com\/camping-oloron\/\">Oloron-Sainte-Marie<\/a>, una preciosa peque\u00f1a ciudad. Un poco m\u00e1s lejos, podr\u00e1s visitar ciudades hist\u00f3ricas del B\u00e9arn como <a href=\"https:\/\/www.beaucamping.com\/es\/camping-pau\/\">Pau<\/a>, <a href=\"https:\/\/www.beaucamping.com\/camping-a-salies-de-bearn\/\">Salies-de-B\u00e9arn<\/a> y <a href=\"https:\/\/www.beaucamping.com\/camping-sauveterre-de-bearn\/\">Sauveterre-de-B\u00e9arn<\/a>.<\/p>\n\n\r\n    <\/div>\r\n<\/section>","protected":false},"excerpt":{"rendered":"","protected":false},"author":2,"featured_media":0,"parent":0,"menu_order":0,"comment_status":"closed","ping_status":"closed","template":"template-alentours.php","meta":{"_acf_changed":false,"footnotes":""},"sujet":[],"class_list":["post-5219","page","type-page","status-publish","hentry"],"acf":[],"yoast_head":"<!-- This site is optimized with the Yoast SEO plugin v27.4 - https:\/\/yoast.com\/product\/yoast-seo-wordpress\/ -->\n<title>Camping cerca de Laruns: vacaciones 3 estrellas en los Pirineos<\/title>\n<meta name=\"description\" content=\"Descubre el Camping Beau Rivage, 3 estrellas a orillas del r\u00edo a 56 km de Laruns, en los Pirineos franceses. Mobil-homes, lodges y parcelas en pleno B\u00e9arn.\" \/>\n<meta name=\"robots\" content=\"index, follow, max-snippet:-1, max-image-preview:large, max-video-preview:-1\" \/>\n<link rel=\"canonical\" href=\"https:\/\/www.beaucamping.com\/es\/camping-cerca-de-laruns\/\" \/>\n<meta property=\"og:locale\" content=\"es_ES\" \/>\n<meta property=\"og:type\" content=\"article\" \/>\n<meta property=\"og:title\" content=\"Camping cerca de Laruns: vacaciones 3 estrellas en los Pirineos\" \/>\n<meta property=\"og:description\" content=\"Descubre el Camping Beau Rivage, 3 estrellas a orillas del r\u00edo a 56 km de Laruns, en los Pirineos franceses. Mobil-homes, lodges y parcelas en pleno B\u00e9arn.\" \/>\n<meta property=\"og:url\" content=\"https:\/\/www.beaucamping.com\/es\/camping-cerca-de-laruns\/\" \/>\n<meta property=\"og:site_name\" content=\"Camping Beau Rivage\" \/>\n<meta property=\"article:modified_time\" content=\"2026-05-13T07:40:23+00:00\" \/>\n<meta name=\"twitter:card\" content=\"summary_large_image\" \/>\n<meta name=\"twitter:label1\" content=\"Tiempo de lectura\" \/>\n\t<meta name=\"twitter:data1\" content=\"4 minutos\" \/>\n<script type=\"application\/ld+json\" class=\"yoast-schema-graph\">{\"@context\":\"https:\\\/\\\/schema.org\",\"@graph\":[{\"@type\":\"WebPage\",\"@id\":\"https:\\\/\\\/www.beaucamping.com\\\/es\\\/camping-cerca-de-laruns\\\/\",\"url\":\"https:\\\/\\\/www.beaucamping.com\\\/es\\\/camping-cerca-de-laruns\\\/\",\"name\":\"Camping cerca de Laruns: vacaciones 3 estrellas en los Pirineos\",\"isPartOf\":{\"@id\":\"https:\\\/\\\/www.beaucamping.com\\\/es\\\/#website\"},\"datePublished\":\"2026-05-13T07:40:21+00:00\",\"dateModified\":\"2026-05-13T07:40:23+00:00\",\"description\":\"Descubre el Camping Beau Rivage, 3 estrellas a orillas del r\u00edo a 56 km de Laruns, en los Pirineos franceses. Mobil-homes, lodges y parcelas en pleno B\u00e9arn.\",\"breadcrumb\":{\"@id\":\"https:\\\/\\\/www.beaucamping.com\\\/es\\\/camping-cerca-de-laruns\\\/#breadcrumb\"},\"inLanguage\":\"es\",\"potentialAction\":[{\"@type\":\"ReadAction\",\"target\":[\"https:\\\/\\\/www.beaucamping.com\\\/es\\\/camping-cerca-de-laruns\\\/\"]}]},{\"@type\":\"BreadcrumbList\",\"@id\":\"https:\\\/\\\/www.beaucamping.com\\\/es\\\/camping-cerca-de-laruns\\\/#breadcrumb\",\"itemListElement\":[{\"@type\":\"ListItem\",\"position\":1,\"name\":\"Camping B\u00e9arn\",\"item\":\"https:\\\/\\\/www.beaucamping.com\\\/es\\\/\"},{\"@type\":\"ListItem\",\"position\":2,\"name\":\"Camping cerca de Laruns: vacaciones 3 estrellas en los Pirineos\"}]},{\"@type\":\"WebSite\",\"@id\":\"https:\\\/\\\/www.beaucamping.com\\\/es\\\/#website\",\"url\":\"https:\\\/\\\/www.beaucamping.com\\\/es\\\/\",\"name\":\"Camping Beau Rivage\",\"description\":\"\",\"publisher\":{\"@id\":\"https:\\\/\\\/www.beaucamping.com\\\/es\\\/#organization\"},\"potentialAction\":[{\"@type\":\"SearchAction\",\"target\":{\"@type\":\"EntryPoint\",\"urlTemplate\":\"https:\\\/\\\/www.beaucamping.com\\\/es\\\/?s={search_term_string}\"},\"query-input\":{\"@type\":\"PropertyValueSpecification\",\"valueRequired\":true,\"valueName\":\"search_term_string\"}}],\"inLanguage\":\"es\"},{\"@type\":\"Organization\",\"@id\":\"https:\\\/\\\/www.beaucamping.com\\\/es\\\/#organization\",\"name\":\"Camping Beau Rivage\",\"url\":\"https:\\\/\\\/www.beaucamping.com\\\/es\\\/\",\"logo\":{\"@type\":\"ImageObject\",\"inLanguage\":\"es\",\"@id\":\"https:\\\/\\\/www.beaucamping.com\\\/es\\\/#\\\/schema\\\/logo\\\/image\\\/\",\"url\":\"https:\\\/\\\/www.beaucamping.com\\\/wp-content\\\/uploads\\\/2022\\\/02\\\/logo-vert.jpg\",\"contentUrl\":\"https:\\\/\\\/www.beaucamping.com\\\/wp-content\\\/uploads\\\/2022\\\/02\\\/logo-vert.jpg\",\"width\":363,\"height\":169,\"caption\":\"Camping Beau Rivage\"},\"image\":{\"@id\":\"https:\\\/\\\/www.beaucamping.com\\\/es\\\/#\\\/schema\\\/logo\\\/image\\\/\"}}]}<\/script>\n<!-- \/ Yoast SEO plugin. -->","yoast_head_json":{"title":"Camping cerca de Laruns: vacaciones 3 estrellas en los Pirineos","description":"Descubre el Camping Beau Rivage, 3 estrellas a orillas del r\u00edo a 56 km de Laruns, en los Pirineos franceses. Mobil-homes, lodges y parcelas en pleno B\u00e9arn.","robots":{"index":"index","follow":"follow","max-snippet":"max-snippet:-1","max-image-preview":"max-image-preview:large","max-video-preview":"max-video-preview:-1"},"canonical":"https:\/\/www.beaucamping.com\/es\/camping-cerca-de-laruns\/","og_locale":"es_ES","og_type":"article","og_title":"Camping cerca de Laruns: vacaciones 3 estrellas en los Pirineos","og_description":"Descubre el Camping Beau Rivage, 3 estrellas a orillas del r\u00edo a 56 km de Laruns, en los Pirineos franceses. Mobil-homes, lodges y parcelas en pleno B\u00e9arn.","og_url":"https:\/\/www.beaucamping.com\/es\/camping-cerca-de-laruns\/","og_site_name":"Camping Beau Rivage","article_modified_time":"2026-05-13T07:40:23+00:00","twitter_card":"summary_large_image","twitter_misc":{"Tiempo de lectura":"4 minutos"},"schema":{"@context":"https:\/\/schema.org","@graph":[{"@type":"WebPage","@id":"https:\/\/www.beaucamping.com\/es\/camping-cerca-de-laruns\/","url":"https:\/\/www.beaucamping.com\/es\/camping-cerca-de-laruns\/","name":"Camping cerca de Laruns: vacaciones 3 estrellas en los Pirineos","isPartOf":{"@id":"https:\/\/www.beaucamping.com\/es\/#website"},"datePublished":"2026-05-13T07:40:21+00:00","dateModified":"2026-05-13T07:40:23+00:00","description":"Descubre el Camping Beau Rivage, 3 estrellas a orillas del r\u00edo a 56 km de Laruns, en los Pirineos franceses. Mobil-homes, lodges y parcelas en pleno B\u00e9arn.","breadcrumb":{"@id":"https:\/\/www.beaucamping.com\/es\/camping-cerca-de-laruns\/#breadcrumb"},"inLanguage":"es","potentialAction":[{"@type":"ReadAction","target":["https:\/\/www.beaucamping.com\/es\/camping-cerca-de-laruns\/"]}]},{"@type":"BreadcrumbList","@id":"https:\/\/www.beaucamping.com\/es\/camping-cerca-de-laruns\/#breadcrumb","itemListElement":[{"@type":"ListItem","position":1,"name":"Camping B\u00e9arn","item":"https:\/\/www.beaucamping.com\/es\/"},{"@type":"ListItem","position":2,"name":"Camping cerca de Laruns: vacaciones 3 estrellas en los Pirineos"}]},{"@type":"WebSite","@id":"https:\/\/www.beaucamping.com\/es\/#website","url":"https:\/\/www.beaucamping.com\/es\/","name":"Camping Beau Rivage","description":"","publisher":{"@id":"https:\/\/www.beaucamping.com\/es\/#organization"},"potentialAction":[{"@type":"SearchAction","target":{"@type":"EntryPoint","urlTemplate":"https:\/\/www.beaucamping.com\/es\/?s={search_term_string}"},"query-input":{"@type":"PropertyValueSpecification","valueRequired":true,"valueName":"search_term_string"}}],"inLanguage":"es"},{"@type":"Organization","@id":"https:\/\/www.beaucamping.com\/es\/#organization","name":"Camping Beau Rivage","url":"https:\/\/www.beaucamping.com\/es\/","logo":{"@type":"ImageObject","inLanguage":"es","@id":"https:\/\/www.beaucamping.com\/es\/#\/schema\/logo\/image\/","url":"https:\/\/www.beaucamping.com\/wp-content\/uploads\/2022\/02\/logo-vert.jpg","contentUrl":"https:\/\/www.beaucamping.com\/wp-content\/uploads\/2022\/02\/logo-vert.jpg","width":363,"height":169,"caption":"Camping Beau Rivage"},"image":{"@id":"https:\/\/www.beaucamping.com\/es\/#\/schema\/logo\/image\/"}}]}},"_links":{"self":[{"href":"https:\/\/www.beaucamping.com\/es\/wp-json\/wp\/v2\/pages\/5219","targetHints":{"allow":["GET"]}}],"collection":[{"href":"https:\/\/www.beaucamping.com\/es\/wp-json\/wp\/v2\/pages"}],"about":[{"href":"https:\/\/www.beaucamping.com\/es\/wp-json\/wp\/v2\/types\/page"}],"author":[{"embeddable":true,"href":"https:\/\/www.beaucamping.com\/es\/wp-json\/wp\/v2\/users\/2"}],"replies":[{"embeddable":true,"href":"https:\/\/www.beaucamping.com\/es\/wp-json\/wp\/v2\/comments?post=5219"}],"version-history":[{"count":2,"href":"https:\/\/www.beaucamping.com\/es\/wp-json\/wp\/v2\/pages\/5219\/revisions"}],"predecessor-version":[{"id":5221,"href":"https:\/\/www.beaucamping.com\/es\/wp-json\/wp\/v2\/pages\/5219\/revisions\/5221"}],"wp:attachment":[{"href":"https:\/\/www.beaucamping.com\/es\/wp-json\/wp\/v2\/media?parent=5219"}],"wp:term":[{"taxonomy":"sujet","embeddable":true,"href":"https:\/\/www.beaucamping.com\/es\/wp-json\/wp\/v2\/sujet?post=5219"}],"curies":[{"name":"wp","href":"https:\/\/api.w.org\/{rel}","templated":true}]}}