{"id":2574,"date":"2022-02-14T10:36:30","date_gmt":"2022-02-14T09:36:30","guid":{"rendered":"https:\/\/www.beaucamping.com\/location-tente-lodge-navarrenx\/"},"modified":"2022-03-28T16:56:48","modified_gmt":"2022-03-28T14:56:48","slug":"alquiler-carpa-lodge-navarrenx","status":"publish","type":"page","link":"https:\/\/www.beaucamping.com\/es\/alquiler-carpa-lodge-navarrenx\/","title":{"rendered":"Tentes lodges"},"content":{"rendered":"<section id=\"ls-section-block_620a3e15195c7\" class=\"ls-section \" >\r\n        <div class=\"container \">\r\n        \n\n<h1 class=\"ls__heading has-text-align-center wp-block-heading\" id=\"louer-une-tente-lodge-proche-de-pau\">ALQUILAR UNA TIENDA DE CAMPA\u00d1A CERCA DE PAU<\/h1>\n\n\n\n\n\n<div id=\"ls-hebergements-block_620a3e37195c8\" class=\"ls-hebergements aligncenter\" >\n\n    \n\n    <div class=\"ls-hebergements__results\" data-row=\"2\" data-campings=\"false\" data-types=\"[23]\">\n<div class=\"ls-hebergement\" data-postid='2688' data-id-reservation='112945' data-id-site='' data-id1='' data-nombre_de_personnes='4' data-nombre_de_chambres='2' data-type='tentes'>\n\t<div class=\"ls-hebergement__thumb\">\n\t\t<img decoding=\"async\" width=\"700\" height=\"517\" src=\"https:\/\/www.beaucamping.com\/wp-content\/uploads\/2022\/02\/tentes-lodges-4.jpg\" class=\"attachment-medium_large size-medium_large wp-post-image\" alt=\"tente lodge confort\" srcset=\"https:\/\/www.beaucamping.com\/wp-content\/uploads\/2022\/02\/tentes-lodges-4.jpg 700w, https:\/\/www.beaucamping.com\/wp-content\/uploads\/2022\/02\/tentes-lodges-4-300x222.jpg 300w\" sizes=\"(max-width: 700px) 100vw, 700px\" \/>\n\t\t\t<\/div>\n\t<div class=\"ls-hebergement__title\">\n\t\tConfort Lodge\t<\/div>\n\t<div class=\"ls-hebergement__details\">\n\n\t\t<div class=\"ls-hebergement__icons\">\n\n\t\t\t\t\t\t\t<span class=\"ls-hebergement__icon\">\n\t\t\t\t\t<i class=\"fas fa-users\"><\/i>\n\t\t\t\t\t4\t\t\t\t<\/span>\n\t\t\t\n\t\t\t\n\t\t\t\t\t\t\t<span class=\"ls-hebergement__icon\">\n\t\t\t\t\t<i class=\"fas fa-vector-square\"><\/i>\n\t\t\t\t\t26m\u00b2\n\t\t\t\t<\/span>\n\t\t\t\n\t\t\t\t\t\t\t<span class=\"ls-hebergement__icon\">\n\t\t\t\t\t<i class=\"fas fa-door-closed\"><\/i>\n\t\t\t\t\t\t\t\t\t\t\t2 CH.\t\t\t\t\t\t\t\t\t<\/span>\n\t\t\t\n\n\n\t\t\t\n\t\t<\/div>\n\t<\/div>\n\n\t<div class=\"ls-hebergement__decouvrir\">Descubra<\/div>\n<\/div><\/div>\n<\/div>\n\r\n    <\/div>\r\n<\/section>\n\n<section id=\"ls-section-block_620a4f67195c9\" class=\"ls-section  has-background has-color-1-background-color has-text-color has-color-white-color\" >\r\n        <div class=\"container container--wide\">\r\n        \n\n<div class=\"wp-block-columns is-layout-flex wp-container-core-columns-is-layout-9d6595d7 wp-block-columns-is-layout-flex\">\n<div class=\"wp-block-column is-layout-flow wp-block-column-is-layout-flow\">\n<h2 class=\"ls__heading has-text-color has-color-white-color wp-block-heading\" id=\"nos-tentes-lodges-confort-a-navarrenx\">Los alojamientos de confort en Navarrenx<\/h2>\n\n\n\n<p class=\"ls-paragraph\">\u00bfQui\u00e9n no ha so\u00f1ado con acampar c\u00f3modamente? Vive una aut\u00e9ntica experiencia, una forma de reconectar con la naturaleza sin renunciar a tu comodidad en estas tiendas Lodges Confort de alquiler en el <a href=\"\/es\/\">camping de Navarrenx<\/a>. Las tiendas Lodges Confort son perfectas para unas vacaciones originales e inusuales a un precio bajo.\u00a0<\/p>\n\n\n\n<p class=\"ls-paragraph\">Se componen de <strong>2 dormitorios<\/strong>. <strong>Un dormitorio con cama de matrimonio y otro con litera, una sala de estar, un comedor y una cocina, un ba\u00f1o y un aseo<\/strong>, as\u00ed como una <strong>gran terraza<\/strong> para estar cerca de la naturaleza. Estas tiendas ser\u00e1n el punto de partida para descubrir nuestra hermosa regi\u00f3n: el Bearn y el Pa\u00eds Vasco.&nbsp;<\/p>\n\n\n\n<p class=\"ls-paragraph\">Nuestros chalets de alquiler tambi\u00e9n son ideales para las vacaciones de glamping. At\u00edpicas y originales, le permitir\u00e1n beneficiarse del m\u00e1ximo confort. Para los viajeros tradicionales, les acogeremos con su tienda, caravana o autocaravana en nuestras amplias parcelas.<\/p>\n<\/div>\n\n\n\n<div class=\"wp-block-column is-layout-flow wp-block-column-is-layout-flow\">\n<h2 class=\"ls__heading has-text-align-center has-text-color has-color-white-color wp-block-heading\" id=\"les-services-et-petits-plus-des-tentes-lodges\">Los servicios y extras de los Tent Lodges<\/h2>\n\n\n\n<p class=\"ls-paragraph\">Los peque\u00f1os extras :&nbsp;<\/p>\n\n\n\n<ul class=\"ls-list wp-block-list\"><li>Su precio: un <strong>alquiler de bajo coste<\/strong>.<\/li><li><strong>Una gran terraza<\/strong> para estar m\u00e1s cerca de la naturaleza.<\/li><li><strong>Wifi gratuito.<\/strong><\/li><li>Se pueden<strong> contratar s\u00e1banas<\/strong>.<\/li><\/ul>\n<\/div>\n<\/div>\n\n\r\n    <\/div>\r\n<\/section>\n\n<section id=\"ls-section-block_620a51fb195ce\" class=\"ls-section  page-five\" >\r\n        <div class=\"container container--wide\">\r\n        \n\n<div id=\"ls-heading ls-titre-div-block_620a5200195cf\" class=\"ls-titre-div aligncenter h2-like\" >\n    DESCUBRA LOS DEM\u00c1S ALOJAMIENTOS DE NUESTRO CAMPING EN NAVARRENX<\/div>\n\n\n\n<div class=\"wp-block-columns is-layout-flex wp-container-core-columns-is-layout-9d6595d7 wp-block-columns-is-layout-flex\">\n<div class=\"wp-block-column is-layout-flow wp-block-column-is-layout-flow\"><div id=\"ls-maillage-block_620a5285195d0\" class=\"ls-maillage cta-style-normal\" data-rows=\"3\">\r\n    <div class=\"wp-block-columns\"><div class=\"wp-block-column\">\n\n<a href=\"https:\/\/www.beaucamping.com\/es\/alquiler-cabana-navarrenx\/\" target=\"\" rel=\"noopener\" class=\"ls-cta__link\">\n\n\t<div class=\"ls-cta__image\"><img decoding=\"async\" src=\"https:\/\/www.beaucamping.com\/wp-content\/uploads\/2022\/02\/location-chalet-bearn.jpg\" alt=\"location chalet bearn\"><\/div>\n\t<div class=\"ls-cta__title\">\n\t\tChalets\t<\/div>\n\n\t\t\n<\/a><\/div><\/div><\/div><\/div>\n\n\n\n<div class=\"wp-block-column is-layout-flow wp-block-column-is-layout-flow\"><div id=\"ls-maillage-block_620a5287195d1\" class=\"ls-maillage cta-style-normal\" data-rows=\"3\">\r\n    <div class=\"wp-block-columns\"><div class=\"wp-block-column\">\n\n<a href=\"https:\/\/www.beaucamping.com\/es\/alquiler-ubicacion-navarrenx\/\" target=\"\" rel=\"noopener\" class=\"ls-cta__link\">\n\n\t<div class=\"ls-cta__image\"><img decoding=\"async\" src=\"https:\/\/www.beaucamping.com\/wp-content\/uploads\/2022\/01\/categg_2_4-768x576.jpg\" alt=\"emplacement camping beaurivage\"><\/div>\n\t<div class=\"ls-cta__title\">\n\t\tUbicaciones\t<\/div>\n\n\t\t\n<\/a><\/div><\/div><\/div><\/div>\n\n\n\n<div class=\"wp-block-column is-layout-flow wp-block-column-is-layout-flow\"><div id=\"ls-maillage-block_620a5289195d2\" class=\"ls-maillage cta-style-normal\" data-rows=\"3\">\r\n    <div class=\"wp-block-columns\"><div class=\"wp-block-column\">\n\n<a href=\"https:\/\/www.beaucamping.com\/es\/camping-barato-pyrenees\/\" target=\"\" rel=\"noopener\" class=\"ls-cta__link\">\n\n\t<div class=\"ls-cta__image\"><img decoding=\"async\" src=\"https:\/\/www.beaucamping.com\/wp-content\/uploads\/2022\/02\/tarif-camping-navarrenx.jpg\" alt=\"tarif camping navarrenx\"><\/div>\n\t<div class=\"ls-cta__title\">\n\t\tTarifas\t<\/div>\n\n\t\t\n<\/a><\/div><\/div><\/div><\/div>\n<\/div>\n\n\r\n    <\/div>\r\n<\/section>","protected":false},"excerpt":{"rendered":"","protected":false},"author":1,"featured_media":1184,"parent":0,"menu_order":0,"comment_status":"closed","ping_status":"closed","template":"","meta":{"_acf_changed":false,"footnotes":""},"sujet":[],"class_list":["post-2574","page","type-page","status-publish","has-post-thumbnail","hentry"],"acf":[],"yoast_head":"<!-- This site is optimized with the Yoast SEO plugin v25.3 - https:\/\/yoast.com\/wordpress\/plugins\/seo\/ -->\n<title>Alquilar una tienda de campa\u00f1a Navarrenx, cerca de Pau | Alquilar una tienda de campa\u00f1a en el Pirineo Atl\u00e1ntico<\/title>\n<meta name=\"robots\" content=\"index, follow, max-snippet:-1, max-image-preview:large, max-video-preview:-1\" \/>\n<link rel=\"canonical\" href=\"https:\/\/www.beaucamping.com\/es\/alquiler-carpa-lodge-navarrenx\/\" \/>\n<meta property=\"og:locale\" content=\"es_ES\" \/>\n<meta property=\"og:type\" content=\"article\" \/>\n<meta property=\"og:title\" content=\"Alquilar una tienda de campa\u00f1a Navarrenx, cerca de Pau | Alquilar una tienda de campa\u00f1a en el Pirineo Atl\u00e1ntico\" \/>\n<meta property=\"og:url\" content=\"https:\/\/www.beaucamping.com\/es\/alquiler-carpa-lodge-navarrenx\/\" \/>\n<meta property=\"og:site_name\" content=\"Camping Beau Rivage\" \/>\n<meta property=\"article:modified_time\" content=\"2022-03-28T14:56:48+00:00\" \/>\n<meta property=\"og:image\" content=\"https:\/\/www.beaucamping.com\/wp-content\/uploads\/2022\/02\/PM408627.jpg\" \/>\n\t<meta property=\"og:image:width\" content=\"1900\" \/>\n\t<meta property=\"og:image:height\" content=\"700\" \/>\n\t<meta property=\"og:image:type\" content=\"image\/jpeg\" \/>\n<meta name=\"twitter:card\" content=\"summary_large_image\" \/>\n<meta name=\"twitter:label1\" content=\"Tiempo de lectura\" \/>\n\t<meta name=\"twitter:data1\" content=\"1 minuto\" \/>\n<script type=\"application\/ld+json\" class=\"yoast-schema-graph\">{\"@context\":\"https:\/\/schema.org\",\"@graph\":[{\"@type\":\"WebPage\",\"@id\":\"https:\/\/www.beaucamping.com\/es\/alquiler-carpa-lodge-navarrenx\/\",\"url\":\"https:\/\/www.beaucamping.com\/es\/alquiler-carpa-lodge-navarrenx\/\",\"name\":\"Alquilar una tienda de campa\u00f1a Navarrenx, cerca de Pau | Alquilar una tienda de campa\u00f1a en el Pirineo Atl\u00e1ntico\",\"isPartOf\":{\"@id\":\"https:\/\/www.beaucamping.com\/es\/#website\"},\"primaryImageOfPage\":{\"@id\":\"https:\/\/www.beaucamping.com\/es\/alquiler-carpa-lodge-navarrenx\/#primaryimage\"},\"image\":{\"@id\":\"https:\/\/www.beaucamping.com\/es\/alquiler-carpa-lodge-navarrenx\/#primaryimage\"},\"thumbnailUrl\":\"https:\/\/www.beaucamping.com\/wp-content\/uploads\/2022\/02\/PM408627.jpg\",\"datePublished\":\"2022-02-14T09:36:30+00:00\",\"dateModified\":\"2022-03-28T14:56:48+00:00\",\"breadcrumb\":{\"@id\":\"https:\/\/www.beaucamping.com\/es\/alquiler-carpa-lodge-navarrenx\/#breadcrumb\"},\"inLanguage\":\"es\",\"potentialAction\":[{\"@type\":\"ReadAction\",\"target\":[\"https:\/\/www.beaucamping.com\/es\/alquiler-carpa-lodge-navarrenx\/\"]}]},{\"@type\":\"ImageObject\",\"inLanguage\":\"es\",\"@id\":\"https:\/\/www.beaucamping.com\/es\/alquiler-carpa-lodge-navarrenx\/#primaryimage\",\"url\":\"https:\/\/www.beaucamping.com\/wp-content\/uploads\/2022\/02\/PM408627.jpg\",\"contentUrl\":\"https:\/\/www.beaucamping.com\/wp-content\/uploads\/2022\/02\/PM408627.jpg\",\"width\":1900,\"height\":700,\"caption\":\"tente lodge camping beaurivage\"},{\"@type\":\"BreadcrumbList\",\"@id\":\"https:\/\/www.beaucamping.com\/es\/alquiler-carpa-lodge-navarrenx\/#breadcrumb\",\"itemListElement\":[{\"@type\":\"ListItem\",\"position\":1,\"name\":\"Camping B\u00e9arn\",\"item\":\"https:\/\/www.beaucamping.com\/es\/\"},{\"@type\":\"ListItem\",\"position\":2,\"name\":\"Alquiler de tiendas de campa\u00f1a en los Pirineos Atl\u00e1nticos\"}]},{\"@type\":\"WebSite\",\"@id\":\"https:\/\/www.beaucamping.com\/es\/#website\",\"url\":\"https:\/\/www.beaucamping.com\/es\/\",\"name\":\"Camping Beau Rivage\",\"description\":\"\",\"publisher\":{\"@id\":\"https:\/\/www.beaucamping.com\/es\/#organization\"},\"potentialAction\":[{\"@type\":\"SearchAction\",\"target\":{\"@type\":\"EntryPoint\",\"urlTemplate\":\"https:\/\/www.beaucamping.com\/es\/?s={search_term_string}\"},\"query-input\":{\"@type\":\"PropertyValueSpecification\",\"valueRequired\":true,\"valueName\":\"search_term_string\"}}],\"inLanguage\":\"es\"},{\"@type\":\"Organization\",\"@id\":\"https:\/\/www.beaucamping.com\/es\/#organization\",\"name\":\"Camping Beau Rivage\",\"url\":\"https:\/\/www.beaucamping.com\/es\/\",\"logo\":{\"@type\":\"ImageObject\",\"inLanguage\":\"es\",\"@id\":\"https:\/\/www.beaucamping.com\/es\/#\/schema\/logo\/image\/\",\"url\":\"https:\/\/www.beaucamping.com\/wp-content\/uploads\/2022\/02\/logo-vert.jpg\",\"contentUrl\":\"https:\/\/www.beaucamping.com\/wp-content\/uploads\/2022\/02\/logo-vert.jpg\",\"width\":363,\"height\":169,\"caption\":\"Camping Beau Rivage\"},\"image\":{\"@id\":\"https:\/\/www.beaucamping.com\/es\/#\/schema\/logo\/image\/\"}}]}<\/script>\n<!-- \/ Yoast SEO plugin. -->","yoast_head_json":{"title":"Alquilar una tienda de campa\u00f1a Navarrenx, cerca de Pau | Alquilar una tienda de campa\u00f1a en el Pirineo Atl\u00e1ntico","robots":{"index":"index","follow":"follow","max-snippet":"max-snippet:-1","max-image-preview":"max-image-preview:large","max-video-preview":"max-video-preview:-1"},"canonical":"https:\/\/www.beaucamping.com\/es\/alquiler-carpa-lodge-navarrenx\/","og_locale":"es_ES","og_type":"article","og_title":"Alquilar una tienda de campa\u00f1a Navarrenx, cerca de Pau | Alquilar una tienda de campa\u00f1a en el Pirineo Atl\u00e1ntico","og_url":"https:\/\/www.beaucamping.com\/es\/alquiler-carpa-lodge-navarrenx\/","og_site_name":"Camping Beau Rivage","article_modified_time":"2022-03-28T14:56:48+00:00","og_image":[{"width":1900,"height":700,"url":"https:\/\/www.beaucamping.com\/wp-content\/uploads\/2022\/02\/PM408627.jpg","type":"image\/jpeg"}],"twitter_card":"summary_large_image","twitter_misc":{"Tiempo de lectura":"1 minuto"},"schema":{"@context":"https:\/\/schema.org","@graph":[{"@type":"WebPage","@id":"https:\/\/www.beaucamping.com\/es\/alquiler-carpa-lodge-navarrenx\/","url":"https:\/\/www.beaucamping.com\/es\/alquiler-carpa-lodge-navarrenx\/","name":"Alquilar una tienda de campa\u00f1a Navarrenx, cerca de Pau | Alquilar una tienda de campa\u00f1a en el Pirineo Atl\u00e1ntico","isPartOf":{"@id":"https:\/\/www.beaucamping.com\/es\/#website"},"primaryImageOfPage":{"@id":"https:\/\/www.beaucamping.com\/es\/alquiler-carpa-lodge-navarrenx\/#primaryimage"},"image":{"@id":"https:\/\/www.beaucamping.com\/es\/alquiler-carpa-lodge-navarrenx\/#primaryimage"},"thumbnailUrl":"https:\/\/www.beaucamping.com\/wp-content\/uploads\/2022\/02\/PM408627.jpg","datePublished":"2022-02-14T09:36:30+00:00","dateModified":"2022-03-28T14:56:48+00:00","breadcrumb":{"@id":"https:\/\/www.beaucamping.com\/es\/alquiler-carpa-lodge-navarrenx\/#breadcrumb"},"inLanguage":"es","potentialAction":[{"@type":"ReadAction","target":["https:\/\/www.beaucamping.com\/es\/alquiler-carpa-lodge-navarrenx\/"]}]},{"@type":"ImageObject","inLanguage":"es","@id":"https:\/\/www.beaucamping.com\/es\/alquiler-carpa-lodge-navarrenx\/#primaryimage","url":"https:\/\/www.beaucamping.com\/wp-content\/uploads\/2022\/02\/PM408627.jpg","contentUrl":"https:\/\/www.beaucamping.com\/wp-content\/uploads\/2022\/02\/PM408627.jpg","width":1900,"height":700,"caption":"tente lodge camping beaurivage"},{"@type":"BreadcrumbList","@id":"https:\/\/www.beaucamping.com\/es\/alquiler-carpa-lodge-navarrenx\/#breadcrumb","itemListElement":[{"@type":"ListItem","position":1,"name":"Camping B\u00e9arn","item":"https:\/\/www.beaucamping.com\/es\/"},{"@type":"ListItem","position":2,"name":"Alquiler de tiendas de campa\u00f1a en los Pirineos Atl\u00e1nticos"}]},{"@type":"WebSite","@id":"https:\/\/www.beaucamping.com\/es\/#website","url":"https:\/\/www.beaucamping.com\/es\/","name":"Camping Beau Rivage","description":"","publisher":{"@id":"https:\/\/www.beaucamping.com\/es\/#organization"},"potentialAction":[{"@type":"SearchAction","target":{"@type":"EntryPoint","urlTemplate":"https:\/\/www.beaucamping.com\/es\/?s={search_term_string}"},"query-input":{"@type":"PropertyValueSpecification","valueRequired":true,"valueName":"search_term_string"}}],"inLanguage":"es"},{"@type":"Organization","@id":"https:\/\/www.beaucamping.com\/es\/#organization","name":"Camping Beau Rivage","url":"https:\/\/www.beaucamping.com\/es\/","logo":{"@type":"ImageObject","inLanguage":"es","@id":"https:\/\/www.beaucamping.com\/es\/#\/schema\/logo\/image\/","url":"https:\/\/www.beaucamping.com\/wp-content\/uploads\/2022\/02\/logo-vert.jpg","contentUrl":"https:\/\/www.beaucamping.com\/wp-content\/uploads\/2022\/02\/logo-vert.jpg","width":363,"height":169,"caption":"Camping Beau Rivage"},"image":{"@id":"https:\/\/www.beaucamping.com\/es\/#\/schema\/logo\/image\/"}}]}},"_links":{"self":[{"href":"https:\/\/www.beaucamping.com\/es\/wp-json\/wp\/v2\/pages\/2574","targetHints":{"allow":["GET"]}}],"collection":[{"href":"https:\/\/www.beaucamping.com\/es\/wp-json\/wp\/v2\/pages"}],"about":[{"href":"https:\/\/www.beaucamping.com\/es\/wp-json\/wp\/v2\/types\/page"}],"author":[{"embeddable":true,"href":"https:\/\/www.beaucamping.com\/es\/wp-json\/wp\/v2\/users\/1"}],"replies":[{"embeddable":true,"href":"https:\/\/www.beaucamping.com\/es\/wp-json\/wp\/v2\/comments?post=2574"}],"version-history":[{"count":6,"href":"https:\/\/www.beaucamping.com\/es\/wp-json\/wp\/v2\/pages\/2574\/revisions"}],"predecessor-version":[{"id":3433,"href":"https:\/\/www.beaucamping.com\/es\/wp-json\/wp\/v2\/pages\/2574\/revisions\/3433"}],"wp:featuredmedia":[{"embeddable":true,"href":"https:\/\/www.beaucamping.com\/es\/wp-json\/wp\/v2\/media\/1184"}],"wp:attachment":[{"href":"https:\/\/www.beaucamping.com\/es\/wp-json\/wp\/v2\/media?parent=2574"}],"wp:term":[{"taxonomy":"sujet","embeddable":true,"href":"https:\/\/www.beaucamping.com\/es\/wp-json\/wp\/v2\/sujet?post=2574"}],"curies":[{"name":"wp","href":"https:\/\/api.w.org\/{rel}","templated":true}]}}