{"id":2566,"date":"2022-01-14T15:42:17","date_gmt":"2022-01-14T14:42:17","guid":{"rendered":"https:\/\/www.beaucamping.com\/camping-pas-cher-pyrenees\/"},"modified":"2024-04-18T17:56:10","modified_gmt":"2024-04-18T15:56:10","slug":"camping-barato-pyrenees","status":"publish","type":"page","link":"https:\/\/www.beaucamping.com\/es\/camping-barato-pyrenees\/","title":{"rendered":"Tarifs"},"content":{"rendered":"<section id=\"ls-section-block_824eb7ba8dcf46d73e3e5061fd1f3c2a\" class=\"ls-section  page-one\" >\r\n        <div class=\"container container--wide\">\r\n        \n\n<h1 class=\"ls__heading wp-block-heading has-text-align-center\" id=\"camping-a-petit-prix-a-navarrenx\">Camping de bajo coste en Navarrenx<\/h1>\n\n\n\n<div class=\"wp-block-columns are-vertically-aligned-center is-layout-flex wp-container-core-columns-is-layout-9d6595d7 wp-block-columns-is-layout-flex\">\n<div class=\"wp-block-column is-vertically-aligned-center is-layout-flow wp-block-column-is-layout-flow\" style=\"flex-basis:40%\">\n<h2 class=\"ls__heading wp-block-heading\" id=\"camping-meilleur-rapport-qualite-prix-a-navarrenx-dans-les-pyrenees-atlantiques\">Camping con la mejor relaci\u00f3n calidad-precio en Navarrenx, en los Pirineos Atl\u00e1nticos<\/h2>\n\n\n\n<p class=\"ls-paragraph\">\u00bfBusca un <strong>camping barato en los Pirineos Atl\u00e1nticos<\/strong>, en el coraz\u00f3n del B\u00e9arn y junto al Pa\u00eds Vasco? \u00bf<strong>Promociones y buenas ofertas<\/strong> para sus pr\u00f3ximas vacaciones en el camping?<\/p>\n\n\n\n<p class=\"ls-paragraph\">\u00bfLe gustar\u00eda pasar unas vacaciones familiares en el campo en un camping econ\u00f3mico?<\/p>\n\n\n\n<p class=\"ls-paragraph\">Disfrute de una estancia 100% relajante en el camping para descubrir el B\u00e9arn y el Pa\u00eds Vasco mientras disfruta de unas <strong>vacaciones de camping asequibles<\/strong>.&nbsp;<\/p>\n\n\n\n<p class=\"ls-paragraph\">\u00bfBusca una tienda de campa\u00f1a o un chalet de bajo coste?<\/p>\n\n\n\n<p class=\"ls-paragraph\">Los chalets de alquiler de <strong>Bon Plan para 1 a 4 personas<\/strong> combinan comodidad y <strong>precios atractivos<\/strong> en un ambiente familiar y natural.&nbsp;<\/p>\n\n\n\n<p class=\"ls-paragraph\">\u00bfBuscas una parcela econ\u00f3mica para tu tienda, autocaravana o caravana?&nbsp;<\/p>\n\n\n\n<p class=\"ls-paragraph\"><strong>Las c\u00f3modas parcelas del camping, con electricidad<\/strong>, responder\u00e1n perfectamente a sus expectativas. No dude en consultar<strong> nuestros precios tan atractivos <\/strong>en temporada baja.<\/p>\n<\/div>\n\n\n\n<div class=\"wp-block-column is-vertically-aligned-center mozaique is-layout-flow wp-block-column-is-layout-flow\" style=\"flex-basis:60%\">\n<div class=\"wp-block-columns is-layout-flex wp-container-core-columns-is-layout-9d6595d7 wp-block-columns-is-layout-flex\">\n<div class=\"wp-block-column is-layout-flow wp-block-column-is-layout-flow\" style=\"flex-basis:66.66%\">\n<figure class=\"wp-block-image size-full\"><a href=\"https:\/\/www.beaucamping.com\/wp-content\/uploads\/2022\/01\/camping-beau-rivage-piscine-navarrenx-1.jpg\"><img decoding=\"async\" src=\"https:\/\/www.beaucamping.com\/wp-content\/uploads\/2022\/01\/camping-beau-rivage-piscine-navarrenx-1.jpg\" alt=\"piscine chauffee navarrenx\" class=\"wp-image-469\"\/><\/a><\/figure>\n<\/div>\n\n\n\n<div class=\"wp-block-column is-layout-flow wp-block-column-is-layout-flow\" style=\"flex-basis:33.33%\">\n<figure class=\"wp-block-image size-full\"><a href=\"https:\/\/www.beaucamping.com\/wp-content\/uploads\/2022\/02\/location-chalet-bearn.jpg\"><img decoding=\"async\" width=\"387\" height=\"320\" src=\"https:\/\/www.beaucamping.com\/wp-content\/uploads\/2022\/02\/location-chalet-bearn.jpg\" alt=\"location chalet bearn\" class=\"wp-image-2013\" srcset=\"https:\/\/www.beaucamping.com\/wp-content\/uploads\/2022\/02\/location-chalet-bearn.jpg 387w, https:\/\/www.beaucamping.com\/wp-content\/uploads\/2022\/02\/location-chalet-bearn-300x248.jpg 300w\" sizes=\"(max-width: 387px) 100vw, 387px\" \/><\/a><\/figure>\n<\/div>\n<\/div>\n\n\n\n<div class=\"wp-block-columns is-layout-flex wp-container-core-columns-is-layout-9d6595d7 wp-block-columns-is-layout-flex\">\n<div class=\"wp-block-column is-layout-flow wp-block-column-is-layout-flow\" style=\"flex-basis:33.33%\">\n<figure class=\"wp-block-image size-full\"><a href=\"https:\/\/www.beaucamping.com\/wp-content\/uploads\/2022\/02\/categg_10_1.jpg\"><img decoding=\"async\" width=\"800\" height=\"535\" src=\"https:\/\/www.beaucamping.com\/wp-content\/uploads\/2022\/02\/categg_10_1.jpg\" alt=\"tente-lodge\" class=\"wp-image-990\" srcset=\"https:\/\/www.beaucamping.com\/wp-content\/uploads\/2022\/02\/categg_10_1.jpg 800w, https:\/\/www.beaucamping.com\/wp-content\/uploads\/2022\/02\/categg_10_1-300x201.jpg 300w, https:\/\/www.beaucamping.com\/wp-content\/uploads\/2022\/02\/categg_10_1-150x100.jpg 150w, https:\/\/www.beaucamping.com\/wp-content\/uploads\/2022\/02\/categg_10_1-768x514.jpg 768w\" sizes=\"(max-width: 800px) 100vw, 800px\" \/><\/a><\/figure>\n<\/div>\n\n\n\n<div class=\"wp-block-column is-layout-flow wp-block-column-is-layout-flow\" style=\"flex-basis:66.66%\">\n<figure class=\"wp-block-image size-full\"><a href=\"https:\/\/www.beaucamping.com\/wp-content\/uploads\/2022\/02\/peche-activite-camping-navarrenx.jpg\"><img decoding=\"async\" width=\"900\" height=\"600\" src=\"https:\/\/www.beaucamping.com\/wp-content\/uploads\/2022\/02\/peche-activite-camping-navarrenx.jpg\" alt=\"peche activite camping navarrenx\" class=\"wp-image-865\" srcset=\"https:\/\/www.beaucamping.com\/wp-content\/uploads\/2022\/02\/peche-activite-camping-navarrenx.jpg 900w, https:\/\/www.beaucamping.com\/wp-content\/uploads\/2022\/02\/peche-activite-camping-navarrenx-300x200.jpg 300w, https:\/\/www.beaucamping.com\/wp-content\/uploads\/2022\/02\/peche-activite-camping-navarrenx-150x100.jpg 150w, https:\/\/www.beaucamping.com\/wp-content\/uploads\/2022\/02\/peche-activite-camping-navarrenx-768x512.jpg 768w\" sizes=\"(max-width: 900px) 100vw, 900px\" \/><\/a><\/figure>\n<\/div>\n<\/div>\n<\/div>\n<\/div>\n\n\r\n    <\/div>\r\n<\/section>\n\n<section id=\"ls-section-block_8f05033fda9835bdcbca831028606943\" class=\"ls-section  home-fourth page-two\" >\r\n        <div class=\"container container--full\">\r\n        \n\n<div class=\"wp-block-columns is-layout-flex wp-container-core-columns-is-layout-9d6595d7 wp-block-columns-is-layout-flex\">\n<div class=\"wp-block-column is-vertically-aligned-center is-layout-flow wp-block-column-is-layout-flow\" style=\"flex-basis:40%\">\n<h2 class=\"ls__heading wp-block-heading\" id=\"nos-offres-speciales-et-promotions-au-camping-dans-les-pyrenees\">Ofertas y promociones especiales en el camping de los Pirineos<\/h2>\n\n\n\n<p class=\"ls-paragraph\">El <a href=\"\/es\/\"><mark style=\"background-color:rgba(0, 0, 0, 0)\" class=\"has-inline-color has-color-2-color\"><span class=\"underline\" style=\"text-decoration: underline\">camping Beau Rivage<\/span><\/mark><\/a> le <strong>ofrece c\u00f3modas parcelas, soleadas o a la sombra, a partir de 22 \u20ac por noche<\/strong>, para 2 personas con electricidad.<\/p>\n\n\n\n<p class=\"ls-paragraph\">Los excursionistas, peregrinos y ciclistas se benefician de <strong>ofertas especiales a partir de 13 euros por noche<\/strong>.<\/p>\n\n\n\n<p class=\"ls-paragraph\">Si viaja econ\u00f3micamente en autocaravana, disponemos de <mark style=\"background-color:rgba(0, 0, 0, 0)\" class=\"has-inline-color has-color-2-color\"><span class=\"underline\" style=\"text-decoration: underline\">parcelas de calidad<\/span><\/mark> <strong>Grand Confort, desde 24 \u20ac por noche<\/strong>. Adem\u00e1s de la <strong>electricidad<\/strong>, estas parcelas disponen de <strong>conexiones de agua<\/strong> y <strong>alcantarillado <\/strong>en el propio terreno de juego.<\/p>\n\n\n\n<p class=\"ls-paragraph\">Tambi\u00e9n puede disfrutar de un <strong>Chalet Grand Confort de 2 habitaciones con TV<\/strong>, <strong>barbacoa <\/strong>y <strong>terraza con vistas al r\u00edo desde 53 euros por noche<\/strong>.<\/p>\n\n\n\n<p class=\"ls-paragraph\">Aproveche los <strong>descuentos <\/strong>utilizando una de nuestras <strong>ofertas <\/strong>de campings baratos en el Bearn:<\/p>\n\n\n\n<ul class=\"ls-list wp-block-list\"><li>Ofertas de larga estancia con un <strong>5% de descuento<\/strong> a partir de 8 noches y un <strong>10%<\/strong> a partir de 15 noches.<\/li><li><strong>Ofertas especiales<\/strong> para excursionistas, peregrinos o ciclistas en nuestras parcelas de confort<\/li><li><strong>Ofertas de reserva anticipada con un 15-20% de descuento<\/strong> en los paquetes de alquiler.<\/li><\/ul>\n<\/div>\n\n\n\n<div class=\"wp-block-column is-layout-flow wp-block-column-is-layout-flow\" style=\"flex-basis:60%\">\n<figure class=\"wp-block-image size-large\"><img decoding=\"async\" width=\"1024\" height=\"867\" src=\"https:\/\/www.beaucamping.com\/wp-content\/uploads\/2022\/03\/camping-pas-cher-bearn-1024x867.jpg\" alt=\"camping pas cher bearn\" class=\"wp-image-2323\" srcset=\"https:\/\/www.beaucamping.com\/wp-content\/uploads\/2022\/03\/camping-pas-cher-bearn-1024x867.jpg 1024w, https:\/\/www.beaucamping.com\/wp-content\/uploads\/2022\/03\/camping-pas-cher-bearn-300x254.jpg 300w, https:\/\/www.beaucamping.com\/wp-content\/uploads\/2022\/03\/camping-pas-cher-bearn-768x650.jpg 768w, https:\/\/www.beaucamping.com\/wp-content\/uploads\/2022\/03\/camping-pas-cher-bearn.jpg 1110w\" sizes=\"(max-width: 1024px) 100vw, 1024px\" \/><\/figure>\n<\/div>\n<\/div>\n\n\r\n    <\/div>\r\n<\/section>\n\n<section id=\"ls-section-block_943628c557792095b3ec1d80ae0dbb16\" class=\"ls-section  page-three\" >\r\n        <div class=\"container container--wide\">\r\n        \n\n<div class=\"wp-block-columns is-layout-flex wp-container-core-columns-is-layout-9d6595d7 wp-block-columns-is-layout-flex\">\n<div class=\"wp-block-column is-layout-flow wp-block-column-is-layout-flow\" style=\"flex-basis:55%\">\n<div class=\"wp-block-columns is-layout-flex wp-container-core-columns-is-layout-9d6595d7 wp-block-columns-is-layout-flex\">\n<div class=\"wp-block-column is-layout-flow wp-block-column-is-layout-flow\">\n<figure class=\"wp-block-image size-full\"><img decoding=\"async\" width=\"800\" height=\"600\" src=\"https:\/\/www.beaucamping.com\/wp-content\/uploads\/2022\/01\/categg_5_6.jpg\" alt=\"camping navarrenx discount\" class=\"wp-image-622\" srcset=\"https:\/\/www.beaucamping.com\/wp-content\/uploads\/2022\/01\/categg_5_6.jpg 800w, https:\/\/www.beaucamping.com\/wp-content\/uploads\/2022\/01\/categg_5_6-300x225.jpg 300w, https:\/\/www.beaucamping.com\/wp-content\/uploads\/2022\/01\/categg_5_6-150x113.jpg 150w, https:\/\/www.beaucamping.com\/wp-content\/uploads\/2022\/01\/categg_5_6-768x576.jpg 768w\" sizes=\"(max-width: 800px) 100vw, 800px\" \/><\/figure>\n<\/div>\n<\/div>\n<\/div>\n\n\n\n<div class=\"wp-block-column is-vertically-aligned-center is-layout-flow wp-block-column-is-layout-flow\" style=\"flex-basis:45%\">\n<h2 class=\"ls__heading wp-block-heading\" id=\"meilleurs-prix-garantis-en-direct-via-le-site-du-camping\">Mejores precios garantizados directamente a trav\u00e9s del sitio web del camping&nbsp;<\/h2>\n\n\n\n<p class=\"ls-paragraph\">Nuestro camping est\u00e1 presente en <strong>muchos sitios asociados<\/strong> como Booking, Camping.com, Pitch up\u2026 \u00a1Si <strong>reserva directamente<\/strong> a trav\u00e9s de <strong>nuestra propia p\u00e1gina web, le garantizamos el mejor precio<\/strong>!<\/p>\n\n\n\n<p class=\"ls-paragraph\">Tambi\u00e9n es posible ponerse en <strong>contacto directamente con nosotros por tel\u00e9fono<\/strong> en el :<\/p>\n\n\n\n<p class=\"ls-paragraph\"><strong>0033 5 59 66 10 00<\/strong>. Estaremos encantados de informarle o de reservar una parcela o un chalet para usted.<\/p>\n\n\n\n<p class=\"ls-paragraph\">O p\u00f3ngase en contacto con nosotros por correo electr\u00f3nico en <a href=\"mailto:beaucamping@free.fr\">beaucamping@orange.fr<\/a>.<\/p>\n\n\n\n<p class=\"ls-paragraph\">Todo nuestro equipo est\u00e1 a su disposici\u00f3n para ofrecerle la mejor informaci\u00f3n posible.<\/p>\n\n\n\n<p class=\"ls-paragraph\"><strong>Las ofertas y promociones especiales <\/strong>tambi\u00e9n se aplicar\u00e1n al reservar en l\u00ednea.<\/p>\n<\/div>\n<\/div>\n\n\r\n    <\/div>\r\n<\/section>\n\n<section id=\"ls-section-block_9cee57b65cc40114bc85e89b183687a6\" class=\"ls-section  page-five\" >\r\n        <div class=\"container container--wide\">\r\n        \n\n<div id=\"ls-heading ls-titre-div-block_b9bd7fe9d2757ec8a6b0d458093aaf64\" class=\"ls-titre-div aligncenter h2-like\" >\n    Descubra los servicios de nuestro camping en Navarrenx<\/div>\n\n\n\n<div class=\"wp-block-columns is-layout-flex wp-container-core-columns-is-layout-9d6595d7 wp-block-columns-is-layout-flex\">\n<div class=\"wp-block-column is-layout-flow wp-block-column-is-layout-flow\"><div id=\"ls-maillage-block_7f6c484aec4fb5522cd168c514d830c2\" class=\"ls-maillage cta-style-normal\" data-rows=\"3\">\r\n    <div class=\"wp-block-columns\"><div class=\"wp-block-column\">\n\n<a href=\"https:\/\/www.beaucamping.com\/es\/camping-familiar-navarrenx\/\" target=\"\" rel=\"noopener\" class=\"ls-cta__link\" data-categ=\"\">\n\t<div class=\"ls-cta__image\"><img decoding=\"async\" src=\"https:\/\/www.beaucamping.com\/wp-content\/uploads\/2022\/02\/concert-camping-navarrenx.jpg\" alt=\"concert camping navarrenx\"><\/div>\n\t<div class=\"ls-cta__title\">\n\t\tServicios y actividades\t<\/div>\n\n\t<\/a><\/div><\/div><\/div><\/div>\n\n\n\n<div class=\"wp-block-column is-layout-flow wp-block-column-is-layout-flow\"><div id=\"ls-maillage-block_d300e2a70fb5668061beb70576ddcf6e\" class=\"ls-maillage cta-style-normal\" data-rows=\"3\">\r\n    <div class=\"wp-block-columns\"><div class=\"wp-block-column\">\n\n<a href=\"https:\/\/www.beaucamping.com\/es\/camping-guardando-navarrenx\/\" target=\"\" rel=\"noopener\" class=\"ls-cta__link\" data-categ=\"\">\n\t<div class=\"ls-cta__image\"><img decoding=\"async\" src=\"https:\/\/www.beaucamping.com\/wp-content\/uploads\/2022\/02\/Gardiennage-camping-navarrenx.jpg\" alt=\"gardiennage camping navarrenx\"><\/div>\n\t<div class=\"ls-cta__title\">\n\t\tSeguridad, aparcamiento cubierto para sus caravanas\t<\/div>\n\n\t<\/a><\/div><\/div><\/div><\/div>\n\n\n\n<div class=\"wp-block-column is-layout-flow wp-block-column-is-layout-flow\"><div id=\"ls-maillage-block_16f8341fa34baaacdfe808d6b8591e33\" class=\"ls-maillage cta-style-normal\" data-rows=\"3\">\r\n    <div class=\"wp-block-columns\"><div class=\"wp-block-column\">\n\n<a href=\"https:\/\/www.beaucamping.com\/es\/alquiler-cabana-navarrenx\/\" target=\"\" rel=\"noopener\" class=\"ls-cta__link\" data-categ=\"\">\n\t<div class=\"ls-cta__image\"><img decoding=\"async\" src=\"https:\/\/www.beaucamping.com\/wp-content\/uploads\/2022\/02\/location-chalet-bearn.jpg\" alt=\"location chalet bearn\"><\/div>\n\t<div class=\"ls-cta__title\">\n\t\tChalets\t<\/div>\n\n\t<\/a><\/div><\/div><\/div><\/div>\n<\/div>\n\n\r\n    <\/div>\r\n<\/section>","protected":false},"excerpt":{"rendered":"","protected":false},"author":1,"featured_media":1355,"parent":0,"menu_order":0,"comment_status":"closed","ping_status":"closed","template":"","meta":{"_acf_changed":false,"footnotes":""},"sujet":[],"class_list":["post-2566","page","type-page","status-publish","has-post-thumbnail","hentry"],"acf":[],"yoast_head":"<!-- This site is optimized with the Yoast SEO plugin v27.4 - https:\/\/yoast.com\/product\/yoast-seo-wordpress\/ -->\n<title>Camping barato Pirineos | Camping al mejor precio en Navarrenx (64)<\/title>\n<meta name=\"robots\" content=\"index, follow, max-snippet:-1, max-image-preview:large, max-video-preview:-1\" \/>\n<link rel=\"canonical\" href=\"https:\/\/www.beaucamping.com\/es\/camping-barato-pyrenees\/\" \/>\n<meta property=\"og:locale\" content=\"es_ES\" \/>\n<meta property=\"og:type\" content=\"article\" \/>\n<meta property=\"og:title\" content=\"Camping barato Pirineos | Camping al mejor precio en Navarrenx (64)\" \/>\n<meta property=\"og:url\" content=\"https:\/\/www.beaucamping.com\/es\/camping-barato-pyrenees\/\" \/>\n<meta property=\"og:site_name\" content=\"Camping Beau Rivage\" \/>\n<meta property=\"article:modified_time\" content=\"2024-04-18T15:56:10+00:00\" \/>\n<meta property=\"og:image\" content=\"https:\/\/www.beaucamping.com\/wp-content\/uploads\/2022\/02\/20200805_110320.jpg\" \/>\n\t<meta property=\"og:image:width\" content=\"1900\" \/>\n\t<meta property=\"og:image:height\" content=\"700\" \/>\n\t<meta property=\"og:image:type\" content=\"image\/jpeg\" \/>\n<meta name=\"twitter:card\" content=\"summary_large_image\" \/>\n<meta name=\"twitter:label1\" content=\"Tiempo de lectura\" \/>\n\t<meta name=\"twitter:data1\" content=\"4 minutos\" \/>\n<script type=\"application\/ld+json\" class=\"yoast-schema-graph\">{\"@context\":\"https:\\\/\\\/schema.org\",\"@graph\":[{\"@type\":\"WebPage\",\"@id\":\"https:\\\/\\\/www.beaucamping.com\\\/es\\\/camping-barato-pyrenees\\\/\",\"url\":\"https:\\\/\\\/www.beaucamping.com\\\/es\\\/camping-barato-pyrenees\\\/\",\"name\":\"Camping barato Pirineos | Camping al mejor precio en Navarrenx (64)\",\"isPartOf\":{\"@id\":\"https:\\\/\\\/www.beaucamping.com\\\/es\\\/#website\"},\"primaryImageOfPage\":{\"@id\":\"https:\\\/\\\/www.beaucamping.com\\\/es\\\/camping-barato-pyrenees\\\/#primaryimage\"},\"image\":{\"@id\":\"https:\\\/\\\/www.beaucamping.com\\\/es\\\/camping-barato-pyrenees\\\/#primaryimage\"},\"thumbnailUrl\":\"https:\\\/\\\/www.beaucamping.com\\\/wp-content\\\/uploads\\\/2022\\\/02\\\/20200805_110320.jpg\",\"datePublished\":\"2022-01-14T14:42:17+00:00\",\"dateModified\":\"2024-04-18T15:56:10+00:00\",\"breadcrumb\":{\"@id\":\"https:\\\/\\\/www.beaucamping.com\\\/es\\\/camping-barato-pyrenees\\\/#breadcrumb\"},\"inLanguage\":\"es\",\"potentialAction\":[{\"@type\":\"ReadAction\",\"target\":[\"https:\\\/\\\/www.beaucamping.com\\\/es\\\/camping-barato-pyrenees\\\/\"]}]},{\"@type\":\"ImageObject\",\"inLanguage\":\"es\",\"@id\":\"https:\\\/\\\/www.beaucamping.com\\\/es\\\/camping-barato-pyrenees\\\/#primaryimage\",\"url\":\"https:\\\/\\\/www.beaucamping.com\\\/wp-content\\\/uploads\\\/2022\\\/02\\\/20200805_110320.jpg\",\"contentUrl\":\"https:\\\/\\\/www.beaucamping.com\\\/wp-content\\\/uploads\\\/2022\\\/02\\\/20200805_110320.jpg\",\"width\":1900,\"height\":700,\"caption\":\"camping navarrenx promos\"},{\"@type\":\"BreadcrumbList\",\"@id\":\"https:\\\/\\\/www.beaucamping.com\\\/es\\\/camping-barato-pyrenees\\\/#breadcrumb\",\"itemListElement\":[{\"@type\":\"ListItem\",\"position\":1,\"name\":\"Camping B\u00e9arn\",\"item\":\"https:\\\/\\\/www.beaucamping.com\\\/es\\\/\"},{\"@type\":\"ListItem\",\"position\":2,\"name\":\"Camping barato cerca de Pau\"}]},{\"@type\":\"WebSite\",\"@id\":\"https:\\\/\\\/www.beaucamping.com\\\/es\\\/#website\",\"url\":\"https:\\\/\\\/www.beaucamping.com\\\/es\\\/\",\"name\":\"Camping Beau Rivage\",\"description\":\"\",\"publisher\":{\"@id\":\"https:\\\/\\\/www.beaucamping.com\\\/es\\\/#organization\"},\"potentialAction\":[{\"@type\":\"SearchAction\",\"target\":{\"@type\":\"EntryPoint\",\"urlTemplate\":\"https:\\\/\\\/www.beaucamping.com\\\/es\\\/?s={search_term_string}\"},\"query-input\":{\"@type\":\"PropertyValueSpecification\",\"valueRequired\":true,\"valueName\":\"search_term_string\"}}],\"inLanguage\":\"es\"},{\"@type\":\"Organization\",\"@id\":\"https:\\\/\\\/www.beaucamping.com\\\/es\\\/#organization\",\"name\":\"Camping Beau Rivage\",\"url\":\"https:\\\/\\\/www.beaucamping.com\\\/es\\\/\",\"logo\":{\"@type\":\"ImageObject\",\"inLanguage\":\"es\",\"@id\":\"https:\\\/\\\/www.beaucamping.com\\\/es\\\/#\\\/schema\\\/logo\\\/image\\\/\",\"url\":\"https:\\\/\\\/www.beaucamping.com\\\/wp-content\\\/uploads\\\/2022\\\/02\\\/logo-vert.jpg\",\"contentUrl\":\"https:\\\/\\\/www.beaucamping.com\\\/wp-content\\\/uploads\\\/2022\\\/02\\\/logo-vert.jpg\",\"width\":363,\"height\":169,\"caption\":\"Camping Beau Rivage\"},\"image\":{\"@id\":\"https:\\\/\\\/www.beaucamping.com\\\/es\\\/#\\\/schema\\\/logo\\\/image\\\/\"}}]}<\/script>\n<!-- \/ Yoast SEO plugin. -->","yoast_head_json":{"title":"Camping barato Pirineos | Camping al mejor precio en Navarrenx (64)","robots":{"index":"index","follow":"follow","max-snippet":"max-snippet:-1","max-image-preview":"max-image-preview:large","max-video-preview":"max-video-preview:-1"},"canonical":"https:\/\/www.beaucamping.com\/es\/camping-barato-pyrenees\/","og_locale":"es_ES","og_type":"article","og_title":"Camping barato Pirineos | Camping al mejor precio en Navarrenx (64)","og_url":"https:\/\/www.beaucamping.com\/es\/camping-barato-pyrenees\/","og_site_name":"Camping Beau Rivage","article_modified_time":"2024-04-18T15:56:10+00:00","og_image":[{"width":1900,"height":700,"url":"https:\/\/www.beaucamping.com\/wp-content\/uploads\/2022\/02\/20200805_110320.jpg","type":"image\/jpeg"}],"twitter_card":"summary_large_image","twitter_misc":{"Tiempo de lectura":"4 minutos"},"schema":{"@context":"https:\/\/schema.org","@graph":[{"@type":"WebPage","@id":"https:\/\/www.beaucamping.com\/es\/camping-barato-pyrenees\/","url":"https:\/\/www.beaucamping.com\/es\/camping-barato-pyrenees\/","name":"Camping barato Pirineos | Camping al mejor precio en Navarrenx (64)","isPartOf":{"@id":"https:\/\/www.beaucamping.com\/es\/#website"},"primaryImageOfPage":{"@id":"https:\/\/www.beaucamping.com\/es\/camping-barato-pyrenees\/#primaryimage"},"image":{"@id":"https:\/\/www.beaucamping.com\/es\/camping-barato-pyrenees\/#primaryimage"},"thumbnailUrl":"https:\/\/www.beaucamping.com\/wp-content\/uploads\/2022\/02\/20200805_110320.jpg","datePublished":"2022-01-14T14:42:17+00:00","dateModified":"2024-04-18T15:56:10+00:00","breadcrumb":{"@id":"https:\/\/www.beaucamping.com\/es\/camping-barato-pyrenees\/#breadcrumb"},"inLanguage":"es","potentialAction":[{"@type":"ReadAction","target":["https:\/\/www.beaucamping.com\/es\/camping-barato-pyrenees\/"]}]},{"@type":"ImageObject","inLanguage":"es","@id":"https:\/\/www.beaucamping.com\/es\/camping-barato-pyrenees\/#primaryimage","url":"https:\/\/www.beaucamping.com\/wp-content\/uploads\/2022\/02\/20200805_110320.jpg","contentUrl":"https:\/\/www.beaucamping.com\/wp-content\/uploads\/2022\/02\/20200805_110320.jpg","width":1900,"height":700,"caption":"camping navarrenx promos"},{"@type":"BreadcrumbList","@id":"https:\/\/www.beaucamping.com\/es\/camping-barato-pyrenees\/#breadcrumb","itemListElement":[{"@type":"ListItem","position":1,"name":"Camping B\u00e9arn","item":"https:\/\/www.beaucamping.com\/es\/"},{"@type":"ListItem","position":2,"name":"Camping barato cerca de Pau"}]},{"@type":"WebSite","@id":"https:\/\/www.beaucamping.com\/es\/#website","url":"https:\/\/www.beaucamping.com\/es\/","name":"Camping Beau Rivage","description":"","publisher":{"@id":"https:\/\/www.beaucamping.com\/es\/#organization"},"potentialAction":[{"@type":"SearchAction","target":{"@type":"EntryPoint","urlTemplate":"https:\/\/www.beaucamping.com\/es\/?s={search_term_string}"},"query-input":{"@type":"PropertyValueSpecification","valueRequired":true,"valueName":"search_term_string"}}],"inLanguage":"es"},{"@type":"Organization","@id":"https:\/\/www.beaucamping.com\/es\/#organization","name":"Camping Beau Rivage","url":"https:\/\/www.beaucamping.com\/es\/","logo":{"@type":"ImageObject","inLanguage":"es","@id":"https:\/\/www.beaucamping.com\/es\/#\/schema\/logo\/image\/","url":"https:\/\/www.beaucamping.com\/wp-content\/uploads\/2022\/02\/logo-vert.jpg","contentUrl":"https:\/\/www.beaucamping.com\/wp-content\/uploads\/2022\/02\/logo-vert.jpg","width":363,"height":169,"caption":"Camping Beau Rivage"},"image":{"@id":"https:\/\/www.beaucamping.com\/es\/#\/schema\/logo\/image\/"}}]}},"_links":{"self":[{"href":"https:\/\/www.beaucamping.com\/es\/wp-json\/wp\/v2\/pages\/2566","targetHints":{"allow":["GET"]}}],"collection":[{"href":"https:\/\/www.beaucamping.com\/es\/wp-json\/wp\/v2\/pages"}],"about":[{"href":"https:\/\/www.beaucamping.com\/es\/wp-json\/wp\/v2\/types\/page"}],"author":[{"embeddable":true,"href":"https:\/\/www.beaucamping.com\/es\/wp-json\/wp\/v2\/users\/1"}],"replies":[{"embeddable":true,"href":"https:\/\/www.beaucamping.com\/es\/wp-json\/wp\/v2\/comments?post=2566"}],"version-history":[{"count":10,"href":"https:\/\/www.beaucamping.com\/es\/wp-json\/wp\/v2\/pages\/2566\/revisions"}],"predecessor-version":[{"id":4869,"href":"https:\/\/www.beaucamping.com\/es\/wp-json\/wp\/v2\/pages\/2566\/revisions\/4869"}],"wp:featuredmedia":[{"embeddable":true,"href":"https:\/\/www.beaucamping.com\/es\/wp-json\/wp\/v2\/media\/1355"}],"wp:attachment":[{"href":"https:\/\/www.beaucamping.com\/es\/wp-json\/wp\/v2\/media?parent=2566"}],"wp:term":[{"taxonomy":"sujet","embeddable":true,"href":"https:\/\/www.beaucamping.com\/es\/wp-json\/wp\/v2\/sujet?post=2566"}],"curies":[{"name":"wp","href":"https:\/\/api.w.org\/{rel}","templated":true}]}}