{"id":2540,"date":"2022-01-14T15:38:37","date_gmt":"2022-01-14T14:38:37","guid":{"rendered":"https:\/\/www.beaucamping.com\/camping-piscine-navarrenx\/"},"modified":"2022-06-14T14:33:21","modified_gmt":"2022-06-14T12:33:21","slug":"camping-piscina-navarrenx","status":"publish","type":"page","link":"https:\/\/www.beaucamping.com\/es\/camping-piscina-navarrenx\/","title":{"rendered":"Piscine"},"content":{"rendered":"<section id=\"ls-section-block_61ee4fe35ef5f\" class=\"ls-section  page-one\" >\r\n        <div class=\"container container--wide\">\r\n        \n\n<h1 class=\"ls__heading has-text-align-center wp-block-heading\" id=\"camping-avec-piscine-chauffee-naturellement-pres-de-pau\">Camping con piscina climatizada naturalmente cerca de Pau<\/h1>\n\n\n\n<div class=\"wp-block-columns are-vertically-aligned-center is-layout-flex wp-container-core-columns-is-layout-9d6595d7 wp-block-columns-is-layout-flex\">\n<div class=\"wp-block-column is-vertically-aligned-center is-layout-flow wp-block-column-is-layout-flow\" style=\"flex-basis:40%\">\n<h2 class=\"ls-heading wp-block-heading\" id=\"notre-piscine-a-navarrenx\">&nbsp;La piscina de Navarrenx<\/h2>\n\n\n\n<p class=\"ls-paragraph\">Venga a disfrutar de la piscina del camping, <a href=\"\/es\/\">idealmente situado en Navarrenx<\/a>, a 40 km de Pau.&nbsp;<br><br>Abierto de 9 a 21 horas, podr\u00e1 disfrutar de un ba\u00f1o al final del d\u00eda mientras saborea la belleza de una magn\u00edfica puesta de sol.<br><br>Aqu\u00ed no hay toboganes gigantes, juegos de agua ni trampolines, sino un espacio acogedor y relajante en un entorno verde. El lugar perfecto para leer o tomar el sol junto a la piscina en una de nuestras c\u00f3modas tumbonas.&nbsp;Para la seguridad de los ni\u00f1os, la piscina es accesible a trav\u00e9s de una puerta segura. En la recepci\u00f3n se pueden adquirir boyas y gafas. Estaremos encantados de prest\u00e1rselos.<br><br>La zona de la piscina est\u00e1 abierta de mayo a octubre para disfrutar de la hermosa temporada del B\u00e9arn. Se permite el uso de pantalones cortos de ba\u00f1o en la piscina.<\/p>\n\n\n\n<p class=\"ls-paragraph\">\u00bfNecesita m\u00e1s espacio? La piscina municipal de Navarrenx se encuentra justo enfrente del camping. Completamente renovado el a\u00f1o pasado, d\u00e9jese tentar por sus 3 piscinas y su sol\u00e1rium, as\u00ed como por los cursos para adultos y ni\u00f1os (entrada gratuita para los menores de 6 a\u00f1os).<\/p>\n\n\n\n<p class=\"ls-paragraph\">O refrescarse en el r\u00edo que bordea el camping, el Gave d&#8217;Oloron.<\/p>\n<\/div>\n\n\n\n<div class=\"wp-block-column is-vertically-aligned-center mozaique is-layout-flow wp-block-column-is-layout-flow\" style=\"flex-basis:60%\">\n<div class=\"wp-block-columns is-layout-flex wp-container-core-columns-is-layout-9d6595d7 wp-block-columns-is-layout-flex\">\n<div class=\"wp-block-column is-layout-flow wp-block-column-is-layout-flow\" style=\"flex-basis:66.66%\">\n<figure class=\"wp-block-image size-full\"><a href=\"https:\/\/www.beaucamping.com\/wp-content\/uploads\/2022\/01\/camping-beau-rivage-piscine-navarrenx-1.jpg\"><img decoding=\"async\" src=\"https:\/\/www.beaucamping.com\/wp-content\/uploads\/2022\/01\/camping-beau-rivage-piscine-navarrenx-1.jpg\" alt=\"camping beaurivage piscina climatizada\" class=\"wp-image-469\"\/><\/a><\/figure>\n<\/div>\n\n\n\n<div class=\"wp-block-column is-layout-flow wp-block-column-is-layout-flow\" style=\"flex-basis:33.33%\">\n<figure class=\"wp-block-image size-full\"><a href=\"https:\/\/www.beaucamping.com\/wp-content\/uploads\/2022\/01\/camping-beau-rivage-piscine-bearn.jpg\"><img decoding=\"async\" width=\"780\" height=\"438\" src=\"https:\/\/www.beaucamping.com\/wp-content\/uploads\/2022\/01\/camping-beau-rivage-piscine-bearn.jpg\" alt=\"camping beau rivage piscine bearn\" class=\"wp-image-474\" srcset=\"https:\/\/www.beaucamping.com\/wp-content\/uploads\/2022\/01\/camping-beau-rivage-piscine-bearn.jpg 780w, https:\/\/www.beaucamping.com\/wp-content\/uploads\/2022\/01\/camping-beau-rivage-piscine-bearn-300x168.jpg 300w, https:\/\/www.beaucamping.com\/wp-content\/uploads\/2022\/01\/camping-beau-rivage-piscine-bearn-150x84.jpg 150w, https:\/\/www.beaucamping.com\/wp-content\/uploads\/2022\/01\/camping-beau-rivage-piscine-bearn-768x431.jpg 768w\" sizes=\"(max-width: 780px) 100vw, 780px\" \/><\/a><\/figure>\n<\/div>\n<\/div>\n\n\n\n<div class=\"wp-block-columns is-layout-flex wp-container-core-columns-is-layout-9d6595d7 wp-block-columns-is-layout-flex\">\n<div class=\"wp-block-column is-layout-flow wp-block-column-is-layout-flow\" style=\"flex-basis:33.33%\">\n<figure class=\"wp-block-image size-full\"><a href=\"https:\/\/www.beaucamping.com\/wp-content\/uploads\/2022\/01\/camping-beau-rivage-piscine-famille.jpg\"><img decoding=\"async\" width=\"716\" height=\"477\" src=\"https:\/\/www.beaucamping.com\/wp-content\/uploads\/2022\/01\/camping-beau-rivage-piscine-famille.jpg\" alt=\"camping beau rivage piscine famille\" class=\"wp-image-477\" srcset=\"https:\/\/www.beaucamping.com\/wp-content\/uploads\/2022\/01\/camping-beau-rivage-piscine-famille.jpg 716w, https:\/\/www.beaucamping.com\/wp-content\/uploads\/2022\/01\/camping-beau-rivage-piscine-famille-300x200.jpg 300w, https:\/\/www.beaucamping.com\/wp-content\/uploads\/2022\/01\/camping-beau-rivage-piscine-famille-150x100.jpg 150w\" sizes=\"(max-width: 716px) 100vw, 716px\" \/><\/a><\/figure>\n<\/div>\n\n\n\n<div class=\"wp-block-column is-layout-flow wp-block-column-is-layout-flow\" style=\"flex-basis:66.66%\">\n<figure class=\"wp-block-image size-full\"><a href=\"https:\/\/www.beaucamping.com\/wp-content\/uploads\/2022\/01\/camping-beau-rivage-piscine-bearn-enfants.jpg\"><img decoding=\"async\" width=\"675\" height=\"506\" src=\"https:\/\/www.beaucamping.com\/wp-content\/uploads\/2022\/01\/camping-beau-rivage-piscine-bearn-enfants.jpg\" alt=\"camping beau rivage piscine bearn enfants\" class=\"wp-image-480\" srcset=\"https:\/\/www.beaucamping.com\/wp-content\/uploads\/2022\/01\/camping-beau-rivage-piscine-bearn-enfants.jpg 675w, https:\/\/www.beaucamping.com\/wp-content\/uploads\/2022\/01\/camping-beau-rivage-piscine-bearn-enfants-300x225.jpg 300w, https:\/\/www.beaucamping.com\/wp-content\/uploads\/2022\/01\/camping-beau-rivage-piscine-bearn-enfants-150x112.jpg 150w\" sizes=\"(max-width: 675px) 100vw, 675px\" \/><\/a><\/figure>\n<\/div>\n<\/div>\n<\/div>\n<\/div>\n\n\r\n    <\/div>\r\n<\/section>\n\n<section id=\"ls-section-block_61ee5895f01c3\" class=\"ls-section  home-fourth page-two\" >\r\n        <div class=\"container container--full\">\r\n        \n\n<div class=\"wp-block-columns is-layout-flex wp-container-core-columns-is-layout-9d6595d7 wp-block-columns-is-layout-flex\">\n<div class=\"wp-block-column is-vertically-aligned-center is-layout-flow wp-block-column-is-layout-flow\" style=\"flex-basis:40%\">\n<h2 class=\"ls-heading wp-block-heading\" id=\"piscine-avec-bains-de-soleil-proche-de-pau\">Piscina con solarium cerca de Pau<\/h2>\n\n\n\n<p class=\"ls-paragraph\">Para tomar el sol, disfrute de la c\u00f3moda zona para tomar el sol de nuestro sol\u00e1rium, que est\u00e1 disponible junto a la piscina.<br><br>\u00bfQuiere leer o relajarse al sol? Tambi\u00e9n hay sombrillas a lo largo de la piscina.&nbsp;<br><br>Hay un minimercado a 5 minutos a pie, por si necesitas crema solar.<\/p>\n<\/div>\n\n\n\n<div class=\"wp-block-column is-layout-flow wp-block-column-is-layout-flow\" style=\"flex-basis:60%\">\n<figure class=\"wp-block-image size-large\"><img decoding=\"async\" width=\"1024\" height=\"867\" src=\"https:\/\/www.beaucamping.com\/wp-content\/uploads\/2022\/03\/camping-piscine-bearn-1-1024x867.jpg\" alt=\"camping piscine bearn\" class=\"wp-image-2316\" srcset=\"https:\/\/www.beaucamping.com\/wp-content\/uploads\/2022\/03\/camping-piscine-bearn-1-1024x867.jpg 1024w, https:\/\/www.beaucamping.com\/wp-content\/uploads\/2022\/03\/camping-piscine-bearn-1-300x254.jpg 300w, https:\/\/www.beaucamping.com\/wp-content\/uploads\/2022\/03\/camping-piscine-bearn-1-768x650.jpg 768w, https:\/\/www.beaucamping.com\/wp-content\/uploads\/2022\/03\/camping-piscine-bearn-1.jpg 1110w\" sizes=\"(max-width: 1024px) 100vw, 1024px\" \/><\/figure>\n<\/div>\n<\/div>\n\n\r\n    <\/div>\r\n<\/section>\n\n<section id=\"ls-section-block_61ee5ac5f01c5\" class=\"ls-section  page-three\" >\r\n        <div class=\"container container--wide\">\r\n        \n\n<div class=\"wp-block-columns is-layout-flex wp-container-core-columns-is-layout-9d6595d7 wp-block-columns-is-layout-flex\">\n<div class=\"wp-block-column is-layout-flow wp-block-column-is-layout-flow\" style=\"flex-basis:55%\">\n<div class=\"wp-block-columns is-layout-flex wp-container-core-columns-is-layout-9d6595d7 wp-block-columns-is-layout-flex\">\n<div class=\"wp-block-column is-layout-flow wp-block-column-is-layout-flow\">\n<figure class=\"wp-block-image size-full\"><img decoding=\"async\" width=\"780\" height=\"438\" src=\"https:\/\/www.beaucamping.com\/wp-content\/uploads\/2022\/01\/camping-beau-rivage-piscine-navarrenx.jpg\" alt=\"camping beaurivage piscina climatizada\" class=\"wp-image-459\" srcset=\"https:\/\/www.beaucamping.com\/wp-content\/uploads\/2022\/01\/camping-beau-rivage-piscine-navarrenx.jpg 780w, https:\/\/www.beaucamping.com\/wp-content\/uploads\/2022\/01\/camping-beau-rivage-piscine-navarrenx-300x168.jpg 300w, https:\/\/www.beaucamping.com\/wp-content\/uploads\/2022\/01\/camping-beau-rivage-piscine-navarrenx-150x84.jpg 150w, https:\/\/www.beaucamping.com\/wp-content\/uploads\/2022\/01\/camping-beau-rivage-piscine-navarrenx-768x431.jpg 768w\" sizes=\"(max-width: 780px) 100vw, 780px\" \/><\/figure>\n<\/div>\n<\/div>\n<\/div>\n\n\n\n<div class=\"wp-block-column is-vertically-aligned-center is-layout-flow wp-block-column-is-layout-flow\" style=\"flex-basis:45%\">\n<h2 class=\"ls-heading wp-block-heading\" id=\"camping-avec-piscine-ideal-apres-une-journee-de-visite-du-bearn\">Camping con piscina, ideal despu\u00e9s de un d\u00eda de visita a Bearn<\/h2>\n\n\n\n<p class=\"ls-paragraph\">Despu\u00e9s de d\u00edas de escalada en los id\u00edlicos paisajes de B\u00e9arn, el Pa\u00eds Vasco o los Pirineos, podr\u00e1 relajarse en nuestra piscina de agua. Nada mejor para recuperar la forma antes de nuevas aventuras en B\u00e9arn, el Pa\u00eds Vasco o la monta\u00f1a.<br><br>El agua se calienta de forma natural por el sol y tiene la temperatura ideal para nadar o hacer vueltas deportivas.<\/p>\n<\/div>\n<\/div>\n\n\r\n    <\/div>\r\n<\/section>\n\n<section id=\"ls-section-block_61ee5d53f01c6\" class=\"ls-section  page-four\" >\r\n        <div class=\"container container--wide\">\r\n        \n\n<h2 class=\"ls-heading wp-block-heading\" id=\"infos-pratiques\">Informaci\u00f3n pr\u00e1ctica<\/h2>\n\n\n\n<ul class=\"ls-list wp-block-list\"><li>La piscina consiste en una gran piscina de 15m x 8m. La profundidad de la piscina var\u00eda entre 1 m y 1,50 m.&nbsp;<\/li><li>Horario de la piscina: de 9 a 21 horas.&nbsp;<\/li><li>La piscina est\u00e1 abierta de mediados de abril a octubre.<\/li><li>Se permite el uso de pantalones cortos de ba\u00f1o.&nbsp;<\/li><li>Si le faltan gafas de nataci\u00f3n o boyas, solic\u00edtelas en recepci\u00f3n y estaremos encantados de prest\u00e1rselas.<\/li><\/ul>\n\n\r\n    <\/div>\r\n<\/section>\n\n<section id=\"ls-section-block_61f02bbebb62d\" class=\"ls-section  avis-pages\" >\r\n        <div class=\"container container--wide\">\r\n        \n\n<div id=\"ls-heading ls-titre-div-block_620e06ffa9d3e\" class=\"ls-titre-div aligncenter h2-like\" >\n    Las opiniones de la piscina<\/div>\n\n\n<div class=\"slider slider-avis-pages\"><div class=\"slide\"><div class=\"slide_titre\">Stephane<\/div><div class=\"slide_note\">\n                        <img decoding=\"async\" src=\"\/wp-content\/uploads\/2022\/03\/avis-camping.png\" class=\"note-img\" alt=\"avis camping beau rivage\" \/>\n                    <\/div><div class=\"slide_contenu\"><p>Un camping a poca distancia del centro de la ciudad.<br \/>\nMuy limpio y bien florecido.<br \/>\n<strong>Hermosa piscina y una bienvenida muy sincera.<\/strong><br \/>\nBravo, volveremos sin dudarlo<\/p>\n<\/div><\/div><div class=\"slide\"><div class=\"slide_titre\">Isabelle et Daniel<\/div><div class=\"slide_note\">\n                        <img decoding=\"async\" src=\"\/wp-content\/uploads\/2022\/03\/avis-camping.png\" class=\"note-img\" alt=\"avis camping beau rivage\" \/>\n                    <\/div><div class=\"slide_contenu\"><p>Vinimos en pareja en un chalet del 7\/08 al 14\/08\/21. <strong>Tuvimos una excelente y relajante estancia en este camping muy bien gestionado con una hermosa piscina.<\/strong> Una agradable bienvenida. Navarrenx es un hermoso pueblo para descubrir.<\/p>\n<\/div><\/div><div class=\"slide\"><div class=\"slide_titre\">Eric<\/div><div class=\"slide_note\">\n                        <img decoding=\"async\" src=\"\/wp-content\/uploads\/2022\/03\/avis-camping.png\" class=\"note-img\" alt=\"avis camping beau rivage\" \/>\n                    <\/div><div class=\"slide_contenu\"><p>Muy bonito lugar de una limpieza ejemplar de los sanitarios digno de un 5 estrellas de una amabilidad notable al servicio de sus clientes ha recomendado realmente un mantenimiento permanente y una piscina magn\u00edfica bravo tiene todo el equipo y gracias para esta recepci\u00f3n de sue\u00f1o<\/p>\n<\/div><\/div><\/div>\n\n\r\n    <\/div>\r\n<\/section>\n\n<section id=\"ls-section-block_61f24cc21ae9c\" class=\"ls-section  page-five\" >\r\n        <div class=\"container container--wide\">\r\n        \n\n<div id=\"ls-heading ls-titre-div-block_61f24d2b1ae9e\" class=\"ls-titre-div aligncenter h2-like\" >\n    Descubra los dem\u00e1s servicios de nuestro camping en Navarrenx<\/div>\n\n\n\n<div class=\"wp-block-columns is-layout-flex wp-container-core-columns-is-layout-9d6595d7 wp-block-columns-is-layout-flex\">\n<div class=\"wp-block-column is-layout-flow wp-block-column-is-layout-flow\"><div id=\"ls-maillage-block_61f24e751aea1\" class=\"ls-maillage cta-style-normal\" data-rows=\"3\">\r\n    <div class=\"wp-block-columns\"><div class=\"wp-block-column\">\n\n<a href=\"https:\/\/www.beaucamping.com\/es\/camping-familiar-navarrenx\/\" target=\"\" rel=\"noopener\" class=\"ls-cta__link\">\n\n\t<div class=\"ls-cta__image\"><img decoding=\"async\" src=\"https:\/\/www.beaucamping.com\/wp-content\/uploads\/2022\/02\/concert-camping-navarrenx.jpg\" alt=\"concert camping navarrenx\"><\/div>\n\t<div class=\"ls-cta__title\">\n\t\tServicios y actividades\t<\/div>\n\n\t\t\n<\/a><\/div><\/div><\/div><\/div>\n\n\n\n<div class=\"wp-block-column is-layout-flow wp-block-column-is-layout-flow\"><div id=\"ls-maillage-block_61f24ef61aea3\" class=\"ls-maillage cta-style-normal\" data-rows=\"3\">\r\n    <div class=\"wp-block-columns\"><div class=\"wp-block-column\">\n\n<a href=\"https:\/\/www.beaucamping.com\/es\/camping-guardando-navarrenx\/\" target=\"\" rel=\"noopener\" class=\"ls-cta__link\">\n\n\t<div class=\"ls-cta__image\"><img decoding=\"async\" src=\"https:\/\/www.beaucamping.com\/wp-content\/uploads\/2022\/02\/Gardiennage-camping-navarrenx-768x512.jpg\" alt=\"gardiennage camping navarrenx\"><\/div>\n\t<div class=\"ls-cta__title\">\n\t\tSeguridad, aparcamiento cubierto para sus caravanas\t<\/div>\n\n\t\t\n<\/a><\/div><\/div><\/div><\/div>\n\n\n\n<div class=\"wp-block-column is-layout-flow wp-block-column-is-layout-flow\"><div id=\"ls-maillage-block_61f24ef81aea4\" class=\"ls-maillage cta-style-normal\" data-rows=\"3\">\r\n    <div class=\"wp-block-columns\"><div class=\"wp-block-column\">\n\n<a href=\"https:\/\/www.beaucamping.com\/es\/alquiler-cabana-navarrenx\/\" target=\"\" rel=\"noopener\" class=\"ls-cta__link\">\n\n\t<div class=\"ls-cta__image\"><img decoding=\"async\" src=\"https:\/\/www.beaucamping.com\/wp-content\/uploads\/2022\/02\/location-chalet-bearn.jpg\" alt=\"location chalet bearn\"><\/div>\n\t<div class=\"ls-cta__title\">\n\t\tChalets\t<\/div>\n\n\t\t\n<\/a><\/div><\/div><\/div><\/div>\n<\/div>\n\n\r\n    <\/div>\r\n<\/section>","protected":false},"excerpt":{"rendered":"","protected":false},"author":1,"featured_media":1956,"parent":0,"menu_order":0,"comment_status":"closed","ping_status":"closed","template":"","meta":{"_acf_changed":false,"footnotes":""},"sujet":[],"class_list":["post-2540","page","type-page","status-publish","has-post-thumbnail","hentry"],"acf":[],"yoast_head":"<!-- This site is optimized with the Yoast SEO plugin v25.3 - https:\/\/yoast.com\/wordpress\/plugins\/seo\/ -->\n<title>Camping piscina Navarrenx, cerca de Pau | Piscina del camping Pirineos<\/title>\n<meta name=\"description\" content=\"St\u00e9phane &amp; Clara se complacen en darle la bienvenida al Camping Beau Rivage con piscina Pyr\u00e9n\u00e9es Atlantiques.\" \/>\n<meta name=\"robots\" content=\"index, follow, max-snippet:-1, max-image-preview:large, max-video-preview:-1\" \/>\n<link rel=\"canonical\" href=\"https:\/\/www.beaucamping.com\/es\/camping-piscina-navarrenx\/\" \/>\n<meta property=\"og:locale\" content=\"es_ES\" \/>\n<meta property=\"og:type\" content=\"article\" \/>\n<meta property=\"og:title\" content=\"Camping piscina Navarrenx, cerca de Pau | Piscina del camping Pirineos\" \/>\n<meta property=\"og:description\" content=\"St\u00e9phane &amp; Clara se complacen en darle la bienvenida al Camping Beau Rivage con piscina Pyr\u00e9n\u00e9es Atlantiques.\" \/>\n<meta property=\"og:url\" content=\"https:\/\/www.beaucamping.com\/es\/camping-piscina-navarrenx\/\" \/>\n<meta property=\"og:site_name\" content=\"Camping Beau Rivage\" \/>\n<meta property=\"article:modified_time\" content=\"2022-06-14T12:33:21+00:00\" \/>\n<meta property=\"og:image\" content=\"https:\/\/www.beaucamping.com\/wp-content\/uploads\/2022\/02\/piscine-camping-navarrenx.jpg\" \/>\n\t<meta property=\"og:image:width\" content=\"1900\" \/>\n\t<meta property=\"og:image:height\" content=\"700\" \/>\n\t<meta property=\"og:image:type\" content=\"image\/jpeg\" \/>\n<meta name=\"twitter:card\" content=\"summary_large_image\" \/>\n<meta name=\"twitter:label1\" content=\"Tiempo de lectura\" \/>\n\t<meta name=\"twitter:data1\" content=\"4 minutos\" \/>\n<script type=\"application\/ld+json\" class=\"yoast-schema-graph\">{\"@context\":\"https:\/\/schema.org\",\"@graph\":[{\"@type\":\"WebPage\",\"@id\":\"https:\/\/www.beaucamping.com\/es\/camping-piscina-navarrenx\/\",\"url\":\"https:\/\/www.beaucamping.com\/es\/camping-piscina-navarrenx\/\",\"name\":\"Camping piscina Navarrenx, cerca de Pau | Piscina del camping Pirineos\",\"isPartOf\":{\"@id\":\"https:\/\/www.beaucamping.com\/es\/#website\"},\"primaryImageOfPage\":{\"@id\":\"https:\/\/www.beaucamping.com\/es\/camping-piscina-navarrenx\/#primaryimage\"},\"image\":{\"@id\":\"https:\/\/www.beaucamping.com\/es\/camping-piscina-navarrenx\/#primaryimage\"},\"thumbnailUrl\":\"https:\/\/www.beaucamping.com\/wp-content\/uploads\/2022\/02\/piscine-camping-navarrenx.jpg\",\"datePublished\":\"2022-01-14T14:38:37+00:00\",\"dateModified\":\"2022-06-14T12:33:21+00:00\",\"description\":\"St\u00e9phane & Clara se complacen en darle la bienvenida al Camping Beau Rivage con piscina Pyr\u00e9n\u00e9es Atlantiques.\",\"breadcrumb\":{\"@id\":\"https:\/\/www.beaucamping.com\/es\/camping-piscina-navarrenx\/#breadcrumb\"},\"inLanguage\":\"es\",\"potentialAction\":[{\"@type\":\"ReadAction\",\"target\":[\"https:\/\/www.beaucamping.com\/es\/camping-piscina-navarrenx\/\"]}]},{\"@type\":\"ImageObject\",\"inLanguage\":\"es\",\"@id\":\"https:\/\/www.beaucamping.com\/es\/camping-piscina-navarrenx\/#primaryimage\",\"url\":\"https:\/\/www.beaucamping.com\/wp-content\/uploads\/2022\/02\/piscine-camping-navarrenx.jpg\",\"contentUrl\":\"https:\/\/www.beaucamping.com\/wp-content\/uploads\/2022\/02\/piscine-camping-navarrenx.jpg\",\"width\":1900,\"height\":700,\"caption\":\"camping piscine navarrenx\"},{\"@type\":\"BreadcrumbList\",\"@id\":\"https:\/\/www.beaucamping.com\/es\/camping-piscina-navarrenx\/#breadcrumb\",\"itemListElement\":[{\"@type\":\"ListItem\",\"position\":1,\"name\":\"Camping B\u00e9arn\",\"item\":\"https:\/\/www.beaucamping.com\/es\/\"},{\"@type\":\"ListItem\",\"position\":2,\"name\":\"Camping con piscina en los Pirineos Atl\u00e1nticos\"}]},{\"@type\":\"WebSite\",\"@id\":\"https:\/\/www.beaucamping.com\/es\/#website\",\"url\":\"https:\/\/www.beaucamping.com\/es\/\",\"name\":\"Camping Beau Rivage\",\"description\":\"\",\"publisher\":{\"@id\":\"https:\/\/www.beaucamping.com\/es\/#organization\"},\"potentialAction\":[{\"@type\":\"SearchAction\",\"target\":{\"@type\":\"EntryPoint\",\"urlTemplate\":\"https:\/\/www.beaucamping.com\/es\/?s={search_term_string}\"},\"query-input\":{\"@type\":\"PropertyValueSpecification\",\"valueRequired\":true,\"valueName\":\"search_term_string\"}}],\"inLanguage\":\"es\"},{\"@type\":\"Organization\",\"@id\":\"https:\/\/www.beaucamping.com\/es\/#organization\",\"name\":\"Camping Beau Rivage\",\"url\":\"https:\/\/www.beaucamping.com\/es\/\",\"logo\":{\"@type\":\"ImageObject\",\"inLanguage\":\"es\",\"@id\":\"https:\/\/www.beaucamping.com\/es\/#\/schema\/logo\/image\/\",\"url\":\"https:\/\/www.beaucamping.com\/wp-content\/uploads\/2022\/02\/logo-vert.jpg\",\"contentUrl\":\"https:\/\/www.beaucamping.com\/wp-content\/uploads\/2022\/02\/logo-vert.jpg\",\"width\":363,\"height\":169,\"caption\":\"Camping Beau Rivage\"},\"image\":{\"@id\":\"https:\/\/www.beaucamping.com\/es\/#\/schema\/logo\/image\/\"}}]}<\/script>\n<!-- \/ Yoast SEO plugin. -->","yoast_head_json":{"title":"Camping piscina Navarrenx, cerca de Pau | Piscina del camping Pirineos","description":"St\u00e9phane & Clara se complacen en darle la bienvenida al Camping Beau Rivage con piscina Pyr\u00e9n\u00e9es Atlantiques.","robots":{"index":"index","follow":"follow","max-snippet":"max-snippet:-1","max-image-preview":"max-image-preview:large","max-video-preview":"max-video-preview:-1"},"canonical":"https:\/\/www.beaucamping.com\/es\/camping-piscina-navarrenx\/","og_locale":"es_ES","og_type":"article","og_title":"Camping piscina Navarrenx, cerca de Pau | Piscina del camping Pirineos","og_description":"St\u00e9phane & Clara se complacen en darle la bienvenida al Camping Beau Rivage con piscina Pyr\u00e9n\u00e9es Atlantiques.","og_url":"https:\/\/www.beaucamping.com\/es\/camping-piscina-navarrenx\/","og_site_name":"Camping Beau Rivage","article_modified_time":"2022-06-14T12:33:21+00:00","og_image":[{"width":1900,"height":700,"url":"https:\/\/www.beaucamping.com\/wp-content\/uploads\/2022\/02\/piscine-camping-navarrenx.jpg","type":"image\/jpeg"}],"twitter_card":"summary_large_image","twitter_misc":{"Tiempo de lectura":"4 minutos"},"schema":{"@context":"https:\/\/schema.org","@graph":[{"@type":"WebPage","@id":"https:\/\/www.beaucamping.com\/es\/camping-piscina-navarrenx\/","url":"https:\/\/www.beaucamping.com\/es\/camping-piscina-navarrenx\/","name":"Camping piscina Navarrenx, cerca de Pau | Piscina del camping Pirineos","isPartOf":{"@id":"https:\/\/www.beaucamping.com\/es\/#website"},"primaryImageOfPage":{"@id":"https:\/\/www.beaucamping.com\/es\/camping-piscina-navarrenx\/#primaryimage"},"image":{"@id":"https:\/\/www.beaucamping.com\/es\/camping-piscina-navarrenx\/#primaryimage"},"thumbnailUrl":"https:\/\/www.beaucamping.com\/wp-content\/uploads\/2022\/02\/piscine-camping-navarrenx.jpg","datePublished":"2022-01-14T14:38:37+00:00","dateModified":"2022-06-14T12:33:21+00:00","description":"St\u00e9phane & Clara se complacen en darle la bienvenida al Camping Beau Rivage con piscina Pyr\u00e9n\u00e9es Atlantiques.","breadcrumb":{"@id":"https:\/\/www.beaucamping.com\/es\/camping-piscina-navarrenx\/#breadcrumb"},"inLanguage":"es","potentialAction":[{"@type":"ReadAction","target":["https:\/\/www.beaucamping.com\/es\/camping-piscina-navarrenx\/"]}]},{"@type":"ImageObject","inLanguage":"es","@id":"https:\/\/www.beaucamping.com\/es\/camping-piscina-navarrenx\/#primaryimage","url":"https:\/\/www.beaucamping.com\/wp-content\/uploads\/2022\/02\/piscine-camping-navarrenx.jpg","contentUrl":"https:\/\/www.beaucamping.com\/wp-content\/uploads\/2022\/02\/piscine-camping-navarrenx.jpg","width":1900,"height":700,"caption":"camping piscine navarrenx"},{"@type":"BreadcrumbList","@id":"https:\/\/www.beaucamping.com\/es\/camping-piscina-navarrenx\/#breadcrumb","itemListElement":[{"@type":"ListItem","position":1,"name":"Camping B\u00e9arn","item":"https:\/\/www.beaucamping.com\/es\/"},{"@type":"ListItem","position":2,"name":"Camping con piscina en los Pirineos Atl\u00e1nticos"}]},{"@type":"WebSite","@id":"https:\/\/www.beaucamping.com\/es\/#website","url":"https:\/\/www.beaucamping.com\/es\/","name":"Camping Beau Rivage","description":"","publisher":{"@id":"https:\/\/www.beaucamping.com\/es\/#organization"},"potentialAction":[{"@type":"SearchAction","target":{"@type":"EntryPoint","urlTemplate":"https:\/\/www.beaucamping.com\/es\/?s={search_term_string}"},"query-input":{"@type":"PropertyValueSpecification","valueRequired":true,"valueName":"search_term_string"}}],"inLanguage":"es"},{"@type":"Organization","@id":"https:\/\/www.beaucamping.com\/es\/#organization","name":"Camping Beau Rivage","url":"https:\/\/www.beaucamping.com\/es\/","logo":{"@type":"ImageObject","inLanguage":"es","@id":"https:\/\/www.beaucamping.com\/es\/#\/schema\/logo\/image\/","url":"https:\/\/www.beaucamping.com\/wp-content\/uploads\/2022\/02\/logo-vert.jpg","contentUrl":"https:\/\/www.beaucamping.com\/wp-content\/uploads\/2022\/02\/logo-vert.jpg","width":363,"height":169,"caption":"Camping Beau Rivage"},"image":{"@id":"https:\/\/www.beaucamping.com\/es\/#\/schema\/logo\/image\/"}}]}},"_links":{"self":[{"href":"https:\/\/www.beaucamping.com\/es\/wp-json\/wp\/v2\/pages\/2540","targetHints":{"allow":["GET"]}}],"collection":[{"href":"https:\/\/www.beaucamping.com\/es\/wp-json\/wp\/v2\/pages"}],"about":[{"href":"https:\/\/www.beaucamping.com\/es\/wp-json\/wp\/v2\/types\/page"}],"author":[{"embeddable":true,"href":"https:\/\/www.beaucamping.com\/es\/wp-json\/wp\/v2\/users\/1"}],"replies":[{"embeddable":true,"href":"https:\/\/www.beaucamping.com\/es\/wp-json\/wp\/v2\/comments?post=2540"}],"version-history":[{"count":14,"href":"https:\/\/www.beaucamping.com\/es\/wp-json\/wp\/v2\/pages\/2540\/revisions"}],"predecessor-version":[{"id":3420,"href":"https:\/\/www.beaucamping.com\/es\/wp-json\/wp\/v2\/pages\/2540\/revisions\/3420"}],"wp:featuredmedia":[{"embeddable":true,"href":"https:\/\/www.beaucamping.com\/es\/wp-json\/wp\/v2\/media\/1956"}],"wp:attachment":[{"href":"https:\/\/www.beaucamping.com\/es\/wp-json\/wp\/v2\/media?parent=2540"}],"wp:term":[{"taxonomy":"sujet","embeddable":true,"href":"https:\/\/www.beaucamping.com\/es\/wp-json\/wp\/v2\/sujet?post=2540"}],"curies":[{"name":"wp","href":"https:\/\/api.w.org\/{rel}","templated":true}]}}