{"id":2523,"date":"2022-01-14T15:43:32","date_gmt":"2022-01-14T14:43:32","guid":{"rendered":"https:\/\/www.beaucamping.com\/camping-pau\/"},"modified":"2022-06-14T14:33:11","modified_gmt":"2022-06-14T12:33:11","slug":"camping-pau","status":"publish","type":"page","link":"https:\/\/www.beaucamping.com\/es\/camping-pau\/","title":{"rendered":"Pau"},"content":{"rendered":"<section id=\"ls-section-block_61ee4fe35ef5f\" class=\"ls-section  page-one\" >\r\n        <div class=\"container container--wide\">\r\n        \n\n<h1 class=\"ls__heading has-text-align-center wp-block-heading\" id=\"camping-pres-de-pau\">Camping cerca de Pau<\/h1>\n\n\n\n<div class=\"wp-block-columns is-layout-flex wp-container-core-columns-is-layout-9d6595d7 wp-block-columns-is-layout-flex\">\n<div class=\"wp-block-column is-vertically-aligned-center mozaique is-layout-flow wp-block-column-is-layout-flow\" style=\"flex-basis:60%\">\n<div class=\"wp-block-columns is-layout-flex wp-container-core-columns-is-layout-9d6595d7 wp-block-columns-is-layout-flex\">\n<div class=\"wp-block-column is-layout-flow wp-block-column-is-layout-flow\" style=\"flex-basis:66.66%\">\n<figure class=\"wp-block-image size-full\"><a href=\"https:\/\/www.beaucamping.com\/wp-content\/uploads\/2022\/02\/pau-centre-ville-historique4210261.jpg\"><img decoding=\"async\" width=\"600\" height=\"400\" src=\"https:\/\/www.beaucamping.com\/wp-content\/uploads\/2022\/02\/pau-centre-ville-historique4210261.jpg\" alt=\"pau-centre ville historique\" class=\"wp-image-1571\" srcset=\"https:\/\/www.beaucamping.com\/wp-content\/uploads\/2022\/02\/pau-centre-ville-historique4210261.jpg 600w, https:\/\/www.beaucamping.com\/wp-content\/uploads\/2022\/02\/pau-centre-ville-historique4210261-300x200.jpg 300w, https:\/\/www.beaucamping.com\/wp-content\/uploads\/2022\/02\/pau-centre-ville-historique4210261-150x100.jpg 150w\" sizes=\"(max-width: 600px) 100vw, 600px\" \/><\/a><\/figure>\n<\/div>\n\n\n\n<div class=\"wp-block-column is-layout-flow wp-block-column-is-layout-flow\" style=\"flex-basis:33.33%\">\n<figure class=\"wp-block-image size-full\"><a href=\"https:\/\/www.beaucamping.com\/wp-content\/uploads\/2022\/02\/funiculaire-pau.jpg\"><img decoding=\"async\" width=\"730\" height=\"486\" src=\"https:\/\/www.beaucamping.com\/wp-content\/uploads\/2022\/02\/funiculaire-pau.jpg\" alt=\"funiculaire pau\" class=\"wp-image-2230\" srcset=\"https:\/\/www.beaucamping.com\/wp-content\/uploads\/2022\/02\/funiculaire-pau.jpg 730w, https:\/\/www.beaucamping.com\/wp-content\/uploads\/2022\/02\/funiculaire-pau-300x200.jpg 300w\" sizes=\"(max-width: 730px) 100vw, 730px\" \/><\/a><\/figure>\n<\/div>\n<\/div>\n\n\n\n<div class=\"wp-block-columns is-layout-flex wp-container-core-columns-is-layout-9d6595d7 wp-block-columns-is-layout-flex\">\n<div class=\"wp-block-column is-layout-flow wp-block-column-is-layout-flow\" style=\"flex-basis:33.33%\">\n<figure class=\"wp-block-image size-full\"><a href=\"https:\/\/www.beaucamping.com\/wp-content\/uploads\/2022\/02\/boulevard-des-pyrenees-pau.jpg\"><img decoding=\"async\" width=\"730\" height=\"486\" src=\"https:\/\/www.beaucamping.com\/wp-content\/uploads\/2022\/02\/boulevard-des-pyrenees-pau.jpg\" alt=\"boulevard des pyrenees pau\" class=\"wp-image-2227\" srcset=\"https:\/\/www.beaucamping.com\/wp-content\/uploads\/2022\/02\/boulevard-des-pyrenees-pau.jpg 730w, https:\/\/www.beaucamping.com\/wp-content\/uploads\/2022\/02\/boulevard-des-pyrenees-pau-300x200.jpg 300w\" sizes=\"(max-width: 730px) 100vw, 730px\" \/><\/a><\/figure>\n<\/div>\n\n\n\n<div class=\"wp-block-column is-layout-flow wp-block-column-is-layout-flow\" style=\"flex-basis:66.66%\">\n<figure class=\"wp-block-image size-full\"><a href=\"https:\/\/www.beaucamping.com\/wp-content\/uploads\/2022\/02\/camping-pau-1.jpg\"><img decoding=\"async\" width=\"730\" height=\"486\" src=\"https:\/\/www.beaucamping.com\/wp-content\/uploads\/2022\/02\/camping-pau-1.jpg\" alt=\"camping proche pau\" class=\"wp-image-2221\" srcset=\"https:\/\/www.beaucamping.com\/wp-content\/uploads\/2022\/02\/camping-pau-1.jpg 730w, https:\/\/www.beaucamping.com\/wp-content\/uploads\/2022\/02\/camping-pau-1-300x200.jpg 300w\" sizes=\"(max-width: 730px) 100vw, 730px\" \/><\/a><\/figure>\n<\/div>\n<\/div>\n<\/div>\n\n\n\n<div class=\"wp-block-column is-vertically-aligned-top is-layout-flow wp-block-column-is-layout-flow\" style=\"flex-basis:40%\">\n<h2 class=\"ls-heading wp-block-heading\" id=\"top-5-des-choses-a-voir-a-pau\">Las 5 mejores cosas que ver en Pau<\/h2>\n\n\n\n<h3 class=\"ls-heading wp-block-heading\" id=\"le-boulevard-des-pyrenees-de-pau\">El Bulevar de los Pirineos en Pau<\/h3>\n\n\n\n<p class=\"ls-paragraph\">A los pies de los Pirineos, a un paso del Oc\u00e9ano Atl\u00e1ntico y de Espa\u00f1a, la hermosa ciudad de Pau est\u00e1 <strong>a s\u00f3lo 40 minutos <\/strong>del <a href=\"\/es\/\">Camping Beau Rivage<\/a>. En una visita a Pau no puede faltar el bulevar, terminado en 1900, que ofrece una vista impresionante de los Pirineos.<\/p>\n\n\n\n<h3 class=\"ls-heading wp-block-heading\" id=\"le-funiculaire-de-pau\">El funicular de Pau<\/h3>\n\n\n\n<p class=\"ls-paragraph\">Si lo desea, podr\u00e1 admirar la <strong>cordillera de los Pirineos<\/strong> y descubrir la ciudad de forma original.<\/p>\n\n\n\n<h3 class=\"ls-heading wp-block-heading\" id=\"les-places-de-la-ville\">Plazas de la ciudad<\/h3>\n\n\n\n<p class=\"ls-paragraph\">Pasee por Pau y descubra las numerosas plazas de la ciudad, como la Place Royale, la Place Reine Marguerite y termine en la Place de Cl\u00e9menceau y su fuente Arts D\u00e9co.<\/p>\n\n\n\n<h3 class=\"ls-heading wp-block-heading\" id=\"eglise-saint-martin-de-pau\">Iglesia de San Mart\u00edn de Pau<\/h3>\n\n\n\n<p class=\"ls-paragraph\">Esta magn\u00edfica iglesia est\u00e1 <strong>catalogada como monumento hist\u00f3rico<\/strong> desde 2015.<\/p>\n\n\n\n<h3 class=\"ls-heading wp-block-heading\" id=\"tour-de-france\">Tour de Francia<\/h3>\n\n\n\n<p class=\"ls-paragraph\">Venga a ver el <strong>Tour de Francia en Pau<\/strong>, que es, despu\u00e9s de Par\u00eds y Burdeos, la ciudad m\u00e1s visitada por el Tour, debido a su ubicaci\u00f3n al pie de los puertos pirenaicos.<\/p>\n<\/div>\n<\/div>\n\n\r\n    <\/div>\r\n<\/section>\n\n<section id=\"ls-section-block_61ee5895f01c3\" class=\"ls-section  home-fourth page-two\" >\r\n        <div class=\"container container--full\">\r\n        \n\n<div class=\"wp-block-columns is-layout-flex wp-container-core-columns-is-layout-9d6595d7 wp-block-columns-is-layout-flex\">\n<div class=\"wp-block-column is-vertically-aligned-center is-layout-flow wp-block-column-is-layout-flow\" style=\"flex-basis:40%\">\n<h2 class=\"ls-heading wp-block-heading\" id=\"top-4-des-choses-a-faire-a-pau\">Las 4 mejores cosas que hacer en Pau<\/h2>\n\n\n\n<h3 class=\"ls-heading wp-block-heading\" id=\"pau-la-vieille-ville\">Pau : el casco antiguo<\/h3>\n\n\n\n<p class=\"ls-paragraph\">Pau: <strong>una ciudad a los pies de los Pirineos<\/strong>. D\u00e9jese llevar y explore esta ciudad llena de car\u00e1cter e historia: \u00a1Pau es la<strong> ciudad de Enrique IV<\/strong>!<\/p>\n\n\n\n<p class=\"ls-paragraph\">Haga una pausa gastron\u00f3mica en una de las muchas terrazas de la ciudad con <strong>vistas a nuestras monta\u00f1as<\/strong> y disfrute de una de nuestras especialidades de Bearn sin m\u00e1s.<\/p>\n\n\n\n<h3 class=\"ls-heading wp-block-heading\" id=\"le-chateau-de-pau\">El castillo de Pau<\/h3>\n\n\n\n<p class=\"ls-paragraph\">El <mark style=\"background-color:rgba(0, 0, 0, 0)\" class=\"has-inline-color has-color-2-color\"><span style=\"text-decoration: underline\" class=\"underline\">castillo de Pau<\/span><\/mark> fue el lugar de nacimiento del rey Enrique IV. Su visita terminar\u00e1 en los jardines renacentistas y el <strong>parque del castillo<\/strong>, donde podr\u00e1 disfrutar de la vista sobre la ciudad y el Gave.<\/p>\n\n\n\n<h3 class=\"ls-heading wp-block-heading\" id=\"la-gastronomie\">Gastronom\u00eda<\/h3>\n\n\n\n<p class=\"ls-paragraph\">En B\u00e9arn, lo <strong>importante es la calidad del producto<\/strong>. Venga a degustar nuestras especialidades culinarias: foie gras, jam\u00f3n, magret de pato y pato confitado, queso de oveja elaborado con amor por nuestros artesanos y <strong>reconocido en todo el mundo<\/strong>.<\/p>\n\n\n\n<h3 class=\"ls-heading wp-block-heading\" id=\"le-jurancon\">El Juran\u00e7on<\/h3>\n\n\n\n<p class=\"ls-paragraph\">Descubra los <strong>productores de Juran\u00e7on<\/strong> en torno a Monein, en B\u00e9arn. <strong>Visite las bodegas<\/strong>, descubra los m\u00e9todos de elaboraci\u00f3n del vino y deguste un buen Juran\u00e7on.<\/p>\n<\/div>\n\n\n\n<div class=\"wp-block-column is-layout-flow wp-block-column-is-layout-flow\" style=\"flex-basis:60%\">\n<figure class=\"wp-block-image size-full\"><img decoding=\"async\" width=\"1110\" height=\"940\" src=\"https:\/\/www.beaucamping.com\/wp-content\/uploads\/2022\/02\/tourisme-jurancon.jpg\" alt=\"tourisme jurancon\" class=\"wp-image-2239\" srcset=\"https:\/\/www.beaucamping.com\/wp-content\/uploads\/2022\/02\/tourisme-jurancon.jpg 1110w, https:\/\/www.beaucamping.com\/wp-content\/uploads\/2022\/02\/tourisme-jurancon-300x254.jpg 300w, https:\/\/www.beaucamping.com\/wp-content\/uploads\/2022\/02\/tourisme-jurancon-1024x867.jpg 1024w, https:\/\/www.beaucamping.com\/wp-content\/uploads\/2022\/02\/tourisme-jurancon-768x650.jpg 768w\" sizes=\"(max-width: 1110px) 100vw, 1110px\" \/><\/figure>\n<\/div>\n<\/div>\n\n\r\n    <\/div>\r\n<\/section>\n\n<section id=\"ls-section-block_61ee5ac5f01c5\" class=\"ls-section \" >\r\n        <div class=\"container container--wide\">\r\n        \n\n<div class=\"wp-block-columns is-layout-flex wp-container-core-columns-is-layout-9d6595d7 wp-block-columns-is-layout-flex\">\n<div class=\"wp-block-column is-layout-flow wp-block-column-is-layout-flow\" style=\"flex-basis:55%\">\n<div class=\"wp-block-columns is-layout-flex wp-container-core-columns-is-layout-9d6595d7 wp-block-columns-is-layout-flex\">\n<div class=\"wp-block-column is-layout-flow wp-block-column-is-layout-flow\">\n<iframe width=\"100%\" height=\"450\" src=\"https:\/\/www.youtube.com\/embed\/2F_7DTJDhMo?start=173\" title=\"YouTube video player\" frameborder=\"0\" allow=\"accelerometer; autoplay; clipboard-write; encrypted-media; gyroscope; picture-in-picture\" allowfullscreen=\"\"><\/iframe>\n<\/div>\n<\/div>\n<\/div>\n\n\n\n<div class=\"wp-block-column is-vertically-aligned-top is-layout-flow wp-block-column-is-layout-flow\" style=\"flex-basis:45%\">\n<h2 class=\"ls-heading wp-block-heading\" id=\"camping-ideal-pour-loger-pres-de-pau\">Camping ideal para alojarse cerca de Pau<\/h2>\n\n\n\n<p class=\"ls-paragraph\">Para sus pr\u00f3ximas vacaciones en los Pirineos Atl\u00e1nticos, el camping Beau Rivage le abre sus puertas para unas <strong>vacaciones en familia en plena naturaleza<\/strong>. A la sombra de sus \u00e1rboles, <strong>cerca del r\u00edo Gave d&#8217;Oloron<\/strong>, este camping de Pau le ofrece magn\u00edficas ideas para una estancia en el agua. Gracias a las <strong>divertidas instalaciones <\/strong>y <strong>actividades <\/strong>que se ofrecen, le encantar\u00e1 pasar sus vacaciones en este camping cerca de Pau.<br>Originales y confortables, los chalets responden a todos los criterios de confort y ofrecen espacio suficiente para alojar <strong>hasta 6 personas<\/strong>. Algunos rangos pueden <strong>acomodar a personas con movilidad reducida<\/strong>.<\/p>\n<\/div>\n<\/div>\n\n\r\n    <\/div>\r\n<\/section>\n\n<section id=\"ls-section-block_61f24cc21ae9c\" class=\"ls-section  page-five\" >\r\n        <div class=\"container container--wide\">\r\n        \n\n<div id=\"ls-heading ls-titre-div-block_61f24d2b1ae9e\" class=\"ls-titre-div aligncenter h2-like\" >\n    Descubra las otras actividades alrededor de nuestro camping en Navarrenx<\/div>\n\n\n\n<div class=\"wp-block-columns is-layout-flex wp-container-core-columns-is-layout-9d6595d7 wp-block-columns-is-layout-flex\">\n<div class=\"wp-block-column is-layout-flow wp-block-column-is-layout-flow\"><div id=\"ls-maillage-block_61f24e751aea1\" class=\"ls-maillage cta-style-normal\" data-rows=\"3\">\r\n    <div class=\"wp-block-columns\"><div class=\"wp-block-column\">\n\n<a href=\"https:\/\/www.beaucamping.com\/es\/turismo-navarrenx\/\" target=\"\" rel=\"noopener\" class=\"ls-cta__link\">\n\n\t<div class=\"ls-cta__image\"><img decoding=\"async\" src=\"https:\/\/www.beaucamping.com\/wp-content\/uploads\/2022\/02\/remparts-navarrenx.jpg\" alt=\"remparts navarrenx\"><\/div>\n\t<div class=\"ls-cta__title\">\n\t\tNavarrenx\t<\/div>\n\n\t\t\n<\/a><\/div><\/div><\/div><\/div>\n\n\n\n<div class=\"wp-block-column is-layout-flow wp-block-column-is-layout-flow\"><div id=\"ls-maillage-block_61f24ef61aea3\" class=\"ls-maillage cta-style-normal\" data-rows=\"3\">\r\n    <div class=\"wp-block-columns\"><div class=\"wp-block-column\">\n\n<a href=\"https:\/\/www.beaucamping.com\/es\/turismo-pyrenees-atlantiques\/\" target=\"\" rel=\"noopener\" class=\"ls-cta__link\">\n\n\t<div class=\"ls-cta__image\"><img decoding=\"async\" src=\"https:\/\/www.beaucamping.com\/wp-content\/uploads\/2022\/02\/petit-train-artouste.jpg\" alt=\"petit train artouste\"><\/div>\n\t<div class=\"ls-cta__title\">\n\t\tLa regi\u00f3n\t<\/div>\n\n\t\t\n<\/a><\/div><\/div><\/div><\/div>\n\n\n\n<div class=\"wp-block-column is-layout-flow wp-block-column-is-layout-flow\"><div id=\"ls-maillage-block_61f24ef81aea4\" class=\"ls-maillage cta-style-normal\" data-rows=\"3\">\r\n    <div class=\"wp-block-columns\"><div class=\"wp-block-column\">\n\n<a href=\"https:\/\/www.beaucamping.com\/es\/camping-piscina-navarrenx\/\" target=\"\" rel=\"noopener\" class=\"ls-cta__link\">\n\n\t<div class=\"ls-cta__image\"><img decoding=\"async\" src=\"https:\/\/www.beaucamping.com\/wp-content\/uploads\/2022\/01\/camping-beau-rivage-piscine-bearn-enfants.jpg\" alt=\"camping beau rivage piscine bearn enfants\"><\/div>\n\t<div class=\"ls-cta__title\">\n\t\tPiscina\t<\/div>\n\n\t\t\n<\/a><\/div><\/div><\/div><\/div>\n<\/div>\n\n\r\n    <\/div>\r\n<\/section>","protected":false},"excerpt":{"rendered":"","protected":false},"author":1,"featured_media":2217,"parent":0,"menu_order":0,"comment_status":"closed","ping_status":"closed","template":"","meta":{"_acf_changed":false,"footnotes":""},"sujet":[],"class_list":["post-2523","page","type-page","status-publish","has-post-thumbnail","hentry"],"acf":[],"yoast_head":"<!-- This site is optimized with the Yoast SEO plugin v25.3 - https:\/\/yoast.com\/wordpress\/plugins\/seo\/ -->\n<title>Camping Pau en B\u00e9arn | Alquiler de casas m\u00f3viles en Pau, Pirineos<\/title>\n<meta name=\"description\" content=\"St\u00e9phane &amp; Clara se complacen en darle la bienvenida al Camping Beau Rivage de Pau.\" \/>\n<meta name=\"robots\" content=\"index, follow, max-snippet:-1, max-image-preview:large, max-video-preview:-1\" \/>\n<link rel=\"canonical\" href=\"https:\/\/www.beaucamping.com\/es\/camping-pau\/\" \/>\n<meta property=\"og:locale\" content=\"es_ES\" \/>\n<meta property=\"og:type\" content=\"article\" \/>\n<meta property=\"og:title\" content=\"Camping Pau en B\u00e9arn | Alquiler de casas m\u00f3viles en Pau, Pirineos\" \/>\n<meta property=\"og:description\" content=\"St\u00e9phane &amp; Clara se complacen en darle la bienvenida al Camping Beau Rivage de Pau.\" \/>\n<meta property=\"og:url\" content=\"https:\/\/www.beaucamping.com\/es\/camping-pau\/\" \/>\n<meta property=\"og:site_name\" content=\"Camping Beau Rivage\" \/>\n<meta property=\"article:modified_time\" content=\"2022-06-14T12:33:11+00:00\" \/>\n<meta property=\"og:image\" content=\"https:\/\/www.beaucamping.com\/wp-content\/uploads\/2022\/02\/camping-proche-pau.jpg\" \/>\n\t<meta property=\"og:image:width\" content=\"1900\" \/>\n\t<meta property=\"og:image:height\" content=\"450\" \/>\n\t<meta property=\"og:image:type\" content=\"image\/jpeg\" \/>\n<meta name=\"twitter:card\" content=\"summary_large_image\" \/>\n<meta name=\"twitter:label1\" content=\"Tiempo de lectura\" \/>\n\t<meta name=\"twitter:data1\" content=\"4 minutos\" \/>\n<script type=\"application\/ld+json\" class=\"yoast-schema-graph\">{\"@context\":\"https:\/\/schema.org\",\"@graph\":[{\"@type\":\"WebPage\",\"@id\":\"https:\/\/www.beaucamping.com\/es\/camping-pau\/\",\"url\":\"https:\/\/www.beaucamping.com\/es\/camping-pau\/\",\"name\":\"Camping Pau en B\u00e9arn | Alquiler de casas m\u00f3viles en Pau, Pirineos\",\"isPartOf\":{\"@id\":\"https:\/\/www.beaucamping.com\/es\/#website\"},\"primaryImageOfPage\":{\"@id\":\"https:\/\/www.beaucamping.com\/es\/camping-pau\/#primaryimage\"},\"image\":{\"@id\":\"https:\/\/www.beaucamping.com\/es\/camping-pau\/#primaryimage\"},\"thumbnailUrl\":\"https:\/\/www.beaucamping.com\/wp-content\/uploads\/2022\/02\/camping-proche-pau.jpg\",\"datePublished\":\"2022-01-14T14:43:32+00:00\",\"dateModified\":\"2022-06-14T12:33:11+00:00\",\"description\":\"St\u00e9phane & Clara se complacen en darle la bienvenida al Camping Beau Rivage de Pau.\",\"breadcrumb\":{\"@id\":\"https:\/\/www.beaucamping.com\/es\/camping-pau\/#breadcrumb\"},\"inLanguage\":\"es\",\"potentialAction\":[{\"@type\":\"ReadAction\",\"target\":[\"https:\/\/www.beaucamping.com\/es\/camping-pau\/\"]}]},{\"@type\":\"ImageObject\",\"inLanguage\":\"es\",\"@id\":\"https:\/\/www.beaucamping.com\/es\/camping-pau\/#primaryimage\",\"url\":\"https:\/\/www.beaucamping.com\/wp-content\/uploads\/2022\/02\/camping-proche-pau.jpg\",\"contentUrl\":\"https:\/\/www.beaucamping.com\/wp-content\/uploads\/2022\/02\/camping-proche-pau.jpg\",\"width\":1900,\"height\":450,\"caption\":\"camping proche pau\"},{\"@type\":\"BreadcrumbList\",\"@id\":\"https:\/\/www.beaucamping.com\/es\/camping-pau\/#breadcrumb\",\"itemListElement\":[{\"@type\":\"ListItem\",\"position\":1,\"name\":\"Camping B\u00e9arn\",\"item\":\"https:\/\/www.beaucamping.com\/es\/\"},{\"@type\":\"ListItem\",\"position\":2,\"name\":\"Camping cerca de Pau\"}]},{\"@type\":\"WebSite\",\"@id\":\"https:\/\/www.beaucamping.com\/es\/#website\",\"url\":\"https:\/\/www.beaucamping.com\/es\/\",\"name\":\"Camping Beau Rivage\",\"description\":\"\",\"publisher\":{\"@id\":\"https:\/\/www.beaucamping.com\/es\/#organization\"},\"potentialAction\":[{\"@type\":\"SearchAction\",\"target\":{\"@type\":\"EntryPoint\",\"urlTemplate\":\"https:\/\/www.beaucamping.com\/es\/?s={search_term_string}\"},\"query-input\":{\"@type\":\"PropertyValueSpecification\",\"valueRequired\":true,\"valueName\":\"search_term_string\"}}],\"inLanguage\":\"es\"},{\"@type\":\"Organization\",\"@id\":\"https:\/\/www.beaucamping.com\/es\/#organization\",\"name\":\"Camping Beau Rivage\",\"url\":\"https:\/\/www.beaucamping.com\/es\/\",\"logo\":{\"@type\":\"ImageObject\",\"inLanguage\":\"es\",\"@id\":\"https:\/\/www.beaucamping.com\/es\/#\/schema\/logo\/image\/\",\"url\":\"https:\/\/www.beaucamping.com\/wp-content\/uploads\/2022\/02\/logo-vert.jpg\",\"contentUrl\":\"https:\/\/www.beaucamping.com\/wp-content\/uploads\/2022\/02\/logo-vert.jpg\",\"width\":363,\"height\":169,\"caption\":\"Camping Beau Rivage\"},\"image\":{\"@id\":\"https:\/\/www.beaucamping.com\/es\/#\/schema\/logo\/image\/\"}}]}<\/script>\n<!-- \/ Yoast SEO plugin. -->","yoast_head_json":{"title":"Camping Pau en B\u00e9arn | Alquiler de casas m\u00f3viles en Pau, Pirineos","description":"St\u00e9phane & Clara se complacen en darle la bienvenida al Camping Beau Rivage de Pau.","robots":{"index":"index","follow":"follow","max-snippet":"max-snippet:-1","max-image-preview":"max-image-preview:large","max-video-preview":"max-video-preview:-1"},"canonical":"https:\/\/www.beaucamping.com\/es\/camping-pau\/","og_locale":"es_ES","og_type":"article","og_title":"Camping Pau en B\u00e9arn | Alquiler de casas m\u00f3viles en Pau, Pirineos","og_description":"St\u00e9phane & Clara se complacen en darle la bienvenida al Camping Beau Rivage de Pau.","og_url":"https:\/\/www.beaucamping.com\/es\/camping-pau\/","og_site_name":"Camping Beau Rivage","article_modified_time":"2022-06-14T12:33:11+00:00","og_image":[{"width":1900,"height":450,"url":"https:\/\/www.beaucamping.com\/wp-content\/uploads\/2022\/02\/camping-proche-pau.jpg","type":"image\/jpeg"}],"twitter_card":"summary_large_image","twitter_misc":{"Tiempo de lectura":"4 minutos"},"schema":{"@context":"https:\/\/schema.org","@graph":[{"@type":"WebPage","@id":"https:\/\/www.beaucamping.com\/es\/camping-pau\/","url":"https:\/\/www.beaucamping.com\/es\/camping-pau\/","name":"Camping Pau en B\u00e9arn | Alquiler de casas m\u00f3viles en Pau, Pirineos","isPartOf":{"@id":"https:\/\/www.beaucamping.com\/es\/#website"},"primaryImageOfPage":{"@id":"https:\/\/www.beaucamping.com\/es\/camping-pau\/#primaryimage"},"image":{"@id":"https:\/\/www.beaucamping.com\/es\/camping-pau\/#primaryimage"},"thumbnailUrl":"https:\/\/www.beaucamping.com\/wp-content\/uploads\/2022\/02\/camping-proche-pau.jpg","datePublished":"2022-01-14T14:43:32+00:00","dateModified":"2022-06-14T12:33:11+00:00","description":"St\u00e9phane & Clara se complacen en darle la bienvenida al Camping Beau Rivage de Pau.","breadcrumb":{"@id":"https:\/\/www.beaucamping.com\/es\/camping-pau\/#breadcrumb"},"inLanguage":"es","potentialAction":[{"@type":"ReadAction","target":["https:\/\/www.beaucamping.com\/es\/camping-pau\/"]}]},{"@type":"ImageObject","inLanguage":"es","@id":"https:\/\/www.beaucamping.com\/es\/camping-pau\/#primaryimage","url":"https:\/\/www.beaucamping.com\/wp-content\/uploads\/2022\/02\/camping-proche-pau.jpg","contentUrl":"https:\/\/www.beaucamping.com\/wp-content\/uploads\/2022\/02\/camping-proche-pau.jpg","width":1900,"height":450,"caption":"camping proche pau"},{"@type":"BreadcrumbList","@id":"https:\/\/www.beaucamping.com\/es\/camping-pau\/#breadcrumb","itemListElement":[{"@type":"ListItem","position":1,"name":"Camping B\u00e9arn","item":"https:\/\/www.beaucamping.com\/es\/"},{"@type":"ListItem","position":2,"name":"Camping cerca de Pau"}]},{"@type":"WebSite","@id":"https:\/\/www.beaucamping.com\/es\/#website","url":"https:\/\/www.beaucamping.com\/es\/","name":"Camping Beau Rivage","description":"","publisher":{"@id":"https:\/\/www.beaucamping.com\/es\/#organization"},"potentialAction":[{"@type":"SearchAction","target":{"@type":"EntryPoint","urlTemplate":"https:\/\/www.beaucamping.com\/es\/?s={search_term_string}"},"query-input":{"@type":"PropertyValueSpecification","valueRequired":true,"valueName":"search_term_string"}}],"inLanguage":"es"},{"@type":"Organization","@id":"https:\/\/www.beaucamping.com\/es\/#organization","name":"Camping Beau Rivage","url":"https:\/\/www.beaucamping.com\/es\/","logo":{"@type":"ImageObject","inLanguage":"es","@id":"https:\/\/www.beaucamping.com\/es\/#\/schema\/logo\/image\/","url":"https:\/\/www.beaucamping.com\/wp-content\/uploads\/2022\/02\/logo-vert.jpg","contentUrl":"https:\/\/www.beaucamping.com\/wp-content\/uploads\/2022\/02\/logo-vert.jpg","width":363,"height":169,"caption":"Camping Beau Rivage"},"image":{"@id":"https:\/\/www.beaucamping.com\/es\/#\/schema\/logo\/image\/"}}]}},"_links":{"self":[{"href":"https:\/\/www.beaucamping.com\/es\/wp-json\/wp\/v2\/pages\/2523","targetHints":{"allow":["GET"]}}],"collection":[{"href":"https:\/\/www.beaucamping.com\/es\/wp-json\/wp\/v2\/pages"}],"about":[{"href":"https:\/\/www.beaucamping.com\/es\/wp-json\/wp\/v2\/types\/page"}],"author":[{"embeddable":true,"href":"https:\/\/www.beaucamping.com\/es\/wp-json\/wp\/v2\/users\/1"}],"replies":[{"embeddable":true,"href":"https:\/\/www.beaucamping.com\/es\/wp-json\/wp\/v2\/comments?post=2523"}],"version-history":[{"count":4,"href":"https:\/\/www.beaucamping.com\/es\/wp-json\/wp\/v2\/pages\/2523\/revisions"}],"predecessor-version":[{"id":3414,"href":"https:\/\/www.beaucamping.com\/es\/wp-json\/wp\/v2\/pages\/2523\/revisions\/3414"}],"wp:featuredmedia":[{"embeddable":true,"href":"https:\/\/www.beaucamping.com\/es\/wp-json\/wp\/v2\/media\/2217"}],"wp:attachment":[{"href":"https:\/\/www.beaucamping.com\/es\/wp-json\/wp\/v2\/media?parent=2523"}],"wp:term":[{"taxonomy":"sujet","embeddable":true,"href":"https:\/\/www.beaucamping.com\/es\/wp-json\/wp\/v2\/sujet?post=2523"}],"curies":[{"name":"wp","href":"https:\/\/api.w.org\/{rel}","templated":true}]}}