{"id":2507,"date":"2022-02-16T14:03:33","date_gmt":"2022-02-16T13:03:33","guid":{"rendered":"https:\/\/www.beaucamping.com\/mentions-legales\/"},"modified":"2022-10-12T09:28:09","modified_gmt":"2022-10-12T07:28:09","slug":"avisos-legales","status":"publish","type":"page","link":"https:\/\/www.beaucamping.com\/es\/avisos-legales\/","title":{"rendered":"Mentions legales"},"content":{"rendered":"<section id=\"ls-section-block_61fd08f69f0d1\" class=\"ls-section \" >\r\n        <div class=\"container \">\r\n        \n\n<h1 class=\"ls__heading has-text-align-center wp-block-heading\" id=\"mentions-legales\">avisos legales<\/h1>\n\n\n\n<h2 class=\"ls-heading wp-block-heading\" id=\"editeur-du-site\">EDITOR DEL SITIO<\/h2>\n\n\n\n<p class=\"ls-paragraph\">Camping Beau Rivage<\/p>\n\n\n\n<p class=\"ls-paragraph\">Direcci\u00f3n: 7, all\u00e9e des marronniers<\/p>\n\n\n\n<p class=\"ls-paragraph\">64190 Navarrenx<\/p>\n\n\n\n<p class=\"ls-paragraph\">Tel : +33 (0)5.59.66.10.00<\/p>\n\n\n\n<p class=\"ls-paragraph\">E-mail : beaucamping@free.fr<\/p>\n\n\n\n<p class=\"ls-paragraph\">SIRET: 87858505800018<\/p>\n\n\n\n<p class=\"ls-paragraph\">Tva Intracommunautaire : FR85878585058<\/p>\n\n\n\n<p class=\"ls-paragraph\">Responsable de la publicaci\u00f3n : M. Stephane LALLIER&nbsp;<\/p>\n\n\n\n<h2 class=\"ls-heading wp-block-heading\" id=\"realisation\">REALIZACI\u00d3N<\/h2>\n\n\n\n<p class=\"ls-paragraph\">GEEKTONIC<br>Representado por el Sr. Yohan Darmayan en su calidad de gerente<br>Sede central : 6 route de Pitoys \u2013 Zone de Maignon, 64600 Anglet<br>Tel : 09 72 49 05 44<br>E-mail : support@geek-tonic.com<br>Sitio web : www.geek-tonic.com<br>SIRET : 89746755100015<br>APE : 6201Z<\/p>\n\n\n\n<h2 class=\"ls-heading wp-block-heading\" id=\"droits-d-auteur-et-copyright\">DERECHOS DE AUTOR Y AUTOR\u00cdA<\/h2>\n\n\n\n<p class=\"ls-paragraph\">El conjunto de los contenidos de este sitio depende del canon como de la propiedad intelectual de la legislaci\u00f3n francesa. Cualquier reproducci\u00f3n (incluyendo las fotograf\u00edas, los iconos y los documentos descargables) est\u00e1 prohibida sin el acuerdo previo de GEEKTONIC. Queda prohibida la reproducci\u00f3n en un soporte electr\u00f3nico de la totalidad o parte del sitio en papel o en formato electr\u00f3nico. GeekTonic declina toda responsabilidad por el contenido del sitio web. Geektonic tampoco se hace responsable de los enlaces externos a este sitio.<\/p>\n\n\n\n<h2 class=\"ls-heading wp-block-heading\" id=\"donnees-personnelles-et-informations-nominatives\">DATOS PERSONALES E INFORMACI\u00d3N NOMINATIVA<\/h2>\n\n\n\n<p class=\"ls-paragraph\">Usted dispone de un derecho de acceso, modificaci\u00f3n, rectificaci\u00f3n y supresi\u00f3n de los datos que le conciernen, de conformidad con el art\u00edculo 34 de la ley francesa de protecci\u00f3n de datos (Loi \u00bb Informatique et Libert\u00e9s \u00bb n\u00b0 78-17 de 6 de enero de 1978, modificada el 6 de agosto de 2018). Para ejercer este derecho de acceso, puede presentar una solicitud por escrito al editor del sitio.<\/p>\n\n\n\n<h2 class=\"ls-heading wp-block-heading\" id=\"legislation\">LEGISLACI\u00d3N<\/h2>\n\n\n\n<p class=\"ls-paragraph\">Seg\u00fan la ley del 11 de marzo de 1957 (art. 41) y el c\u00f3digo de la propiedad intelectual del 1 de julio de 1992, est\u00e1 prohibida la reproducci\u00f3n total o parcial del sitio sin autorizaci\u00f3n previa del editor del mismo. Los logotipos, los elementos visuales, las fotos, los v\u00eddeos, los cuadros gr\u00e1ficos y los textos son propiedad de sus respectivos due\u00f1os. Este sitio puede, sin su conocimiento, haber sido vinculado a otros sitios por medio de enlaces hipermedia. El editor del sitio declina toda responsabilidad por la informaci\u00f3n presentada en estos otros sitios. El internauta reconoce que la utilizaci\u00f3n de este sitio se rige por el derecho franc\u00e9s.<\/p>\n\n\r\n    <\/div>\r\n<\/section>","protected":false},"excerpt":{"rendered":"","protected":false},"author":1,"featured_media":0,"parent":0,"menu_order":0,"comment_status":"closed","ping_status":"closed","template":"","meta":{"_acf_changed":false,"footnotes":""},"sujet":[],"class_list":["post-2507","page","type-page","status-publish","hentry"],"acf":[],"yoast_head":"<!-- This site is optimized with the Yoast SEO plugin v27.4 - https:\/\/yoast.com\/product\/yoast-seo-wordpress\/ -->\n<title>Informaci\u00f3n legal | Camping Beau Rivage<\/title>\n<meta name=\"robots\" content=\"noindex, nofollow\" \/>\n<meta property=\"og:locale\" content=\"es_ES\" \/>\n<meta property=\"og:type\" content=\"article\" \/>\n<meta property=\"og:title\" content=\"Informaci\u00f3n legal | Camping Beau Rivage\" \/>\n<meta property=\"og:url\" content=\"https:\/\/www.beaucamping.com\/es\/avisos-legales\/\" \/>\n<meta property=\"og:site_name\" content=\"Camping Beau Rivage\" \/>\n<meta property=\"article:modified_time\" content=\"2022-10-12T07:28:09+00:00\" \/>\n<meta name=\"twitter:card\" content=\"summary_large_image\" \/>\n<meta name=\"twitter:label1\" content=\"Tiempo de lectura\" \/>\n\t<meta name=\"twitter:data1\" content=\"2 minutos\" \/>\n<script type=\"application\/ld+json\" class=\"yoast-schema-graph\">{\"@context\":\"https:\\\/\\\/schema.org\",\"@graph\":[{\"@type\":\"WebPage\",\"@id\":\"https:\\\/\\\/www.beaucamping.com\\\/es\\\/avisos-legales\\\/\",\"url\":\"https:\\\/\\\/www.beaucamping.com\\\/es\\\/avisos-legales\\\/\",\"name\":\"Informaci\u00f3n legal | Camping Beau Rivage\",\"isPartOf\":{\"@id\":\"https:\\\/\\\/www.beaucamping.com\\\/es\\\/#website\"},\"datePublished\":\"2022-02-16T13:03:33+00:00\",\"dateModified\":\"2022-10-12T07:28:09+00:00\",\"breadcrumb\":{\"@id\":\"https:\\\/\\\/www.beaucamping.com\\\/es\\\/avisos-legales\\\/#breadcrumb\"},\"inLanguage\":\"es\",\"potentialAction\":[{\"@type\":\"ReadAction\",\"target\":[\"https:\\\/\\\/www.beaucamping.com\\\/es\\\/avisos-legales\\\/\"]}]},{\"@type\":\"BreadcrumbList\",\"@id\":\"https:\\\/\\\/www.beaucamping.com\\\/es\\\/avisos-legales\\\/#breadcrumb\",\"itemListElement\":[{\"@type\":\"ListItem\",\"position\":1,\"name\":\"Camping B\u00e9arn\",\"item\":\"https:\\\/\\\/www.beaucamping.com\\\/es\\\/\"},{\"@type\":\"ListItem\",\"position\":2,\"name\":\"Informaci\u00f3n legal\"}]},{\"@type\":\"WebSite\",\"@id\":\"https:\\\/\\\/www.beaucamping.com\\\/es\\\/#website\",\"url\":\"https:\\\/\\\/www.beaucamping.com\\\/es\\\/\",\"name\":\"Camping Beau Rivage\",\"description\":\"\",\"publisher\":{\"@id\":\"https:\\\/\\\/www.beaucamping.com\\\/es\\\/#organization\"},\"potentialAction\":[{\"@type\":\"SearchAction\",\"target\":{\"@type\":\"EntryPoint\",\"urlTemplate\":\"https:\\\/\\\/www.beaucamping.com\\\/es\\\/?s={search_term_string}\"},\"query-input\":{\"@type\":\"PropertyValueSpecification\",\"valueRequired\":true,\"valueName\":\"search_term_string\"}}],\"inLanguage\":\"es\"},{\"@type\":\"Organization\",\"@id\":\"https:\\\/\\\/www.beaucamping.com\\\/es\\\/#organization\",\"name\":\"Camping Beau Rivage\",\"url\":\"https:\\\/\\\/www.beaucamping.com\\\/es\\\/\",\"logo\":{\"@type\":\"ImageObject\",\"inLanguage\":\"es\",\"@id\":\"https:\\\/\\\/www.beaucamping.com\\\/es\\\/#\\\/schema\\\/logo\\\/image\\\/\",\"url\":\"https:\\\/\\\/www.beaucamping.com\\\/wp-content\\\/uploads\\\/2022\\\/02\\\/logo-vert.jpg\",\"contentUrl\":\"https:\\\/\\\/www.beaucamping.com\\\/wp-content\\\/uploads\\\/2022\\\/02\\\/logo-vert.jpg\",\"width\":363,\"height\":169,\"caption\":\"Camping Beau Rivage\"},\"image\":{\"@id\":\"https:\\\/\\\/www.beaucamping.com\\\/es\\\/#\\\/schema\\\/logo\\\/image\\\/\"}}]}<\/script>\n<!-- \/ Yoast SEO plugin. -->","yoast_head_json":{"title":"Informaci\u00f3n legal | Camping Beau Rivage","robots":{"index":"noindex","follow":"nofollow"},"og_locale":"es_ES","og_type":"article","og_title":"Informaci\u00f3n legal | Camping Beau Rivage","og_url":"https:\/\/www.beaucamping.com\/es\/avisos-legales\/","og_site_name":"Camping Beau Rivage","article_modified_time":"2022-10-12T07:28:09+00:00","twitter_card":"summary_large_image","twitter_misc":{"Tiempo de lectura":"2 minutos"},"schema":{"@context":"https:\/\/schema.org","@graph":[{"@type":"WebPage","@id":"https:\/\/www.beaucamping.com\/es\/avisos-legales\/","url":"https:\/\/www.beaucamping.com\/es\/avisos-legales\/","name":"Informaci\u00f3n legal | Camping Beau Rivage","isPartOf":{"@id":"https:\/\/www.beaucamping.com\/es\/#website"},"datePublished":"2022-02-16T13:03:33+00:00","dateModified":"2022-10-12T07:28:09+00:00","breadcrumb":{"@id":"https:\/\/www.beaucamping.com\/es\/avisos-legales\/#breadcrumb"},"inLanguage":"es","potentialAction":[{"@type":"ReadAction","target":["https:\/\/www.beaucamping.com\/es\/avisos-legales\/"]}]},{"@type":"BreadcrumbList","@id":"https:\/\/www.beaucamping.com\/es\/avisos-legales\/#breadcrumb","itemListElement":[{"@type":"ListItem","position":1,"name":"Camping B\u00e9arn","item":"https:\/\/www.beaucamping.com\/es\/"},{"@type":"ListItem","position":2,"name":"Informaci\u00f3n legal"}]},{"@type":"WebSite","@id":"https:\/\/www.beaucamping.com\/es\/#website","url":"https:\/\/www.beaucamping.com\/es\/","name":"Camping Beau Rivage","description":"","publisher":{"@id":"https:\/\/www.beaucamping.com\/es\/#organization"},"potentialAction":[{"@type":"SearchAction","target":{"@type":"EntryPoint","urlTemplate":"https:\/\/www.beaucamping.com\/es\/?s={search_term_string}"},"query-input":{"@type":"PropertyValueSpecification","valueRequired":true,"valueName":"search_term_string"}}],"inLanguage":"es"},{"@type":"Organization","@id":"https:\/\/www.beaucamping.com\/es\/#organization","name":"Camping Beau Rivage","url":"https:\/\/www.beaucamping.com\/es\/","logo":{"@type":"ImageObject","inLanguage":"es","@id":"https:\/\/www.beaucamping.com\/es\/#\/schema\/logo\/image\/","url":"https:\/\/www.beaucamping.com\/wp-content\/uploads\/2022\/02\/logo-vert.jpg","contentUrl":"https:\/\/www.beaucamping.com\/wp-content\/uploads\/2022\/02\/logo-vert.jpg","width":363,"height":169,"caption":"Camping Beau Rivage"},"image":{"@id":"https:\/\/www.beaucamping.com\/es\/#\/schema\/logo\/image\/"}}]}},"_links":{"self":[{"href":"https:\/\/www.beaucamping.com\/es\/wp-json\/wp\/v2\/pages\/2507","targetHints":{"allow":["GET"]}}],"collection":[{"href":"https:\/\/www.beaucamping.com\/es\/wp-json\/wp\/v2\/pages"}],"about":[{"href":"https:\/\/www.beaucamping.com\/es\/wp-json\/wp\/v2\/types\/page"}],"author":[{"embeddable":true,"href":"https:\/\/www.beaucamping.com\/es\/wp-json\/wp\/v2\/users\/1"}],"replies":[{"embeddable":true,"href":"https:\/\/www.beaucamping.com\/es\/wp-json\/wp\/v2\/comments?post=2507"}],"version-history":[{"count":2,"href":"https:\/\/www.beaucamping.com\/es\/wp-json\/wp\/v2\/pages\/2507\/revisions"}],"predecessor-version":[{"id":4072,"href":"https:\/\/www.beaucamping.com\/es\/wp-json\/wp\/v2\/pages\/2507\/revisions\/4072"}],"wp:attachment":[{"href":"https:\/\/www.beaucamping.com\/es\/wp-json\/wp\/v2\/media?parent=2507"}],"wp:term":[{"taxonomy":"sujet","embeddable":true,"href":"https:\/\/www.beaucamping.com\/es\/wp-json\/wp\/v2\/sujet?post=2507"}],"curies":[{"name":"wp","href":"https:\/\/api.w.org\/{rel}","templated":true}]}}