{"id":2487,"date":"2022-01-14T15:40:31","date_gmt":"2022-01-14T14:40:31","guid":{"rendered":"https:\/\/www.beaucamping.com\/camping-gardiennage-navarrenx\/"},"modified":"2023-04-08T14:22:53","modified_gmt":"2023-04-08T12:22:53","slug":"camping-guardando-navarrenx","status":"publish","type":"page","link":"https:\/\/www.beaucamping.com\/es\/camping-guardando-navarrenx\/","title":{"rendered":"Gardiennage, parking couvert pour vos caravanes"},"content":{"rendered":"<section id=\"ls-section-block_d6db9cf30deb2867fa0f7dacfebb6f1e\" class=\"ls-section  page-one\" >\r\n        <div class=\"container container--wide\">\r\n        \n\n<h1 class=\"ls__heading wp-block-heading has-text-align-center\" id=\"gardiennage-et-service-de-reparations\">Servicio de aparcamiento y reparaci\u00f3n<\/h1>\n\n\n\n<div class=\"wp-block-columns are-vertically-aligned-center is-layout-flex wp-container-core-columns-is-layout-9d6595d7 wp-block-columns-is-layout-flex\">\n<div class=\"wp-block-column is-vertically-aligned-center mozaique is-layout-flow wp-block-column-is-layout-flow\" style=\"flex-basis:60%\">\n<div class=\"wp-block-columns is-layout-flex wp-container-core-columns-is-layout-9d6595d7 wp-block-columns-is-layout-flex\">\n<div class=\"wp-block-column is-layout-flow wp-block-column-is-layout-flow\" style=\"flex-basis:100%\">\n<figure class=\"wp-block-image size-full\"><img decoding=\"async\" width=\"900\" height=\"600\" src=\"https:\/\/www.beaucamping.com\/wp-content\/uploads\/2022\/02\/camping-car-navarrenx-beaurivage.jpg\" alt=\"camping car navarrenx beaurivage\" class=\"wp-image-895\" srcset=\"https:\/\/www.beaucamping.com\/wp-content\/uploads\/2022\/02\/camping-car-navarrenx-beaurivage.jpg 900w, https:\/\/www.beaucamping.com\/wp-content\/uploads\/2022\/02\/camping-car-navarrenx-beaurivage-300x200.jpg 300w, https:\/\/www.beaucamping.com\/wp-content\/uploads\/2022\/02\/camping-car-navarrenx-beaurivage-150x100.jpg 150w, https:\/\/www.beaucamping.com\/wp-content\/uploads\/2022\/02\/camping-car-navarrenx-beaurivage-768x512.jpg 768w\" sizes=\"(max-width: 900px) 100vw, 900px\" \/><\/figure>\n<\/div>\n<\/div>\n<\/div>\n\n\n\n<div class=\"wp-block-column is-vertically-aligned-center is-layout-flow wp-block-column-is-layout-flow\" style=\"flex-basis:40%\">\n<h2 class=\"ls__heading wp-block-heading\" id=\"gardiennage-a-500m-du-camping-au-pied-des-pyrenees\">Vigilancia a 500 metros del camping, al pie de los Pirineos<\/h2>\n\n\n\n<p class=\"ls-paragraph\">\u00bfBusca un <strong>aparcamiento cubierto, cerrado y seguro <\/strong>para su autocaravana, caravana o furgoneta, cerca de Pau u Oloron-Sainte-Marie en los Pirineos Atl\u00e1nticos?&nbsp;Ofrecemos un <strong>servicio de aparcamiento en un edificio cubierto, cerrado y seguro<\/strong>, muy cerca del camping.&nbsp;<\/p>\n\n\n\n<p class=\"ls-paragraph\"><strong>El servicio incluye el traslado de la caravana a su parcela<\/strong> a la llegada. La <strong>caravana tambi\u00e9n ser\u00e1 nivelada.<\/strong><\/p>\n\n\n\n<p class=\"ls-paragraph\">Al final de su estancia, no tiene que preocuparse de nada. <strong>Nos encargamos de remolcar la caravana hasta nuestro almac\u00e9n<\/strong>.<\/p>\n\n\n\n<p class=\"ls-paragraph\">Si se aloja en el <a href=\"\/es\/\">Camping Beau Rivage<\/a> de Navarrenx, se aplican las tarifas est\u00e1ndar.<\/p>\n<\/div>\n<\/div>\n\n\r\n    <\/div>\r\n<\/section>\n\n<section id=\"ls-section-block_db7baf6014550e08655530f5fa370064\" class=\"ls-section  home-fourth page-two\" >\r\n        <div class=\"container container--full\">\r\n        \n\n<div class=\"wp-block-columns is-layout-flex wp-container-core-columns-is-layout-9d6595d7 wp-block-columns-is-layout-flex\">\n<div class=\"wp-block-column is-vertically-aligned-center is-layout-flow wp-block-column-is-layout-flow\" style=\"flex-basis:45%\">\n<h2 class=\"ls__heading wp-block-heading\" id=\"reparation-et-entretien-annuel-de-votre-caravane\">Reparaci\u00f3n y mantenimiento anual de su caravana<\/h2>\n\n\n\n<p class=\"ls-paragraph\">\u00bfUn peque\u00f1o problema con tu caravana o furgoneta? \u00bfNecesita una reparaci\u00f3n expr\u00e9s?<\/p>\n\n\n\n<p class=\"ls-paragraph\">No hay que preocuparse. Kris con dedos de oro, <strong>reparador autorizado<\/strong>, y su furgoneta taller estar\u00e1n encantados de ayudarle. <strong>No es necesario viajar<\/strong>. <strong>La reparaci\u00f3n se realizar\u00e1 directamente en su parcela <\/strong>del camping Beau Rivage de Navarrenx.<\/p>\n\n\n\n<p class=\"ls-paragraph\">Si lo desea, <strong>Kris tambi\u00e9n puede llevar a cabo la reparaci\u00f3n en su casa<\/strong> o incluso en su lugar de trabajo como canguro !<\/p>\n<\/div>\n\n\n\n<div class=\"wp-block-column is-layout-flow wp-block-column-is-layout-flow\" style=\"flex-basis:55%\">\n<figure class=\"wp-block-image size-full\"><img decoding=\"async\" width=\"900\" height=\"600\" src=\"https:\/\/www.beaucamping.com\/wp-content\/uploads\/2022\/02\/Gardiennage-camping-navarrenx.jpg\" alt=\"gardiennage camping navarrenx\" class=\"wp-image-898\" srcset=\"https:\/\/www.beaucamping.com\/wp-content\/uploads\/2022\/02\/Gardiennage-camping-navarrenx.jpg 900w, https:\/\/www.beaucamping.com\/wp-content\/uploads\/2022\/02\/Gardiennage-camping-navarrenx-300x200.jpg 300w, https:\/\/www.beaucamping.com\/wp-content\/uploads\/2022\/02\/Gardiennage-camping-navarrenx-150x100.jpg 150w, https:\/\/www.beaucamping.com\/wp-content\/uploads\/2022\/02\/Gardiennage-camping-navarrenx-768x512.jpg 768w\" sizes=\"(max-width: 900px) 100vw, 900px\" \/><\/figure>\n<\/div>\n<\/div>\n\n\r\n    <\/div>\r\n<\/section>\n\n<section id=\"ls-section-block_6b399620f89ff3a7176a841256b6f77c\" class=\"ls-section  page-four-bis\" >\r\n        <div class=\"container container--wide\">\r\n        \n\n<div class=\"wp-block-columns is-layout-flex wp-container-core-columns-is-layout-9d6595d7 wp-block-columns-is-layout-flex\">\n<div class=\"wp-block-column is-layout-flow wp-block-column-is-layout-flow\" style=\"flex-basis:40%\">\n<figure class=\"wp-block-image size-full is-style-rounded\"><img decoding=\"async\" width=\"560\" height=\"560\" src=\"https:\/\/www.beaucamping.com\/wp-content\/uploads\/2022\/02\/reparation-.jpg\" alt=\"reparation gardiennage\" class=\"wp-image-1779\" srcset=\"https:\/\/www.beaucamping.com\/wp-content\/uploads\/2022\/02\/reparation-.jpg 560w, https:\/\/www.beaucamping.com\/wp-content\/uploads\/2022\/02\/reparation--300x300.jpg 300w, https:\/\/www.beaucamping.com\/wp-content\/uploads\/2022\/02\/reparation--150x150.jpg 150w\" sizes=\"(max-width: 560px) 100vw, 560px\" \/><\/figure>\n<\/div>\n\n\n\n<div class=\"wp-block-column is-vertically-aligned-center is-layout-flow wp-block-column-is-layout-flow\" style=\"flex-basis:60%\">\n<div id=\"ls-heading ls-titre-div-block_e00191b2c7e230b251e9845c99a5e483\" class=\"ls-titre-div h2-like\" >\n    SUS SERVICIOS ?<\/div>\n\n\n\n<p class=\"ls-paragraph\">Control de la humedad, detecci\u00f3n de fugas de gas y mon\u00f3xido de carbono, revisi\u00f3n completa de su veh\u00edculo, sistema de frenos\u2026 aproveche su <strong>ojo experto<\/strong> y su amplia experiencia para resolver r\u00e1pidamente sus problemas y garantizar la seguridad de su veh\u00edculo!<\/p>\n\n\n\n<figure class=\"wp-block-image size-full\"><a href=\"https:\/\/fr.caravanhelpabroad.com\/\" target=\"_blank\" rel=\"noopener\"><img decoding=\"async\" width=\"199\" height=\"73\" src=\"https:\/\/www.beaucamping.com\/wp-content\/uploads\/2022\/02\/caravan-help-abroad.jpg\" alt=\"caravan help abroad\" class=\"wp-image-2034\"\/><\/a><\/figure>\n\n\n\n<p class=\"ls-paragraph\">https:\/\/www.caravanhelpabroad.com\/<br>kris@caravanhelpabroad.com<br>+336 69 48 53 98<\/p>\n\n\n\n<p class=\"ls-paragraph\">Informaci\u00f3n en la recepci\u00f3n del camping<\/p>\n<\/div>\n<\/div>\n\n\r\n    <\/div>\r\n<\/section>\n\n<section id=\"ls-section-block_97e7009548e9c0650fc58068be69272e\" class=\"ls-section  page-five\" >\r\n        <div class=\"container container--wide\">\r\n        \n\n<div id=\"ls-heading ls-titre-div-block_edd1344c3f6fc22bc5d8a40e00a5198a\" class=\"ls-titre-div aligncenter h2-like\" >\n    Descubra las dem\u00e1s actividades y servicios de nuestro camping en Navarrenx<\/div>\n\n\n\n<div class=\"wp-block-columns is-layout-flex wp-container-core-columns-is-layout-9d6595d7 wp-block-columns-is-layout-flex\">\n<div class=\"wp-block-column is-layout-flow wp-block-column-is-layout-flow\"><div id=\"ls-maillage-block_ae03f0a139ef1674b8f0ad0dd7358347\" class=\"ls-maillage cta-style-normal\" data-rows=\"3\">\r\n    <div class=\"wp-block-columns\"><div class=\"wp-block-column\">\n\n<a href=\"https:\/\/www.beaucamping.com\/es\/camping-familiar-navarrenx\/\" target=\"\" rel=\"noopener\" class=\"ls-cta__link\">\n\n\t<div class=\"ls-cta__image\"><img decoding=\"async\" src=\"https:\/\/www.beaucamping.com\/wp-content\/uploads\/2022\/02\/concert-camping-navarrenx.jpg\" alt=\"concert camping navarrenx\"><\/div>\n\t<div class=\"ls-cta__title\">\n\t\tServicios y actividades\t<\/div>\n\n\t\t\n<\/a><\/div><\/div><\/div><\/div>\n\n\n\n<div class=\"wp-block-column is-layout-flow wp-block-column-is-layout-flow\"><div id=\"ls-maillage-block_9b90f954258973ccf7df99cd0763de5e\" class=\"ls-maillage cta-style-normal\" data-rows=\"3\">\r\n    <div class=\"wp-block-columns\"><div class=\"wp-block-column\">\n\n<a href=\"https:\/\/www.beaucamping.com\/es\/camping-piscina-navarrenx\/\" target=\"\" rel=\"noopener\" class=\"ls-cta__link\">\n\n\t<div class=\"ls-cta__image\"><img decoding=\"async\" src=\"https:\/\/www.beaucamping.com\/wp-content\/uploads\/2022\/01\/camping-beau-rivage-piscine-bearn-enfants.jpg\" alt=\"camping beau rivage piscine bearn enfants\"><\/div>\n\t<div class=\"ls-cta__title\">\n\t\tPiscina\t<\/div>\n\n\t\t\n<\/a><\/div><\/div><\/div><\/div>\n\n\n\n<div class=\"wp-block-column is-layout-flow wp-block-column-is-layout-flow\"><div id=\"ls-maillage-block_a523a86535e2e6b4cb78f7b4d3a21934\" class=\"ls-maillage cta-style-normal\" data-rows=\"3\">\r\n    <div class=\"wp-block-columns\"><div class=\"wp-block-column\">\n\n<a href=\"https:\/\/www.beaucamping.com\/es\/alquiler-cabana-navarrenx\/\" target=\"\" rel=\"noopener\" class=\"ls-cta__link\">\n\n\t<div class=\"ls-cta__image\"><img decoding=\"async\" src=\"https:\/\/www.beaucamping.com\/wp-content\/uploads\/2022\/02\/location-chalet-bearn.jpg\" alt=\"location chalet bearn\"><\/div>\n\t<div class=\"ls-cta__title\">\n\t\tChalets\t<\/div>\n\n\t\t\n<\/a><\/div><\/div><\/div><\/div>\n<\/div>\n\n\r\n    <\/div>\r\n<\/section>","protected":false},"excerpt":{"rendered":"","protected":false},"author":1,"featured_media":1173,"parent":0,"menu_order":0,"comment_status":"closed","ping_status":"closed","template":"","meta":{"_acf_changed":false,"footnotes":""},"sujet":[],"class_list":["post-2487","page","type-page","status-publish","has-post-thumbnail","hentry"],"acf":[],"yoast_head":"<!-- This site is optimized with the Yoast SEO plugin v25.3 - https:\/\/yoast.com\/wordpress\/plugins\/seo\/ -->\n<title>Camping con conserje en Navarrenx | Vigilancia de los Pirineos<\/title>\n<meta name=\"description\" content=\"Ofrecemos un servicio de canguro a 500 metros del camping, al pie de los Pirineos, en un edificio seguro\" \/>\n<meta name=\"robots\" content=\"index, follow, max-snippet:-1, max-image-preview:large, max-video-preview:-1\" \/>\n<link rel=\"canonical\" href=\"https:\/\/www.beaucamping.com\/es\/camping-guardando-navarrenx\/\" \/>\n<meta property=\"og:locale\" content=\"es_ES\" \/>\n<meta property=\"og:type\" content=\"article\" \/>\n<meta property=\"og:title\" content=\"Camping con conserje en Navarrenx | Vigilancia de los Pirineos\" \/>\n<meta property=\"og:description\" content=\"Ofrecemos un servicio de canguro a 500 metros del camping, al pie de los Pirineos, en un edificio seguro\" \/>\n<meta property=\"og:url\" content=\"https:\/\/www.beaucamping.com\/es\/camping-guardando-navarrenx\/\" \/>\n<meta property=\"og:site_name\" content=\"Camping Beau Rivage\" \/>\n<meta property=\"article:modified_time\" content=\"2023-04-08T12:22:53+00:00\" \/>\n<meta property=\"og:image\" content=\"https:\/\/www.beaucamping.com\/wp-content\/uploads\/2022\/02\/PM408455.jpg\" \/>\n\t<meta property=\"og:image:width\" content=\"1900\" \/>\n\t<meta property=\"og:image:height\" content=\"700\" \/>\n\t<meta property=\"og:image:type\" content=\"image\/jpeg\" \/>\n<meta name=\"twitter:card\" content=\"summary_large_image\" \/>\n<meta name=\"twitter:label1\" content=\"Tiempo de lectura\" \/>\n\t<meta name=\"twitter:data1\" content=\"3 minutos\" \/>\n<script type=\"application\/ld+json\" class=\"yoast-schema-graph\">{\"@context\":\"https:\/\/schema.org\",\"@graph\":[{\"@type\":\"WebPage\",\"@id\":\"https:\/\/www.beaucamping.com\/es\/camping-guardando-navarrenx\/\",\"url\":\"https:\/\/www.beaucamping.com\/es\/camping-guardando-navarrenx\/\",\"name\":\"Camping con conserje en Navarrenx | Vigilancia de los Pirineos\",\"isPartOf\":{\"@id\":\"https:\/\/www.beaucamping.com\/es\/#website\"},\"primaryImageOfPage\":{\"@id\":\"https:\/\/www.beaucamping.com\/es\/camping-guardando-navarrenx\/#primaryimage\"},\"image\":{\"@id\":\"https:\/\/www.beaucamping.com\/es\/camping-guardando-navarrenx\/#primaryimage\"},\"thumbnailUrl\":\"https:\/\/www.beaucamping.com\/wp-content\/uploads\/2022\/02\/PM408455.jpg\",\"datePublished\":\"2022-01-14T14:40:31+00:00\",\"dateModified\":\"2023-04-08T12:22:53+00:00\",\"description\":\"Ofrecemos un servicio de canguro a 500 metros del camping, al pie de los Pirineos, en un edificio seguro\",\"breadcrumb\":{\"@id\":\"https:\/\/www.beaucamping.com\/es\/camping-guardando-navarrenx\/#breadcrumb\"},\"inLanguage\":\"es\",\"potentialAction\":[{\"@type\":\"ReadAction\",\"target\":[\"https:\/\/www.beaucamping.com\/es\/camping-guardando-navarrenx\/\"]}]},{\"@type\":\"ImageObject\",\"inLanguage\":\"es\",\"@id\":\"https:\/\/www.beaucamping.com\/es\/camping-guardando-navarrenx\/#primaryimage\",\"url\":\"https:\/\/www.beaucamping.com\/wp-content\/uploads\/2022\/02\/PM408455.jpg\",\"contentUrl\":\"https:\/\/www.beaucamping.com\/wp-content\/uploads\/2022\/02\/PM408455.jpg\",\"width\":1900,\"height\":700,\"caption\":\"gardiennage camping beaurivage\"},{\"@type\":\"BreadcrumbList\",\"@id\":\"https:\/\/www.beaucamping.com\/es\/camping-guardando-navarrenx\/#breadcrumb\",\"itemListElement\":[{\"@type\":\"ListItem\",\"position\":1,\"name\":\"Camping B\u00e9arn\",\"item\":\"https:\/\/www.beaucamping.com\/es\/\"},{\"@type\":\"ListItem\",\"position\":2,\"name\":\"Camping con conserje en Navarrenx\"}]},{\"@type\":\"WebSite\",\"@id\":\"https:\/\/www.beaucamping.com\/es\/#website\",\"url\":\"https:\/\/www.beaucamping.com\/es\/\",\"name\":\"Camping Beau Rivage\",\"description\":\"\",\"publisher\":{\"@id\":\"https:\/\/www.beaucamping.com\/es\/#organization\"},\"potentialAction\":[{\"@type\":\"SearchAction\",\"target\":{\"@type\":\"EntryPoint\",\"urlTemplate\":\"https:\/\/www.beaucamping.com\/es\/?s={search_term_string}\"},\"query-input\":{\"@type\":\"PropertyValueSpecification\",\"valueRequired\":true,\"valueName\":\"search_term_string\"}}],\"inLanguage\":\"es\"},{\"@type\":\"Organization\",\"@id\":\"https:\/\/www.beaucamping.com\/es\/#organization\",\"name\":\"Camping Beau Rivage\",\"url\":\"https:\/\/www.beaucamping.com\/es\/\",\"logo\":{\"@type\":\"ImageObject\",\"inLanguage\":\"es\",\"@id\":\"https:\/\/www.beaucamping.com\/es\/#\/schema\/logo\/image\/\",\"url\":\"https:\/\/www.beaucamping.com\/wp-content\/uploads\/2022\/02\/logo-vert.jpg\",\"contentUrl\":\"https:\/\/www.beaucamping.com\/wp-content\/uploads\/2022\/02\/logo-vert.jpg\",\"width\":363,\"height\":169,\"caption\":\"Camping Beau Rivage\"},\"image\":{\"@id\":\"https:\/\/www.beaucamping.com\/es\/#\/schema\/logo\/image\/\"}}]}<\/script>\n<!-- \/ Yoast SEO plugin. -->","yoast_head_json":{"title":"Camping con conserje en Navarrenx | Vigilancia de los Pirineos","description":"Ofrecemos un servicio de canguro a 500 metros del camping, al pie de los Pirineos, en un edificio seguro","robots":{"index":"index","follow":"follow","max-snippet":"max-snippet:-1","max-image-preview":"max-image-preview:large","max-video-preview":"max-video-preview:-1"},"canonical":"https:\/\/www.beaucamping.com\/es\/camping-guardando-navarrenx\/","og_locale":"es_ES","og_type":"article","og_title":"Camping con conserje en Navarrenx | Vigilancia de los Pirineos","og_description":"Ofrecemos un servicio de canguro a 500 metros del camping, al pie de los Pirineos, en un edificio seguro","og_url":"https:\/\/www.beaucamping.com\/es\/camping-guardando-navarrenx\/","og_site_name":"Camping Beau Rivage","article_modified_time":"2023-04-08T12:22:53+00:00","og_image":[{"width":1900,"height":700,"url":"https:\/\/www.beaucamping.com\/wp-content\/uploads\/2022\/02\/PM408455.jpg","type":"image\/jpeg"}],"twitter_card":"summary_large_image","twitter_misc":{"Tiempo de lectura":"3 minutos"},"schema":{"@context":"https:\/\/schema.org","@graph":[{"@type":"WebPage","@id":"https:\/\/www.beaucamping.com\/es\/camping-guardando-navarrenx\/","url":"https:\/\/www.beaucamping.com\/es\/camping-guardando-navarrenx\/","name":"Camping con conserje en Navarrenx | Vigilancia de los Pirineos","isPartOf":{"@id":"https:\/\/www.beaucamping.com\/es\/#website"},"primaryImageOfPage":{"@id":"https:\/\/www.beaucamping.com\/es\/camping-guardando-navarrenx\/#primaryimage"},"image":{"@id":"https:\/\/www.beaucamping.com\/es\/camping-guardando-navarrenx\/#primaryimage"},"thumbnailUrl":"https:\/\/www.beaucamping.com\/wp-content\/uploads\/2022\/02\/PM408455.jpg","datePublished":"2022-01-14T14:40:31+00:00","dateModified":"2023-04-08T12:22:53+00:00","description":"Ofrecemos un servicio de canguro a 500 metros del camping, al pie de los Pirineos, en un edificio seguro","breadcrumb":{"@id":"https:\/\/www.beaucamping.com\/es\/camping-guardando-navarrenx\/#breadcrumb"},"inLanguage":"es","potentialAction":[{"@type":"ReadAction","target":["https:\/\/www.beaucamping.com\/es\/camping-guardando-navarrenx\/"]}]},{"@type":"ImageObject","inLanguage":"es","@id":"https:\/\/www.beaucamping.com\/es\/camping-guardando-navarrenx\/#primaryimage","url":"https:\/\/www.beaucamping.com\/wp-content\/uploads\/2022\/02\/PM408455.jpg","contentUrl":"https:\/\/www.beaucamping.com\/wp-content\/uploads\/2022\/02\/PM408455.jpg","width":1900,"height":700,"caption":"gardiennage camping beaurivage"},{"@type":"BreadcrumbList","@id":"https:\/\/www.beaucamping.com\/es\/camping-guardando-navarrenx\/#breadcrumb","itemListElement":[{"@type":"ListItem","position":1,"name":"Camping B\u00e9arn","item":"https:\/\/www.beaucamping.com\/es\/"},{"@type":"ListItem","position":2,"name":"Camping con conserje en Navarrenx"}]},{"@type":"WebSite","@id":"https:\/\/www.beaucamping.com\/es\/#website","url":"https:\/\/www.beaucamping.com\/es\/","name":"Camping Beau Rivage","description":"","publisher":{"@id":"https:\/\/www.beaucamping.com\/es\/#organization"},"potentialAction":[{"@type":"SearchAction","target":{"@type":"EntryPoint","urlTemplate":"https:\/\/www.beaucamping.com\/es\/?s={search_term_string}"},"query-input":{"@type":"PropertyValueSpecification","valueRequired":true,"valueName":"search_term_string"}}],"inLanguage":"es"},{"@type":"Organization","@id":"https:\/\/www.beaucamping.com\/es\/#organization","name":"Camping Beau Rivage","url":"https:\/\/www.beaucamping.com\/es\/","logo":{"@type":"ImageObject","inLanguage":"es","@id":"https:\/\/www.beaucamping.com\/es\/#\/schema\/logo\/image\/","url":"https:\/\/www.beaucamping.com\/wp-content\/uploads\/2022\/02\/logo-vert.jpg","contentUrl":"https:\/\/www.beaucamping.com\/wp-content\/uploads\/2022\/02\/logo-vert.jpg","width":363,"height":169,"caption":"Camping Beau Rivage"},"image":{"@id":"https:\/\/www.beaucamping.com\/es\/#\/schema\/logo\/image\/"}}]}},"_links":{"self":[{"href":"https:\/\/www.beaucamping.com\/es\/wp-json\/wp\/v2\/pages\/2487","targetHints":{"allow":["GET"]}}],"collection":[{"href":"https:\/\/www.beaucamping.com\/es\/wp-json\/wp\/v2\/pages"}],"about":[{"href":"https:\/\/www.beaucamping.com\/es\/wp-json\/wp\/v2\/types\/page"}],"author":[{"embeddable":true,"href":"https:\/\/www.beaucamping.com\/es\/wp-json\/wp\/v2\/users\/1"}],"replies":[{"embeddable":true,"href":"https:\/\/www.beaucamping.com\/es\/wp-json\/wp\/v2\/comments?post=2487"}],"version-history":[{"count":8,"href":"https:\/\/www.beaucamping.com\/es\/wp-json\/wp\/v2\/pages\/2487\/revisions"}],"predecessor-version":[{"id":4731,"href":"https:\/\/www.beaucamping.com\/es\/wp-json\/wp\/v2\/pages\/2487\/revisions\/4731"}],"wp:featuredmedia":[{"embeddable":true,"href":"https:\/\/www.beaucamping.com\/es\/wp-json\/wp\/v2\/media\/1173"}],"wp:attachment":[{"href":"https:\/\/www.beaucamping.com\/es\/wp-json\/wp\/v2\/media?parent=2487"}],"wp:term":[{"taxonomy":"sujet","embeddable":true,"href":"https:\/\/www.beaucamping.com\/es\/wp-json\/wp\/v2\/sujet?post=2487"}],"curies":[{"name":"wp","href":"https:\/\/api.w.org\/{rel}","templated":true}]}}