{"id":2472,"date":"2022-01-14T15:42:45","date_gmt":"2022-01-14T14:42:45","guid":{"rendered":"https:\/\/www.beaucamping.com\/location-emplacement-navarrenx\/"},"modified":"2024-09-12T09:00:37","modified_gmt":"2024-09-12T07:00:37","slug":"alquiler-ubicacion-navarrenx","status":"publish","type":"page","link":"https:\/\/www.beaucamping.com\/es\/alquiler-ubicacion-navarrenx\/","title":{"rendered":"Emplacements"},"content":{"rendered":"<section id=\"ls-section-block_a30944005ffede02a70b7d790a9853e8\" class=\"ls-section  page-one section-mobile-hebergements\" >\r\n        <div class=\"container container--wide\">\r\n        \n\n<h1 class=\"ls__heading wp-block-heading has-text-align-center\" id=\"location-d-emplacement-a-navarrenx\">Alquilar una parcela en Navarrenx<\/h1>\n\n\n\n\n\n<div id=\"ls-hebergements-block_10ebcb33cba30c6825bc6767529b0cd7\" class=\"ls-hebergements\" >\n\n    \n\n    <div class=\"ls-hebergements__results\" data-row=\"3\" data-campings=\"false\" data-types=\"[14]\">\n<div class=\"ls-hebergement\" data-postid='2711' data-id-reservation='106158' data-id-site='' data-id1='' data-nombre_de_personnes='6' data-nombre_de_chambres='' data-last-update='' data-type='emplacement'>\n\t<div class=\"ls-hebergement__thumb\">\n\t\t<img decoding=\"async\" width=\"768\" height=\"576\" src=\"https:\/\/www.beaucamping.com\/wp-content\/uploads\/2022\/01\/emplacement-grand-confort-1-768x576.jpg\" class=\"attachment-medium_large size-medium_large wp-post-image\" alt=\"camping emplacement navarrenx\" srcset=\"https:\/\/www.beaucamping.com\/wp-content\/uploads\/2022\/01\/emplacement-grand-confort-1-768x576.jpg 768w, https:\/\/www.beaucamping.com\/wp-content\/uploads\/2022\/01\/emplacement-grand-confort-1-300x225.jpg 300w, https:\/\/www.beaucamping.com\/wp-content\/uploads\/2022\/01\/emplacement-grand-confort-1.jpg 800w\" sizes=\"(max-width: 768px) 100vw, 768px\" \/>\n\t\t\t<\/div>\n\t<div class=\"ls-hebergement__title\">\n\t\tCampo Grand Confort\t<\/div>\n\t<div class=\"ls-hebergement__details\">\n\n\t\t<div class=\"ls-hebergement__icons\">\n\n\t\t\t\t\t\t\t<span class=\"ls-hebergement__icon\">\n\t\t\t\t\t<i class=\"fas fa-users\"><\/i>\n\t\t\t\t\t6\t\t\t\t<\/span>\n\t\t\t\n\t\t\t\n\t\t\t\n\t\t\t\n\n\n\t\t\t\n\t\t<\/div>\n\t<\/div>\n\n\t<div class=\"ls-hebergement__decouvrir\">Descubra<\/div>\n<\/div>\n<div class=\"ls-hebergement\" data-postid='2716' data-id-reservation='106158' data-id-site='' data-id1='' data-nombre_de_personnes='6' data-nombre_de_chambres='' data-last-update='' data-type='emplacement'>\n\t<div class=\"ls-hebergement__thumb\">\n\t\t<img decoding=\"async\" width=\"768\" height=\"576\" src=\"https:\/\/www.beaucamping.com\/wp-content\/uploads\/2022\/01\/aire-van-navarrenx-768x576.jpg\" class=\"attachment-medium_large size-medium_large wp-post-image\" alt=\"aire van navarrenx\" srcset=\"https:\/\/www.beaucamping.com\/wp-content\/uploads\/2022\/01\/aire-van-navarrenx-768x576.jpg 768w, https:\/\/www.beaucamping.com\/wp-content\/uploads\/2022\/01\/aire-van-navarrenx-300x225.jpg 300w, https:\/\/www.beaucamping.com\/wp-content\/uploads\/2022\/01\/aire-van-navarrenx.jpg 800w\" sizes=\"(max-width: 768px) 100vw, 768px\" \/>\n\t\t\t<\/div>\n\t<div class=\"ls-hebergement__title\">\n\t\tConfort de la parcela\t<\/div>\n\t<div class=\"ls-hebergement__details\">\n\n\t\t<div class=\"ls-hebergement__icons\">\n\n\t\t\t\t\t\t\t<span class=\"ls-hebergement__icon\">\n\t\t\t\t\t<i class=\"fas fa-users\"><\/i>\n\t\t\t\t\t6\t\t\t\t<\/span>\n\t\t\t\n\t\t\t\n\t\t\t\n\t\t\t\n\n\n\t\t\t\n\t\t<\/div>\n\t<\/div>\n\n\t<div class=\"ls-hebergement__decouvrir\">Descubra<\/div>\n<\/div><\/div>\n<\/div>\n\r\n    <\/div>\r\n<\/section>\n\n<section id=\"ls-section-block_8ae01378811ef94eacece2ea70e13cab\" class=\"ls-section \" >\r\n        <div class=\"container container--wide\">\r\n        \n\n<h2 class=\"ls__heading wp-block-heading has-text-align-center\" id=\"nos-gammes-d-emplacements-a-louer-pres-de-pau-1\">gama de parcelas para alquilar cerca de Pau<\/h2>\n\n\n\n<p class=\"ls-paragraph\">Amplias y arboladas, nuestras parcelas son ideales para sus vacaciones en caravana en los Pirineos Atl\u00e1nticos. Por eso nuestros alquileres son al mejor precio, tanto si elige alquilar un chalet, una parcela o un alojamiento at\u00edpico como una tienda de campa\u00f1a.<\/p>\n\n\r\n    <\/div>\r\n<\/section>\n\n<section id=\"ls-section-block_07f8edd469d55df87f6ca73074346b08\" class=\"ls-section  has-background has-color-1-background-color has-text-color has-color-white-color\" >\r\n        <div class=\"container container--wide\">\r\n        \n\n<div class=\"wp-block-columns is-layout-flex wp-container-core-columns-is-layout-9d6595d7 wp-block-columns-is-layout-flex\">\n<div class=\"wp-block-column is-layout-flow wp-block-column-is-layout-flow\">\n<h3 class=\"ls__heading wp-block-heading has-text-align-center\" id=\"emplacements-confort\">Parcelas de confort<\/h3>\n\n\n\n<p class=\"ls-paragraph\"><strong>Cada parcela de confort para tiendas, caravanas, autocaravanas y furgonetas tiene<\/strong>:<\/p>\n\n\n\n<p class=\"ls-paragraph\">Parcelas muy verdes separadas por setos y arbustos de diferentes variedades en el <a href=\"\/es\/\">camping de Navarrenx<\/a>.<\/p>\n\n\n\n<p id=\"inclus-et-proche-de-votre-emplacement-l-air-de-service-pour-camping-car-pour-vidanger-votre-vehicule-vider-les-eaux-noires-et-grises-et-remplir-votre-reservoir-d-eau\" class=\"ls-paragraph\">Incluida y cerca de su parcela, <strong>el \u00e1rea de servicio de autocaravanas<\/strong> para vaciar su veh\u00edculo, vaciar las aguas negras y grises y llenar su dep\u00f3sito de agua.<\/p>\n<\/div>\n\n\n\n<div class=\"wp-block-column is-layout-flow wp-block-column-is-layout-flow\">\n<h3 class=\"ls__heading wp-block-heading has-text-align-center\" id=\"emplacements-grand-confort\">Parcelas Privil\u00e8ge<\/h3>\n\n\n\n<p class=\"ls-paragraph\"><strong>Nuestras c\u00f3modas parcelas tienen agua y drenaje en la propia parcela<\/strong>; y mitad de hierba y mitad de grava (para la estabilidad y para evitar el barro en caso de lluvia).<\/p>\n<\/div>\n<\/div>\n\n\r\n    <\/div>\r\n<\/section>\n\n<section id=\"ls-section-block_8ae01378811ef94eacece2ea70e13cab\" class=\"ls-section \" >\r\n        <div class=\"container container--wide\">\r\n        \n\n<div class=\"wp-block-columns is-layout-flex wp-container-core-columns-is-layout-9d6595d7 wp-block-columns-is-layout-flex\">\n<div class=\"wp-block-column is-layout-flow wp-block-column-is-layout-flow\">\n<h2 class=\"ls__heading wp-block-heading\" id=\"qualite-de-nos-emplacements-caravaning-proche-de-pau\">CALIDAD DE LAS PARCELAS PARA CARAVANAS CERCA DE PAU<\/h2>\n\n\n\n<p class=\"ls-paragraph\">Los peque\u00f1os extras de nuestras localizaciones :<\/p>\n<\/div>\n\n\n\n<div class=\"wp-block-column is-layout-flow wp-block-column-is-layout-flow\">\n<h2 class=\"ls__heading wp-block-heading\" id=\"services-pour-les-emplacements-et-sanitaires\">SERVICIOS PARA PARCELAS E INSTALACIONES SANITARIAS<\/h2>\n\n\n\n<p class=\"ls-paragraph\"><strong>Cerca de su parcela hay dos instalaciones sanitarias, una de las cuales est\u00e1 equipada para ni\u00f1os con una ba\u00f1era, un aseo infantil y un cambiador. Un bloque de aseos tambi\u00e9n es accesible para personas con movilidad reducida<\/strong>, con un inodoro, un lavabo y una ducha para discapacitados.<\/p>\n\n\n\n<p class=\"ls-paragraph\">Damos gran importancia a la limpieza de nuestras instalaciones sanitarias. <strong>Nuestro equipo de superlimpieza visita regularmente las instalaciones sanitarias para asegurarse de que est\u00e1n limpias<\/strong>. Adem\u00e1s, se han reforzado las medidas de limpieza tras la pandemia de coronavirus y se utilizan productos virucidas adaptados para reforzar la desinfecci\u00f3n de los locales..&nbsp;<\/p>\n\n\n\n<p class=\"ls-paragraph\"><strong>Tambi\u00e9n hay una lavander\u00eda en el camping equipada con lavadoras<\/strong> y secadoras de gran capacidad, as\u00ed como planchas, percheros y cestas<strong>.<\/strong>.&nbsp;<\/p>\n<\/div>\n<\/div>\n\n\r\n    <\/div>\r\n<\/section>\n\n<section id=\"ls-section-block_6e9d0459a3900a409e680d8c79576eaa\" class=\"ls-section  page-five\" >\r\n        <div class=\"container container--wide\">\r\n        \n\n<div id=\"ls-heading ls-titre-div-block_75a82d904c42673449c63a2f44b81153\" class=\"ls-titre-div aligncenter h2-like\" >\n    DESCUBRA LOS OTROS ALQUILERES QUE OFRECE NUESTRO CAMPING EN NAVARRENX<\/div>\n\n\n\n<div class=\"wp-block-columns is-layout-flex wp-container-core-columns-is-layout-9d6595d7 wp-block-columns-is-layout-flex\">\n<div class=\"wp-block-column is-layout-flow wp-block-column-is-layout-flow\"><div id=\"ls-maillage-block_25ac9ee31dc6e5653a43d2becb484793\" class=\"ls-maillage cta-style-normal\" data-rows=\"3\">\r\n    <div class=\"wp-block-columns\"><div class=\"wp-block-column\">\n\n<a href=\"https:\/\/www.beaucamping.com\/es\/alquiler-cabana-navarrenx\/\" target=\"\" rel=\"noopener\" class=\"ls-cta__link\" data-categ=\"\">\n\t<div class=\"ls-cta__image\"><img decoding=\"async\" src=\"https:\/\/www.beaucamping.com\/wp-content\/uploads\/2022\/02\/location-chalet-bearn.jpg\" alt=\"location chalet bearn\"><\/div>\n\t<div class=\"ls-cta__title\">\n\t\tChalets\t<\/div>\n\n\t<\/a><\/div><\/div><\/div><\/div>\n\n\n\n<div class=\"wp-block-column is-layout-flow wp-block-column-is-layout-flow\"><div id=\"ls-maillage-block_523572d31c5870c23a8524e8a2d4606a\" class=\"ls-maillage cta-style-normal\" data-rows=\"3\">\r\n    <div class=\"wp-block-columns\"><div class=\"wp-block-column\">\n\n<a href=\"https:\/\/www.beaucamping.com\/es\/camping-barato-pyrenees\/\" target=\"\" rel=\"noopener\" class=\"ls-cta__link\" data-categ=\"\">\n\t<div class=\"ls-cta__image\"><img decoding=\"async\" src=\"https:\/\/www.beaucamping.com\/wp-content\/uploads\/2022\/02\/tarif-camping-navarrenx.jpg\" alt=\"tarif camping navarrenx\"><\/div>\n\t<div class=\"ls-cta__title\">\n\t\tTarifas\t<\/div>\n\n\t<\/a><\/div><\/div><\/div><\/div>\n\n\n\n<div class=\"wp-block-column is-layout-flow wp-block-column-is-layout-flow\"><div id=\"ls-maillage-block_ff125db56051f4c3f7510cb92639caf0\" class=\"ls-maillage cta-style-normal\" data-rows=\"3\">\r\n    <div class=\"wp-block-columns\"><div class=\"wp-block-column\">\n\n<a href=\"https:\/\/www.beaucamping.com\/es\/alquiler-carpa-lodge-navarrenx\/\" target=\"\" rel=\"noopener\" class=\"ls-cta__link\" data-categ=\"\">\n\t<div class=\"ls-cta__image\"><img decoding=\"async\" src=\"https:\/\/www.beaucamping.com\/wp-content\/uploads\/2022\/02\/categg_10_1.jpg\" alt=\"tente-lodge\"><\/div>\n\t<div class=\"ls-cta__title\">\n\t\tTiendas de campa\u00f1a\t<\/div>\n\n\t<\/a><\/div><\/div><\/div><\/div>\n<\/div>\n\n\r\n    <\/div>\r\n<\/section>\n\n<section id=\"ls-section-block_4913f7b70cf7588ff7e00902ecb080e8\" class=\"ls-section  avis-pages\" >\r\n        <div class=\"container \">\r\n        \n\n<div id=\"ls-heading ls-titre-div-block_e1844161c3ed6c4689f716d6553096ef\" class=\"ls-titre-div aligncenter h2-like\" >\n    \u00a1Opiniones de las localizaciones! <\/div>\n\n\n<div class=\"slider slider-avis-pages\"><div class=\"slide\"><div class=\"slide_titre\">Gilles<\/div><div class=\"slide_note\">\n                        <img decoding=\"async\" src=\"\/wp-content\/uploads\/2022\/03\/avis-camping.png\" class=\"note-img\" alt=\"avis camping beau rivage\" \/>\n                    <\/div><div class=\"slide_contenu\"><p><strong>Ubicaci\u00f3n agradable, buenas instalaciones sanitarias, piscina, peque\u00f1o pueblo amurallado para visitar.<\/strong> Se recomienda.<\/p>\n<\/div><\/div><div class=\"slide\"><div class=\"slide_titre\">Monique<\/div><div class=\"slide_note\">\n                        <img decoding=\"async\" src=\"\/wp-content\/uploads\/2022\/03\/avis-camping.png\" class=\"note-img\" alt=\"avis camping beau rivage\" \/>\n                    <\/div><div class=\"slide_contenu\"><p><strong>Bonito camping, propietarios muy amables, aseos limpios y parcelas limpias y con buena sombra.<\/strong> Buen ambiente. \u2764\ufe0f\u2764\ufe0f<\/p>\n<\/div><\/div><div class=\"slide\"><div class=\"slide_titre\">Laurence<\/div><div class=\"slide_note\">\n                        <img decoding=\"async\" src=\"\/wp-content\/uploads\/2022\/03\/avis-camping.png\" class=\"note-img\" alt=\"avis camping beau rivage\" \/>\n                    <\/div><div class=\"slide_contenu\"><p><strong>Bonito camping con parcelas bien sombreadas Tuvimos una estancia muy agradable. Acogida muy amable, parcelas bien sombreadas, camping bonito y florido. Instalaciones sanitarias con agua caliente<\/strong>. El sonido del r\u00edo Gave de fondo y el canto de los p\u00e1jaros&#8230;. S\u00faper relajaci\u00f3n.<\/p>\n<\/div><\/div><\/div>\n\n\r\n    <\/div>\r\n<\/section>","protected":false},"excerpt":{"rendered":"","protected":false},"author":1,"featured_media":1187,"parent":0,"menu_order":0,"comment_status":"closed","ping_status":"closed","template":"","meta":{"_acf_changed":false,"footnotes":""},"sujet":[],"class_list":["post-2472","page","type-page","status-publish","has-post-thumbnail","hentry"],"acf":[],"yoast_head":"<!-- This site is optimized with the Yoast SEO plugin v27.4 - https:\/\/yoast.com\/product\/yoast-seo-wordpress\/ -->\n<title>Ubicaci\u00f3n del alquiler Navarrenx | Parcela de caravanas Pirineos<\/title>\n<meta name=\"description\" content=\"St\u00e9phane &amp; Clara se complacen en darle la bienvenida al Camping Beau Rivage Camping Caravan Site Pyr\u00e9n\u00e9es Atlantiques.\" \/>\n<meta name=\"robots\" content=\"index, follow, max-snippet:-1, max-image-preview:large, max-video-preview:-1\" \/>\n<link rel=\"canonical\" href=\"https:\/\/www.beaucamping.com\/es\/alquiler-ubicacion-navarrenx\/\" \/>\n<meta property=\"og:locale\" content=\"es_ES\" \/>\n<meta property=\"og:type\" content=\"article\" \/>\n<meta property=\"og:title\" content=\"Ubicaci\u00f3n del alquiler Navarrenx | Parcela de caravanas Pirineos\" \/>\n<meta property=\"og:description\" content=\"St\u00e9phane &amp; Clara se complacen en darle la bienvenida al Camping Beau Rivage Camping Caravan Site Pyr\u00e9n\u00e9es Atlantiques.\" \/>\n<meta property=\"og:url\" content=\"https:\/\/www.beaucamping.com\/es\/alquiler-ubicacion-navarrenx\/\" \/>\n<meta property=\"og:site_name\" content=\"Camping Beau Rivage\" \/>\n<meta property=\"article:modified_time\" content=\"2024-09-12T07:00:37+00:00\" \/>\n<meta property=\"og:image\" content=\"https:\/\/www.beaucamping.com\/wp-content\/uploads\/2022\/02\/PM408464.jpg\" \/>\n\t<meta property=\"og:image:width\" content=\"1900\" \/>\n\t<meta property=\"og:image:height\" content=\"700\" \/>\n\t<meta property=\"og:image:type\" content=\"image\/jpeg\" \/>\n<meta name=\"twitter:card\" content=\"summary_large_image\" \/>\n<meta name=\"twitter:label1\" content=\"Tiempo de lectura\" \/>\n\t<meta name=\"twitter:data1\" content=\"3 minutos\" \/>\n<script type=\"application\/ld+json\" class=\"yoast-schema-graph\">{\"@context\":\"https:\\\/\\\/schema.org\",\"@graph\":[{\"@type\":\"WebPage\",\"@id\":\"https:\\\/\\\/www.beaucamping.com\\\/es\\\/alquiler-ubicacion-navarrenx\\\/\",\"url\":\"https:\\\/\\\/www.beaucamping.com\\\/es\\\/alquiler-ubicacion-navarrenx\\\/\",\"name\":\"Ubicaci\u00f3n del alquiler Navarrenx | Parcela de caravanas Pirineos\",\"isPartOf\":{\"@id\":\"https:\\\/\\\/www.beaucamping.com\\\/es\\\/#website\"},\"primaryImageOfPage\":{\"@id\":\"https:\\\/\\\/www.beaucamping.com\\\/es\\\/alquiler-ubicacion-navarrenx\\\/#primaryimage\"},\"image\":{\"@id\":\"https:\\\/\\\/www.beaucamping.com\\\/es\\\/alquiler-ubicacion-navarrenx\\\/#primaryimage\"},\"thumbnailUrl\":\"https:\\\/\\\/www.beaucamping.com\\\/wp-content\\\/uploads\\\/2022\\\/02\\\/PM408464.jpg\",\"datePublished\":\"2022-01-14T14:42:45+00:00\",\"dateModified\":\"2024-09-12T07:00:37+00:00\",\"description\":\"St\u00e9phane & Clara se complacen en darle la bienvenida al Camping Beau Rivage Camping Caravan Site Pyr\u00e9n\u00e9es Atlantiques.\",\"breadcrumb\":{\"@id\":\"https:\\\/\\\/www.beaucamping.com\\\/es\\\/alquiler-ubicacion-navarrenx\\\/#breadcrumb\"},\"inLanguage\":\"es\",\"potentialAction\":[{\"@type\":\"ReadAction\",\"target\":[\"https:\\\/\\\/www.beaucamping.com\\\/es\\\/alquiler-ubicacion-navarrenx\\\/\"]}]},{\"@type\":\"ImageObject\",\"inLanguage\":\"es\",\"@id\":\"https:\\\/\\\/www.beaucamping.com\\\/es\\\/alquiler-ubicacion-navarrenx\\\/#primaryimage\",\"url\":\"https:\\\/\\\/www.beaucamping.com\\\/wp-content\\\/uploads\\\/2022\\\/02\\\/PM408464.jpg\",\"contentUrl\":\"https:\\\/\\\/www.beaucamping.com\\\/wp-content\\\/uploads\\\/2022\\\/02\\\/PM408464.jpg\",\"width\":1900,\"height\":700,\"caption\":\"emplacement-camping pas cher beaurivage\"},{\"@type\":\"BreadcrumbList\",\"@id\":\"https:\\\/\\\/www.beaucamping.com\\\/es\\\/alquiler-ubicacion-navarrenx\\\/#breadcrumb\",\"itemListElement\":[{\"@type\":\"ListItem\",\"position\":1,\"name\":\"Camping B\u00e9arn\",\"item\":\"https:\\\/\\\/www.beaucamping.com\\\/es\\\/\"},{\"@type\":\"ListItem\",\"position\":2,\"name\":\"Sitio de caravanas en los Pirineos Atl\u00e1nticos\"}]},{\"@type\":\"WebSite\",\"@id\":\"https:\\\/\\\/www.beaucamping.com\\\/es\\\/#website\",\"url\":\"https:\\\/\\\/www.beaucamping.com\\\/es\\\/\",\"name\":\"Camping Beau Rivage\",\"description\":\"\",\"publisher\":{\"@id\":\"https:\\\/\\\/www.beaucamping.com\\\/es\\\/#organization\"},\"potentialAction\":[{\"@type\":\"SearchAction\",\"target\":{\"@type\":\"EntryPoint\",\"urlTemplate\":\"https:\\\/\\\/www.beaucamping.com\\\/es\\\/?s={search_term_string}\"},\"query-input\":{\"@type\":\"PropertyValueSpecification\",\"valueRequired\":true,\"valueName\":\"search_term_string\"}}],\"inLanguage\":\"es\"},{\"@type\":\"Organization\",\"@id\":\"https:\\\/\\\/www.beaucamping.com\\\/es\\\/#organization\",\"name\":\"Camping Beau Rivage\",\"url\":\"https:\\\/\\\/www.beaucamping.com\\\/es\\\/\",\"logo\":{\"@type\":\"ImageObject\",\"inLanguage\":\"es\",\"@id\":\"https:\\\/\\\/www.beaucamping.com\\\/es\\\/#\\\/schema\\\/logo\\\/image\\\/\",\"url\":\"https:\\\/\\\/www.beaucamping.com\\\/wp-content\\\/uploads\\\/2022\\\/02\\\/logo-vert.jpg\",\"contentUrl\":\"https:\\\/\\\/www.beaucamping.com\\\/wp-content\\\/uploads\\\/2022\\\/02\\\/logo-vert.jpg\",\"width\":363,\"height\":169,\"caption\":\"Camping Beau Rivage\"},\"image\":{\"@id\":\"https:\\\/\\\/www.beaucamping.com\\\/es\\\/#\\\/schema\\\/logo\\\/image\\\/\"}}]}<\/script>\n<!-- \/ Yoast SEO plugin. -->","yoast_head_json":{"title":"Ubicaci\u00f3n del alquiler Navarrenx | Parcela de caravanas Pirineos","description":"St\u00e9phane & Clara se complacen en darle la bienvenida al Camping Beau Rivage Camping Caravan Site Pyr\u00e9n\u00e9es Atlantiques.","robots":{"index":"index","follow":"follow","max-snippet":"max-snippet:-1","max-image-preview":"max-image-preview:large","max-video-preview":"max-video-preview:-1"},"canonical":"https:\/\/www.beaucamping.com\/es\/alquiler-ubicacion-navarrenx\/","og_locale":"es_ES","og_type":"article","og_title":"Ubicaci\u00f3n del alquiler Navarrenx | Parcela de caravanas Pirineos","og_description":"St\u00e9phane & Clara se complacen en darle la bienvenida al Camping Beau Rivage Camping Caravan Site Pyr\u00e9n\u00e9es Atlantiques.","og_url":"https:\/\/www.beaucamping.com\/es\/alquiler-ubicacion-navarrenx\/","og_site_name":"Camping Beau Rivage","article_modified_time":"2024-09-12T07:00:37+00:00","og_image":[{"width":1900,"height":700,"url":"https:\/\/www.beaucamping.com\/wp-content\/uploads\/2022\/02\/PM408464.jpg","type":"image\/jpeg"}],"twitter_card":"summary_large_image","twitter_misc":{"Tiempo de lectura":"3 minutos"},"schema":{"@context":"https:\/\/schema.org","@graph":[{"@type":"WebPage","@id":"https:\/\/www.beaucamping.com\/es\/alquiler-ubicacion-navarrenx\/","url":"https:\/\/www.beaucamping.com\/es\/alquiler-ubicacion-navarrenx\/","name":"Ubicaci\u00f3n del alquiler Navarrenx | Parcela de caravanas Pirineos","isPartOf":{"@id":"https:\/\/www.beaucamping.com\/es\/#website"},"primaryImageOfPage":{"@id":"https:\/\/www.beaucamping.com\/es\/alquiler-ubicacion-navarrenx\/#primaryimage"},"image":{"@id":"https:\/\/www.beaucamping.com\/es\/alquiler-ubicacion-navarrenx\/#primaryimage"},"thumbnailUrl":"https:\/\/www.beaucamping.com\/wp-content\/uploads\/2022\/02\/PM408464.jpg","datePublished":"2022-01-14T14:42:45+00:00","dateModified":"2024-09-12T07:00:37+00:00","description":"St\u00e9phane & Clara se complacen en darle la bienvenida al Camping Beau Rivage Camping Caravan Site Pyr\u00e9n\u00e9es Atlantiques.","breadcrumb":{"@id":"https:\/\/www.beaucamping.com\/es\/alquiler-ubicacion-navarrenx\/#breadcrumb"},"inLanguage":"es","potentialAction":[{"@type":"ReadAction","target":["https:\/\/www.beaucamping.com\/es\/alquiler-ubicacion-navarrenx\/"]}]},{"@type":"ImageObject","inLanguage":"es","@id":"https:\/\/www.beaucamping.com\/es\/alquiler-ubicacion-navarrenx\/#primaryimage","url":"https:\/\/www.beaucamping.com\/wp-content\/uploads\/2022\/02\/PM408464.jpg","contentUrl":"https:\/\/www.beaucamping.com\/wp-content\/uploads\/2022\/02\/PM408464.jpg","width":1900,"height":700,"caption":"emplacement-camping pas cher beaurivage"},{"@type":"BreadcrumbList","@id":"https:\/\/www.beaucamping.com\/es\/alquiler-ubicacion-navarrenx\/#breadcrumb","itemListElement":[{"@type":"ListItem","position":1,"name":"Camping B\u00e9arn","item":"https:\/\/www.beaucamping.com\/es\/"},{"@type":"ListItem","position":2,"name":"Sitio de caravanas en los Pirineos Atl\u00e1nticos"}]},{"@type":"WebSite","@id":"https:\/\/www.beaucamping.com\/es\/#website","url":"https:\/\/www.beaucamping.com\/es\/","name":"Camping Beau Rivage","description":"","publisher":{"@id":"https:\/\/www.beaucamping.com\/es\/#organization"},"potentialAction":[{"@type":"SearchAction","target":{"@type":"EntryPoint","urlTemplate":"https:\/\/www.beaucamping.com\/es\/?s={search_term_string}"},"query-input":{"@type":"PropertyValueSpecification","valueRequired":true,"valueName":"search_term_string"}}],"inLanguage":"es"},{"@type":"Organization","@id":"https:\/\/www.beaucamping.com\/es\/#organization","name":"Camping Beau Rivage","url":"https:\/\/www.beaucamping.com\/es\/","logo":{"@type":"ImageObject","inLanguage":"es","@id":"https:\/\/www.beaucamping.com\/es\/#\/schema\/logo\/image\/","url":"https:\/\/www.beaucamping.com\/wp-content\/uploads\/2022\/02\/logo-vert.jpg","contentUrl":"https:\/\/www.beaucamping.com\/wp-content\/uploads\/2022\/02\/logo-vert.jpg","width":363,"height":169,"caption":"Camping Beau Rivage"},"image":{"@id":"https:\/\/www.beaucamping.com\/es\/#\/schema\/logo\/image\/"}}]}},"_links":{"self":[{"href":"https:\/\/www.beaucamping.com\/es\/wp-json\/wp\/v2\/pages\/2472","targetHints":{"allow":["GET"]}}],"collection":[{"href":"https:\/\/www.beaucamping.com\/es\/wp-json\/wp\/v2\/pages"}],"about":[{"href":"https:\/\/www.beaucamping.com\/es\/wp-json\/wp\/v2\/types\/page"}],"author":[{"embeddable":true,"href":"https:\/\/www.beaucamping.com\/es\/wp-json\/wp\/v2\/users\/1"}],"replies":[{"embeddable":true,"href":"https:\/\/www.beaucamping.com\/es\/wp-json\/wp\/v2\/comments?post=2472"}],"version-history":[{"count":10,"href":"https:\/\/www.beaucamping.com\/es\/wp-json\/wp\/v2\/pages\/2472\/revisions"}],"predecessor-version":[{"id":4913,"href":"https:\/\/www.beaucamping.com\/es\/wp-json\/wp\/v2\/pages\/2472\/revisions\/4913"}],"wp:featuredmedia":[{"embeddable":true,"href":"https:\/\/www.beaucamping.com\/es\/wp-json\/wp\/v2\/media\/1187"}],"wp:attachment":[{"href":"https:\/\/www.beaucamping.com\/es\/wp-json\/wp\/v2\/media?parent=2472"}],"wp:term":[{"taxonomy":"sujet","embeddable":true,"href":"https:\/\/www.beaucamping.com\/es\/wp-json\/wp\/v2\/sujet?post=2472"}],"curies":[{"name":"wp","href":"https:\/\/api.w.org\/{rel}","templated":true}]}}