{"id":2465,"date":"2022-01-14T16:00:20","date_gmt":"2022-01-14T15:00:20","guid":{"rendered":"https:\/\/www.beaucamping.com\/contacto\/"},"modified":"2022-03-28T16:29:21","modified_gmt":"2022-03-28T14:29:21","slug":"contacto","status":"publish","type":"page","link":"https:\/\/www.beaucamping.com\/es\/contacto\/","title":{"rendered":"Contact et acc\u00e8s"},"content":{"rendered":"<section id=\"ls-section-block_620b76f6e6ed4\" class=\"ls-section \" >\r\n        <div class=\"container \">\r\n        \n\n<h1 class=\"ls__heading has-text-align-center wp-block-heading\" id=\"contact-et-itineraire-1\">Contacto y direcciones<\/h1>\n\n\n\n<div class=\"wp-block-columns is-layout-flex wp-container-core-columns-is-layout-9d6595d7 wp-block-columns-is-layout-flex\">\n<div class=\"wp-block-column is-layout-flow wp-block-column-is-layout-flow\">\n<div class=\"wpcf7 no-js\" id=\"wpcf7-f2719-o1\" lang=\"fr-FR\" dir=\"ltr\" data-wpcf7-id=\"2719\">\n<div class=\"screen-reader-response\"><p role=\"status\" aria-live=\"polite\" aria-atomic=\"true\"><\/p> <ul><\/ul><\/div>\n<form action=\"\/es\/wp-json\/wp\/v2\/pages\/2465#wpcf7-f2719-o1\" method=\"post\" class=\"wpcf7-form init\" aria-label=\"Formulaire de contact\" novalidate=\"novalidate\" data-status=\"init\">\n<fieldset class=\"hidden-fields-container\"><input type=\"hidden\" name=\"_wpcf7\" value=\"2719\" \/><input type=\"hidden\" name=\"_wpcf7_version\" value=\"6.1.5\" \/><input type=\"hidden\" name=\"_wpcf7_locale\" value=\"fr_FR\" \/><input type=\"hidden\" name=\"_wpcf7_unit_tag\" value=\"wpcf7-f2719-o1\" \/><input type=\"hidden\" name=\"_wpcf7_container_post\" value=\"0\" \/><input type=\"hidden\" name=\"_wpcf7_posted_data_hash\" value=\"\" \/><input type=\"hidden\" name=\"_wpcf7_recaptcha_response\" value=\"\" \/>\n<\/fieldset>\n<p><label> Su nombre<br \/>\n<span class=\"wpcf7-form-control-wrap\" data-name=\"your-name\"><input size=\"40\" maxlength=\"400\" class=\"wpcf7-form-control wpcf7-text wpcf7-validates-as-required\" aria-required=\"true\" aria-invalid=\"false\" value=\"\" type=\"text\" name=\"your-name\" \/><\/span> <\/label>\n<\/p>\n<p><label> Su e-mail<br \/>\n<span class=\"wpcf7-form-control-wrap\" data-name=\"your-email\"><input size=\"40\" maxlength=\"400\" class=\"wpcf7-form-control wpcf7-email wpcf7-validates-as-required wpcf7-text wpcf7-validates-as-email\" aria-required=\"true\" aria-invalid=\"false\" value=\"\" type=\"email\" name=\"your-email\" \/><\/span> <\/label>\n<\/p>\n<p><label> Asunto<br \/>\n<span class=\"wpcf7-form-control-wrap\" data-name=\"your-subject\"><input size=\"40\" maxlength=\"400\" class=\"wpcf7-form-control wpcf7-text wpcf7-validates-as-required\" aria-required=\"true\" aria-invalid=\"false\" value=\"\" type=\"text\" name=\"your-subject\" \/><\/span> <\/label>\n<\/p>\n<p><label> Su mensaje (opcional)<br \/>\n<span class=\"wpcf7-form-control-wrap\" data-name=\"your-message\"><textarea cols=\"40\" rows=\"10\" maxlength=\"2000\" class=\"wpcf7-form-control wpcf7-textarea\" aria-invalid=\"false\" name=\"your-message\"><\/textarea><\/span> <\/label><br \/>\n<span class=\"wpcf7-form-control-wrap\" data-name=\"acceptance-553\"><span class=\"wpcf7-form-control wpcf7-acceptance\"><span class=\"wpcf7-list-item\"><label><input type=\"checkbox\" name=\"acceptance-553\" value=\"1\" aria-invalid=\"false\" \/><span class=\"wpcf7-list-item-label\">Al marcar esta casilla, acepto la <a href=\"\/es\/politica-privacidad\/\" rel=\"nofollow\" target=\"_blank\">Pol\u00edtica de privacidad<\/a> de este sitio.<\/span><\/label><\/span><\/span><\/span>\n<\/p>\n<p><input class=\"wpcf7-form-control wpcf7-submit has-spinner\" type=\"submit\" value=\"Enviar\" \/>\n<\/p><div class=\"wpcf7-response-output\" aria-hidden=\"true\"><\/div>\n<\/form>\n<\/div>\n\n<\/div>\n\n\n\n<div class=\"wp-block-column is-layout-flow wp-block-column-is-layout-flow\">\n<h2 class=\"ls-heading wp-block-heading\" id=\"contacter-le-camping\">Contactar con el camping<\/h2>\n\n\n\n<p class=\"ls-paragraph\">El <a href=\"\/es\/\">camping Beau Rivage<\/a> est\u00e1 <strong>abierto desde principios de abril hasta mediados de octubre<\/strong>.&nbsp;<\/p>\n\n\n\n<p class=\"ls-paragraph\">Puede localizarnos en el <strong>+335 59 66 10 00<\/strong> todos los d\u00edas de 9 a 18 horas, excepto los domingos.&nbsp;<\/p>\n\n\n\n<p class=\"ls-paragraph\">En caso de ausencia, no dude en dejarnos un mensaje y estaremos encantados de atenderle.<\/p>\n\n\n\n<p class=\"ls-paragraph\">Tambi\u00e9n es posible enviarnos un correo electr\u00f3nico: <strong>beaucamping@free.fr<\/strong>.<\/p>\n\n\n\n<p class=\"ls-paragraph\">En temporada baja (de octubre a marzo) recibimos a personas que desean alojarse en nuestros chalets o en las parcelas durante un mes.<\/p>\n<\/div>\n<\/div>\n\n\r\n    <\/div>\r\n<\/section>\n\n<section id=\"ls-section-block_620b789ce6ed6\" class=\"ls-section  has-background has-color-1-background-color has-text-color has-color-white-color\" >\r\n        <div class=\"container container--wide\">\r\n        \n\n<h2 class=\"ls__heading has-text-align-center has-text-color has-color-white-color wp-block-heading\" id=\"acceder-au-camping-1\">Acceso al camping<\/h2>\n\n\n\n<iframe src=\"https:\/\/www.google.com\/maps\/embed?pb=!1m14!1m8!1m3!1d11610.799631537662!2d-0.7623848!3d43.3205411!3m2!1i1024!2i768!4f13.1!3m3!1m2!1s0x0%3A0x25771351f732d3e5!2sCamping%20Beau%20Rivage!5e0!3m2!1sfr!2sfr!4v1644919683130!5m2!1sfr!2sfr\" width=\"100%\" height=\"450\" style=\"border:0;\" allowfullscreen=\"\" loading=\"lazy\"><\/iframe>\n\n\n\n<div class=\"wp-block-columns is-layout-flex wp-container-core-columns-is-layout-9d6595d7 wp-block-columns-is-layout-flex\">\n<div class=\"wp-block-column is-layout-flow wp-block-column-is-layout-flow\">\n<h3 class=\"ls__heading has-text-align-left wp-block-heading\" id=\"avion\">Avi\u00f3n<\/h3>\n\n\n\n<p class=\"ls-paragraph has-text-align-left\">Hay varias posibilidades:<\/p>\n\n\n\n<ul class=\"ls-list wp-block-list\"><li>El aeropuerto de Biarritz por la A64 y la D936 est\u00e1 a 96 km de Navarrenx.<\/li><li>Aeropuerto de Bilbao por la AP-8 a 230,8 km de Navarrenx&nbsp;<\/li><li>Aeropuerto de Burdeos por la A65 a 240,8 km de Navarrenx<\/li><\/ul>\n\n\n\n<p class=\"ls-paragraph has-text-align-left\"><strong>Estamos situados justo enfrente de la piscina municipal de Navarrenx.<\/strong><\/p>\n<\/div>\n\n\n\n<div class=\"wp-block-column is-layout-flow wp-block-column-is-layout-flow\">\n<h3 class=\"ls__heading has-text-align-left wp-block-heading\" id=\"train\">Tren<\/h3>\n\n\n\n<p class=\"ls-paragraph\"><strong>La estaci\u00f3n m\u00e1s cercana es Orthez<\/strong>, a 23 km del camping. Atenci\u00f3n: no hay servicio de autob\u00fas Orthez-Navarrenx.&nbsp;<\/p>\n\n\n\n<p class=\"ls-paragraph\">Otra posibilidad para llegar al camping es <strong>la estaci\u00f3n de tren de Oloron-Sainte-Marie<\/strong>, a 23 km del camping.<\/p>\n<\/div>\n\n\n\n<div class=\"wp-block-column is-layout-flow wp-block-column-is-layout-flow\">\n<h3 class=\"ls__heading has-text-align-left wp-block-heading\" id=\"voiture\">Coche<\/h3>\n\n\n\n<p class=\"ls-paragraph\">Por la A63, A64 o A65.<\/p>\n\n\n\n<p class=\"ls-paragraph\">Nuestra direcci\u00f3n :<\/p>\n\n\n\n<p class=\"ls-paragraph\">Camping Beau Rivage<\/p>\n\n\n\n<p class=\"ls-paragraph\">7, all\u00e9e des marronniers<\/p>\n\n\n\n<p class=\"ls-paragraph\">64190 Navarrenx<\/p>\n\n\n\n<p class=\"ls-paragraph\">Nuestras coordenadas GPS : 43.320545,-0.7645735<\/p>\n<\/div>\n\n\n\n<div class=\"wp-block-column is-layout-flow wp-block-column-is-layout-flow\">\n<h3 class=\"ls__heading has-text-align-left wp-block-heading\" id=\"chemin-de-compostelle\">Camino de Compostela<\/h3>\n\n\n\n<p class=\"ls-paragraph\">Navarrenx es una parada imprescindible en el Camino de Compostela. El pueblo est\u00e1 situado en la Voie du Puy (la ruta m\u00e1s popular hacia <strong>Santiago de Compostela<\/strong>). En el centro del departamento de los Pirineos Atl\u00e1nticos, a las puertas de Bearn, es la \u00faltima parada antes del <strong>Pa\u00eds Vasco<\/strong>. <strong>Saint-Jean-Pied-de-Port<\/strong> est\u00e1 a s\u00f3lo tres d\u00edas de camino del camping y <strong>Navarrenx <\/strong>es el lugar ideal para descansar y prepararse para la subida de los Pirineos hacia Roncesvalles.<\/p>\n<\/div>\n<\/div>\n\n\r\n    <\/div>\r\n<\/section>\n\n<section id=\"ls-section-block_620b7c0ee6ed7\" class=\"ls-section \" >\r\n        <div class=\"container \">\r\n        \n\n<h2 class=\"ls-heading wp-block-heading\" id=\"infos-pratiques-et-telechargement\">Informaci\u00f3n pr\u00e1ctica y descargas<\/h2>\n\n\n\n<p class=\"ls-paragraph\">Horario de entrada :<\/p>\n\n\n\n<ul class=\"ls-list wp-block-list\"><li>Para las <strong>parcelas de acampada<\/strong>: podr\u00e1 instalarse en su parcela el d\u00eda de su<strong> llegada a partir de las 14:00 horas y podr\u00e1 abandonarla hasta las 12:00 horas<\/strong>.<\/li><li>Para los <strong>chalets<\/strong>: las <strong>llegadas son a partir de las 16 horas<\/strong> y las <strong>salidas hasta las 10 horas<\/strong>.<\/li><\/ul>\n\n\n\n<p class=\"ls-paragraph\">Se requiere un dep\u00f3sito para los chalets.<\/p>\n\n\n\n<p class=\"ls-paragraph\"><strong>La piscina del camping est\u00e1 abierta desde mediados de abril hasta mediados de octubre. <\/strong>Se permite el uso de pantalones cortos de ba\u00f1o.<\/p>\n\n\n\n<p class=\"ls-paragraph\"><strong>El acceso al camping est\u00e1 asegurado<\/strong> por puertas autom\u00e1ticas.<\/p>\n\n\n\n<p class=\"ls-paragraph\">Para su tranquilidad, <strong>los coches no est\u00e1n permitidos desde las 22:00 hasta las 7:00 horas<\/strong>. Aparcamiento: <strong>cada chalet tiene su propia plaza de aparcamiento<\/strong>. Tambi\u00e9n hay un aparcamiento exterior.<\/p>\n\n\r\n    <\/div>\r\n<\/section>","protected":false},"excerpt":{"rendered":"","protected":false},"author":1,"featured_media":0,"parent":0,"menu_order":0,"comment_status":"closed","ping_status":"closed","template":"","meta":{"_acf_changed":false,"footnotes":""},"sujet":[],"class_list":["post-2465","page","type-page","status-publish","hentry"],"acf":[],"yoast_head":"<!-- This site is optimized with the Yoast SEO plugin v27.4 - https:\/\/yoast.com\/product\/yoast-seo-wordpress\/ -->\n<title>Contacta con el camping en Navarrenx | C\u00f3mo llegar al camping<\/title>\n<meta name=\"robots\" content=\"index, follow, max-snippet:-1, max-image-preview:large, max-video-preview:-1\" \/>\n<link rel=\"canonical\" href=\"https:\/\/www.beaucamping.com\/es\/contacto\/\" \/>\n<meta property=\"og:locale\" content=\"es_ES\" \/>\n<meta property=\"og:type\" content=\"article\" \/>\n<meta property=\"og:title\" content=\"Contacta con el camping en Navarrenx | C\u00f3mo llegar al camping\" \/>\n<meta property=\"og:url\" content=\"https:\/\/www.beaucamping.com\/es\/contacto\/\" \/>\n<meta property=\"og:site_name\" content=\"Camping Beau Rivage\" \/>\n<meta property=\"article:modified_time\" content=\"2022-03-28T14:29:21+00:00\" \/>\n<meta name=\"twitter:card\" content=\"summary_large_image\" \/>\n<meta name=\"twitter:label1\" content=\"Tiempo de lectura\" \/>\n\t<meta name=\"twitter:data1\" content=\"3 minutos\" \/>\n<script type=\"application\/ld+json\" class=\"yoast-schema-graph\">{\"@context\":\"https:\\\/\\\/schema.org\",\"@graph\":[{\"@type\":\"WebPage\",\"@id\":\"https:\\\/\\\/www.beaucamping.com\\\/es\\\/contacto\\\/\",\"url\":\"https:\\\/\\\/www.beaucamping.com\\\/es\\\/contacto\\\/\",\"name\":\"Contacta con el camping en Navarrenx | C\u00f3mo llegar al camping\",\"isPartOf\":{\"@id\":\"https:\\\/\\\/www.beaucamping.com\\\/es\\\/#website\"},\"datePublished\":\"2022-01-14T15:00:20+00:00\",\"dateModified\":\"2022-03-28T14:29:21+00:00\",\"breadcrumb\":{\"@id\":\"https:\\\/\\\/www.beaucamping.com\\\/es\\\/contacto\\\/#breadcrumb\"},\"inLanguage\":\"es\",\"potentialAction\":[{\"@type\":\"ReadAction\",\"target\":[\"https:\\\/\\\/www.beaucamping.com\\\/es\\\/contacto\\\/\"]}]},{\"@type\":\"BreadcrumbList\",\"@id\":\"https:\\\/\\\/www.beaucamping.com\\\/es\\\/contacto\\\/#breadcrumb\",\"itemListElement\":[{\"@type\":\"ListItem\",\"position\":1,\"name\":\"Camping B\u00e9arn\",\"item\":\"https:\\\/\\\/www.beaucamping.com\\\/es\\\/\"},{\"@type\":\"ListItem\",\"position\":2,\"name\":\"Contacto y acceso\"}]},{\"@type\":\"WebSite\",\"@id\":\"https:\\\/\\\/www.beaucamping.com\\\/es\\\/#website\",\"url\":\"https:\\\/\\\/www.beaucamping.com\\\/es\\\/\",\"name\":\"Camping Beau Rivage\",\"description\":\"\",\"publisher\":{\"@id\":\"https:\\\/\\\/www.beaucamping.com\\\/es\\\/#organization\"},\"potentialAction\":[{\"@type\":\"SearchAction\",\"target\":{\"@type\":\"EntryPoint\",\"urlTemplate\":\"https:\\\/\\\/www.beaucamping.com\\\/es\\\/?s={search_term_string}\"},\"query-input\":{\"@type\":\"PropertyValueSpecification\",\"valueRequired\":true,\"valueName\":\"search_term_string\"}}],\"inLanguage\":\"es\"},{\"@type\":\"Organization\",\"@id\":\"https:\\\/\\\/www.beaucamping.com\\\/es\\\/#organization\",\"name\":\"Camping Beau Rivage\",\"url\":\"https:\\\/\\\/www.beaucamping.com\\\/es\\\/\",\"logo\":{\"@type\":\"ImageObject\",\"inLanguage\":\"es\",\"@id\":\"https:\\\/\\\/www.beaucamping.com\\\/es\\\/#\\\/schema\\\/logo\\\/image\\\/\",\"url\":\"https:\\\/\\\/www.beaucamping.com\\\/wp-content\\\/uploads\\\/2022\\\/02\\\/logo-vert.jpg\",\"contentUrl\":\"https:\\\/\\\/www.beaucamping.com\\\/wp-content\\\/uploads\\\/2022\\\/02\\\/logo-vert.jpg\",\"width\":363,\"height\":169,\"caption\":\"Camping Beau Rivage\"},\"image\":{\"@id\":\"https:\\\/\\\/www.beaucamping.com\\\/es\\\/#\\\/schema\\\/logo\\\/image\\\/\"}}]}<\/script>\n<!-- \/ Yoast SEO plugin. -->","yoast_head_json":{"title":"Contacta con el camping en Navarrenx | C\u00f3mo llegar al camping","robots":{"index":"index","follow":"follow","max-snippet":"max-snippet:-1","max-image-preview":"max-image-preview:large","max-video-preview":"max-video-preview:-1"},"canonical":"https:\/\/www.beaucamping.com\/es\/contacto\/","og_locale":"es_ES","og_type":"article","og_title":"Contacta con el camping en Navarrenx | C\u00f3mo llegar al camping","og_url":"https:\/\/www.beaucamping.com\/es\/contacto\/","og_site_name":"Camping Beau Rivage","article_modified_time":"2022-03-28T14:29:21+00:00","twitter_card":"summary_large_image","twitter_misc":{"Tiempo de lectura":"3 minutos"},"schema":{"@context":"https:\/\/schema.org","@graph":[{"@type":"WebPage","@id":"https:\/\/www.beaucamping.com\/es\/contacto\/","url":"https:\/\/www.beaucamping.com\/es\/contacto\/","name":"Contacta con el camping en Navarrenx | C\u00f3mo llegar al camping","isPartOf":{"@id":"https:\/\/www.beaucamping.com\/es\/#website"},"datePublished":"2022-01-14T15:00:20+00:00","dateModified":"2022-03-28T14:29:21+00:00","breadcrumb":{"@id":"https:\/\/www.beaucamping.com\/es\/contacto\/#breadcrumb"},"inLanguage":"es","potentialAction":[{"@type":"ReadAction","target":["https:\/\/www.beaucamping.com\/es\/contacto\/"]}]},{"@type":"BreadcrumbList","@id":"https:\/\/www.beaucamping.com\/es\/contacto\/#breadcrumb","itemListElement":[{"@type":"ListItem","position":1,"name":"Camping B\u00e9arn","item":"https:\/\/www.beaucamping.com\/es\/"},{"@type":"ListItem","position":2,"name":"Contacto y acceso"}]},{"@type":"WebSite","@id":"https:\/\/www.beaucamping.com\/es\/#website","url":"https:\/\/www.beaucamping.com\/es\/","name":"Camping Beau Rivage","description":"","publisher":{"@id":"https:\/\/www.beaucamping.com\/es\/#organization"},"potentialAction":[{"@type":"SearchAction","target":{"@type":"EntryPoint","urlTemplate":"https:\/\/www.beaucamping.com\/es\/?s={search_term_string}"},"query-input":{"@type":"PropertyValueSpecification","valueRequired":true,"valueName":"search_term_string"}}],"inLanguage":"es"},{"@type":"Organization","@id":"https:\/\/www.beaucamping.com\/es\/#organization","name":"Camping Beau Rivage","url":"https:\/\/www.beaucamping.com\/es\/","logo":{"@type":"ImageObject","inLanguage":"es","@id":"https:\/\/www.beaucamping.com\/es\/#\/schema\/logo\/image\/","url":"https:\/\/www.beaucamping.com\/wp-content\/uploads\/2022\/02\/logo-vert.jpg","contentUrl":"https:\/\/www.beaucamping.com\/wp-content\/uploads\/2022\/02\/logo-vert.jpg","width":363,"height":169,"caption":"Camping Beau Rivage"},"image":{"@id":"https:\/\/www.beaucamping.com\/es\/#\/schema\/logo\/image\/"}}]}},"_links":{"self":[{"href":"https:\/\/www.beaucamping.com\/es\/wp-json\/wp\/v2\/pages\/2465","targetHints":{"allow":["GET"]}}],"collection":[{"href":"https:\/\/www.beaucamping.com\/es\/wp-json\/wp\/v2\/pages"}],"about":[{"href":"https:\/\/www.beaucamping.com\/es\/wp-json\/wp\/v2\/types\/page"}],"author":[{"embeddable":true,"href":"https:\/\/www.beaucamping.com\/es\/wp-json\/wp\/v2\/users\/1"}],"replies":[{"embeddable":true,"href":"https:\/\/www.beaucamping.com\/es\/wp-json\/wp\/v2\/comments?post=2465"}],"version-history":[{"count":6,"href":"https:\/\/www.beaucamping.com\/es\/wp-json\/wp\/v2\/pages\/2465\/revisions"}],"predecessor-version":[{"id":3377,"href":"https:\/\/www.beaucamping.com\/es\/wp-json\/wp\/v2\/pages\/2465\/revisions\/3377"}],"wp:attachment":[{"href":"https:\/\/www.beaucamping.com\/es\/wp-json\/wp\/v2\/media?parent=2465"}],"wp:term":[{"taxonomy":"sujet","embeddable":true,"href":"https:\/\/www.beaucamping.com\/es\/wp-json\/wp\/v2\/sujet?post=2465"}],"curies":[{"name":"wp","href":"https:\/\/api.w.org\/{rel}","templated":true}]}}