{"id":5225,"date":"2026-05-13T09:51:35","date_gmt":"2026-05-13T07:51:35","guid":{"rendered":"https:\/\/www.beaucamping.com\/?page_id=5225"},"modified":"2026-05-13T09:51:38","modified_gmt":"2026-05-13T07:51:38","slug":"campsite-near-oloron-sainte-marie","status":"publish","type":"page","link":"https:\/\/www.beaucamping.com\/en\/campsite-near-oloron-sainte-marie\/","title":{"rendered":"Campsite near Oloron-Sainte-Marie: 3-star Holidays in B\u00e9arn"},"content":{"rendered":"<section id=\"ls-section-block_9cd11f70d1ead2ee9c1fee155a89f3cb\" class=\"ls-section  home-first\" >\r\n        <div class=\"container container--wide\">\r\n        \n\n<h1 class=\"ls__heading wp-block-heading has-text-align-center animated fadeIn fast\" id=\"camping-beau-rivage-dans-le-bearn-pyrenees\">Campsite near Oloron-Sainte-Marie<\/h1>\n\n\n\n<div class=\"wp-block-columns are-vertically-aligned-center is-layout-flex wp-container-core-columns-is-layout-9d6595d7 wp-block-columns-is-layout-flex\">\n<div class=\"wp-block-column is-vertically-aligned-center animated fadeInLeft is-layout-flow wp-block-column-is-layout-flow\" style=\"flex-basis:55%\">\n<iframe src=\"https:\/\/www.google.com\/maps\/embed?pb=!1m28!1m12!1m3!1d92982.83608871164!2d-0.7564301967244156!3d43.257423285193056!2m3!1f0!2f0!3f0!3m2!1i1024!2i768!4f13.1!4m13!3e0!4m5!1s0xd57aaacee6c8db9%3A0x406651748139610!2sOloron-Sainte-Marie!3m2!1d43.194413!2d-0.6052919999999999!4m5!1s0xd56e5508c03ce8f%3A0x25771351f732d3e5!2sCamping%20Beau%20Rivage%20%7C%20Camping%203%20%C3%A9toiles%20Navarrenx%2C%207%20All.%20des%20Maronniers%2C%2064190%20Navarrenx!3m2!1d43.3205411!2d-0.7623848!5e0!3m2!1sfr!2sfr!4v1660205897530!5m2!1sfr!2sfr\" width=\"100%\" height=\"450\" style=\"border:0;\" allowfullscreen=\"\" loading=\"lazy\" referrerpolicy=\"no-referrer-when-downgrade\"><\/iframe>\n<\/div>\n\n\n\n<div class=\"wp-block-column is-vertically-aligned-center is-layout-flow wp-block-column-is-layout-flow\" style=\"flex-basis:45%\">\n<h2 class=\"ls__heading wp-block-heading\" id=\"camping-en-bord-de-riviere-pour-vos-vacances-dans-le-bearn\">Campsite 21 km from Oloron-Sainte-Marie<\/h2>\n\n\n\n<p class=\"ls-paragraph\">The <a href=\"\/\">3-star Camping Beau Rivage<\/a> is located <strong>near Oloron-Sainte-Marie<\/strong>, in our beautiful B\u00e9arn region. The campsite features excellent facilities and services and is a perfect base from which to explore the Pyr\u00e9n\u00e9es-Atlantiques.<\/p>\n\n\n\n<p class=\"ls-paragraph\">Our <strong>campsite close to Oloron-Sainte-Marie<\/strong> is an excellent option for those looking for a pitch or rental in the B\u00e9arn region, in the heart of nature.<\/p>\n<\/div>\n<\/div>\n\n\r\n    <\/div>\r\n<\/section>\n\n<section id=\"ls-section-block_359b22b9700b004da17594bb41301b84\" class=\"ls-section  home-second\" >\r\n        <div class=\"container container--full\">\r\n        \n\n<div class=\"wp-block-columns is-layout-flex wp-container-core-columns-is-layout-9d6595d7 wp-block-columns-is-layout-flex\">\n<div class=\"wp-block-column is-vertically-aligned-center animated fadeInLeft is-layout-flow wp-block-column-is-layout-flow\">\r\n<div id=\"ls-cta-block_857ee664385ecd5c73dcf1b39c924f65\" class=\"ls-cta\">  \r\n    \n\n<a href=\"https:\/\/www.beaucamping.com\/camping-piscine-pyrenees-atlantiques\/\" target=\"\" rel=\"noopener\" class=\"ls-cta__link\" data-categ=\"\">\n\t<div class=\"ls-cta__image\"><img decoding=\"async\" src=\"https:\/\/www.beaucamping.com\/wp-content\/uploads\/2022\/02\/PM408725.jpg\" alt=\"piscine camping navarrenx\"><\/div>\n\t<div class=\"ls-cta__title\">\n\t\tSwimming pool\t<\/div>\n\n\t<\/a><\/div><\/div>\n\n\n\n<div class=\"wp-block-column is-vertically-aligned-center animated fadeInLeft is-layout-flow wp-block-column-is-layout-flow\">\r\n<div id=\"ls-cta-block_d066f6201dbe0323a59347ec0f823de8\" class=\"ls-cta\">  \r\n    \n\n<a href=\"https:\/\/www.beaucamping.com\/en\/campsite-riverfront-navarrenx\/\" target=\"\" rel=\"noopener\" class=\"ls-cta__link\" data-categ=\"\">\n\t<div class=\"ls-cta__image\"><img decoding=\"async\" src=\"https:\/\/www.beaucamping.com\/wp-content\/uploads\/2022\/02\/Sauveterre-\u00a9OTBDG-2.jpg\" alt=\"riviere camping navarrenx\"><\/div>\n\t<div class=\"ls-cta__title\">\n\t\tThe river\t<\/div>\n\n\t<\/a><\/div><\/div>\n\n\n\n<div class=\"wp-block-column is-vertically-aligned-center is-layout-flow wp-block-column-is-layout-flow\" style=\"flex-basis:40%\">\n<h2 class=\"ls__heading wp-block-heading has-text-align-center has-text-color has-color-white-color animated fadeIn fast\" id=\"autour-de-l-eau\">Around the water<\/h2>\n\n\n\n<h3 class=\"ls__heading wp-block-heading\" id=\"notre-piscine\">The swimming pool<\/h3>\n\n\n\n<p class=\"ls-paragraph\">Our <strong>star-rated campsite near Oloron-Sainte-Marie<\/strong> is the ideal place to enjoy the swimming pool. It is open every day from 9 am to 9 pm and is south-facing. Its 15 m x 8 m surface lets you enjoy long games with your children or friends.<\/p>\n\n\n\n<p class=\"ls-paragraph\">Loungers and parasols around the <a href=\"https:\/\/www.beaucamping.com\/en\/campsite-swimming-pool-navarrenx\/\" style=\"color: #42463b\">campsite swimming pool<\/a>, along with the loan of swimming goggles and rubber rings, add to the enjoyment of young and old alike.<\/p>\n\n\n\n<p class=\"ls-paragraph\">What&#8217;s more, we&#8217;re one of the campsites that allow swimming shorts! The <strong>enclosed pool of the Oloron-Sainte-Marie campsite<\/strong> is also an important safety feature for your children.<\/p>\n\n\n\n<h3 class=\"ls__heading wp-block-heading\" id=\"la-peche-dans-le-bearn\">Close to the river<\/h3>\n\n\n\n<p class=\"ls-paragraph\">The <strong>Oloron-Sainte-Marie campsite<\/strong> is the ideal place for fishing enthusiasts, set on the <strong>riverbank<\/strong>, giving you <a href=\"https:\/\/www.beaucamping.com\/en\/campsite-riverfront-navarrenx\/\" style=\"color: #42463b\">direct access to the water<\/a>.<\/p>\n\n\n\n<p class=\"ls-paragraph\">Thanks to the surrounding nature, you can also string up your hammock between two trees. So come and cast a line or set off for a canoe ride!<\/p>\n<\/div>\n<\/div>\n\n\r\n    <\/div>\r\n<\/section>\n\n<section id=\"ls-section-block_e9d11583e6820655201dc91ac299c5d2\" class=\"ls-section  home-third\" >\r\n        <div class=\"container container--full\">\r\n        \n\n<h2 class=\"ls__heading wp-block-heading has-text-align-center animated fadeIn fast\" id=\"nos-hebergements\">Our rentals near Oloron<\/h2>\n\n\n\n<p class=\"ls-paragraph has-text-align-center\">Camping Beau Rivage offers <a href=\"https:\/\/www.beaucamping.com\/en\/rental-chalet-navarrenx\/\">chalet rentals<\/a>, lodge tents and <strong>pitches for tents<\/strong> or motorhomes near Oloron-Sainte-Marie <a href=\"https:\/\/www.beaucamping.com\/en\/cheap-campsite-pyrenees\/\">at very reasonable prices<\/a>. Our <strong>3-star campsite near Oloron<\/strong> is the perfect place to unwind and enjoy the magnificent landscapes of the Pyr\u00e9n\u00e9es-Atlantiques.<\/p>\n\n\n\n<div class=\"wp-block-columns animated fadeInUp is-layout-flex wp-container-core-columns-is-layout-9d6595d7 wp-block-columns-is-layout-flex\">\n<div class=\"wp-block-column is-layout-flow wp-block-column-is-layout-flow\" style=\"flex-basis:20%\">\r\n<div id=\"ls-cta-block_1d6c0753bec5f48439287031ec8fb466\" class=\"ls-cta\">  \r\n    \n\n<a href=\"https:\/\/www.beaucamping.com\/location-chalet-pyrenees-atlantiques\/\" target=\"\" rel=\"noopener\" class=\"ls-cta__link\" data-categ=\"\">\n\t<div class=\"ls-cta__image\"><img decoding=\"async\" src=\"https:\/\/www.beaucamping.com\/wp-content\/uploads\/2022\/01\/camping-beau-rivage-les-chalets.jpg\" alt=\"camping beau rivage les chalets\"><\/div>\n\t<div class=\"ls-cta__title\">\n\t\tChalets\t<\/div>\n\n\t<\/a><\/div><\/div>\n\n\n\n<div class=\"wp-block-column is-layout-flow wp-block-column-is-layout-flow\" style=\"flex-basis:20%\">\r\n<div id=\"ls-cta-block_54809a5653cd367dcbee40aed1303b6c\" class=\"ls-cta\">  \r\n    \n\n<a href=\"\/location-tente-lodge-pyrenees-atlantiques\/\" target=\"\" rel=\"noopener\" class=\"ls-cta__link\" data-categ=\"\">\n\t<div class=\"ls-cta__image\"><img decoding=\"async\" src=\"https:\/\/www.beaucamping.com\/wp-content\/uploads\/2022\/02\/location-lodge-bearn.jpg\" alt=\"location lodge bearn\"><\/div>\n\t<div class=\"ls-cta__title\">\n\t\tLodge tents\t<\/div>\n\n\t<\/a><\/div><\/div>\n\n\n\n<div class=\"wp-block-column is-layout-flow wp-block-column-is-layout-flow\" style=\"flex-basis:20%\">\r\n<div id=\"ls-cta-block_c29b910d606565d719a2eeb498fd404f\" class=\"ls-cta\">  \r\n    \n\n<a href=\"\/location-emplacement-pyrenees-atlantiques\/\" target=\"\" rel=\"noopener\" class=\"ls-cta__link\" data-categ=\"\">\n\t<div class=\"ls-cta__image\"><img decoding=\"async\" src=\"https:\/\/www.beaucamping.com\/wp-content\/uploads\/2022\/01\/camping-beau-rivage-les-emplacements.jpg\" alt=\"camping beau rivage les emplacements\"><\/div>\n\t<div class=\"ls-cta__title\">\n\t\tPitches\t<\/div>\n\n\t<\/a><\/div><\/div>\n\n\n\n<div class=\"wp-block-column is-layout-flow wp-block-column-is-layout-flow\" style=\"flex-basis:20%\">\r\n<div id=\"ls-cta-block_7a363733dc55f82792e26608d3d13b63\" class=\"ls-cta\">  \r\n    \n\n<a href=\"\/camping-pas-cher-pyrenees-atlantiques\/\" target=\"\" rel=\"noopener\" class=\"ls-cta__link\" data-categ=\"\">\n\t<div class=\"ls-cta__image\"><img decoding=\"async\" src=\"https:\/\/www.beaucamping.com\/wp-content\/uploads\/2022\/02\/tarif-camping-bearn.jpg\" alt=\"tarif camping bearn\"><\/div>\n\t<div class=\"ls-cta__title\">\n\t\tRates\t<\/div>\n\n\t<\/a><\/div><\/div>\n\n\n\n<div class=\"wp-block-column is-layout-flow wp-block-column-is-layout-flow\" style=\"flex-basis:20%\">\r\n<div id=\"ls-cta-block_631b045fed0bbfc178583da030148ec1\" class=\"ls-cta\">  \r\n    \n\n<a href=\"\/camping-gardiennage-pyrenees-atlantiques\/\" target=\"\" rel=\"noopener\" class=\"ls-cta__link\" data-categ=\"\">\n\t<div class=\"ls-cta__image\"><img decoding=\"async\" src=\"https:\/\/www.beaucamping.com\/wp-content\/uploads\/2022\/02\/Gardiennage-camping-navarrenx.jpg\" alt=\"gardiennage camping navarrenx\"><\/div>\n\t<div class=\"ls-cta__title\">\n\t\tStorage\t<\/div>\n\n\t<\/a><\/div><\/div>\n<\/div>\n\n\r\n    <\/div>\r\n<\/section>\n\n<section id=\"ls-section-block_32cabca03b575211f99b0df114ad1257\" class=\"ls-section  home-third-bis\" >\r\n        <div class=\"container container--wide\">\r\n        \n\n<div class=\"wp-block-columns animated fadeInUp is-layout-flex wp-container-core-columns-is-layout-9d6595d7 wp-block-columns-is-layout-flex\">\n<div class=\"wp-block-column is-layout-flow wp-block-column-is-layout-flow\" style=\"flex-basis:33.3%\">\n<h3 class=\"ls__heading wp-block-heading has-text-align-center\" id=\"nos-chalets-1\">Chalets<\/h3>\n\n\n\n<p class=\"ls-paragraph\">The <strong>chalets near Oloron-Sainte-Marie<\/strong> are the perfect way to discover everything B\u00e9arn and the Basque Country have to offer.<\/p>\n\n\n\n<p class=\"ls-paragraph\">Our campsite offers <strong>chalets<\/strong> in a wide range of sizes and styles, so whether you&#8217;re after a stay of a few nights or a holiday of one or several weeks, you&#8217;re sure to find a <strong>chalet<\/strong> that matches your needs in a setting you won&#8217;t soon forget! So why wait?<\/p>\n<\/div>\n\n\n\n<div class=\"wp-block-column is-layout-flow wp-block-column-is-layout-flow\" style=\"flex-basis:33.3%\">\n<h3 class=\"ls__heading wp-block-heading has-text-align-center\" id=\"nos-tentes-lodges-1\">Lodge Tents<\/h3>\n\n\n\n<p class=\"ls-paragraph\"><a href=\"https:\/\/www.beaucamping.com\/en\/rental-tent-lodge-navarrenx\/\">Renting a lodge tent<\/a> at our <strong>campsite near Oloron-Sainte-Marie<\/strong> is the perfect way to enjoy everything the region has to offer. Plenty of activities await you, from hiking and cycling to fishing and exploring the many landmarks, shops and restaurants.<\/p>\n\n\n\n<p class=\"ls-paragraph\">And of course, the joy of spending time in nature surrounded by loved ones. Whether you&#8217;re looking for a relaxing getaway or an adventure-filled holiday, a <strong>lodge tent near Oloron-Sainte-Marie<\/strong> is sure to provide everything you need. You won&#8217;t be disappointed.<\/p>\n<\/div>\n\n\n\n<div class=\"wp-block-column is-layout-flow wp-block-column-is-layout-flow\" style=\"flex-basis:33.3%\">\n<h3 class=\"ls__heading wp-block-heading has-text-align-center\" id=\"nos-emplacements-1\">Pitches<\/h3>\n\n\n\n<p class=\"ls-paragraph\"><a href=\"https:\/\/www.beaucamping.com\/en\/rental-pitch-navarrenx\/\">Renting a pitch at Camping Beau Rivage in the Pyr\u00e9n\u00e9es-Atlantiques<\/a> has many advantages. Beyond being <strong>spacious<\/strong>, our <strong>pitches<\/strong> offer an <strong>electricity hook-up<\/strong> for the Comfort range, and an <strong>electricity, water and drainage hook-up<\/strong> for the Grand Confort range.<\/p>\n\n\n\n<p class=\"ls-paragraph\">It&#8217;s a great choice for campers who want all the comforts of home while enjoying the great outdoors.<\/p>\n\n\n\n<p class=\"ls-paragraph\">Finally, the stunning Pyrenees mountain backdrop offers a breathtaking setting for a <strong>truly enjoyable camping experience<\/strong>.<\/p>\n<\/div>\n<\/div>\n\n\r\n    <\/div>\r\n<\/section>\n\n<section id=\"ls-section-block_6b779a044383085d165d55bed3dd3281\" class=\"ls-section  home-fifth has-background-image\" >\r\n    <div class=\"ls-section__background-image opacity-50\"><img decoding=\"async\" src=\"https:\/\/www.beaucamping.com\/wp-content\/uploads\/2022\/01\/camping-beau-rivage-cascade.jpg\" alt=\"camping beau rivage cascade\"><\/div>    <div class=\"container container--wide\">\r\n        \n\n<h2 class=\"ls__heading wp-block-heading has-text-align-center animated fadeIn fast\" id=\"les-alentours\">Discover the surroundings of Oloron-Sainte-Marie<\/h2>\n\n\n\n<p class=\"ls-paragraph has-text-align-center\"><strong>Oloron-Sainte-Marie<\/strong> is a charming town set in the B\u00e9arn region of France. It is home to a number of historical landmarks and beautiful natural scenery. Visitors can explore the ancient ramparts, wander the picturesque streets and visit the famous cathedral. There is something for everyone in this lovely town, so don&#8217;t hesitate any longer! It&#8217;s also perfectly placed to discover the towns surrounding the campsite near Oloron, such as <a href=\"https:\/\/www.beaucamping.com\/?page_id=3961\">Pau<\/a>, capital of the Pyr\u00e9n\u00e9es-Atlantiques, <a href=\"https:\/\/www.beaucamping.com\/en\/campsite-near-laruns\/\">Laruns<\/a>, the heart of the Ossau Valley, <a href=\"https:\/\/www.beaucamping.com\/camping-a-salies-de-bearn\/\">Salies-de-B\u00e9arn<\/a>, known for its salt, and <a href=\"https:\/\/www.beaucamping.com\/camping-sauveterre-de-bearn\/\">Sauveterre-de-B\u00e9arn<\/a>, a town of charm.<\/p>\n\n\r\n    <\/div>\r\n<\/section>","protected":false},"excerpt":{"rendered":"","protected":false},"author":2,"featured_media":0,"parent":0,"menu_order":0,"comment_status":"closed","ping_status":"closed","template":"template-alentours.php","meta":{"_acf_changed":false,"footnotes":""},"sujet":[],"class_list":["post-5225","page","type-page","status-publish","hentry"],"acf":[],"yoast_head":"<!-- This site is optimized with the Yoast SEO plugin v27.4 - https:\/\/yoast.com\/product\/yoast-seo-wordpress\/ -->\n<title>Campsite near Oloron-Sainte-Marie: 3-star Holidays in B\u00e9arn<\/title>\n<meta name=\"description\" content=\"Discover Camping Beau Rivage, a 3-star riverside campsite 21 km from Oloron-Sainte-Marie in B\u00e9arn. Chalets, lodge tents and pitches in the French Pyrenees.\" \/>\n<meta name=\"robots\" content=\"index, follow, max-snippet:-1, max-image-preview:large, max-video-preview:-1\" \/>\n<link rel=\"canonical\" href=\"https:\/\/www.beaucamping.com\/en\/campsite-near-oloron-sainte-marie\/\" \/>\n<meta property=\"og:locale\" content=\"en_US\" \/>\n<meta property=\"og:type\" content=\"article\" \/>\n<meta property=\"og:title\" content=\"Campsite near Oloron-Sainte-Marie: 3-star Holidays in B\u00e9arn\" \/>\n<meta property=\"og:description\" content=\"Discover Camping Beau Rivage, a 3-star riverside campsite 21 km from Oloron-Sainte-Marie in B\u00e9arn. Chalets, lodge tents and pitches in the French Pyrenees.\" \/>\n<meta property=\"og:url\" content=\"https:\/\/www.beaucamping.com\/en\/campsite-near-oloron-sainte-marie\/\" \/>\n<meta property=\"og:site_name\" content=\"Camping Beau Rivage\" \/>\n<meta property=\"article:modified_time\" content=\"2026-05-13T07:51:38+00:00\" \/>\n<meta name=\"twitter:card\" content=\"summary_large_image\" \/>\n<meta name=\"twitter:label1\" content=\"Est. reading time\" \/>\n\t<meta name=\"twitter:data1\" content=\"4 minutes\" \/>\n<script type=\"application\/ld+json\" class=\"yoast-schema-graph\">{\"@context\":\"https:\\\/\\\/schema.org\",\"@graph\":[{\"@type\":\"WebPage\",\"@id\":\"https:\\\/\\\/www.beaucamping.com\\\/en\\\/campsite-near-oloron-sainte-marie\\\/\",\"url\":\"https:\\\/\\\/www.beaucamping.com\\\/en\\\/campsite-near-oloron-sainte-marie\\\/\",\"name\":\"Campsite near Oloron-Sainte-Marie: 3-star Holidays in B\u00e9arn\",\"isPartOf\":{\"@id\":\"https:\\\/\\\/www.beaucamping.com\\\/en\\\/#website\"},\"datePublished\":\"2026-05-13T07:51:35+00:00\",\"dateModified\":\"2026-05-13T07:51:38+00:00\",\"description\":\"Discover Camping Beau Rivage, a 3-star riverside campsite 21 km from Oloron-Sainte-Marie in B\u00e9arn. Chalets, lodge tents and pitches in the French Pyrenees.\",\"breadcrumb\":{\"@id\":\"https:\\\/\\\/www.beaucamping.com\\\/en\\\/campsite-near-oloron-sainte-marie\\\/#breadcrumb\"},\"inLanguage\":\"en-US\",\"potentialAction\":[{\"@type\":\"ReadAction\",\"target\":[\"https:\\\/\\\/www.beaucamping.com\\\/en\\\/campsite-near-oloron-sainte-marie\\\/\"]}]},{\"@type\":\"BreadcrumbList\",\"@id\":\"https:\\\/\\\/www.beaucamping.com\\\/en\\\/campsite-near-oloron-sainte-marie\\\/#breadcrumb\",\"itemListElement\":[{\"@type\":\"ListItem\",\"position\":1,\"name\":\"Campsite B\u00e9arn\",\"item\":\"https:\\\/\\\/www.beaucamping.com\\\/en\\\/\"},{\"@type\":\"ListItem\",\"position\":2,\"name\":\"Campsite near Oloron-Sainte-Marie: 3-star Holidays in B\u00e9arn\"}]},{\"@type\":\"WebSite\",\"@id\":\"https:\\\/\\\/www.beaucamping.com\\\/en\\\/#website\",\"url\":\"https:\\\/\\\/www.beaucamping.com\\\/en\\\/\",\"name\":\"Camping Beau Rivage\",\"description\":\"\",\"publisher\":{\"@id\":\"https:\\\/\\\/www.beaucamping.com\\\/en\\\/#organization\"},\"potentialAction\":[{\"@type\":\"SearchAction\",\"target\":{\"@type\":\"EntryPoint\",\"urlTemplate\":\"https:\\\/\\\/www.beaucamping.com\\\/en\\\/?s={search_term_string}\"},\"query-input\":{\"@type\":\"PropertyValueSpecification\",\"valueRequired\":true,\"valueName\":\"search_term_string\"}}],\"inLanguage\":\"en-US\"},{\"@type\":\"Organization\",\"@id\":\"https:\\\/\\\/www.beaucamping.com\\\/en\\\/#organization\",\"name\":\"Camping Beau Rivage\",\"url\":\"https:\\\/\\\/www.beaucamping.com\\\/en\\\/\",\"logo\":{\"@type\":\"ImageObject\",\"inLanguage\":\"en-US\",\"@id\":\"https:\\\/\\\/www.beaucamping.com\\\/en\\\/#\\\/schema\\\/logo\\\/image\\\/\",\"url\":\"https:\\\/\\\/www.beaucamping.com\\\/wp-content\\\/uploads\\\/2022\\\/02\\\/logo-vert.jpg\",\"contentUrl\":\"https:\\\/\\\/www.beaucamping.com\\\/wp-content\\\/uploads\\\/2022\\\/02\\\/logo-vert.jpg\",\"width\":363,\"height\":169,\"caption\":\"Camping Beau Rivage\"},\"image\":{\"@id\":\"https:\\\/\\\/www.beaucamping.com\\\/en\\\/#\\\/schema\\\/logo\\\/image\\\/\"}}]}<\/script>\n<!-- \/ Yoast SEO plugin. -->","yoast_head_json":{"title":"Campsite near Oloron-Sainte-Marie: 3-star Holidays in B\u00e9arn","description":"Discover Camping Beau Rivage, a 3-star riverside campsite 21 km from Oloron-Sainte-Marie in B\u00e9arn. Chalets, lodge tents and pitches in the French Pyrenees.","robots":{"index":"index","follow":"follow","max-snippet":"max-snippet:-1","max-image-preview":"max-image-preview:large","max-video-preview":"max-video-preview:-1"},"canonical":"https:\/\/www.beaucamping.com\/en\/campsite-near-oloron-sainte-marie\/","og_locale":"en_US","og_type":"article","og_title":"Campsite near Oloron-Sainte-Marie: 3-star Holidays in B\u00e9arn","og_description":"Discover Camping Beau Rivage, a 3-star riverside campsite 21 km from Oloron-Sainte-Marie in B\u00e9arn. Chalets, lodge tents and pitches in the French Pyrenees.","og_url":"https:\/\/www.beaucamping.com\/en\/campsite-near-oloron-sainte-marie\/","og_site_name":"Camping Beau Rivage","article_modified_time":"2026-05-13T07:51:38+00:00","twitter_card":"summary_large_image","twitter_misc":{"Est. reading time":"4 minutes"},"schema":{"@context":"https:\/\/schema.org","@graph":[{"@type":"WebPage","@id":"https:\/\/www.beaucamping.com\/en\/campsite-near-oloron-sainte-marie\/","url":"https:\/\/www.beaucamping.com\/en\/campsite-near-oloron-sainte-marie\/","name":"Campsite near Oloron-Sainte-Marie: 3-star Holidays in B\u00e9arn","isPartOf":{"@id":"https:\/\/www.beaucamping.com\/en\/#website"},"datePublished":"2026-05-13T07:51:35+00:00","dateModified":"2026-05-13T07:51:38+00:00","description":"Discover Camping Beau Rivage, a 3-star riverside campsite 21 km from Oloron-Sainte-Marie in B\u00e9arn. Chalets, lodge tents and pitches in the French Pyrenees.","breadcrumb":{"@id":"https:\/\/www.beaucamping.com\/en\/campsite-near-oloron-sainte-marie\/#breadcrumb"},"inLanguage":"en-US","potentialAction":[{"@type":"ReadAction","target":["https:\/\/www.beaucamping.com\/en\/campsite-near-oloron-sainte-marie\/"]}]},{"@type":"BreadcrumbList","@id":"https:\/\/www.beaucamping.com\/en\/campsite-near-oloron-sainte-marie\/#breadcrumb","itemListElement":[{"@type":"ListItem","position":1,"name":"Campsite B\u00e9arn","item":"https:\/\/www.beaucamping.com\/en\/"},{"@type":"ListItem","position":2,"name":"Campsite near Oloron-Sainte-Marie: 3-star Holidays in B\u00e9arn"}]},{"@type":"WebSite","@id":"https:\/\/www.beaucamping.com\/en\/#website","url":"https:\/\/www.beaucamping.com\/en\/","name":"Camping Beau Rivage","description":"","publisher":{"@id":"https:\/\/www.beaucamping.com\/en\/#organization"},"potentialAction":[{"@type":"SearchAction","target":{"@type":"EntryPoint","urlTemplate":"https:\/\/www.beaucamping.com\/en\/?s={search_term_string}"},"query-input":{"@type":"PropertyValueSpecification","valueRequired":true,"valueName":"search_term_string"}}],"inLanguage":"en-US"},{"@type":"Organization","@id":"https:\/\/www.beaucamping.com\/en\/#organization","name":"Camping Beau Rivage","url":"https:\/\/www.beaucamping.com\/en\/","logo":{"@type":"ImageObject","inLanguage":"en-US","@id":"https:\/\/www.beaucamping.com\/en\/#\/schema\/logo\/image\/","url":"https:\/\/www.beaucamping.com\/wp-content\/uploads\/2022\/02\/logo-vert.jpg","contentUrl":"https:\/\/www.beaucamping.com\/wp-content\/uploads\/2022\/02\/logo-vert.jpg","width":363,"height":169,"caption":"Camping Beau Rivage"},"image":{"@id":"https:\/\/www.beaucamping.com\/en\/#\/schema\/logo\/image\/"}}]}},"_links":{"self":[{"href":"https:\/\/www.beaucamping.com\/en\/wp-json\/wp\/v2\/pages\/5225","targetHints":{"allow":["GET"]}}],"collection":[{"href":"https:\/\/www.beaucamping.com\/en\/wp-json\/wp\/v2\/pages"}],"about":[{"href":"https:\/\/www.beaucamping.com\/en\/wp-json\/wp\/v2\/types\/page"}],"author":[{"embeddable":true,"href":"https:\/\/www.beaucamping.com\/en\/wp-json\/wp\/v2\/users\/2"}],"replies":[{"embeddable":true,"href":"https:\/\/www.beaucamping.com\/en\/wp-json\/wp\/v2\/comments?post=5225"}],"version-history":[{"count":2,"href":"https:\/\/www.beaucamping.com\/en\/wp-json\/wp\/v2\/pages\/5225\/revisions"}],"predecessor-version":[{"id":5227,"href":"https:\/\/www.beaucamping.com\/en\/wp-json\/wp\/v2\/pages\/5225\/revisions\/5227"}],"wp:attachment":[{"href":"https:\/\/www.beaucamping.com\/en\/wp-json\/wp\/v2\/media?parent=5225"}],"wp:term":[{"taxonomy":"sujet","embeddable":true,"href":"https:\/\/www.beaucamping.com\/en\/wp-json\/wp\/v2\/sujet?post=5225"}],"curies":[{"name":"wp","href":"https:\/\/api.w.org\/{rel}","templated":true}]}}