{"id":5216,"date":"2026-05-13T09:38:38","date_gmt":"2026-05-13T07:38:38","guid":{"rendered":"https:\/\/www.beaucamping.com\/?page_id=5216"},"modified":"2026-05-13T09:38:40","modified_gmt":"2026-05-13T07:38:40","slug":"campsite-near-laruns","status":"publish","type":"page","link":"https:\/\/www.beaucamping.com\/en\/campsite-near-laruns\/","title":{"rendered":"Campsite near Laruns: 3-star Holidays in the Pyrenees"},"content":{"rendered":"<section id=\"ls-section-block_221c6cc5707625a125f2a5d77b93bf91\" class=\"ls-section  home-first\" >\r\n        <div class=\"container container--wide\">\r\n        \n\n<h1 class=\"ls__heading wp-block-heading has-text-align-center animated fadeIn fast\" id=\"camping-beau-rivage-dans-le-bearn-pyrenees\">Campsite 56 km from Laruns<\/h1>\n\n\n\n<div class=\"wp-block-columns are-vertically-aligned-center is-layout-flex wp-container-core-columns-is-layout-9d6595d7 wp-block-columns-is-layout-flex\">\n<div class=\"wp-block-column is-vertically-aligned-center animated fadeInLeft is-layout-flow wp-block-column-is-layout-flow\" style=\"flex-basis:55%\">\n<iframe src=\"https:\/\/www.google.com\/maps\/embed?pb=!1m28!1m12!1m3!1d186184.96869568073!2d-0.7162960831979581!3d43.185570350133624!2m3!1f0!2f0!3f0!3m2!1i1024!2i768!4f13.1!4m13!3e0!4m5!1s0xd57bae8383e76eb%3A0x154c1047e50732fa!2sLaruns!3m2!1d42.987643999999996!2d-0.426274!4m5!1s0xd56e5508c03ce8f%3A0x25771351f732d3e5!2sCamping%20Beau%20Rivage%20%7C%20Camping%203%20%C3%A9toiles%20Navarrenx%2C%207%20All.%20des%20Maronniers%2C%2064190%20Navarrenx!3m2!1d43.3205411!2d-0.7623848!5e0!3m2!1sfr!2sfr!4v1660204933957!5m2!1sfr!2sfr\" width=\"100%\" height=\"450\" style=\"border:0;\" allowfullscreen=\"\" loading=\"lazy\" referrerpolicy=\"no-referrer-when-downgrade\"><\/iframe>\n<\/div>\n\n\n\n<div class=\"wp-block-column is-vertically-aligned-center is-layout-flow wp-block-column-is-layout-flow\" style=\"flex-basis:45%\">\n<h2 class=\"ls__heading wp-block-heading\" id=\"camping-en-bord-de-riviere-pour-vos-vacances-dans-le-bearn\">A campsite a stone&#8217;s throw from Laruns for a B\u00e9arn holiday<\/h2>\n\n\n\n<p class=\"ls-paragraph\">Looking for a campsite that combines unspoilt nature with easy access to local amenities? Look no further than the <a href=\"\/\">3-star Camping Beau Rivage in Navarrenx<\/a>, in France.<\/p>\n\n\n\n<p class=\"ls-paragraph\">Our campsite sits on the banks of the river, in the very heart of B\u00e9arn, just a few steps from shops and local services.<\/p>\n\n\n\n<p class=\"ls-paragraph\">The owners, Clara and St\u00e9phane, do everything they can to make sure you enjoy an unforgettable holiday, less than an hour from the small village of Laruns nestled in the Ossau Valley.<\/p>\n<\/div>\n<\/div>\n\n\r\n    <\/div>\r\n<\/section>\n\n<section id=\"ls-section-block_b701fc72fe8104776fa0ccda5a3030b6\" class=\"ls-section  home-second\" >\r\n        <div class=\"container container--full\">\r\n        \n\n<div class=\"wp-block-columns is-layout-flex wp-container-core-columns-is-layout-9d6595d7 wp-block-columns-is-layout-flex\">\n<div class=\"wp-block-column is-vertically-aligned-center animated fadeInLeft is-layout-flow wp-block-column-is-layout-flow\">\r\n<div id=\"ls-cta-block_fb65a5366a8d21296b03221e892101f1\" class=\"ls-cta\">  \r\n    \n\n<a href=\"https:\/\/www.beaucamping.com\/camping-piscine-pyrenees-atlantiques\/\" target=\"\" rel=\"noopener\" class=\"ls-cta__link\" data-categ=\"\">\n\t<div class=\"ls-cta__image\"><img decoding=\"async\" src=\"https:\/\/www.beaucamping.com\/wp-content\/uploads\/2022\/02\/PM408725.jpg\" alt=\"piscine camping navarrenx\"><\/div>\n\t<div class=\"ls-cta__title\">\n\t\tSwimming pool\t<\/div>\n\n\t<\/a><\/div><\/div>\n\n\n\n<div class=\"wp-block-column is-vertically-aligned-center animated fadeInLeft is-layout-flow wp-block-column-is-layout-flow\">\r\n<div id=\"ls-cta-block_5b93aa62e962ef0289ef6bf1290c2163\" class=\"ls-cta\">  \r\n    \n\n<a href=\"https:\/\/www.beaucamping.com\/en\/campsite-riverfront-navarrenx\/\" target=\"\" rel=\"noopener\" class=\"ls-cta__link\" data-categ=\"\">\n\t<div class=\"ls-cta__image\"><img decoding=\"async\" src=\"https:\/\/www.beaucamping.com\/wp-content\/uploads\/2022\/02\/Sauveterre-\u00a9OTBDG-2.jpg\" alt=\"riviere camping navarrenx\"><\/div>\n\t<div class=\"ls-cta__title\">\n\t\tThe river\t<\/div>\n\n\t<\/a><\/div><\/div>\n\n\n\n<div class=\"wp-block-column is-vertically-aligned-center is-layout-flow wp-block-column-is-layout-flow\" style=\"flex-basis:40%\">\n<h2 class=\"ls__heading wp-block-heading has-text-align-center has-text-color has-color-white-color animated fadeIn fast\" id=\"autour-de-l-eau\">Holidays around the water near Laruns<\/h2>\n\n\n\n<h3 class=\"ls__heading wp-block-heading\" id=\"notre-piscine\">The large swimming pool at the campsite<\/h3>\n\n\n\n<p class=\"ls-paragraph\">The <a href=\"https:\/\/www.beaucamping.com\/en\/campsite-swimming-pool-navarrenx\/\" style=\"color: #42463b\">swimming pool at our campsite near Laruns<\/a> is open every day from 9:00 am to 9:00 pm, so you can enjoy a refreshing dip at any time during your stay. With a depth that ranges from 1 m to 1.5 m, most people can stand up easily, and children of all ages will love the spacious area to swim, splash and have fun while on holiday at our <strong>campsite close to Laruns<\/strong>.<\/p>\n\n\n\n<p class=\"ls-paragraph\">Loungers and parasols are available so you can relax in the sun for hours thanks to the pool&#8217;s south-facing exposure.<\/p>\n\n\n\n<p class=\"ls-paragraph\">Forgot your swimming goggles? No problem!<\/p>\n\n\n\n<p class=\"ls-paragraph\">Goggles and rubber rings can be borrowed at the reception of our campsite, and swimming shorts are allowed. To top it all off, the <strong>pool area at our Laruns campsite<\/strong> is fully enclosed, keeping the youngest children safe at all times. Enjoy your swim!<\/p>\n\n\n\n<h3 class=\"ls__heading wp-block-heading\" id=\"la-peche-dans-le-bearn\">Direct access to the river<\/h3>\n\n\n\n<p class=\"ls-paragraph\">B\u00e9arn is a land of water, where most of the sightseeing, activities and discoveries revolve around this element. Because our campsite lies <strong>on the banks of the Gave d&#8217;Oloron<\/strong>, it offers <strong>direct access to the river<\/strong>, and keen anglers can take full advantage to go fishing. If you&#8217;d prefer to enjoy the water differently, you can simply dip your feet in, skim stones or enjoy a quiet picnic in the shade.<\/p>\n\n\n\n<p class=\"ls-paragraph\">So why not try a <a href=\"https:\/\/www.beaucamping.com\/en\/campsite-riverfront-navarrenx\/\" style=\"color: #42463b\">riverside camping experience<\/a> for your next stay at our <strong>3-star campsite close to the Ossau Valley<\/strong>.<\/p>\n<\/div>\n<\/div>\n\n\r\n    <\/div>\r\n<\/section>\n\n<section id=\"ls-section-block_e1449d1160168c60bb665d32e1aec4de\" class=\"ls-section  home-third\" >\r\n        <div class=\"container container--full\">\r\n        \n\n<h2 class=\"ls__heading wp-block-heading has-text-align-center animated fadeIn fast\" id=\"nos-hebergements\">Your accommodation in the Ossau Valley<\/h2>\n\n\n\n<p class=\"ls-paragraph has-text-align-center\">Tucked away in the B\u00e9arn region, our <strong>campsite 56 km from Laruns<\/strong> offers a variety of accommodation options to suit every need. For those looking for a traditional camping experience, we offer <strong>pitches for tents<\/strong>, caravans and motorhomes. For a more comfortable stay, we have <a href=\"https:\/\/www.beaucamping.com\/en\/rental-chalet-navarrenx\/\">chalets available to rent<\/a>. And for those who really want to disconnect from the modern world, we offer <strong>safari-style lodge tents<\/strong> for a truly one-of-a-kind camping experience. Come and enjoy the beauty of the Pyr\u00e9n\u00e9es-Atlantiques at our <strong>campsite near Laruns<\/strong>.<\/p>\n\n\n\n<div class=\"wp-block-columns animated fadeInUp is-layout-flex wp-container-core-columns-is-layout-9d6595d7 wp-block-columns-is-layout-flex\">\n<div class=\"wp-block-column is-layout-flow wp-block-column-is-layout-flow\" style=\"flex-basis:20%\">\r\n<div id=\"ls-cta-block_33d58678c3c9b9875f661db6659e4323\" class=\"ls-cta\">  \r\n    \n\n<a href=\"https:\/\/www.beaucamping.com\/location-chalet-pyrenees-atlantiques\/\" target=\"\" rel=\"noopener\" class=\"ls-cta__link\" data-categ=\"\">\n\t<div class=\"ls-cta__image\"><img decoding=\"async\" src=\"https:\/\/www.beaucamping.com\/wp-content\/uploads\/2022\/01\/camping-beau-rivage-les-chalets.jpg\" alt=\"camping beau rivage les chalets\"><\/div>\n\t<div class=\"ls-cta__title\">\n\t\tChalets\t<\/div>\n\n\t<\/a><\/div><\/div>\n\n\n\n<div class=\"wp-block-column is-layout-flow wp-block-column-is-layout-flow\" style=\"flex-basis:20%\">\r\n<div id=\"ls-cta-block_f07967bbc7838c9fa63799403b0c7a75\" class=\"ls-cta\">  \r\n    \n\n<a href=\"\/location-tente-lodge-pyrenees-atlantiques\/\" target=\"\" rel=\"noopener\" class=\"ls-cta__link\" data-categ=\"\">\n\t<div class=\"ls-cta__image\"><img decoding=\"async\" src=\"https:\/\/www.beaucamping.com\/wp-content\/uploads\/2022\/02\/location-lodge-bearn.jpg\" alt=\"location lodge bearn\"><\/div>\n\t<div class=\"ls-cta__title\">\n\t\tLodge tents\t<\/div>\n\n\t<\/a><\/div><\/div>\n\n\n\n<div class=\"wp-block-column is-layout-flow wp-block-column-is-layout-flow\" style=\"flex-basis:20%\">\r\n<div id=\"ls-cta-block_7bdb40ef640e4f861698d81201290afe\" class=\"ls-cta\">  \r\n    \n\n<a href=\"\/location-emplacement-pyrenees-atlantiques\/\" target=\"\" rel=\"noopener\" class=\"ls-cta__link\" data-categ=\"\">\n\t<div class=\"ls-cta__image\"><img decoding=\"async\" src=\"https:\/\/www.beaucamping.com\/wp-content\/uploads\/2022\/01\/camping-beau-rivage-les-emplacements.jpg\" alt=\"camping beau rivage les emplacements\"><\/div>\n\t<div class=\"ls-cta__title\">\n\t\tPitches\t<\/div>\n\n\t<\/a><\/div><\/div>\n\n\n\n<div class=\"wp-block-column is-layout-flow wp-block-column-is-layout-flow\" style=\"flex-basis:20%\">\r\n<div id=\"ls-cta-block_e85d2ee3a2b1bbb86692e847fade910f\" class=\"ls-cta\">  \r\n    \n\n<a href=\"\/camping-pas-cher-pyrenees-atlantiques\/\" target=\"\" rel=\"noopener\" class=\"ls-cta__link\" data-categ=\"\">\n\t<div class=\"ls-cta__image\"><img decoding=\"async\" src=\"https:\/\/www.beaucamping.com\/wp-content\/uploads\/2022\/02\/tarif-camping-bearn.jpg\" alt=\"tarif camping bearn\"><\/div>\n\t<div class=\"ls-cta__title\">\n\t\tRates\t<\/div>\n\n\t<\/a><\/div><\/div>\n\n\n\n<div class=\"wp-block-column is-layout-flow wp-block-column-is-layout-flow\" style=\"flex-basis:20%\">\r\n<div id=\"ls-cta-block_33890f5387b0f56b0c554d97fb4417cf\" class=\"ls-cta\">  \r\n    \n\n<a href=\"\/camping-gardiennage-pyrenees-atlantiques\/\" target=\"\" rel=\"noopener\" class=\"ls-cta__link\" data-categ=\"\">\n\t<div class=\"ls-cta__image\"><img decoding=\"async\" src=\"https:\/\/www.beaucamping.com\/wp-content\/uploads\/2022\/02\/Gardiennage-camping-navarrenx.jpg\" alt=\"gardiennage camping navarrenx\"><\/div>\n\t<div class=\"ls-cta__title\">\n\t\tStorage\t<\/div>\n\n\t<\/a><\/div><\/div>\n<\/div>\n\n\r\n    <\/div>\r\n<\/section>\n\n<section id=\"ls-section-block_6adeee32005102a465102d054ce020d3\" class=\"ls-section  home-third-bis\" >\r\n        <div class=\"container container--wide\">\r\n        \n\n<div class=\"wp-block-columns animated fadeInUp is-layout-flex wp-container-core-columns-is-layout-9d6595d7 wp-block-columns-is-layout-flex\">\n<div class=\"wp-block-column is-layout-flow wp-block-column-is-layout-flow\" style=\"flex-basis:33.3%\">\n<h3 class=\"ls__heading wp-block-heading has-text-align-center\" id=\"nos-chalets-1\">Chalets<\/h3>\n\n\n\n<p class=\"ls-paragraph\">The <strong>chalets at our campsite<\/strong>, in the Pyr\u00e9n\u00e9es-Atlantiques, offer a perfect combination of comfort and services. With a variety of sizes and styles of <strong>chalets<\/strong> on offer, there is something to suit every taste and every budget.<\/p>\n\n\n\n<p class=\"ls-paragraph\">Ranging from one to two bedrooms and sleeping up to 6 people, the <strong>chalets<\/strong> are all fitted with amenities designed to meet your needs. Do you love <strong>peace and quiet and nature<\/strong>? You won&#8217;t be disappointed!<\/p>\n<\/div>\n\n\n\n<div class=\"wp-block-column is-layout-flow wp-block-column-is-layout-flow\" style=\"flex-basis:33.3%\">\n<h3 class=\"ls__heading wp-block-heading has-text-align-center\" id=\"nos-tentes-lodges-1\">Lodge Tents<\/h3>\n\n\n\n<p class=\"ls-paragraph\">The 3-star Camping Beau Rivage, <strong>close to Laruns in the Ossau Valley<\/strong>, welcomes you to its <a href=\"https:\/\/www.beaucamping.com\/en\/rental-tent-lodge-navarrenx\/\">lodge tents for an unusual stay<\/a>. These rentals are perfect for families looking to be <strong>close to nature<\/strong> while still enjoying real comfort.<\/p>\n\n\n\n<p class=\"ls-paragraph\">With two bedrooms, you&#8217;ll enjoy quiet nights like never before! Come and take in the beauty of the region from one of our <strong>unique lodge tents<\/strong>!<\/p>\n<\/div>\n\n\n\n<div class=\"wp-block-column is-layout-flow wp-block-column-is-layout-flow\" style=\"flex-basis:33.3%\">\n<h3 class=\"ls__heading wp-block-heading has-text-align-center\" id=\"nos-emplacements-1\">Pitches<\/h3>\n\n\n\n<p class=\"ls-paragraph\">Set in the beautiful Pyr\u00e9n\u00e9es-Atlantiques in France, our campsite offers 25 <strong>Grand Confort pitches with water, electricity and drainage hook-ups<\/strong>. If you don&#8217;t need that many amenities, our <strong>Comfort pitches<\/strong> are available with <strong>an electricity hook-up<\/strong>.<\/p>\n\n\n\n<p class=\"ls-paragraph\">Half grass and half gravel or fully grassed, the <a href=\"https:\/\/www.beaucamping.com\/en\/rental-pitch-navarrenx\/\">pitches at our campsite near Laruns<\/a> are perfect to reconnect with nature and enjoy more traditional camping.<\/p>\n<\/div>\n<\/div>\n\n\r\n    <\/div>\r\n<\/section>\n\n<section id=\"ls-section-block_2f21499da4397f33d5ef83cf8e45d772\" class=\"ls-section  home-fifth has-background-image\" >\r\n    <div class=\"ls-section__background-image opacity-50\"><img decoding=\"async\" src=\"https:\/\/www.beaucamping.com\/wp-content\/uploads\/2022\/01\/camping-beau-rivage-cascade.jpg\" alt=\"camping beau rivage cascade\"><\/div>    <div class=\"container container--wide\">\r\n        \n\n<h2 class=\"ls__heading wp-block-heading has-text-align-center animated fadeIn fast\" id=\"les-alentours\">Discover Laruns<\/h2>\n\n\n\n<p class=\"ls-paragraph has-text-align-center\"><strong>Laruns<\/strong> is a village set in the French Pyrenees, in the <strong>Ossau Valley<\/strong>. Surrounded by stunning scenery, it offers a wide range of activities and sights for visitors. You can also explore the local culture and history by visiting landmarks such as the <strong>Saint-Pierre church in Laruns<\/strong>.<\/p>\n\n\n\n<p class=\"ls-paragraph has-text-align-center\">If you&#8217;re more of an adventurous spirit, treat yourself to activities such as mountain biking or even canyoning in the <strong>Ossau Valley<\/strong>. With so much to see and do, <strong>Laruns<\/strong> is the perfect base for a few days exploring the Pyr\u00e9n\u00e9es-Atlantiques. Where the Ossau Valley meets the Bar\u00e9tous Valley, you&#8217;ll find <a href=\"https:\/\/www.beaucamping.com\/camping-oloron\/\">Oloron-Sainte-Marie<\/a>, a charming little town. A little further afield, you can visit historic B\u00e9arn towns such as <a href=\"https:\/\/www.beaucamping.com\/?page_id=3961\">Pau<\/a>, <a href=\"https:\/\/www.beaucamping.com\/camping-a-salies-de-bearn\/\">Salies-de-B\u00e9arn<\/a> and <a href=\"https:\/\/www.beaucamping.com\/camping-sauveterre-de-bearn\/\">Sauveterre-de-B\u00e9arn<\/a>.<\/p>\n\n\r\n    <\/div>\r\n<\/section>","protected":false},"excerpt":{"rendered":"","protected":false},"author":2,"featured_media":0,"parent":0,"menu_order":0,"comment_status":"closed","ping_status":"closed","template":"template-alentours.php","meta":{"_acf_changed":false,"footnotes":""},"sujet":[],"class_list":["post-5216","page","type-page","status-publish","hentry"],"acf":[],"yoast_head":"<!-- This site is optimized with the Yoast SEO plugin v27.4 - https:\/\/yoast.com\/product\/yoast-seo-wordpress\/ -->\n<title>Campsite near Laruns: 3-star Holidays in the Pyrenees<\/title>\n<meta name=\"description\" content=\"Discover Camping Beau Rivage, a 3-star riverside campsite 56 km from Laruns in the French Pyrenees. Mobile homes, lodges and pitches in the heart of B\u00e9arn.\" \/>\n<meta name=\"robots\" content=\"index, follow, max-snippet:-1, max-image-preview:large, max-video-preview:-1\" \/>\n<link rel=\"canonical\" href=\"https:\/\/www.beaucamping.com\/en\/campsite-near-laruns\/\" \/>\n<meta property=\"og:locale\" content=\"en_US\" \/>\n<meta property=\"og:type\" content=\"article\" \/>\n<meta property=\"og:title\" content=\"Campsite near Laruns: 3-star Holidays in the Pyrenees\" \/>\n<meta property=\"og:description\" content=\"Discover Camping Beau Rivage, a 3-star riverside campsite 56 km from Laruns in the French Pyrenees. Mobile homes, lodges and pitches in the heart of B\u00e9arn.\" \/>\n<meta property=\"og:url\" content=\"https:\/\/www.beaucamping.com\/en\/campsite-near-laruns\/\" \/>\n<meta property=\"og:site_name\" content=\"Camping Beau Rivage\" \/>\n<meta property=\"article:modified_time\" content=\"2026-05-13T07:38:40+00:00\" \/>\n<meta name=\"twitter:card\" content=\"summary_large_image\" \/>\n<meta name=\"twitter:label1\" content=\"Est. reading time\" \/>\n\t<meta name=\"twitter:data1\" content=\"4 minutes\" \/>\n<script type=\"application\/ld+json\" class=\"yoast-schema-graph\">{\"@context\":\"https:\\\/\\\/schema.org\",\"@graph\":[{\"@type\":\"WebPage\",\"@id\":\"https:\\\/\\\/www.beaucamping.com\\\/en\\\/campsite-near-laruns\\\/\",\"url\":\"https:\\\/\\\/www.beaucamping.com\\\/en\\\/campsite-near-laruns\\\/\",\"name\":\"Campsite near Laruns: 3-star Holidays in the Pyrenees\",\"isPartOf\":{\"@id\":\"https:\\\/\\\/www.beaucamping.com\\\/en\\\/#website\"},\"datePublished\":\"2026-05-13T07:38:38+00:00\",\"dateModified\":\"2026-05-13T07:38:40+00:00\",\"description\":\"Discover Camping Beau Rivage, a 3-star riverside campsite 56 km from Laruns in the French Pyrenees. Mobile homes, lodges and pitches in the heart of B\u00e9arn.\",\"breadcrumb\":{\"@id\":\"https:\\\/\\\/www.beaucamping.com\\\/en\\\/campsite-near-laruns\\\/#breadcrumb\"},\"inLanguage\":\"en-US\",\"potentialAction\":[{\"@type\":\"ReadAction\",\"target\":[\"https:\\\/\\\/www.beaucamping.com\\\/en\\\/campsite-near-laruns\\\/\"]}]},{\"@type\":\"BreadcrumbList\",\"@id\":\"https:\\\/\\\/www.beaucamping.com\\\/en\\\/campsite-near-laruns\\\/#breadcrumb\",\"itemListElement\":[{\"@type\":\"ListItem\",\"position\":1,\"name\":\"Campsite B\u00e9arn\",\"item\":\"https:\\\/\\\/www.beaucamping.com\\\/en\\\/\"},{\"@type\":\"ListItem\",\"position\":2,\"name\":\"Campsite near Laruns: 3-star Holidays in the Pyrenees\"}]},{\"@type\":\"WebSite\",\"@id\":\"https:\\\/\\\/www.beaucamping.com\\\/en\\\/#website\",\"url\":\"https:\\\/\\\/www.beaucamping.com\\\/en\\\/\",\"name\":\"Camping Beau Rivage\",\"description\":\"\",\"publisher\":{\"@id\":\"https:\\\/\\\/www.beaucamping.com\\\/en\\\/#organization\"},\"potentialAction\":[{\"@type\":\"SearchAction\",\"target\":{\"@type\":\"EntryPoint\",\"urlTemplate\":\"https:\\\/\\\/www.beaucamping.com\\\/en\\\/?s={search_term_string}\"},\"query-input\":{\"@type\":\"PropertyValueSpecification\",\"valueRequired\":true,\"valueName\":\"search_term_string\"}}],\"inLanguage\":\"en-US\"},{\"@type\":\"Organization\",\"@id\":\"https:\\\/\\\/www.beaucamping.com\\\/en\\\/#organization\",\"name\":\"Camping Beau Rivage\",\"url\":\"https:\\\/\\\/www.beaucamping.com\\\/en\\\/\",\"logo\":{\"@type\":\"ImageObject\",\"inLanguage\":\"en-US\",\"@id\":\"https:\\\/\\\/www.beaucamping.com\\\/en\\\/#\\\/schema\\\/logo\\\/image\\\/\",\"url\":\"https:\\\/\\\/www.beaucamping.com\\\/wp-content\\\/uploads\\\/2022\\\/02\\\/logo-vert.jpg\",\"contentUrl\":\"https:\\\/\\\/www.beaucamping.com\\\/wp-content\\\/uploads\\\/2022\\\/02\\\/logo-vert.jpg\",\"width\":363,\"height\":169,\"caption\":\"Camping Beau Rivage\"},\"image\":{\"@id\":\"https:\\\/\\\/www.beaucamping.com\\\/en\\\/#\\\/schema\\\/logo\\\/image\\\/\"}}]}<\/script>\n<!-- \/ Yoast SEO plugin. -->","yoast_head_json":{"title":"Campsite near Laruns: 3-star Holidays in the Pyrenees","description":"Discover Camping Beau Rivage, a 3-star riverside campsite 56 km from Laruns in the French Pyrenees. Mobile homes, lodges and pitches in the heart of B\u00e9arn.","robots":{"index":"index","follow":"follow","max-snippet":"max-snippet:-1","max-image-preview":"max-image-preview:large","max-video-preview":"max-video-preview:-1"},"canonical":"https:\/\/www.beaucamping.com\/en\/campsite-near-laruns\/","og_locale":"en_US","og_type":"article","og_title":"Campsite near Laruns: 3-star Holidays in the Pyrenees","og_description":"Discover Camping Beau Rivage, a 3-star riverside campsite 56 km from Laruns in the French Pyrenees. Mobile homes, lodges and pitches in the heart of B\u00e9arn.","og_url":"https:\/\/www.beaucamping.com\/en\/campsite-near-laruns\/","og_site_name":"Camping Beau Rivage","article_modified_time":"2026-05-13T07:38:40+00:00","twitter_card":"summary_large_image","twitter_misc":{"Est. reading time":"4 minutes"},"schema":{"@context":"https:\/\/schema.org","@graph":[{"@type":"WebPage","@id":"https:\/\/www.beaucamping.com\/en\/campsite-near-laruns\/","url":"https:\/\/www.beaucamping.com\/en\/campsite-near-laruns\/","name":"Campsite near Laruns: 3-star Holidays in the Pyrenees","isPartOf":{"@id":"https:\/\/www.beaucamping.com\/en\/#website"},"datePublished":"2026-05-13T07:38:38+00:00","dateModified":"2026-05-13T07:38:40+00:00","description":"Discover Camping Beau Rivage, a 3-star riverside campsite 56 km from Laruns in the French Pyrenees. Mobile homes, lodges and pitches in the heart of B\u00e9arn.","breadcrumb":{"@id":"https:\/\/www.beaucamping.com\/en\/campsite-near-laruns\/#breadcrumb"},"inLanguage":"en-US","potentialAction":[{"@type":"ReadAction","target":["https:\/\/www.beaucamping.com\/en\/campsite-near-laruns\/"]}]},{"@type":"BreadcrumbList","@id":"https:\/\/www.beaucamping.com\/en\/campsite-near-laruns\/#breadcrumb","itemListElement":[{"@type":"ListItem","position":1,"name":"Campsite B\u00e9arn","item":"https:\/\/www.beaucamping.com\/en\/"},{"@type":"ListItem","position":2,"name":"Campsite near Laruns: 3-star Holidays in the Pyrenees"}]},{"@type":"WebSite","@id":"https:\/\/www.beaucamping.com\/en\/#website","url":"https:\/\/www.beaucamping.com\/en\/","name":"Camping Beau Rivage","description":"","publisher":{"@id":"https:\/\/www.beaucamping.com\/en\/#organization"},"potentialAction":[{"@type":"SearchAction","target":{"@type":"EntryPoint","urlTemplate":"https:\/\/www.beaucamping.com\/en\/?s={search_term_string}"},"query-input":{"@type":"PropertyValueSpecification","valueRequired":true,"valueName":"search_term_string"}}],"inLanguage":"en-US"},{"@type":"Organization","@id":"https:\/\/www.beaucamping.com\/en\/#organization","name":"Camping Beau Rivage","url":"https:\/\/www.beaucamping.com\/en\/","logo":{"@type":"ImageObject","inLanguage":"en-US","@id":"https:\/\/www.beaucamping.com\/en\/#\/schema\/logo\/image\/","url":"https:\/\/www.beaucamping.com\/wp-content\/uploads\/2022\/02\/logo-vert.jpg","contentUrl":"https:\/\/www.beaucamping.com\/wp-content\/uploads\/2022\/02\/logo-vert.jpg","width":363,"height":169,"caption":"Camping Beau Rivage"},"image":{"@id":"https:\/\/www.beaucamping.com\/en\/#\/schema\/logo\/image\/"}}]}},"_links":{"self":[{"href":"https:\/\/www.beaucamping.com\/en\/wp-json\/wp\/v2\/pages\/5216","targetHints":{"allow":["GET"]}}],"collection":[{"href":"https:\/\/www.beaucamping.com\/en\/wp-json\/wp\/v2\/pages"}],"about":[{"href":"https:\/\/www.beaucamping.com\/en\/wp-json\/wp\/v2\/types\/page"}],"author":[{"embeddable":true,"href":"https:\/\/www.beaucamping.com\/en\/wp-json\/wp\/v2\/users\/2"}],"replies":[{"embeddable":true,"href":"https:\/\/www.beaucamping.com\/en\/wp-json\/wp\/v2\/comments?post=5216"}],"version-history":[{"count":2,"href":"https:\/\/www.beaucamping.com\/en\/wp-json\/wp\/v2\/pages\/5216\/revisions"}],"predecessor-version":[{"id":5218,"href":"https:\/\/www.beaucamping.com\/en\/wp-json\/wp\/v2\/pages\/5216\/revisions\/5218"}],"wp:attachment":[{"href":"https:\/\/www.beaucamping.com\/en\/wp-json\/wp\/v2\/media?parent=5216"}],"wp:term":[{"taxonomy":"sujet","embeddable":true,"href":"https:\/\/www.beaucamping.com\/en\/wp-json\/wp\/v2\/sujet?post=5216"}],"curies":[{"name":"wp","href":"https:\/\/api.w.org\/{rel}","templated":true}]}}