{"id":2536,"date":"2022-01-14T15:38:37","date_gmt":"2022-01-14T14:38:37","guid":{"rendered":"https:\/\/www.beaucamping.com\/camping-piscine-navarrenx\/"},"modified":"2022-06-14T14:32:53","modified_gmt":"2022-06-14T12:32:53","slug":"campsite-swimming-pool-navarrenx","status":"publish","type":"page","link":"https:\/\/www.beaucamping.com\/en\/campsite-swimming-pool-navarrenx\/","title":{"rendered":"Piscine"},"content":{"rendered":"<section id=\"ls-section-block_61ee4fe35ef5f\" class=\"ls-section  page-one\" >\r\n        <div class=\"container container--wide\">\r\n        \n\n<h1 class=\"ls__heading has-text-align-center wp-block-heading\" id=\"camping-avec-piscine-chauffee-naturellement-pres-de-pau\">Campsite with naturally heated pool near Pau<\/h1>\n\n\n\n<div class=\"wp-block-columns are-vertically-aligned-center is-layout-flex wp-container-core-columns-is-layout-9d6595d7 wp-block-columns-is-layout-flex\">\n<div class=\"wp-block-column is-vertically-aligned-center is-layout-flow wp-block-column-is-layout-flow\" style=\"flex-basis:40%\">\n<h2 class=\"ls-heading wp-block-heading\" id=\"notre-piscine-a-navarrenx\">&nbsp;The swimming pool in Navarrenx<\/h2>\n\n\n\n<p class=\"ls-paragraph\">Come and enjoy the <a href=\"\/en\/\">campsite&#8217;s swimming pool, ideally situated in Navarrenx<\/a>, 40 km from Pau.&nbsp;<br><br>Open from 9 a.m. to 9 p.m., you can take a dip at the end of the day and enjoy the beauty of a magnificent sunset! <br><br>Here there are no giant slides, water games or diving boards, but a welcoming and relaxing space in a green setting. The perfect place to read or sunbathe by the pool on one of our comfortable deckchairs!&nbsp;For the safety of children, the pool is accessible through a secure door. Buoys and goggles are available at the reception. We will be happy to lend them to you!<br><br>Our pool area is open from May to October to make the most of the beautiful B\u00e9arn back season. Swimming shorts are allowed in the pool.<\/p>\n\n\n\n<p class=\"ls-paragraph\">Need more space? The Navarrenx municipal swimming pool is located just opposite the campsite. Completely redone last year, let yourself be tempted by its 3 pools and its solarium as well as by the courses for adults and children (free entry for children under 6).<\/p>\n\n\n\n<p class=\"ls-paragraph\">Or cool off in the river bordering the campsite, the Gave d&#8217;Oloron.<\/p>\n<\/div>\n\n\n\n<div class=\"wp-block-column is-vertically-aligned-center mozaique is-layout-flow wp-block-column-is-layout-flow\" style=\"flex-basis:60%\">\n<div class=\"wp-block-columns is-layout-flex wp-container-core-columns-is-layout-9d6595d7 wp-block-columns-is-layout-flex\">\n<div class=\"wp-block-column is-layout-flow wp-block-column-is-layout-flow\" style=\"flex-basis:66.66%\">\n<figure class=\"wp-block-image size-full\"><a href=\"https:\/\/www.beaucamping.com\/wp-content\/uploads\/2022\/01\/camping-beau-rivage-piscine-navarrenx-1.jpg\"><img decoding=\"async\" src=\"https:\/\/www.beaucamping.com\/wp-content\/uploads\/2022\/01\/camping-beau-rivage-piscine-navarrenx-1.jpg\" alt=\"camping beaurivage piscine chauffee\" class=\"wp-image-469\"\/><\/a><\/figure>\n<\/div>\n\n\n\n<div class=\"wp-block-column is-layout-flow wp-block-column-is-layout-flow\" style=\"flex-basis:33.33%\">\n<figure class=\"wp-block-image size-full\"><a href=\"https:\/\/www.beaucamping.com\/wp-content\/uploads\/2022\/01\/camping-beau-rivage-piscine-bearn.jpg\"><img decoding=\"async\" width=\"780\" height=\"438\" src=\"https:\/\/www.beaucamping.com\/wp-content\/uploads\/2022\/01\/camping-beau-rivage-piscine-bearn.jpg\" alt=\"camping beau rivage piscine bearn\" class=\"wp-image-473\" srcset=\"https:\/\/www.beaucamping.com\/wp-content\/uploads\/2022\/01\/camping-beau-rivage-piscine-bearn.jpg 780w, https:\/\/www.beaucamping.com\/wp-content\/uploads\/2022\/01\/camping-beau-rivage-piscine-bearn-300x168.jpg 300w, https:\/\/www.beaucamping.com\/wp-content\/uploads\/2022\/01\/camping-beau-rivage-piscine-bearn-150x84.jpg 150w, https:\/\/www.beaucamping.com\/wp-content\/uploads\/2022\/01\/camping-beau-rivage-piscine-bearn-768x431.jpg 768w\" sizes=\"(max-width: 780px) 100vw, 780px\" \/><\/a><\/figure>\n<\/div>\n<\/div>\n\n\n\n<div class=\"wp-block-columns is-layout-flex wp-container-core-columns-is-layout-9d6595d7 wp-block-columns-is-layout-flex\">\n<div class=\"wp-block-column is-layout-flow wp-block-column-is-layout-flow\" style=\"flex-basis:33.33%\">\n<figure class=\"wp-block-image size-full\"><a href=\"https:\/\/www.beaucamping.com\/wp-content\/uploads\/2022\/01\/camping-beau-rivage-piscine-famille.jpg\"><img decoding=\"async\" width=\"716\" height=\"477\" src=\"https:\/\/www.beaucamping.com\/wp-content\/uploads\/2022\/01\/camping-beau-rivage-piscine-famille.jpg\" alt=\"camping beau rivage piscine famille\" class=\"wp-image-476\" srcset=\"https:\/\/www.beaucamping.com\/wp-content\/uploads\/2022\/01\/camping-beau-rivage-piscine-famille.jpg 716w, https:\/\/www.beaucamping.com\/wp-content\/uploads\/2022\/01\/camping-beau-rivage-piscine-famille-300x200.jpg 300w, https:\/\/www.beaucamping.com\/wp-content\/uploads\/2022\/01\/camping-beau-rivage-piscine-famille-150x100.jpg 150w\" sizes=\"(max-width: 716px) 100vw, 716px\" \/><\/a><\/figure>\n<\/div>\n\n\n\n<div class=\"wp-block-column is-layout-flow wp-block-column-is-layout-flow\" style=\"flex-basis:66.66%\">\n<figure class=\"wp-block-image size-full\"><a href=\"https:\/\/www.beaucamping.com\/wp-content\/uploads\/2022\/01\/camping-beau-rivage-piscine-bearn-enfants.jpg\"><img decoding=\"async\" width=\"675\" height=\"506\" src=\"https:\/\/www.beaucamping.com\/wp-content\/uploads\/2022\/01\/camping-beau-rivage-piscine-bearn-enfants.jpg\" alt=\"camping beau rivage piscine bearn enfants\" class=\"wp-image-479\" srcset=\"https:\/\/www.beaucamping.com\/wp-content\/uploads\/2022\/01\/camping-beau-rivage-piscine-bearn-enfants.jpg 675w, https:\/\/www.beaucamping.com\/wp-content\/uploads\/2022\/01\/camping-beau-rivage-piscine-bearn-enfants-300x225.jpg 300w, https:\/\/www.beaucamping.com\/wp-content\/uploads\/2022\/01\/camping-beau-rivage-piscine-bearn-enfants-150x112.jpg 150w\" sizes=\"(max-width: 675px) 100vw, 675px\" \/><\/a><\/figure>\n<\/div>\n<\/div>\n<\/div>\n<\/div>\n\n\r\n    <\/div>\r\n<\/section>\n\n<section id=\"ls-section-block_61ee5895f01c3\" class=\"ls-section  home-fourth page-two\" >\r\n        <div class=\"container container--full\">\r\n        \n\n<div class=\"wp-block-columns is-layout-flex wp-container-core-columns-is-layout-9d6595d7 wp-block-columns-is-layout-flex\">\n<div class=\"wp-block-column is-vertically-aligned-center is-layout-flow wp-block-column-is-layout-flow\" style=\"flex-basis:40%\">\n<h2 class=\"ls-heading wp-block-heading\" id=\"piscine-avec-bains-de-soleil-proche-de-pau\">Swimming pool with sunbathing near Pau<\/h2>\n\n\n\n<p class=\"ls-paragraph\">For sunbathing, enjoy the comfortable sunbeds in our solarium, which is available by the pool.<br><br>Want to read or relax in the sun? Umbrellas are also available along the poolside.&nbsp;<br><br>There is a mini-market within a 5 minute walk, if you need sunscreen!<\/p>\n<\/div>\n\n\n\n<div class=\"wp-block-column is-layout-flow wp-block-column-is-layout-flow\" style=\"flex-basis:60%\">\n<figure class=\"wp-block-image size-large\"><img decoding=\"async\" width=\"1024\" height=\"867\" src=\"https:\/\/www.beaucamping.com\/wp-content\/uploads\/2022\/03\/camping-piscine-bearn-1-1024x867.jpg\" alt=\"camping piscine bearn\" class=\"wp-image-2315\" srcset=\"https:\/\/www.beaucamping.com\/wp-content\/uploads\/2022\/03\/camping-piscine-bearn-1-1024x867.jpg 1024w, https:\/\/www.beaucamping.com\/wp-content\/uploads\/2022\/03\/camping-piscine-bearn-1-300x254.jpg 300w, https:\/\/www.beaucamping.com\/wp-content\/uploads\/2022\/03\/camping-piscine-bearn-1-768x650.jpg 768w, https:\/\/www.beaucamping.com\/wp-content\/uploads\/2022\/03\/camping-piscine-bearn-1.jpg 1110w\" sizes=\"(max-width: 1024px) 100vw, 1024px\" \/><\/figure>\n<\/div>\n<\/div>\n\n\r\n    <\/div>\r\n<\/section>\n\n<section id=\"ls-section-block_61ee5ac5f01c5\" class=\"ls-section  page-three\" >\r\n        <div class=\"container container--wide\">\r\n        \n\n<div class=\"wp-block-columns is-layout-flex wp-container-core-columns-is-layout-9d6595d7 wp-block-columns-is-layout-flex\">\n<div class=\"wp-block-column is-layout-flow wp-block-column-is-layout-flow\" style=\"flex-basis:55%\">\n<div class=\"wp-block-columns is-layout-flex wp-container-core-columns-is-layout-9d6595d7 wp-block-columns-is-layout-flex\">\n<div class=\"wp-block-column is-layout-flow wp-block-column-is-layout-flow\">\n<figure class=\"wp-block-image size-full\"><img decoding=\"async\" width=\"780\" height=\"438\" src=\"https:\/\/www.beaucamping.com\/wp-content\/uploads\/2022\/01\/camping-beau-rivage-piscine-navarrenx.jpg\" alt=\"camping beaurivage piscine chauffee\" class=\"wp-image-458\" srcset=\"https:\/\/www.beaucamping.com\/wp-content\/uploads\/2022\/01\/camping-beau-rivage-piscine-navarrenx.jpg 780w, https:\/\/www.beaucamping.com\/wp-content\/uploads\/2022\/01\/camping-beau-rivage-piscine-navarrenx-300x168.jpg 300w, https:\/\/www.beaucamping.com\/wp-content\/uploads\/2022\/01\/camping-beau-rivage-piscine-navarrenx-150x84.jpg 150w, https:\/\/www.beaucamping.com\/wp-content\/uploads\/2022\/01\/camping-beau-rivage-piscine-navarrenx-768x431.jpg 768w\" sizes=\"(max-width: 780px) 100vw, 780px\" \/><\/figure>\n<\/div>\n<\/div>\n<\/div>\n\n\n\n<div class=\"wp-block-column is-vertically-aligned-center is-layout-flow wp-block-column-is-layout-flow\" style=\"flex-basis:45%\">\n<h2 class=\"ls-heading wp-block-heading\" id=\"camping-avec-piscine-ideal-apres-une-journee-de-visite-du-bearn\">Campsite with swimming pool, ideal after a day&#8217;s visit to the B\u00e9arn region<\/h2>\n\n\n\n<p class=\"ls-paragraph\">After days of climbing in the idyllic landscapes of B\u00e9arn, the Basque Country or the Pyrenees, you can relax in our water pool. Nothing better to get back in shape before new adventures in B\u00e9arn, the Basque Country or the mountains!<br><br>The water is naturally heated by the sun and is the ideal temperature for swimming or doing sporty laps.<\/p>\n<\/div>\n<\/div>\n\n\r\n    <\/div>\r\n<\/section>\n\n<section id=\"ls-section-block_61ee5d53f01c6\" class=\"ls-section  page-four\" >\r\n        <div class=\"container container--wide\">\r\n        \n\n<h2 class=\"ls-heading wp-block-heading\" id=\"infos-pratiques\">Practical information<\/h2>\n\n\n\n<ul class=\"ls-list wp-block-list\"><li>The pool consists of a large pool of 15m x 8m. The depth of the pool varies from 1m to 1.50m.&nbsp;<\/li><li>Pool hours: 9am to 9pm.&nbsp;<\/li><li>The swimming pool is open from mid-April to October.<\/li><li>Swimming shorts are allowed.&nbsp;<\/li><li>Don&#8217;t hesitate to come to the reception if you are missing buoys or swimming goggles, we will be happy to lend them to you.<\/li><\/ul>\n\n\r\n    <\/div>\r\n<\/section>\n\n<section id=\"ls-section-block_61f02bbebb62d\" class=\"ls-section  avis-pages\" >\r\n        <div class=\"container container--wide\">\r\n        \n\n<div id=\"ls-heading ls-titre-div-block_620e06ffa9d3e\" class=\"ls-titre-div aligncenter h2-like\" >\n    The pool&#8217;s opinions<\/div>\n\n\n<div class=\"slider slider-avis-pages\"><div class=\"slide\"><div class=\"slide_titre\">Stephane<\/div><div class=\"slide_note\">\n                        <img decoding=\"async\" src=\"\/wp-content\/uploads\/2022\/03\/avis-camping.png\" class=\"note-img\" alt=\"avis camping beau rivage\" \/>\n                    <\/div><div class=\"slide_contenu\"><p>A campsite within walking distance of the city centre.<br \/>\nVery clean and well flowered.<br \/>\n<strong>Beautiful swimming pool and a very sincere welcome.<\/strong><br \/>\nBravo, we will come back without hesitation<\/p>\n<\/div><\/div><div class=\"slide\"><div class=\"slide_titre\">Isabelle et Daniel<\/div><div class=\"slide_note\">\n                        <img decoding=\"async\" src=\"\/wp-content\/uploads\/2022\/03\/avis-camping.png\" class=\"note-img\" alt=\"avis camping beau rivage\" \/>\n                    <\/div><div class=\"slide_contenu\"><p>We came as a couple in a chalet from 7\/08 to 14\/08\/21. <strong>We had an excellent and relaxing stay in this very well run campsite with a beautiful swimming pool<\/strong>. A pleasant welcome. Navarrenx is a beautiful village to discover.<\/p>\n<\/div><\/div><div class=\"slide\"><div class=\"slide_titre\">Eric<\/div><div class=\"slide_note\">\n                        <img decoding=\"async\" src=\"\/wp-content\/uploads\/2022\/03\/avis-camping.png\" class=\"note-img\" alt=\"avis camping beau rivage\" \/>\n                    <\/div><div class=\"slide_contenu\"><p>Very beautiful place of an exemplary cleanliness of the toilets worthy of a 5 stars of a remarkable kindness to the service of their customers really recommended a permanent maintenance and a splendid swimming pool bravo has all the team and thank you for this reception of dream<\/p>\n<\/div><\/div><\/div>\n\n\r\n    <\/div>\r\n<\/section>\n\n<section id=\"ls-section-block_61f24cc21ae9c\" class=\"ls-section  page-five\" >\r\n        <div class=\"container container--wide\">\r\n        \n\n<div id=\"ls-heading ls-titre-div-block_61f24d2b1ae9e\" class=\"ls-titre-div aligncenter h2-like\" >\n    Discover the other services of our campsite in Navarrenx<\/div>\n\n\n\n<div class=\"wp-block-columns is-layout-flex wp-container-core-columns-is-layout-9d6595d7 wp-block-columns-is-layout-flex\">\n<div class=\"wp-block-column is-layout-flow wp-block-column-is-layout-flow\"><div id=\"ls-maillage-block_61f24e751aea1\" class=\"ls-maillage cta-style-normal\" data-rows=\"3\">\r\n    <div class=\"wp-block-columns\"><div class=\"wp-block-column\">\n\n<a href=\"https:\/\/www.beaucamping.com\/en\/campsite-family-navarrenx\/\" target=\"\" rel=\"noopener\" class=\"ls-cta__link\" data-categ=\"\">\n\t<div class=\"ls-cta__image\"><img decoding=\"async\" src=\"https:\/\/www.beaucamping.com\/wp-content\/uploads\/2022\/02\/concert-camping-navarrenx.jpg\" alt=\"concert camping navarrenx\"><\/div>\n\t<div class=\"ls-cta__title\">\n\t\tServices and Activities\t<\/div>\n\n\t<\/a><\/div><\/div><\/div><\/div>\n\n\n\n<div class=\"wp-block-column is-layout-flow wp-block-column-is-layout-flow\"><div id=\"ls-maillage-block_61f24ef61aea3\" class=\"ls-maillage cta-style-normal\" data-rows=\"3\">\r\n    <div class=\"wp-block-columns\"><div class=\"wp-block-column\">\n\n<a href=\"https:\/\/www.beaucamping.com\/en\/campsite-guarding-navarrenx\/\" target=\"\" rel=\"noopener\" class=\"ls-cta__link\" data-categ=\"\">\n\t<div class=\"ls-cta__image\"><img decoding=\"async\" src=\"https:\/\/www.beaucamping.com\/wp-content\/uploads\/2022\/02\/Gardiennage-camping-navarrenx.jpg\" alt=\"gardiennage camping navarrenx\"><\/div>\n\t<div class=\"ls-cta__title\">\n\t\tSecurity, covered parking for your caravans\t<\/div>\n\n\t<\/a><\/div><\/div><\/div><\/div>\n\n\n\n<div class=\"wp-block-column is-layout-flow wp-block-column-is-layout-flow\"><div id=\"ls-maillage-block_61f24ef81aea4\" class=\"ls-maillage cta-style-normal\" data-rows=\"3\">\r\n    <div class=\"wp-block-columns\"><div class=\"wp-block-column\">\n\n<a href=\"https:\/\/www.beaucamping.com\/en\/rental-chalet-navarrenx\/\" target=\"\" rel=\"noopener\" class=\"ls-cta__link\" data-categ=\"\">\n\t<div class=\"ls-cta__image\"><img decoding=\"async\" src=\"https:\/\/www.beaucamping.com\/wp-content\/uploads\/2022\/02\/location-chalet-bearn.jpg\" alt=\"location chalet bearn\"><\/div>\n\t<div class=\"ls-cta__title\">\n\t\tChalets\t<\/div>\n\n\t<\/a><\/div><\/div><\/div><\/div>\n<\/div>\n\n\r\n    <\/div>\r\n<\/section>","protected":false},"excerpt":{"rendered":"","protected":false},"author":1,"featured_media":1955,"parent":0,"menu_order":0,"comment_status":"closed","ping_status":"closed","template":"","meta":{"_acf_changed":false,"footnotes":""},"sujet":[],"class_list":["post-2536","page","type-page","status-publish","has-post-thumbnail","hentry"],"acf":[],"yoast_head":"<!-- This site is optimized with the Yoast SEO plugin v27.4 - https:\/\/yoast.com\/product\/yoast-seo-wordpress\/ -->\n<title>Campsite swimming pool Navarrenx, near Pau | Campsite Pyrenees pool<\/title>\n<meta name=\"description\" content=\"St\u00e9phane &amp; Clara are pleased to welcome you to Camping Beau Rivage Camping with swimming pool Pyr\u00e9n\u00e9es Atlantiques.\" \/>\n<meta name=\"robots\" content=\"index, follow, max-snippet:-1, max-image-preview:large, max-video-preview:-1\" \/>\n<link rel=\"canonical\" href=\"https:\/\/www.beaucamping.com\/en\/campsite-swimming-pool-navarrenx\/\" \/>\n<meta property=\"og:locale\" content=\"en_US\" \/>\n<meta property=\"og:type\" content=\"article\" \/>\n<meta property=\"og:title\" content=\"Campsite swimming pool Navarrenx, near Pau | Campsite Pyrenees pool\" \/>\n<meta property=\"og:description\" content=\"St\u00e9phane &amp; Clara are pleased to welcome you to Camping Beau Rivage Camping with swimming pool Pyr\u00e9n\u00e9es Atlantiques.\" \/>\n<meta property=\"og:url\" content=\"https:\/\/www.beaucamping.com\/en\/campsite-swimming-pool-navarrenx\/\" \/>\n<meta property=\"og:site_name\" content=\"Camping Beau Rivage\" \/>\n<meta property=\"article:modified_time\" content=\"2022-06-14T12:32:53+00:00\" \/>\n<meta property=\"og:image\" content=\"https:\/\/www.beaucamping.com\/wp-content\/uploads\/2022\/02\/piscine-camping-navarrenx.jpg\" \/>\n\t<meta property=\"og:image:width\" content=\"1900\" \/>\n\t<meta property=\"og:image:height\" content=\"700\" \/>\n\t<meta property=\"og:image:type\" content=\"image\/jpeg\" \/>\n<meta name=\"twitter:card\" content=\"summary_large_image\" \/>\n<meta name=\"twitter:label1\" content=\"Est. reading time\" \/>\n\t<meta name=\"twitter:data1\" content=\"4 minutes\" \/>\n<script type=\"application\/ld+json\" class=\"yoast-schema-graph\">{\"@context\":\"https:\\\/\\\/schema.org\",\"@graph\":[{\"@type\":\"WebPage\",\"@id\":\"https:\\\/\\\/www.beaucamping.com\\\/en\\\/campsite-swimming-pool-navarrenx\\\/\",\"url\":\"https:\\\/\\\/www.beaucamping.com\\\/en\\\/campsite-swimming-pool-navarrenx\\\/\",\"name\":\"Campsite swimming pool Navarrenx, near Pau | Campsite Pyrenees pool\",\"isPartOf\":{\"@id\":\"https:\\\/\\\/www.beaucamping.com\\\/en\\\/#website\"},\"primaryImageOfPage\":{\"@id\":\"https:\\\/\\\/www.beaucamping.com\\\/en\\\/campsite-swimming-pool-navarrenx\\\/#primaryimage\"},\"image\":{\"@id\":\"https:\\\/\\\/www.beaucamping.com\\\/en\\\/campsite-swimming-pool-navarrenx\\\/#primaryimage\"},\"thumbnailUrl\":\"https:\\\/\\\/www.beaucamping.com\\\/wp-content\\\/uploads\\\/2022\\\/02\\\/piscine-camping-navarrenx.jpg\",\"datePublished\":\"2022-01-14T14:38:37+00:00\",\"dateModified\":\"2022-06-14T12:32:53+00:00\",\"description\":\"St\u00e9phane & Clara are pleased to welcome you to Camping Beau Rivage Camping with swimming pool Pyr\u00e9n\u00e9es Atlantiques.\",\"breadcrumb\":{\"@id\":\"https:\\\/\\\/www.beaucamping.com\\\/en\\\/campsite-swimming-pool-navarrenx\\\/#breadcrumb\"},\"inLanguage\":\"en-US\",\"potentialAction\":[{\"@type\":\"ReadAction\",\"target\":[\"https:\\\/\\\/www.beaucamping.com\\\/en\\\/campsite-swimming-pool-navarrenx\\\/\"]}]},{\"@type\":\"ImageObject\",\"inLanguage\":\"en-US\",\"@id\":\"https:\\\/\\\/www.beaucamping.com\\\/en\\\/campsite-swimming-pool-navarrenx\\\/#primaryimage\",\"url\":\"https:\\\/\\\/www.beaucamping.com\\\/wp-content\\\/uploads\\\/2022\\\/02\\\/piscine-camping-navarrenx.jpg\",\"contentUrl\":\"https:\\\/\\\/www.beaucamping.com\\\/wp-content\\\/uploads\\\/2022\\\/02\\\/piscine-camping-navarrenx.jpg\",\"width\":1900,\"height\":700,\"caption\":\"camping piscine navarrenx\"},{\"@type\":\"BreadcrumbList\",\"@id\":\"https:\\\/\\\/www.beaucamping.com\\\/en\\\/campsite-swimming-pool-navarrenx\\\/#breadcrumb\",\"itemListElement\":[{\"@type\":\"ListItem\",\"position\":1,\"name\":\"Campsite B\u00e9arn\",\"item\":\"https:\\\/\\\/www.beaucamping.com\\\/en\\\/\"},{\"@type\":\"ListItem\",\"position\":2,\"name\":\"Campsite with swimming pool in the Pyr\u00e9n\u00e9es-Atlantiques\"}]},{\"@type\":\"WebSite\",\"@id\":\"https:\\\/\\\/www.beaucamping.com\\\/en\\\/#website\",\"url\":\"https:\\\/\\\/www.beaucamping.com\\\/en\\\/\",\"name\":\"Camping Beau Rivage\",\"description\":\"\",\"publisher\":{\"@id\":\"https:\\\/\\\/www.beaucamping.com\\\/en\\\/#organization\"},\"potentialAction\":[{\"@type\":\"SearchAction\",\"target\":{\"@type\":\"EntryPoint\",\"urlTemplate\":\"https:\\\/\\\/www.beaucamping.com\\\/en\\\/?s={search_term_string}\"},\"query-input\":{\"@type\":\"PropertyValueSpecification\",\"valueRequired\":true,\"valueName\":\"search_term_string\"}}],\"inLanguage\":\"en-US\"},{\"@type\":\"Organization\",\"@id\":\"https:\\\/\\\/www.beaucamping.com\\\/en\\\/#organization\",\"name\":\"Camping Beau Rivage\",\"url\":\"https:\\\/\\\/www.beaucamping.com\\\/en\\\/\",\"logo\":{\"@type\":\"ImageObject\",\"inLanguage\":\"en-US\",\"@id\":\"https:\\\/\\\/www.beaucamping.com\\\/en\\\/#\\\/schema\\\/logo\\\/image\\\/\",\"url\":\"https:\\\/\\\/www.beaucamping.com\\\/wp-content\\\/uploads\\\/2022\\\/02\\\/logo-vert.jpg\",\"contentUrl\":\"https:\\\/\\\/www.beaucamping.com\\\/wp-content\\\/uploads\\\/2022\\\/02\\\/logo-vert.jpg\",\"width\":363,\"height\":169,\"caption\":\"Camping Beau Rivage\"},\"image\":{\"@id\":\"https:\\\/\\\/www.beaucamping.com\\\/en\\\/#\\\/schema\\\/logo\\\/image\\\/\"}}]}<\/script>\n<!-- \/ Yoast SEO plugin. -->","yoast_head_json":{"title":"Campsite swimming pool Navarrenx, near Pau | Campsite Pyrenees pool","description":"St\u00e9phane & Clara are pleased to welcome you to Camping Beau Rivage Camping with swimming pool Pyr\u00e9n\u00e9es Atlantiques.","robots":{"index":"index","follow":"follow","max-snippet":"max-snippet:-1","max-image-preview":"max-image-preview:large","max-video-preview":"max-video-preview:-1"},"canonical":"https:\/\/www.beaucamping.com\/en\/campsite-swimming-pool-navarrenx\/","og_locale":"en_US","og_type":"article","og_title":"Campsite swimming pool Navarrenx, near Pau | Campsite Pyrenees pool","og_description":"St\u00e9phane & Clara are pleased to welcome you to Camping Beau Rivage Camping with swimming pool Pyr\u00e9n\u00e9es Atlantiques.","og_url":"https:\/\/www.beaucamping.com\/en\/campsite-swimming-pool-navarrenx\/","og_site_name":"Camping Beau Rivage","article_modified_time":"2022-06-14T12:32:53+00:00","og_image":[{"width":1900,"height":700,"url":"https:\/\/www.beaucamping.com\/wp-content\/uploads\/2022\/02\/piscine-camping-navarrenx.jpg","type":"image\/jpeg"}],"twitter_card":"summary_large_image","twitter_misc":{"Est. reading time":"4 minutes"},"schema":{"@context":"https:\/\/schema.org","@graph":[{"@type":"WebPage","@id":"https:\/\/www.beaucamping.com\/en\/campsite-swimming-pool-navarrenx\/","url":"https:\/\/www.beaucamping.com\/en\/campsite-swimming-pool-navarrenx\/","name":"Campsite swimming pool Navarrenx, near Pau | Campsite Pyrenees pool","isPartOf":{"@id":"https:\/\/www.beaucamping.com\/en\/#website"},"primaryImageOfPage":{"@id":"https:\/\/www.beaucamping.com\/en\/campsite-swimming-pool-navarrenx\/#primaryimage"},"image":{"@id":"https:\/\/www.beaucamping.com\/en\/campsite-swimming-pool-navarrenx\/#primaryimage"},"thumbnailUrl":"https:\/\/www.beaucamping.com\/wp-content\/uploads\/2022\/02\/piscine-camping-navarrenx.jpg","datePublished":"2022-01-14T14:38:37+00:00","dateModified":"2022-06-14T12:32:53+00:00","description":"St\u00e9phane & Clara are pleased to welcome you to Camping Beau Rivage Camping with swimming pool Pyr\u00e9n\u00e9es Atlantiques.","breadcrumb":{"@id":"https:\/\/www.beaucamping.com\/en\/campsite-swimming-pool-navarrenx\/#breadcrumb"},"inLanguage":"en-US","potentialAction":[{"@type":"ReadAction","target":["https:\/\/www.beaucamping.com\/en\/campsite-swimming-pool-navarrenx\/"]}]},{"@type":"ImageObject","inLanguage":"en-US","@id":"https:\/\/www.beaucamping.com\/en\/campsite-swimming-pool-navarrenx\/#primaryimage","url":"https:\/\/www.beaucamping.com\/wp-content\/uploads\/2022\/02\/piscine-camping-navarrenx.jpg","contentUrl":"https:\/\/www.beaucamping.com\/wp-content\/uploads\/2022\/02\/piscine-camping-navarrenx.jpg","width":1900,"height":700,"caption":"camping piscine navarrenx"},{"@type":"BreadcrumbList","@id":"https:\/\/www.beaucamping.com\/en\/campsite-swimming-pool-navarrenx\/#breadcrumb","itemListElement":[{"@type":"ListItem","position":1,"name":"Campsite B\u00e9arn","item":"https:\/\/www.beaucamping.com\/en\/"},{"@type":"ListItem","position":2,"name":"Campsite with swimming pool in the Pyr\u00e9n\u00e9es-Atlantiques"}]},{"@type":"WebSite","@id":"https:\/\/www.beaucamping.com\/en\/#website","url":"https:\/\/www.beaucamping.com\/en\/","name":"Camping Beau Rivage","description":"","publisher":{"@id":"https:\/\/www.beaucamping.com\/en\/#organization"},"potentialAction":[{"@type":"SearchAction","target":{"@type":"EntryPoint","urlTemplate":"https:\/\/www.beaucamping.com\/en\/?s={search_term_string}"},"query-input":{"@type":"PropertyValueSpecification","valueRequired":true,"valueName":"search_term_string"}}],"inLanguage":"en-US"},{"@type":"Organization","@id":"https:\/\/www.beaucamping.com\/en\/#organization","name":"Camping Beau Rivage","url":"https:\/\/www.beaucamping.com\/en\/","logo":{"@type":"ImageObject","inLanguage":"en-US","@id":"https:\/\/www.beaucamping.com\/en\/#\/schema\/logo\/image\/","url":"https:\/\/www.beaucamping.com\/wp-content\/uploads\/2022\/02\/logo-vert.jpg","contentUrl":"https:\/\/www.beaucamping.com\/wp-content\/uploads\/2022\/02\/logo-vert.jpg","width":363,"height":169,"caption":"Camping Beau Rivage"},"image":{"@id":"https:\/\/www.beaucamping.com\/en\/#\/schema\/logo\/image\/"}}]}},"_links":{"self":[{"href":"https:\/\/www.beaucamping.com\/en\/wp-json\/wp\/v2\/pages\/2536","targetHints":{"allow":["GET"]}}],"collection":[{"href":"https:\/\/www.beaucamping.com\/en\/wp-json\/wp\/v2\/pages"}],"about":[{"href":"https:\/\/www.beaucamping.com\/en\/wp-json\/wp\/v2\/types\/page"}],"author":[{"embeddable":true,"href":"https:\/\/www.beaucamping.com\/en\/wp-json\/wp\/v2\/users\/1"}],"replies":[{"embeddable":true,"href":"https:\/\/www.beaucamping.com\/en\/wp-json\/wp\/v2\/comments?post=2536"}],"version-history":[{"count":17,"href":"https:\/\/www.beaucamping.com\/en\/wp-json\/wp\/v2\/pages\/2536\/revisions"}],"predecessor-version":[{"id":3399,"href":"https:\/\/www.beaucamping.com\/en\/wp-json\/wp\/v2\/pages\/2536\/revisions\/3399"}],"wp:featuredmedia":[{"embeddable":true,"href":"https:\/\/www.beaucamping.com\/en\/wp-json\/wp\/v2\/media\/1955"}],"wp:attachment":[{"href":"https:\/\/www.beaucamping.com\/en\/wp-json\/wp\/v2\/media?parent=2536"}],"wp:term":[{"taxonomy":"sujet","embeddable":true,"href":"https:\/\/www.beaucamping.com\/en\/wp-json\/wp\/v2\/sujet?post=2536"}],"curies":[{"name":"wp","href":"https:\/\/api.w.org\/{rel}","templated":true}]}}