{"id":2468,"date":"2022-01-14T15:42:45","date_gmt":"2022-01-14T14:42:45","guid":{"rendered":"https:\/\/www.beaucamping.com\/location-emplacement-navarrenx\/"},"modified":"2024-09-12T09:00:18","modified_gmt":"2024-09-12T07:00:18","slug":"rental-pitch-navarrenx","status":"publish","type":"page","link":"https:\/\/www.beaucamping.com\/en\/rental-pitch-navarrenx\/","title":{"rendered":"Emplacements"},"content":{"rendered":"<section id=\"ls-section-block_9649dd5efb76e2211354aa6bd8aac03c\" class=\"ls-section  page-one section-mobile-hebergements\" >\r\n        <div class=\"container container--wide\">\r\n        \n\n<h1 class=\"ls__heading wp-block-heading has-text-align-center\" id=\"location-d-emplacement-a-navarrenx\">Rent a pitch in Navarrenx<\/h1>\n\n\n\n\n\n<div id=\"ls-hebergements-block_3bd9f588aeaa445e3ed6d83948c88601\" class=\"ls-hebergements\" >\n\n    \n\n    <div class=\"ls-hebergements__results\" data-row=\"3\" data-campings=\"false\" data-types=\"[14]\">\n<div class=\"ls-hebergement\" data-postid='2710' data-id-reservation='106158' data-id-site='' data-id1='' data-nombre_de_personnes='6' data-nombre_de_chambres='' data-type='emplacement'>\n\t<div class=\"ls-hebergement__thumb\">\n\t\t<img decoding=\"async\" width=\"768\" height=\"576\" src=\"https:\/\/www.beaucamping.com\/wp-content\/uploads\/2022\/01\/emplacement-grand-confort-1-768x576.jpg\" class=\"attachment-medium_large size-medium_large wp-post-image\" alt=\"camping emplacement navarrenx\" srcset=\"https:\/\/www.beaucamping.com\/wp-content\/uploads\/2022\/01\/emplacement-grand-confort-1-768x576.jpg 768w, https:\/\/www.beaucamping.com\/wp-content\/uploads\/2022\/01\/emplacement-grand-confort-1-300x225.jpg 300w, https:\/\/www.beaucamping.com\/wp-content\/uploads\/2022\/01\/emplacement-grand-confort-1.jpg 800w\" sizes=\"(max-width: 768px) 100vw, 768px\" \/>\n\t\t\t<\/div>\n\t<div class=\"ls-hebergement__title\">\n\t\tGrand Confort Pitch\t<\/div>\n\t<div class=\"ls-hebergement__details\">\n\n\t\t<div class=\"ls-hebergement__icons\">\n\n\t\t\t\t\t\t\t<span class=\"ls-hebergement__icon\">\n\t\t\t\t\t<i class=\"fas fa-users\"><\/i>\n\t\t\t\t\t6\t\t\t\t<\/span>\n\t\t\t\n\t\t\t\n\t\t\t\n\t\t\t\n\n\n\t\t\t\n\t\t<\/div>\n\t<\/div>\n\n\t<div class=\"ls-hebergement__decouvrir\">Discover<\/div>\n<\/div>\n<div class=\"ls-hebergement\" data-postid='2715' data-id-reservation='106158' data-id-site='' data-id1='' data-nombre_de_personnes='6' data-nombre_de_chambres='' data-type='emplacement'>\n\t<div class=\"ls-hebergement__thumb\">\n\t\t<img decoding=\"async\" width=\"768\" height=\"576\" src=\"https:\/\/www.beaucamping.com\/wp-content\/uploads\/2022\/01\/aire-van-navarrenx-768x576.jpg\" class=\"attachment-medium_large size-medium_large wp-post-image\" alt=\"aire van navarrenx\" srcset=\"https:\/\/www.beaucamping.com\/wp-content\/uploads\/2022\/01\/aire-van-navarrenx-768x576.jpg 768w, https:\/\/www.beaucamping.com\/wp-content\/uploads\/2022\/01\/aire-van-navarrenx-300x225.jpg 300w, https:\/\/www.beaucamping.com\/wp-content\/uploads\/2022\/01\/aire-van-navarrenx.jpg 800w\" sizes=\"(max-width: 768px) 100vw, 768px\" \/>\n\t\t\t<\/div>\n\t<div class=\"ls-hebergement__title\">\n\t\tComfort Pitch\t<\/div>\n\t<div class=\"ls-hebergement__details\">\n\n\t\t<div class=\"ls-hebergement__icons\">\n\n\t\t\t\t\t\t\t<span class=\"ls-hebergement__icon\">\n\t\t\t\t\t<i class=\"fas fa-users\"><\/i>\n\t\t\t\t\t6\t\t\t\t<\/span>\n\t\t\t\n\t\t\t\n\t\t\t\n\t\t\t\n\n\n\t\t\t\n\t\t<\/div>\n\t<\/div>\n\n\t<div class=\"ls-hebergement__decouvrir\">Discover<\/div>\n<\/div><\/div>\n<\/div>\n\r\n    <\/div>\r\n<\/section>\n\n<section id=\"ls-section-block_95026f35578640a6b1b45ca14d04beb6\" class=\"ls-section \" >\r\n        <div class=\"container container--wide\">\r\n        \n\n<h2 class=\"ls__heading wp-block-heading has-text-align-center\" id=\"nos-gammes-d-emplacements-a-louer-pres-de-pau-1\">range of pitches to rent near Pau<\/h2>\n\n\n\n<p class=\"ls-paragraph\">Spacious and wooded, our pitches are ideal for your caravanning holiday in the Pyr\u00e9n\u00e9es-Atlantiques. That&#8217;s why our rentals are at the best price, whether you choose to rent a chalet, a pitch, or an atypical accommodation such as a lodge tent.<\/p>\n\n\r\n    <\/div>\r\n<\/section>\n\n<section id=\"ls-section-block_2e66703366f587f70016173017e3e72a\" class=\"ls-section  has-background has-color-1-background-color has-text-color has-color-white-color\" >\r\n        <div class=\"container container--wide\">\r\n        \n\n<div class=\"wp-block-columns is-layout-flex wp-container-core-columns-is-layout-9d6595d7 wp-block-columns-is-layout-flex\">\n<div class=\"wp-block-column is-layout-flow wp-block-column-is-layout-flow\">\n<h3 class=\"ls__heading wp-block-heading has-text-align-center\" id=\"emplacements-confort\">Comfort pitches<\/h3>\n\n\n\n<p class=\"ls-paragraph\"><strong>Each comfort pitch for tents, caravans, motorhomes and vans has<\/strong>:<\/p>\n\n\n\n<p class=\"ls-paragraph\">Very green pitches separated by hedges and shrubs of different varieties at the <a href=\"\/en\/\">campsite in Navarrenx<\/a>.<\/p>\n\n\n\n<p id=\"inclus-et-proche-de-votre-emplacement-l-air-de-service-pour-camping-car-pour-vidanger-votre-vehicule-vider-les-eaux-noires-et-grises-et-remplir-votre-reservoir-d-eau\" class=\"ls-paragraph\">Included and close to your pitch, the <strong>motorhome service area<\/strong> for emptying your vehicle, emptying black and grey water and filling your water tank.<\/p>\n<\/div>\n\n\n\n<div class=\"wp-block-column is-layout-flow wp-block-column-is-layout-flow\">\n<h3 class=\"ls__heading wp-block-heading has-text-align-center\" id=\"emplacements-grand-confort\">Privil\u00e8ge pitches<\/h3>\n\n\n\n<p class=\"ls-paragraph\"><strong>Our comfortable pitches also have water and drainage <\/strong>on the pitch itself; and a half grass and half gravel floor (for stability and to avoid mud in the rain).<\/p>\n<\/div>\n<\/div>\n\n\r\n    <\/div>\r\n<\/section>\n\n<section id=\"ls-section-block_95026f35578640a6b1b45ca14d04beb6\" class=\"ls-section \" >\r\n        <div class=\"container container--wide\">\r\n        \n\n<div class=\"wp-block-columns is-layout-flex wp-container-core-columns-is-layout-9d6595d7 wp-block-columns-is-layout-flex\">\n<div class=\"wp-block-column is-layout-flow wp-block-column-is-layout-flow\">\n<h2 class=\"ls__heading wp-block-heading\" id=\"qualite-de-nos-emplacements-caravaning-proche-de-pau\">QUALITY OF CARAVANNING PITCHES NEAR PAU<\/h2>\n\n\n\n<p class=\"ls-paragraph\">The little extras of our locations :<\/p>\n<\/div>\n\n\n\n<div class=\"wp-block-column is-layout-flow wp-block-column-is-layout-flow\">\n<h2 class=\"ls__heading wp-block-heading\" id=\"services-pour-les-emplacements-et-sanitaires\">SERVICES FOR PITCHES AND SANITARY FACILITIES<\/h2>\n\n\n\n<p class=\"ls-paragraph\"><strong>Near your pitch there are two sanitary facilities, one of which is equipped for children with a bathtub, children&#8217;s toilet and changing table. A toilet block is also accessible to people with reduced mobility<\/strong> with a toilet, washbasin and shower for disabled people.<\/p>\n\n\n\n<p class=\"ls-paragraph\">We attach great importance to the cleanliness of our sanitary facilities. <strong>Our super cleaning team regularly visits the sanitary facilities to ensure that they are clean<\/strong>. In addition, cleaning measures have been reinforced following the Coronavirus pandemic and adapted virucidal products are used to reinforce the disinfection of the premises..&nbsp;<\/p>\n\n\n\n<p class=\"ls-paragraph\"><strong>There is also a launderette on the campsite <\/strong>equipped with large capacity washing machines and dryers as well as irons, drying racks and laundry baskets.&nbsp;<\/p>\n<\/div>\n<\/div>\n\n\r\n    <\/div>\r\n<\/section>\n\n<section id=\"ls-section-block_c193e2e8b3bcea8f2b2fb34ac8147da8\" class=\"ls-section  page-five\" >\r\n        <div class=\"container container--wide\">\r\n        \n\n<div id=\"ls-heading ls-titre-div-block_24860a34678cca567d2320716bcc5e4a\" class=\"ls-titre-div aligncenter h2-like\" >\n    DISCOVER THE OTHER RENTALS OFFERED BY OUR CAMPSITE IN NAVARRENX<\/div>\n\n\n\n<div class=\"wp-block-columns is-layout-flex wp-container-core-columns-is-layout-9d6595d7 wp-block-columns-is-layout-flex\">\n<div class=\"wp-block-column is-layout-flow wp-block-column-is-layout-flow\"><div id=\"ls-maillage-block_6ac8708f1f79c0cacda35fbe11f4fa09\" class=\"ls-maillage cta-style-normal\" data-rows=\"3\">\r\n    <div class=\"wp-block-columns\"><div class=\"wp-block-column\">\n\n<a href=\"https:\/\/www.beaucamping.com\/en\/rental-chalet-navarrenx\/\" target=\"\" rel=\"noopener\" class=\"ls-cta__link\">\n\n\t<div class=\"ls-cta__image\"><img decoding=\"async\" src=\"https:\/\/www.beaucamping.com\/wp-content\/uploads\/2022\/02\/location-chalet-bearn.jpg\" alt=\"location chalet bearn\"><\/div>\n\t<div class=\"ls-cta__title\">\n\t\tChalets\t<\/div>\n\n\t\t\n<\/a><\/div><\/div><\/div><\/div>\n\n\n\n<div class=\"wp-block-column is-layout-flow wp-block-column-is-layout-flow\"><div id=\"ls-maillage-block_29d485237bc0f2ce63ff5b151d714d64\" class=\"ls-maillage cta-style-normal\" data-rows=\"3\">\r\n    <div class=\"wp-block-columns\"><div class=\"wp-block-column\">\n\n<a href=\"https:\/\/www.beaucamping.com\/en\/cheap-campsite-pyrenees\/\" target=\"\" rel=\"noopener\" class=\"ls-cta__link\">\n\n\t<div class=\"ls-cta__image\"><img decoding=\"async\" src=\"https:\/\/www.beaucamping.com\/wp-content\/uploads\/2022\/02\/tarif-camping-navarrenx.jpg\" alt=\"tarif camping navarrenx\"><\/div>\n\t<div class=\"ls-cta__title\">\n\t\tRates\t<\/div>\n\n\t\t\n<\/a><\/div><\/div><\/div><\/div>\n\n\n\n<div class=\"wp-block-column is-layout-flow wp-block-column-is-layout-flow\"><div id=\"ls-maillage-block_280b72f783fb40c3bcfb497bec32debe\" class=\"ls-maillage cta-style-normal\" data-rows=\"3\">\r\n    <div class=\"wp-block-columns\"><div class=\"wp-block-column\">\n\n<a href=\"https:\/\/www.beaucamping.com\/en\/rental-tent-lodge-navarrenx\/\" target=\"\" rel=\"noopener\" class=\"ls-cta__link\">\n\n\t<div class=\"ls-cta__image\"><img decoding=\"async\" src=\"https:\/\/www.beaucamping.com\/wp-content\/uploads\/2022\/02\/categg_10_1-768x514.jpg\" alt=\"tente-lodge\"><\/div>\n\t<div class=\"ls-cta__title\">\n\t\tTents Lodges\t<\/div>\n\n\t\t\n<\/a><\/div><\/div><\/div><\/div>\n<\/div>\n\n\r\n    <\/div>\r\n<\/section>\n\n<section id=\"ls-section-block_52a76a6cc000d5914d68a6ba8be59d1b\" class=\"ls-section  avis-pages\" >\r\n        <div class=\"container \">\r\n        \n\n<div id=\"ls-heading ls-titre-div-block_c7ea2273fa01ebe8d2371583b6f05622\" class=\"ls-titre-div aligncenter h2-like\" >\n    The opinions of the locations! <\/div>\n\n\n<div class=\"slider slider-avis-pages\"><div class=\"slide\"><div class=\"slide_titre\">Gilles<\/div><div class=\"slide_note\">\n                        <img decoding=\"async\" src=\"\/wp-content\/uploads\/2022\/03\/avis-camping.png\" class=\"note-img\" alt=\"avis camping beau rivage\" \/>\n                    <\/div><div class=\"slide_contenu\"><p><strong>Pleasant location, good sanitary facilities, swimming pool, small walled village to visit.<\/strong> To be recommended.<\/p>\n<\/div><\/div><div class=\"slide\"><div class=\"slide_titre\">Monique<\/div><div class=\"slide_note\">\n                        <img decoding=\"async\" src=\"\/wp-content\/uploads\/2022\/03\/avis-camping.png\" class=\"note-img\" alt=\"avis camping beau rivage\" \/>\n                    <\/div><div class=\"slide_contenu\"><p><strong>Nice campsite, very friendly owners, clean toilet blocks and clean, well shaded pitches.<\/strong> Good atmosphere. \u2764\ufe0f\u2764\ufe0f<\/p>\n<\/div><\/div><div class=\"slide\"><div class=\"slide_titre\">Laurence<\/div><div class=\"slide_note\">\n                        <img decoding=\"async\" src=\"\/wp-content\/uploads\/2022\/03\/avis-camping.png\" class=\"note-img\" alt=\"avis camping beau rivage\" \/>\n                    <\/div><div class=\"slide_contenu\"><p><strong>Beautiful campsite with well shaded pitches We had a very pleasant stay.<\/strong> Very friendly welcome, well shaded pitches, pretty and flowery campsite. Sanitary facilities with hot water. The sound of the river Gave in the background and the birds singing&#8230;. Super relaxation.<\/p>\n<\/div><\/div><\/div>\n\n\r\n    <\/div>\r\n<\/section>","protected":false},"excerpt":{"rendered":"","protected":false},"author":1,"featured_media":1186,"parent":0,"menu_order":0,"comment_status":"closed","ping_status":"closed","template":"","meta":{"_acf_changed":false,"footnotes":""},"sujet":[],"class_list":["post-2468","page","type-page","status-publish","has-post-thumbnail","hentry"],"acf":[],"yoast_head":"<!-- This site is optimized with the Yoast SEO plugin v25.3 - https:\/\/yoast.com\/wordpress\/plugins\/seo\/ -->\n<title>Rent location Navarrenx | Caravanning pitch Pyrenees<\/title>\n<meta name=\"description\" content=\"St\u00e9phane &amp; Clara are pleased to welcome you to Camping Beau Rivage Camping Caravan Site Pyr\u00e9n\u00e9es Atlantiques.\" \/>\n<meta name=\"robots\" content=\"index, follow, max-snippet:-1, max-image-preview:large, max-video-preview:-1\" \/>\n<link rel=\"canonical\" href=\"https:\/\/www.beaucamping.com\/en\/rental-pitch-navarrenx\/\" \/>\n<meta property=\"og:locale\" content=\"en_US\" \/>\n<meta property=\"og:type\" content=\"article\" \/>\n<meta property=\"og:title\" content=\"Rent location Navarrenx | Caravanning pitch Pyrenees\" \/>\n<meta property=\"og:description\" content=\"St\u00e9phane &amp; Clara are pleased to welcome you to Camping Beau Rivage Camping Caravan Site Pyr\u00e9n\u00e9es Atlantiques.\" \/>\n<meta property=\"og:url\" content=\"https:\/\/www.beaucamping.com\/en\/rental-pitch-navarrenx\/\" \/>\n<meta property=\"og:site_name\" content=\"Camping Beau Rivage\" \/>\n<meta property=\"article:modified_time\" content=\"2024-09-12T07:00:18+00:00\" \/>\n<meta property=\"og:image\" content=\"https:\/\/www.beaucamping.com\/wp-content\/uploads\/2022\/02\/PM408464.jpg\" \/>\n\t<meta property=\"og:image:width\" content=\"1900\" \/>\n\t<meta property=\"og:image:height\" content=\"700\" \/>\n\t<meta property=\"og:image:type\" content=\"image\/jpeg\" \/>\n<meta name=\"twitter:card\" content=\"summary_large_image\" \/>\n<meta name=\"twitter:label1\" content=\"Est. reading time\" \/>\n\t<meta name=\"twitter:data1\" content=\"2 minutes\" \/>\n<script type=\"application\/ld+json\" class=\"yoast-schema-graph\">{\"@context\":\"https:\/\/schema.org\",\"@graph\":[{\"@type\":\"WebPage\",\"@id\":\"https:\/\/www.beaucamping.com\/en\/rental-pitch-navarrenx\/\",\"url\":\"https:\/\/www.beaucamping.com\/en\/rental-pitch-navarrenx\/\",\"name\":\"Rent location Navarrenx | Caravanning pitch Pyrenees\",\"isPartOf\":{\"@id\":\"https:\/\/www.beaucamping.com\/en\/#website\"},\"primaryImageOfPage\":{\"@id\":\"https:\/\/www.beaucamping.com\/en\/rental-pitch-navarrenx\/#primaryimage\"},\"image\":{\"@id\":\"https:\/\/www.beaucamping.com\/en\/rental-pitch-navarrenx\/#primaryimage\"},\"thumbnailUrl\":\"https:\/\/www.beaucamping.com\/wp-content\/uploads\/2022\/02\/PM408464.jpg\",\"datePublished\":\"2022-01-14T14:42:45+00:00\",\"dateModified\":\"2024-09-12T07:00:18+00:00\",\"description\":\"St\u00e9phane & Clara are pleased to welcome you to Camping Beau Rivage Camping Caravan Site Pyr\u00e9n\u00e9es Atlantiques.\",\"breadcrumb\":{\"@id\":\"https:\/\/www.beaucamping.com\/en\/rental-pitch-navarrenx\/#breadcrumb\"},\"inLanguage\":\"en-US\",\"potentialAction\":[{\"@type\":\"ReadAction\",\"target\":[\"https:\/\/www.beaucamping.com\/en\/rental-pitch-navarrenx\/\"]}]},{\"@type\":\"ImageObject\",\"inLanguage\":\"en-US\",\"@id\":\"https:\/\/www.beaucamping.com\/en\/rental-pitch-navarrenx\/#primaryimage\",\"url\":\"https:\/\/www.beaucamping.com\/wp-content\/uploads\/2022\/02\/PM408464.jpg\",\"contentUrl\":\"https:\/\/www.beaucamping.com\/wp-content\/uploads\/2022\/02\/PM408464.jpg\",\"width\":1900,\"height\":700,\"caption\":\"emplacement-camping pas cher beaurivage\"},{\"@type\":\"BreadcrumbList\",\"@id\":\"https:\/\/www.beaucamping.com\/en\/rental-pitch-navarrenx\/#breadcrumb\",\"itemListElement\":[{\"@type\":\"ListItem\",\"position\":1,\"name\":\"Campsite B\u00e9arn\",\"item\":\"https:\/\/www.beaucamping.com\/en\/\"},{\"@type\":\"ListItem\",\"position\":2,\"name\":\"Caravan site in the Pyr\u00e9n\u00e9es-Atlantiques\"}]},{\"@type\":\"WebSite\",\"@id\":\"https:\/\/www.beaucamping.com\/en\/#website\",\"url\":\"https:\/\/www.beaucamping.com\/en\/\",\"name\":\"Camping Beau Rivage\",\"description\":\"\",\"publisher\":{\"@id\":\"https:\/\/www.beaucamping.com\/en\/#organization\"},\"potentialAction\":[{\"@type\":\"SearchAction\",\"target\":{\"@type\":\"EntryPoint\",\"urlTemplate\":\"https:\/\/www.beaucamping.com\/en\/?s={search_term_string}\"},\"query-input\":{\"@type\":\"PropertyValueSpecification\",\"valueRequired\":true,\"valueName\":\"search_term_string\"}}],\"inLanguage\":\"en-US\"},{\"@type\":\"Organization\",\"@id\":\"https:\/\/www.beaucamping.com\/en\/#organization\",\"name\":\"Camping Beau Rivage\",\"url\":\"https:\/\/www.beaucamping.com\/en\/\",\"logo\":{\"@type\":\"ImageObject\",\"inLanguage\":\"en-US\",\"@id\":\"https:\/\/www.beaucamping.com\/en\/#\/schema\/logo\/image\/\",\"url\":\"https:\/\/www.beaucamping.com\/wp-content\/uploads\/2022\/02\/logo-vert.jpg\",\"contentUrl\":\"https:\/\/www.beaucamping.com\/wp-content\/uploads\/2022\/02\/logo-vert.jpg\",\"width\":363,\"height\":169,\"caption\":\"Camping Beau Rivage\"},\"image\":{\"@id\":\"https:\/\/www.beaucamping.com\/en\/#\/schema\/logo\/image\/\"}}]}<\/script>\n<!-- \/ Yoast SEO plugin. -->","yoast_head_json":{"title":"Rent location Navarrenx | Caravanning pitch Pyrenees","description":"St\u00e9phane & Clara are pleased to welcome you to Camping Beau Rivage Camping Caravan Site Pyr\u00e9n\u00e9es Atlantiques.","robots":{"index":"index","follow":"follow","max-snippet":"max-snippet:-1","max-image-preview":"max-image-preview:large","max-video-preview":"max-video-preview:-1"},"canonical":"https:\/\/www.beaucamping.com\/en\/rental-pitch-navarrenx\/","og_locale":"en_US","og_type":"article","og_title":"Rent location Navarrenx | Caravanning pitch Pyrenees","og_description":"St\u00e9phane & Clara are pleased to welcome you to Camping Beau Rivage Camping Caravan Site Pyr\u00e9n\u00e9es Atlantiques.","og_url":"https:\/\/www.beaucamping.com\/en\/rental-pitch-navarrenx\/","og_site_name":"Camping Beau Rivage","article_modified_time":"2024-09-12T07:00:18+00:00","og_image":[{"width":1900,"height":700,"url":"https:\/\/www.beaucamping.com\/wp-content\/uploads\/2022\/02\/PM408464.jpg","type":"image\/jpeg"}],"twitter_card":"summary_large_image","twitter_misc":{"Est. reading time":"2 minutes"},"schema":{"@context":"https:\/\/schema.org","@graph":[{"@type":"WebPage","@id":"https:\/\/www.beaucamping.com\/en\/rental-pitch-navarrenx\/","url":"https:\/\/www.beaucamping.com\/en\/rental-pitch-navarrenx\/","name":"Rent location Navarrenx | Caravanning pitch Pyrenees","isPartOf":{"@id":"https:\/\/www.beaucamping.com\/en\/#website"},"primaryImageOfPage":{"@id":"https:\/\/www.beaucamping.com\/en\/rental-pitch-navarrenx\/#primaryimage"},"image":{"@id":"https:\/\/www.beaucamping.com\/en\/rental-pitch-navarrenx\/#primaryimage"},"thumbnailUrl":"https:\/\/www.beaucamping.com\/wp-content\/uploads\/2022\/02\/PM408464.jpg","datePublished":"2022-01-14T14:42:45+00:00","dateModified":"2024-09-12T07:00:18+00:00","description":"St\u00e9phane & Clara are pleased to welcome you to Camping Beau Rivage Camping Caravan Site Pyr\u00e9n\u00e9es Atlantiques.","breadcrumb":{"@id":"https:\/\/www.beaucamping.com\/en\/rental-pitch-navarrenx\/#breadcrumb"},"inLanguage":"en-US","potentialAction":[{"@type":"ReadAction","target":["https:\/\/www.beaucamping.com\/en\/rental-pitch-navarrenx\/"]}]},{"@type":"ImageObject","inLanguage":"en-US","@id":"https:\/\/www.beaucamping.com\/en\/rental-pitch-navarrenx\/#primaryimage","url":"https:\/\/www.beaucamping.com\/wp-content\/uploads\/2022\/02\/PM408464.jpg","contentUrl":"https:\/\/www.beaucamping.com\/wp-content\/uploads\/2022\/02\/PM408464.jpg","width":1900,"height":700,"caption":"emplacement-camping pas cher beaurivage"},{"@type":"BreadcrumbList","@id":"https:\/\/www.beaucamping.com\/en\/rental-pitch-navarrenx\/#breadcrumb","itemListElement":[{"@type":"ListItem","position":1,"name":"Campsite B\u00e9arn","item":"https:\/\/www.beaucamping.com\/en\/"},{"@type":"ListItem","position":2,"name":"Caravan site in the Pyr\u00e9n\u00e9es-Atlantiques"}]},{"@type":"WebSite","@id":"https:\/\/www.beaucamping.com\/en\/#website","url":"https:\/\/www.beaucamping.com\/en\/","name":"Camping Beau Rivage","description":"","publisher":{"@id":"https:\/\/www.beaucamping.com\/en\/#organization"},"potentialAction":[{"@type":"SearchAction","target":{"@type":"EntryPoint","urlTemplate":"https:\/\/www.beaucamping.com\/en\/?s={search_term_string}"},"query-input":{"@type":"PropertyValueSpecification","valueRequired":true,"valueName":"search_term_string"}}],"inLanguage":"en-US"},{"@type":"Organization","@id":"https:\/\/www.beaucamping.com\/en\/#organization","name":"Camping Beau Rivage","url":"https:\/\/www.beaucamping.com\/en\/","logo":{"@type":"ImageObject","inLanguage":"en-US","@id":"https:\/\/www.beaucamping.com\/en\/#\/schema\/logo\/image\/","url":"https:\/\/www.beaucamping.com\/wp-content\/uploads\/2022\/02\/logo-vert.jpg","contentUrl":"https:\/\/www.beaucamping.com\/wp-content\/uploads\/2022\/02\/logo-vert.jpg","width":363,"height":169,"caption":"Camping Beau Rivage"},"image":{"@id":"https:\/\/www.beaucamping.com\/en\/#\/schema\/logo\/image\/"}}]}},"_links":{"self":[{"href":"https:\/\/www.beaucamping.com\/en\/wp-json\/wp\/v2\/pages\/2468","targetHints":{"allow":["GET"]}}],"collection":[{"href":"https:\/\/www.beaucamping.com\/en\/wp-json\/wp\/v2\/pages"}],"about":[{"href":"https:\/\/www.beaucamping.com\/en\/wp-json\/wp\/v2\/types\/page"}],"author":[{"embeddable":true,"href":"https:\/\/www.beaucamping.com\/en\/wp-json\/wp\/v2\/users\/1"}],"replies":[{"embeddable":true,"href":"https:\/\/www.beaucamping.com\/en\/wp-json\/wp\/v2\/comments?post=2468"}],"version-history":[{"count":10,"href":"https:\/\/www.beaucamping.com\/en\/wp-json\/wp\/v2\/pages\/2468\/revisions"}],"predecessor-version":[{"id":4912,"href":"https:\/\/www.beaucamping.com\/en\/wp-json\/wp\/v2\/pages\/2468\/revisions\/4912"}],"wp:featuredmedia":[{"embeddable":true,"href":"https:\/\/www.beaucamping.com\/en\/wp-json\/wp\/v2\/media\/1186"}],"wp:attachment":[{"href":"https:\/\/www.beaucamping.com\/en\/wp-json\/wp\/v2\/media?parent=2468"}],"wp:term":[{"taxonomy":"sujet","embeddable":true,"href":"https:\/\/www.beaucamping.com\/en\/wp-json\/wp\/v2\/sujet?post=2468"}],"curies":[{"name":"wp","href":"https:\/\/api.w.org\/{rel}","templated":true}]}}